{"id":5290,"date":"2021-01-24T16:56:44","date_gmt":"2021-01-24T15:56:44","guid":{"rendered":"http:\/\/agora.xtec.cat\/inselstresturons\/?page_id=5290"},"modified":"2026-02-23T10:56:34","modified_gmt":"2026-02-23T09:56:34","slug":"matricula-eso","status":"publish","type":"page","link":"https:\/\/agora.xtec.cat\/inselstresturons\/secretaria-2\/preinscripcio-i-matricula\/matricula-eso\/","title":{"rendered":"Matr\u00edcula ESO"},"content":{"rendered":"<p><span style=\"color: #000000;\"><strong>MATR\u00cdCULA 2026-2027<\/strong><\/span><\/p>\n<p>A partir del dia que es publica la llista amb els alumnes admesos, les fam\u00edlies s&#8217;han de posar en contacte amb el centre educatiu per demanar dia i hora, per tal de fer la matriculaci\u00f3 entre el 22 i el 30 de juny de 2026.<\/p>\n<p><strong style=\"font-family: inherit; font-size: 1em;\">DOCUMENTACI\u00d3 per a la matr\u00edcula de 1r d&#8217;ESO:<\/strong><\/p>\n<p>\uf0b7 Original i fotoc\u00f2pia del DNI de la persona sol\u00b7licitant pare, mare, tutor\/a.<br \/>\n\uf0b7 Original i fotoc\u00f2pia del DNI de l\u2019alumne\/a, si en t\u00e9 (el DNI \u00e9s obligatori per als majors de 14 anys)<br \/>\n\uf0b7 Original i fotoc\u00f2pia del llibre de fam\u00edlia o altres documents relatius a la filiaci\u00f3.<br \/>\n\uf0b7 Original i fotoc\u00f2pia de la TSI (targeta sanit\u00e0ria individual) de l\u2019alumne\/a.<\/p>\n<p>\uf0b7 Original i fotoc\u00f2pia del carnet de vacunes<\/p>\n<p><strong>DOCUMENTACI\u00d3 per a la matr\u00edcula d&#8217;alumnes nous de 2n, 3r i 4t d&#8217;ESO:<\/strong><br \/>\n\uf0b7 Original i fotoc\u00f2pia del DNI de la persona sol\u00b7licitant pare, mare, tutor\/a.<br \/>\n\uf0b7 Original i fotoc\u00f2pia del DNI de l\u2019alumne\/a, si en t\u00e9 (el DNI \u00e9s obligatori per als majors de 14 anys)<br \/>\n\uf0b7 Original i fotoc\u00f2pia del llibre de fam\u00edlia o altres documents relatius a la filiaci\u00f3.<br \/>\n\uf0b7 Original i fotoc\u00f2pia de la TSI (targeta sanit\u00e0ria individual) de l\u2019alumne\/a.<br \/>\n\uf0b7 Original i fotoc\u00f2pia del carnet de vacunes<br \/>\n\uf0b7 Butllet\u00ed de notes finals<\/p>\n<ul>\n<li><a href=\"https:\/\/preinscripcio.gencat.cat\/ca\/estudis\/eso\/informat\/calendari\/\">Enlla\u00e7 a la informaci\u00f3 general de preinscripci\u00f3 i matr\u00edcula<\/a><\/li>\n<li><a style=\"color: #2795b6;\" href=\"https:\/\/preinscripcio.gencat.cat\/ca\/estudis\/eso\/matriculat\/\">Enlla\u00e7 per a la informaci\u00f3 general de matriculaci\u00f3<\/a><\/li>\n<\/ul>\n<p dir=\"ltr\">\n","protected":false},"excerpt":{"rendered":"<p>MATR\u00cdCULA 2026-2027<br \/>\nA partir del dia que es publica la llista amb els alumnes admesos, les fam\u00edlies s&#8217;han de posar en contacte amb el centre educatiu per demanar dia i hora, per tal de fer la matriculaci\u00f3 entre el 22 i el 30 de juny de&hellip;  <a href=\"https:\/\/agora.xtec.cat\/inselstresturons\/secretaria-2\/preinscripcio-i-matricula\/matricula-eso\/\" title=\"Read Matr\u00edcula ESO\">Llegeix m\u00e9s\u00bb<\/a><\/p>\n","protected":false},"author":1,"featured_media":0,"parent":499,"menu_order":5,"comment_status":"closed","ping_status":"closed","template":"page-templates\/side-menu.php","meta":{"_bbp_topic_count":0,"_bbp_reply_count":0,"_bbp_total_topic_count":0,"_bbp_total_reply_count":0,"_bbp_voice_count":0,"_bbp_anonymous_reply_count":0,"_bbp_topic_count_hidden":0,"_bbp_reply_count_hidden":0,"_bbp_forum_subforum_count":0,"footnotes":""},"class_list":["post-5290","page","type-page","status-publish","hentry"],"post_mailing_queue_ids":[],"_links":{"self":[{"href":"https:\/\/agora.xtec.cat\/inselstresturons\/wp-json\/wp\/v2\/pages\/5290","targetHints":{"allow":["GET"]}}],"collection":[{"href":"https:\/\/agora.xtec.cat\/inselstresturons\/wp-json\/wp\/v2\/pages"}],"about":[{"href":"https:\/\/agora.xtec.cat\/inselstresturons\/wp-json\/wp\/v2\/types\/page"}],"author":[{"embeddable":true,"href":"https:\/\/agora.xtec.cat\/inselstresturons\/wp-json\/wp\/v2\/users\/1"}],"replies":[{"embeddable":true,"href":"https:\/\/agora.xtec.cat\/inselstresturons\/wp-json\/wp\/v2\/comments?post=5290"}],"version-history":[{"count":7,"href":"https:\/\/agora.xtec.cat\/inselstresturons\/wp-json\/wp\/v2\/pages\/5290\/revisions"}],"predecessor-version":[{"id":12499,"href":"https:\/\/agora.xtec.cat\/inselstresturons\/wp-json\/wp\/v2\/pages\/5290\/revisions\/12499"}],"up":[{"embeddable":true,"href":"https:\/\/agora.xtec.cat\/inselstresturons\/wp-json\/wp\/v2\/pages\/499"}],"wp:attachment":[{"href":"https:\/\/agora.xtec.cat\/inselstresturons\/wp-json\/wp\/v2\/media?parent=5290"}],"curies":[{"name":"wp","href":"https:\/\/api.w.org\/{rel}","templated":true}]}}