{"id":5282,"date":"2021-01-24T16:54:01","date_gmt":"2021-01-24T15:54:01","guid":{"rendered":"http:\/\/agora.xtec.cat\/inselstresturons\/?page_id=5282"},"modified":"2026-04-23T17:26:26","modified_gmt":"2026-04-23T15:26:26","slug":"preinscripcio-eso","status":"publish","type":"page","link":"https:\/\/agora.xtec.cat\/inselstresturons\/secretaria-2\/preinscripcio-i-matricula\/preinscripcio-eso\/","title":{"rendered":"Preinscripci\u00f3 ESO"},"content":{"rendered":"<h3>PER AL CURS 2026-2027<\/h3>\n<p><strong style=\"font-family: inherit; font-size: 1em;\">Dates de preinscripci\u00f3: <\/strong>del 6 (a partir de les 9 h) al 18 de mar\u00e7 de 2026. Presentaci\u00f3 de la documentaci\u00f3 fins al 19 de mar\u00e7.<\/p>\n<p><strong>Per fer la preinscripci\u00f3: <\/strong><a href=\"https:\/\/preinscripcio.gencat.cat\/ca\/inici\/index.html\">Preinscripci\u00f3 2026-2027<\/a><\/p>\n<p>V\u00eddeos explicatius <a href=\"https:\/\/www.youtube.com\/watch?v=5DvAVUSNLCQ\">La preinscripci\u00f3 escolar<\/a> i <a href=\"https:\/\/www.youtube.com\/watch?v=0kztL1IQD4c\">Com fer la preinscripci\u00f3 <\/a>(no calen auriculars)<\/p>\n<p>Totes les sol\u00b7licituds s\u00f3n en format telem\u00e0tic, per tant, no hi ha la possibilitat de full de preinscripci\u00f3 en paper.<\/p>\n<p>No cal lliurar cap documentaci\u00f3 presencialment al centre educatiu que indiqueu en primera opci\u00f3.<\/p>\n<p>Calendari:<\/p>\n<ul>\n<li><a href=\"https:\/\/agora.xtec.cat\/inselstresturons\/wp-content\/uploads\/usu1101\/2026\/03\/INFORME_OFERTA_OME_INFORME_OFERTA-2-1.pdf\">Publicaci\u00f3 de l&#8217;oferta inicial de places escolars<\/a> a 03\/03\/2026<\/li>\n<li><a href=\"https:\/\/agora.xtec.cat\/inselstresturons\/wp-content\/uploads\/usu1101\/2026\/04\/INFORME_BAREM_PROVISIONAL_BAREM-1.pdf\">Publicaci\u00f3 de la llista de sol\u00b7licituds que han demanat el centre i l&#8217;ensenyament en primera<\/a><br \/>\n<a href=\"https:\/\/agora.xtec.cat\/inselstresturons\/wp-content\/uploads\/usu1101\/2026\/04\/INFORME_BAREM_PROVISIONAL_BAREM-1.pdf\">petici\u00f3 amb la puntuaci\u00f3 provisional a 15\/04\/2026<\/a>. Del 15 al 20 d&#8217;abril, presentaci\u00f3 de reclamacions<\/li>\n<li><a href=\"https:\/\/agora.xtec.cat\/inselstresturons\/wp-content\/uploads\/usu1101\/2026\/04\/INFORME_BAREM_RESOLTES_BAREM-2.pdf\">Publicaci\u00f3 de la llista de sol\u00b7licituds que han demanat el centre i l&#8217;ensenyament en primera<\/a> <a href=\"https:\/\/agora.xtec.cat\/inselstresturons\/wp-content\/uploads\/usu1101\/2026\/04\/INFORME_BAREM_RESOLTES_BAREM-2.pdf\">petici\u00f3 amb la puntuaci\u00f3 resoltes les reclamacions a 23\/04\/2026<\/a>. Sorteig de desempat el 28\/04 a les 11 h<\/li>\n<li>Publicaci\u00f3 de la llista de sol\u00b7licituds que han demanat el centre i l&#8217;ensenyament en primera petici\u00f3 ordenada a 29\/04\/2026<\/li>\n<li>De l&#8217;1 al 3 de juny, ampliaci\u00f3 de peticions de preinscripci\u00f3 per a alumnes sense pla\u00e7a assignada. A 10 de juny, oferta final de places escolars<\/li>\n<li>Publicaci\u00f3 de la llista d&#8217;alumnes admesos al centre a 10\/06\/2026<\/li>\n<li>Publicaci\u00f3 de la llista d&#8217;espera del centre a 10\/06\/2026<\/li>\n<\/ul>\n<p><strong>Consulteu l&#8217;oferta de places <\/strong><strong>al\u00a0<a href=\"http:\/\/mapaescolar.gencat.cat\/\">mapa escolar<\/a>.<\/strong><strong style=\"font-family: inherit; font-size: 1em;\">\u00a0<\/strong><\/p>\n<p><strong>Enlla\u00e7os d&#8217;inter\u00e8s<\/strong><\/p>\n<ul>\n<li><a style=\"color: #2795b6;\" href=\"https:\/\/www.youtube.com\/watch?v=5DvAVUSNLCQ\" target=\"_blank\" rel=\"noopener\" data-saferedirecturl=\"https:\/\/www.google.com\/url?q=https:\/\/www.youtube.com\/watch?v%3D5DvAVUSNLCQ&amp;source=gmail&amp;ust=1646150410935000&amp;usg=AOvVaw0-EP09_u8CCVlXfWI0shqC\">Com has de fer la preinscripci\u00f3 escolar en l\u00ednia?<\/a><\/li>\n<li><a href=\"https:\/\/www.youtube.com\/watch?v=NF__CTwHy3Y\" target=\"_blank\" rel=\"noopener\" data-saferedirecturl=\"https:\/\/www.google.com\/url?q=https:\/\/www.youtube.com\/watch?v%3DNF__CTwHy3Y&amp;source=gmail&amp;ust=1646150410935000&amp;usg=AOvVaw05_OjyIAlXfXQM2MSmvCn6\">Saps con digitalitzar documents per als tr\u00e0mits en l\u00ednia?<\/a><\/li>\n<li><a href=\"https:\/\/www.youtube.com\/watch?v=0kztL1IQD4c\" target=\"_blank\" rel=\"noopener\" data-saferedirecturl=\"https:\/\/www.google.com\/url?q=https:\/\/www.youtube.com\/watch?v%3D0kztL1IQD4c&amp;source=gmail&amp;ust=1646150410935000&amp;usg=AOvVaw2-QM9Tl0fEBDq_YbnUvUVh\">Com emplenar la sol\u00b7licitud de preinscripci\u00f3 escolar <\/a><\/li>\n<li><a href=\"https:\/\/triaeducativa.gencat.cat\/ca\/inici\">Tria educativa. Quins estudis postobligatoris hi ha?\u00a0<\/a><\/li>\n<\/ul>\n<p><strong style=\"font-family: inherit; font-size: 1em;\">Qu\u00e8 cal per emplenar la sol\u00b7licitud?<\/strong><\/p>\n<p>Hi ha dues opcions:<\/p>\n<p><strong><span style=\"color: #800000;\">OPCI\u00d3 SOL\u00b7LICITUD ELECTR\u00d2NICA<\/span><\/strong>: Mitjan\u00e7ant certificat digital, com DNI electr\u00f2nic, Cl@ve, idCat, etc.<\/p>\n<p>Si no es disposa de cap certificat, us en podeu generar un de forma f\u00e0cil, l\u2019idCat M\u00f2bil, us expliquem com:<br \/>\nCal complir els requisits seg\u00fcents:<br \/>\n\u2022 Ser major de 16 anys<br \/>\n\u2022 Disposar de DNI\/NIE\/Passaport\/Doc identificador d\u2019un pa\u00eds de la UE o targeta de resid\u00e8ncia comunit\u00e0ria<br \/>\n\u2022 Disposar d\u2019adre\u00e7a de correu electr\u00f2nic i un tel\u00e8fon m\u00f2bil a efectes d\u2019identificaci\u00f3 i contacte<br \/>\n\u2022 Targeta sanit\u00e0ria per la teva identificaci\u00f3<br \/>\nAccediu a l\u2019adre\u00e7a <a href=\"https:\/\/idcatmobil.seu.cat\/\">https:\/\/idcatmobil.seu.cat\/<\/a> i trobareu les instruccions pas a pas de com fer-ho.<\/p>\n<p>Per utilitzar l\u2019idCAT M\u00f2bil nom\u00e9s cal introduir el n\u00famero de document d\u2019identitat i el n\u00famero de tel\u00e8fon m\u00f2bil en el web on calgui identificar-se electr\u00f2nicament per fer un tr\u00e0mit. Tot seguit es rep un missatge al tel\u00e8fon, que cont\u00e9 una clau d\u2019acc\u00e9s per introduir-la en el web. En aquest cas, al tr\u00e0mit de sol\u00b7licitud de preinscripci\u00f3. Una vegada identificats, caldr\u00e0 entrar el n\u00famero d\u2019identificaci\u00f3 de l\u2019alumne\/a a RALC que us proporcionar\u00e0 l\u2019escola on est\u00e0 matriculat per poder recuperar les seves dades personals i acad\u00e8miques, omplir les prefer\u00e8ncies i enviar la sol\u00b7licitud. En la majoria de casos no caldr\u00e0 fer res m\u00e9s ni adjuntar cap tipus de documentaci\u00f3, donat que s\u2019haur\u00e0 fet l\u2019intercanvi de validaci\u00f3 de les vostres dades amb totes les administracions implicades.<\/p>\n<p><strong><span style=\"color: #800000;\">OPCI\u00d3 SOL\u00b7LICITUD EN SUPORT INFORM\u00c0TIC<\/span><\/strong>: Caldr\u00e0 identificar l\u2019alumne\/a amb el seu n\u00famero d\u2019Identificaci\u00f3 d\u2019alumne i omplir el formulari, a l\u2019enviar-ho es far\u00e0 l\u2019intercanvi de dades amb les administracions implicades i adjuntar escanejada o fotografiada la documentaci\u00f3 d\u2019identificaci\u00f3 i filiaci\u00f3 (DNI, llibre de fam\u00edlia, etc), juntament amb la que al\u00b7legueu a efectes de barems i que no s\u2019hagi pogut validar.<\/p>\n<p><strong>Consulteu el proc\u00e9s<\/strong><\/p>\n<ul>\n<li>Trobareu tota la informaci\u00f3 a <a href=\"https:\/\/preinscripcio.gencat.cat\/ca\/estudis\/eso\/inici\/\">PREINSCRIPCIO.GENCAT.CAT, <\/a>fins i tot abans del termini de preinscripci\u00f3.<\/li>\n<li>El portal de Preinscripci\u00f3 de la Generalitat es pot consultar des de qualsevol dispositiu m\u00f2bil. Presenta els continguts redactats en un llenguatge planer i inclou un ampli centre de suport per a cadascun dels estudis. En aquest espai es poden trobar podcasts, v\u00eddeos, un glossari i tamb\u00e9 un ampli apartat de preguntes m\u00e9s freq\u00fcents, on es dona resposta als dubtes que es plantegen les fam\u00edlies m\u00e9s sovint a l\u2019hora de formalitzar la preinscripci\u00f3 dels seus fills i filles. A m\u00e9s, incorpora al men\u00fa superior un bot\u00f3 de traducci\u00f3 autom\u00e0tica, que permet navegar per tot el web en catal\u00e0, castell\u00e0, occit\u00e0-aran\u00e8s, angl\u00e8s, franc\u00e8s, itali\u00e0, portugu\u00e8s i alemany.<\/li>\n<\/ul>\n<p><strong>Informacions\/recomanacions<\/strong><\/p>\n<p>\u2022 Tingueu fotografiada o escanejada la documentaci\u00f3 en el mateix dispositiu des d\u2019on feu\u00a0la sol\u00b7licitud.<br \/>\n\u2022 El codi de centre del nostre centre \u00e9s 08035155. El necessitareu per indicar a quin\u00a0centre voleu preinscriure-us.<br \/>\n\u2022 Demaneu al vostre centre actual el N\u00famero d\u2019Identificaci\u00f3 de l\u2019alumne a RALC per poder\u00a0lligar la sol\u00b7licitud al seu expedient acad\u00e8mic i personal.<br \/>\n\u2022 Cenyiu-vos al calendari establert. Lliurar la sol\u00b7licitud o la documentaci\u00f3 fora de termini us fa perdre tots els drets d\u2019adscripci\u00f3 amb el risc que aix\u00f2 comporta de quedar-se sense pla\u00e7a al centre.<\/p>\n<p><strong>Necessiteu cita pr\u00e8via<\/strong>?<\/p>\n<ul>\n<li>Si necessiteu ajut en el proc\u00e9s de preinscripci\u00f3 podeu trucar al tel\u00e8fon 937959603 per demanar hora per fer atenci\u00f3 telef\u00f2nica.<\/li>\n<li>\u00c9s important assistir al centre nom\u00e9s a l&#8217;hora indicada per tal de garantir l&#8217;atenci\u00f3.<\/li>\n<\/ul>\n<p><strong>Preguntes freq\u00fcents<\/strong><\/p>\n<ul>\n<li>Puc presentar dues sol\u00b7licituds a dos centres diferents per uns mateixos estudis?<\/li>\n<\/ul>\n<p>No, en cap cas. S\u2019ha de presentar una sola sol\u00b7licitud i indicar-hi per ordre de prefer\u00e8ncia els diferents centres als que us interessa inscriure el vostre fill o la vostra filla.<\/p>\n<ul>\n<li>Si tinc dubtes omplint la sol\u00b7licitud on em puc adre\u00e7ar?<\/li>\n<\/ul>\n<p>Podeu posar-vos en contacte telef\u00f2nic amb el centre que escolliu inscriure el vostre fill o la vostra filla en primera opci\u00f3, en horari d\u2019oficina, i us ajudaran a complimentar el proc\u00e9s.<\/p>\n<ul>\n<li>Com puc saber els criteris pels barems i la seva puntuaci\u00f3?<\/li>\n<\/ul>\n<p>Trobareu tota la informaci\u00f3 sobre criteris, calendari i la resta d\u2019informaci\u00f3 respecte el proc\u00e9s de preinscripci\u00f3 a la p\u00e0gina web <a href=\"https:\/\/preinscripcio.gencat.cat\/ca\/inici\">https:\/\/preinscripcio.gencat.cat\/ca\/inici<\/a><\/p>\n<ul>\n<li>Com puc escanejar documents des del m\u00f2bil?<\/li>\n<\/ul>\n<p>Descarregueu-vos l&#8217;aplicaci\u00f3 per a m\u00f2bil Cam Scanner CS.<\/p>\n<ul>\n<li>Com puc fer el certificat digital?<\/li>\n<\/ul>\n<p>Entreu a\u00a0 <a href=\"https:\/\/idcatmobil.seu.cat\/\">https:\/\/idcatmobil.seu.cat\/\u00a0<\/a> i seguiu les instruccions. Cal ser major de 16 anys, tenir DNI\/NIE\/Passaport\/Document identificador d\u2019un pa\u00eds de la UE o targeta de resid\u00e8ncia comunit\u00e0ria, disposar d\u2019adre\u00e7a de correu electr\u00f2nic i un tel\u00e8fon m\u00f2bil a efectes d\u2019identificaci\u00f3 i contacte i la targeta sanit\u00e0ria per a la identificaci\u00f3.<\/p>\n<p>&nbsp;<\/p>\n<p><strong style=\"font-family: inherit; font-size: 1em;\">Consulteu els resultats de la preinscripci\u00f3 a la <a href=\"https:\/\/preinscripcio.gencat.cat\/ca\/inici\/index.html\">p\u00e0gina oficial<\/a> o b\u00e9 a les llistes de la cartellera del centre.<\/strong><\/p>\n","protected":false},"excerpt":{"rendered":"<p>PER AL CURS 2026-2027<br \/>\nDates de preinscripci\u00f3: del 6 (a partir de les 9 h) al 18 de mar\u00e7 de 2026. Presentaci\u00f3 de la documentaci\u00f3 fins al 19 de mar\u00e7.<br \/>\nPer fer la preinscripci\u00f3: <a href=\"https:\/\/preinscripcio.gencat.cat\/ca\/inici\/index.html\">Preinscripci\u00f3 2026-2027<\/a><br \/>\nV\u00eddeos explicatius <a href=\"https:\/\/www.youtube.com\/watch?v=5DvAVUSNLCQ\">La preinscripci\u00f3 escolar<\/a> i <a href=\"https:\/\/www.youtube.com\/watch?v=0kztL1IQD4c\">Com fer la&hellip;  <a href=\"https:\/\/agora.xtec.cat\/inselstresturons\/secretaria-2\/preinscripcio-i-matricula\/preinscripcio-eso\/\" title=\"Read Preinscripci\u00f3 ESO\">Llegeix m\u00e9s\u00bb<\/a><\/p>\n","protected":false},"author":1,"featured_media":0,"parent":499,"menu_order":1,"comment_status":"closed","ping_status":"closed","template":"page-templates\/side-menu.php","meta":{"_bbp_topic_count":0,"_bbp_reply_count":0,"_bbp_total_topic_count":0,"_bbp_total_reply_count":0,"_bbp_voice_count":0,"_bbp_anonymous_reply_count":0,"_bbp_topic_count_hidden":0,"_bbp_reply_count_hidden":0,"_bbp_forum_subforum_count":0,"footnotes":""},"class_list":["post-5282","page","type-page","status-publish","hentry"],"post_mailing_queue_ids":[],"_links":{"self":[{"href":"https:\/\/agora.xtec.cat\/inselstresturons\/wp-json\/wp\/v2\/pages\/5282","targetHints":{"allow":["GET"]}}],"collection":[{"href":"https:\/\/agora.xtec.cat\/inselstresturons\/wp-json\/wp\/v2\/pages"}],"about":[{"href":"https:\/\/agora.xtec.cat\/inselstresturons\/wp-json\/wp\/v2\/types\/page"}],"author":[{"embeddable":true,"href":"https:\/\/agora.xtec.cat\/inselstresturons\/wp-json\/wp\/v2\/users\/1"}],"replies":[{"embeddable":true,"href":"https:\/\/agora.xtec.cat\/inselstresturons\/wp-json\/wp\/v2\/comments?post=5282"}],"version-history":[{"count":7,"href":"https:\/\/agora.xtec.cat\/inselstresturons\/wp-json\/wp\/v2\/pages\/5282\/revisions"}],"predecessor-version":[{"id":12730,"href":"https:\/\/agora.xtec.cat\/inselstresturons\/wp-json\/wp\/v2\/pages\/5282\/revisions\/12730"}],"up":[{"embeddable":true,"href":"https:\/\/agora.xtec.cat\/inselstresturons\/wp-json\/wp\/v2\/pages\/499"}],"wp:attachment":[{"href":"https:\/\/agora.xtec.cat\/inselstresturons\/wp-json\/wp\/v2\/media?parent=5282"}],"curies":[{"name":"wp","href":"https:\/\/api.w.org\/{rel}","templated":true}]}}