{"id":5280,"date":"2021-01-24T16:45:27","date_gmt":"2021-01-24T15:45:27","guid":{"rendered":"http:\/\/agora.xtec.cat\/inselstresturons\/?page_id=5280"},"modified":"2021-01-24T21:21:14","modified_gmt":"2021-01-24T20:21:14","slug":"documents","status":"publish","type":"page","link":"https:\/\/agora.xtec.cat\/inselstresturons\/secretaria-2\/documents\/","title":{"rendered":"Documents"},"content":{"rendered":"<p><strong>Autoritzacions i sol\u00b7licituds<\/strong><\/p>\n<ul>\n<li><a href=\"https:\/\/agora.xtec.cat\/inselstresturons\/wp-content\/uploads\/usu1101\/2019\/08\/model-sol%C2%B7licitud.pdf\">Sol\u00b7licitud<\/a><\/li>\n<\/ul>\n<p>Temes m\u00e8dics<\/p>\n<ul>\n<li><a href=\"http:\/\/educacio.gencat.cat\/documents\/FormularisModels\/CentresGestioAdministrativa\/Y332_188.pdf\">Autoritzaci\u00f3 per a l\u2019administraci\u00f3 de paracetamol<\/a><\/li>\n<li><a href=\"https:\/\/agora.xtec.cat\/inselstresturons\/wp-content\/uploads\/usu1101\/2019\/10\/A315-Glucag%C3%B3-Diabetis.pdf\">Sol\u00b7licitud i autoritzaci\u00f3 d\u2019administraci\u00f3 de glucag\u00f3 als alumnes amb diabetis<\/a><\/li>\n<li><a href=\"https:\/\/agora.xtec.cat\/inselstresturons\/wp-content\/uploads\/usu1101\/2019\/10\/A314-Diabetis.pdf\">Sol\u00b7licitud de control de glucosa als alumnes amb diabetis i administraci\u00f3 d\u2019insulina<\/a><\/li>\n<li><a href=\"https:\/\/agora.xtec.cat\/inselstresturons\/wp-content\/uploads\/usu1101\/2019\/10\/A311-Adrenalina-Al%C2%B7l%C3%A8rgies.pdf\">Sol\u00b7licitud i autoritzaci\u00f3 d\u2019administraci\u00f3 de medicaments als alumnes amb al\u00b7l\u00e8rgies aliment\u00e0ries i\/o al l\u00e0tex<\/a><\/li>\n<\/ul>\n<p>Temes acad\u00e8mics<\/p>\n<ul>\n<li><a href=\"http:\/\/educacio.gencat.cat\/documents\/FormularisModels\/CentresGestioAdministrativa\/Y332_186.pdf\">Sol\u00b7licitud de cursar mat\u00e8ries de batxillerat a IOC<\/a><\/li>\n<li><a href=\"http:\/\/educacio.gencat.cat\/documents\/FormularisModels\/CentresGestioAcademica\/Y164_002.pdf\">Sol\u00b7licitud de t\u00edtol acad\u00e8mic i professional no universitari<\/a><\/li>\n<li><a href=\"http:\/\/educacio.gencat.cat\/documents\/FormularisModels\/CentresGestioAcademica\/Y164_003.pdf\">Sol\u00b7licitud de duplicat de t\u00edtol acad\u00e8mic i professional no universitari<\/a><\/li>\n<li><a href=\"https:\/\/agora.xtec.cat\/inselstresturons\/wp-content\/uploads\/usu1101\/2020\/07\/ren%C3%BAncia-religi%C3%B3-ordinador.pdf\">Ren\u00fancia a la mat\u00e8ria de religi\u00f3<\/a><\/li>\n<li>Sol\u00b7licitud de reclamaci\u00f3 de notes<\/li>\n<\/ul>\n<p>Informaci\u00f3 general<\/p>\n<ul>\n<li><a style=\"color: #2795b6;\" href=\"http:\/\/agora.xtec.cat\/inselstresturons\/wp-content\/uploads\/usu1101\/2014\/09\/ieduca-Enviaments-SPAM.pdf\">Reps l\u2019informe d\u2019assist\u00e8ncia a l\u2019SPAM?<\/a><\/li>\n<li>Informaci\u00f3 i pagaments per TPV<\/li>\n<\/ul>\n<p>Sortides i viatges<\/p>\n<ul>\n<li><a style=\"color: #2795b6;\" href=\"https:\/\/agora.xtec.cat\/inselstresturons\/wp-content\/uploads\/usu1101\/2020\/03\/7864_PR_M_03_Declaracio_de_permis_de_viatge_a_l_estranger_per_a_menors.doc\">Perm\u00eds de viatge a l\u2019estranger dels Mossos d\u2019Esquadra<\/a><span style=\"color: #6f6f6f;\">\u00a0(editable).<\/span><\/li>\n<li><a style=\"color: #2795b6;\" href=\"http:\/\/agora.xtec.cat\/inselstresturons\/wp-content\/uploads\/usu1101\/2014\/09\/Autoritzaci%C3%B3-de-sortides-pernoctaci%C3%B3.pdf\">Autoritzaci\u00f3 de sortides amb pernoctaci\u00f3<\/a><\/li>\n<li>Autoritzaci\u00f3 de sortides d\u2019un dia fora del centre<\/li>\n<\/ul>\n<p>Altres<\/p>\n<ul>\n<li><a style=\"color: #2795b6;\" href=\"http:\/\/xtec.gencat.cat\/web\/.content\/alfresco\/d\/d\/workspace\/SpacesStore\/0059\/8440760e-32a4-44e9-8efd-84b7228892c3\/autoritzacio-14.pdf\">Autoritzaci\u00f3 \u00fas de serveis i recursos digitals a l\u2019aula (menors de 14 anys)<\/a><\/li>\n<li><a href=\"http:\/\/xtec.gencat.cat\/web\/.content\/alfresco\/d\/d\/workspace\/SpacesStore\/0073\/aa6eb03a-fd1f-4338-a43d-ad136085e93e\/autoritzacio14.pdf\">Autoritzaci\u00f3 drets d\u2019imatge de majors de 14 anys<\/a><\/li>\n<li><a href=\"http:\/\/educacio.gencat.cat\/documents\/FormularisModels\/ProteccioDades\/A251.pdf\">Autoritzaci\u00f3 drets d\u2019imatge de menors de 14 anys<\/a><\/li>\n<li><a style=\"color: #2795b6;\" href=\"http:\/\/agora.xtec.cat\/inselstresturons\/wp-content\/uploads\/usu1101\/2014\/09\/full-justificaci%C3%B3-faltes.pdf\">Justificaci\u00f3 de faltes d\u2019assist\u00e8ncia<\/a><\/li>\n<\/ul>\n","protected":false},"excerpt":{"rendered":"<p>Autoritzacions i sol\u00b7licituds<\/p>\n<ul>\n<li><a href=\"https:\/\/agora.xtec.cat\/inselstresturons\/wp-content\/uploads\/usu1101\/2019\/08\/model-sol%C2%B7licitud.pdf\">Sol\u00b7licitud<\/a><\/li>\n<\/ul>\n<p>Temes m\u00e8dics<\/p>\n<ul>\n<li><a href=\"http:\/\/educacio.gencat.cat\/documents\/FormularisModels\/CentresGestioAdministrativa\/Y332_188.pdf\">Autoritzaci\u00f3 per a l\u2019administraci\u00f3 de paracetamol<\/a><\/li>\n<li><a href=\"https:\/\/agora.xtec.cat\/inselstresturons\/wp-content\/uploads\/usu1101\/2019\/10\/A315-Glucag%C3%B3-Diabetis.pdf\">Sol\u00b7licitud i autoritzaci\u00f3 d\u2019administraci\u00f3 de glucag\u00f3 als alumnes amb diabetis<\/a><\/li>\n<li><a href=\"https:\/\/agora.xtec.cat\/inselstresturons\/wp-content\/uploads\/usu1101\/2019\/10\/A314-Diabetis.pdf\">Sol\u00b7licitud de control de glucosa als alumnes amb diabetis i administraci\u00f3 d\u2019insulina<\/a><\/li>\n<li><a href=\"https:\/\/agora.xtec.cat\/inselstresturons\/wp-content\/uploads\/usu1101\/2019\/10\/A311-Adrenalina-Al%C2%B7l%C3%A8rgies.pdf\">Sol\u00b7licitud i autoritzaci\u00f3 d\u2019administraci\u00f3 de medicaments als alumnes amb al\u00b7l\u00e8rgies aliment\u00e0ries i\/o&hellip;  <a href=\"https:\/\/agora.xtec.cat\/inselstresturons\/secretaria-2\/documents\/\" title=\"Read Documents\">Llegeix m\u00e9s\u00bb<\/a><br \/>\n","protected":false},"author":1,"featured_media":0,"parent":548,"menu_order":3,"comment_status":"closed","ping_status":"closed","template":"page-templates\/side-menu.php","meta":{"_bbp_topic_count":0,"_bbp_reply_count":0,"_bbp_total_topic_count":0,"_bbp_total_reply_count":0,"_bbp_voice_count":0,"_bbp_anonymous_reply_count":0,"_bbp_topic_count_hidden":0,"_bbp_reply_count_hidden":0,"_bbp_forum_subforum_count":0,"footnotes":""},"class_list":["post-5280","page","type-page","status-publish","hentry"],"post_mailing_queue_ids":[],"_links":{"self":[{"href":"https:\/\/agora.xtec.cat\/inselstresturons\/wp-json\/wp\/v2\/pages\/5280","targetHints":{"allow":["GET"]}}],"collection":[{"href":"https:\/\/agora.xtec.cat\/inselstresturons\/wp-json\/wp\/v2\/pages"}],"about":[{"href":"https:\/\/agora.xtec.cat\/inselstresturons\/wp-json\/wp\/v2\/types\/page"}],"author":[{"embeddable":true,"href":"https:\/\/agora.xtec.cat\/inselstresturons\/wp-json\/wp\/v2\/users\/1"}],"replies":[{"embeddable":true,"href":"https:\/\/agora.xtec.cat\/inselstresturons\/wp-json\/wp\/v2\/comments?post=5280"}],"version-history":[{"count":3,"href":"https:\/\/agora.xtec.cat\/inselstresturons\/wp-json\/wp\/v2\/pages\/5280\/revisions"}],"predecessor-version":[{"id":5364,"href":"https:\/\/agora.xtec.cat\/inselstresturons\/wp-json\/wp\/v2\/pages\/5280\/revisions\/5364"}],"up":[{"embeddable":true,"href":"https:\/\/agora.xtec.cat\/inselstresturons\/wp-json\/wp\/v2\/pages\/548"}],"wp:attachment":[{"href":"https:\/\/agora.xtec.cat\/inselstresturons\/wp-json\/wp\/v2\/media?parent=5280"}],"curies":[{"name":"wp","href":"https:\/\/api.w.org\/{rel}","templated":true}]}}