{"id":5276,"date":"2021-01-24T16:44:43","date_gmt":"2021-01-24T15:44:43","guid":{"rendered":"http:\/\/agora.xtec.cat\/inselstresturons\/?page_id=5276"},"modified":"2024-10-25T18:50:47","modified_gmt":"2024-10-25T16:50:47","slug":"proves-geso","status":"publish","type":"page","link":"https:\/\/agora.xtec.cat\/inselstresturons\/estudisdelcentre\/orientacio-academica\/proves-geso\/","title":{"rendered":"Proves GESO"},"content":{"rendered":"<p>S\u00f3n les proves lliures per a l\u2019obtenci\u00f3 del certificat de formaci\u00f3 instrumental i del t\u00edtol de graduat\/da en educaci\u00f3 secund\u00e0ria obligat\u00f2ria per a persones de m\u00e9s de 18 anys (complerts almenys el dia de finalitzaci\u00f3 de les proves).<\/p>\n<p>Consulteu la <a href=\"https:\/\/educacio.gencat.cat\/ca\/serveis-tramits\/proves\/proves-lliures-obtencio-titols\/obtencio-titol-eso\/index.html\">informaci\u00f3 de la Generalitat<\/a><\/p>\n<p id=\"h21\"><strong>Alumnes que poden presentar-s&#8217;hi<\/strong><\/p>\n<ol>\n<li>Tenir almenys 18 anys o complir-los l&#8217;any 2025. L\u2019edat requerida es podr\u00e0 rebaixar fins als setze anys sempre que l\u2019alumne o alumna compleixi alguna de les condicions seg\u00fcents:\n<ul>\n<li>tenir un contracte laboral que els impedeixi d&#8217;assistir al centre en r\u00e8gim ordinari,<\/li>\n<li>trobar-se en proc\u00e9s d&#8217;obtenir un perm\u00eds de treball,<\/li>\n<li>ser esportista d&#8217;alt rendiment (cal presentar una certificaci\u00f3 del Consell Catal\u00e0 de l\u2019Esport que acredita que consta en el programa de tecnificaci\u00f3 (ARC) de la federaci\u00f3 catalana corresponent) o<\/li>\n<li>tenir un expedient d&#8217;homologaci\u00f3 obert d&#8217;estudis estrangers al t\u00edtol de GESO.<\/li>\n<\/ul>\n<\/li>\n<li>Haver finalitzat l&#8217;ESO l&#8217;any 2023 o 2024 sense haver obtingut el t\u00edtol.<\/li>\n<li>Haver finalitzat l\u2019equivalent del quart curs de l\u2019ESO en un sistema educatiu estranger amb mat\u00e8ries amb avaluaci\u00f3 negativa en cursos anteriors.<\/li>\n<li>De manera excepcional, els alumnes amb informe de reconeixement de necessitats educatives especials, em\u00e8s per l\u2019equip d\u2019assessorament psicopedag\u00f2gic (EAP), per als quals es va elaborar un pla de suport individualitzat durant el per\u00edode compr\u00e8s entre els cursos 2017-2018 i 2022-2023.<\/li>\n<\/ol>\n<p>En aplicaci\u00f3 d&#8217;aquests requisits, queden exclosos de les proves els alumnes inscrits per repetir quart d&#8217;ESO en el curs 2024-2025.<\/p>\n<p>D\u2019altra banda, els alumnes que estan matriculats en ensenyaments d&#8217;adults o a l&#8217;Institut Obert de Catalunya hi poden conc\u00f3rrer, sempre que compleixin els requisits esmentats.<\/p>\n<div>\n<div>\n<p>&nbsp;<\/p>\n<\/div>\n<\/div>\n","protected":false},"excerpt":{"rendered":"<p>S\u00f3n les proves lliures per a l\u2019obtenci\u00f3 del certificat de formaci\u00f3 instrumental i del t\u00edtol de graduat\/da en educaci\u00f3 secund\u00e0ria obligat\u00f2ria per a persones de m\u00e9s de 18 anys (complerts almenys el dia de finalitzaci\u00f3 de les proves).<br \/>\nConsulteu la <a href=\"https:\/\/educacio.gencat.cat\/ca\/serveis-tramits\/proves\/proves-lliures-obtencio-titols\/obtencio-titol-eso\/index.html\">informaci\u00f3 de la Generalitat<\/a><br \/>\nAlumnes que&hellip;  <a href=\"https:\/\/agora.xtec.cat\/inselstresturons\/estudisdelcentre\/orientacio-academica\/proves-geso\/\" title=\"Read Proves GESO\">Llegeix m\u00e9s\u00bb<\/a><\/p>\n","protected":false},"author":1,"featured_media":0,"parent":4436,"menu_order":5,"comment_status":"closed","ping_status":"closed","template":"page-templates\/side-menu.php","meta":{"_bbp_topic_count":0,"_bbp_reply_count":0,"_bbp_total_topic_count":0,"_bbp_total_reply_count":0,"_bbp_voice_count":0,"_bbp_anonymous_reply_count":0,"_bbp_topic_count_hidden":0,"_bbp_reply_count_hidden":0,"_bbp_forum_subforum_count":0,"footnotes":""},"class_list":["post-5276","page","type-page","status-publish","hentry"],"post_mailing_queue_ids":[],"_links":{"self":[{"href":"https:\/\/agora.xtec.cat\/inselstresturons\/wp-json\/wp\/v2\/pages\/5276","targetHints":{"allow":["GET"]}}],"collection":[{"href":"https:\/\/agora.xtec.cat\/inselstresturons\/wp-json\/wp\/v2\/pages"}],"about":[{"href":"https:\/\/agora.xtec.cat\/inselstresturons\/wp-json\/wp\/v2\/types\/page"}],"author":[{"embeddable":true,"href":"https:\/\/agora.xtec.cat\/inselstresturons\/wp-json\/wp\/v2\/users\/1"}],"replies":[{"embeddable":true,"href":"https:\/\/agora.xtec.cat\/inselstresturons\/wp-json\/wp\/v2\/comments?post=5276"}],"version-history":[{"count":5,"href":"https:\/\/agora.xtec.cat\/inselstresturons\/wp-json\/wp\/v2\/pages\/5276\/revisions"}],"predecessor-version":[{"id":11056,"href":"https:\/\/agora.xtec.cat\/inselstresturons\/wp-json\/wp\/v2\/pages\/5276\/revisions\/11056"}],"up":[{"embeddable":true,"href":"https:\/\/agora.xtec.cat\/inselstresturons\/wp-json\/wp\/v2\/pages\/4436"}],"wp:attachment":[{"href":"https:\/\/agora.xtec.cat\/inselstresturons\/wp-json\/wp\/v2\/media?parent=5276"}],"curies":[{"name":"wp","href":"https:\/\/api.w.org\/{rel}","templated":true}]}}