{"id":49,"date":"2014-09-17T16:55:55","date_gmt":"2014-09-17T16:55:55","guid":{"rendered":"http:\/\/agora.xtec.cat\/inselstresturons\/?page_id=49"},"modified":"2026-03-26T09:47:42","modified_gmt":"2026-03-26T08:47:42","slug":"documents-oficials-del-centre","status":"publish","type":"page","link":"https:\/\/agora.xtec.cat\/inselstresturons\/linstitut\/documents-oficials-del-centre\/","title":{"rendered":"Documents oficials del centre"},"content":{"rendered":"<p><strong>Documentaci\u00f3 de centre<\/strong><\/p>\n<blockquote>\n<ul>\n<li><a href=\"https:\/\/agora.xtec.cat\/inselstresturons\/wp-content\/uploads\/usu1101\/2021\/07\/2021_07_22_projecte-de-convivencia.pdf\">Projecte de conviv\u00e8ncia<\/a>\u00a0(versi\u00f3 juliol 2021)<\/li>\n<li><a href=\"https:\/\/agora.xtec.cat\/inselstresturons\/wp-content\/uploads\/usu1101\/2025\/02\/PEC-2025.pdf\">Projecte Educatiu de Centre (PEC) <\/a>(en proc\u00e9s d&#8217;aprovaci\u00f3)<\/li>\n<li><a href=\"https:\/\/agora.xtec.cat\/inselstresturons\/wp-content\/uploads\/usu1101\/2025\/11\/NOFC-20-de-novembre.pdf\">Normes d&#8217;Organitzaci\u00f3 i de Funcionament de Centre<\/a><\/li>\n<li><a href=\"https:\/\/agora.xtec.cat\/inselstresturons\/wp-content\/uploads\/usu1101\/2025\/01\/Politica-de-Qualitat-Els-Tres-Turons.pdf\">Pol\u00edtica de qualitat<\/a><\/li>\n<li><a href=\"https:\/\/agora.xtec.cat\/inselstresturons\/wp-content\/uploads\/usu1101\/2022\/09\/NOFC-MOBILS.pdf\">Normativa referent als m\u00f2bils <\/a>(setembre 2022)<\/li>\n<li><a style=\"font-family: inherit; font-size: 1em;\" href=\"https:\/\/agora.xtec.cat\/inselstresturons\/wp-content\/uploads\/usu1101\/2019\/02\/PLC-INSTITUT-ELS-TRES-TURONS-ARENYS-2017-2018.pdf\">Pla ling\u00fc\u00edstic de centre<\/a><\/li>\n<li><a href=\"https:\/\/agora.xtec.cat\/inselstresturons\/wp-content\/uploads\/usu1101\/2025\/11\/Pla_Acollida_2025-2026-1.pdf\">Pla d&#8217;Acollida 2025-2026<\/a><\/li>\n<li><a href=\"https:\/\/agora.xtec.cat\/inselstresturons\/wp-content\/uploads\/usu1101\/2025\/12\/EMERGENCIES.docx-1.pdf\">Pla d&#8217;emerg\u00e8ncia 2025-2026<\/a><\/li>\n<li><a style=\"font-family: inherit; font-size: 1em;\" href=\"https:\/\/agora.xtec.cat\/inselstresturons\/wp-content\/uploads\/usu1101\/2023\/03\/Carta-de-compromis-educatiu.pdf\">Carta de comprom\u00eds educatiu<\/a><\/li>\n<\/ul>\n<\/blockquote>\n<div>Documents i acords del consell escolar<\/div>\n<div><\/div>\n<div>\n<ul>\n<li><a href=\"https:\/\/agora.xtec.cat\/inselstresturons\/wp-content\/uploads\/usu1101\/2026\/03\/Liquidaci_C3_B3_20del_20pressupost_2021.pdf\">Liquidaci\u00f3 del pressupost 2025<\/a><\/li>\n<li><a href=\"https:\/\/agora.xtec.cat\/inselstresturons\/wp-content\/uploads\/usu1101\/2026\/03\/SKM_C251i26031113450.pdf\">Acord 09\/03\/2026<\/a><\/li>\n<\/ul>\n<\/div>\n<div><\/div>\n<div><strong>Documents de la Generalitat de Catalunya<\/strong><\/div>\n<div><\/div>\n<ul>\n<li><a href=\"https:\/\/agora.xtec.cat\/inselstresturons\/wp-content\/uploads\/usu1101\/2024\/04\/ORG_Us_Mobils.pdf\">\u00das dels tel\u00e8fons m\u00f2bils als centres educatius\u00a0<\/a><\/li>\n<\/ul>\n<p>&nbsp;<\/p>\n","protected":false},"excerpt":{"rendered":"<p>Documentaci\u00f3 de centre<\/p>\n<ul>\n<li><a href=\"https:\/\/agora.xtec.cat\/inselstresturons\/wp-content\/uploads\/usu1101\/2021\/07\/2021_07_22_projecte-de-convivencia.pdf\">Projecte de conviv\u00e8ncia<\/a>\u00a0(versi\u00f3 juliol 2021)<\/li>\n<li><a href=\"https:\/\/agora.xtec.cat\/inselstresturons\/wp-content\/uploads\/usu1101\/2025\/02\/PEC-2025.pdf\">Projecte Educatiu de Centre (PEC) <\/a>(en proc\u00e9s d&#8217;aprovaci\u00f3)<\/li>\n<li><a href=\"https:\/\/agora.xtec.cat\/inselstresturons\/wp-content\/uploads\/usu1101\/2025\/11\/NOFC-20-de-novembre.pdf\">Normes d&#8217;Organitzaci\u00f3 i de Funcionament de Centre<\/a><\/li>\n<li><a href=\"https:\/\/agora.xtec.cat\/inselstresturons\/wp-content\/uploads\/usu1101\/2025\/01\/Politica-de-Qualitat-Els-Tres-Turons.pdf\">Pol\u00edtica de qualitat<\/a><\/li>\n<li><a href=\"https:\/\/agora.xtec.cat\/inselstresturons\/wp-content\/uploads\/usu1101\/2022\/09\/NOFC-MOBILS.pdf\">Normativa referent als m\u00f2bils <\/a>(setembre 2022)<\/li>\n<li><a style=\"font-family: inherit; font-size: 1em;\" href=\"https:\/\/agora.xtec.cat\/inselstresturons\/wp-content\/uploads\/usu1101\/2019\/02\/PLC-INSTITUT-ELS-TRES-TURONS-ARENYS-2017-2018.pdf\">Pla ling\u00fc\u00edstic de centre<\/a><\/li>\n<li><a href=\"https:\/\/agora.xtec.cat\/inselstresturons\/wp-content\/uploads\/usu1101\/2025\/11\/Pla_Acollida_2025-2026-1.pdf\">Pla d&#8217;Acollida 2025-2026<\/a><\/li>\n<li><a href=\"https:\/\/agora.xtec.cat\/inselstresturons\/wp-content\/uploads\/usu1101\/2025\/12\/EMERGENCIES.docx-1.pdf\">Pla d&#8217;emerg\u00e8ncia&hellip;  <a href=\"https:\/\/agora.xtec.cat\/inselstresturons\/linstitut\/documents-oficials-del-centre\/\" title=\"Read Documents oficials del centre\">Llegeix m\u00e9s\u00bb<\/a><br \/>\n","protected":false},"author":1,"featured_media":0,"parent":19,"menu_order":4,"comment_status":"closed","ping_status":"closed","template":"page-templates\/side-menu.php","meta":{"_bbp_topic_count":0,"_bbp_reply_count":0,"_bbp_total_topic_count":0,"_bbp_total_reply_count":0,"_bbp_voice_count":0,"_bbp_anonymous_reply_count":0,"_bbp_topic_count_hidden":0,"_bbp_reply_count_hidden":0,"_bbp_forum_subforum_count":0,"footnotes":""},"class_list":["post-49","page","type-page","status-publish","hentry"],"post_mailing_queue_ids":[],"_links":{"self":[{"href":"https:\/\/agora.xtec.cat\/inselstresturons\/wp-json\/wp\/v2\/pages\/49","targetHints":{"allow":["GET"]}}],"collection":[{"href":"https:\/\/agora.xtec.cat\/inselstresturons\/wp-json\/wp\/v2\/pages"}],"about":[{"href":"https:\/\/agora.xtec.cat\/inselstresturons\/wp-json\/wp\/v2\/types\/page"}],"author":[{"embeddable":true,"href":"https:\/\/agora.xtec.cat\/inselstresturons\/wp-json\/wp\/v2\/users\/1"}],"replies":[{"embeddable":true,"href":"https:\/\/agora.xtec.cat\/inselstresturons\/wp-json\/wp\/v2\/comments?post=49"}],"version-history":[{"count":7,"href":"https:\/\/agora.xtec.cat\/inselstresturons\/wp-json\/wp\/v2\/pages\/49\/revisions"}],"predecessor-version":[{"id":12620,"href":"https:\/\/agora.xtec.cat\/inselstresturons\/wp-json\/wp\/v2\/pages\/49\/revisions\/12620"}],"up":[{"embeddable":true,"href":"https:\/\/agora.xtec.cat\/inselstresturons\/wp-json\/wp\/v2\/pages\/19"}],"wp:attachment":[{"href":"https:\/\/agora.xtec.cat\/inselstresturons\/wp-json\/wp\/v2\/media?parent=49"}],"curies":[{"name":"wp","href":"https:\/\/api.w.org\/{rel}","templated":true}]}}