{"id":489,"date":"2016-04-12T10:13:51","date_gmt":"2016-04-12T09:13:51","guid":{"rendered":"http:\/\/agora.xtec.cat\/inselstresturons\/?page_id=489"},"modified":"2024-10-08T20:52:27","modified_gmt":"2024-10-08T18:52:27","slug":"l_observatori","status":"publish","type":"page","link":"https:\/\/agora.xtec.cat\/inselstresturons\/projecte-educatiu\/l_observatori\/","title":{"rendered":"L&#8217;observatori"},"content":{"rendered":"<p><strong>El 31 de gener de 2009 s&#8217;inaugurava l&#8217;observatori de l&#8217;institut Els Tres Turons<\/strong><\/p>\n<p>L\u2019observatori de l\u2019Institut Els Tres Turons d\u2019Arenys de Mar va ser inaugurat el curs 2008-09. El projecte d\u2019ensenyament de l\u2019astronomia venia de feia molt de temps amb: cr\u00e8dits variables, sortides nocturnes d\u2019observaci\u00f3 del firmament, seguiment de cometes, observaci\u00f3 del Sol, exposicions, etc. Per\u00f2, va ser a partir dels premis (Universitat de Granada; Instituto de la Juventud i del Ministerio de Educaci\u00f3n ) a treballs de recerca dirigits pel Dr. Joan Antoni Curto Homedes que es va poder cristal\u00b7litzar el primer equipament de l\u2019observatori.<br \/>\nEl Dr. Oriol Font i Cot, expert observador i divulgador de l\u2019astronomia, va ser l\u2019encarregat d\u2019estructurar la part t\u00e8cnica del projecte. Muntarem una c\u00fapula d\u2019observaci\u00f3 Explora-dome, dins la qual s\u2019hi instal\u00b7l\u00e0 un Celestron de 9 polzades i quart de di\u00e0metre, amb muntura EQ-5 equipada amb Go-To, aix\u00ed com un Lunt H-alpha de 6 cm de di\u00e0metre, per observar el Sol.<br \/>\nPosteriorment i amb el premi Ensenyament del Cercle d\u2019Economia (2014), pogu\u00e9rem ampliar la infraestructura de l\u2019observatori: accessibilitat independent de l\u2019edifici, un despatx amb control remot de la c\u00e0mera del telescopi i connexi\u00f3 d\u2019internet.<\/p>\n<p>Podeu consultar:<\/p>\n<ul>\n<li><a href=\"https:\/\/agora.xtec.cat\/inselstresturons\/projectes\/la-materia-dastronomia\/\">El que treballem a la mat\u00e8ria d\u2019Astronomia<\/a><\/li>\n<li><a href=\"https:\/\/agora.xtec.cat\/inselstresturons\/projectes\/l_observatori\/\">Qu\u00e8 anem fent a l\u2019observatori<\/a><\/li>\n<\/ul>\n<p>Voleu saber algunes de les activitats que hem fet?<\/p>\n<ul>\n<li><a href=\"https:\/\/agora.xtec.cat\/inselstresturons\/projecte-educatiu\/l_observatori\/observatori-2023-2024\/\">Curs 2023-2024<\/a><\/li>\n<li><a href=\"https:\/\/agora.xtec.cat\/inselstresturons\/projecte-educatiu\/l_observatori\/observatori-2022-2023\/\">Curs 2022-2023<\/a><\/li>\n<li><a href=\"https:\/\/agora.xtec.cat\/inselstresturons\/projectes\/l_observatori\/observatori-2021-2022\/\">Curs 2021-2022<\/a><\/li>\n<li><a href=\"https:\/\/agora.xtec.cat\/inselstresturons\/projectes\/l_observatori\/observatori-2020-2021\/\">Curs 2020-2021<\/a><\/li>\n<li><a href=\"https:\/\/agora.xtec.cat\/inselstresturons\/projectes\/l_observatori\/observatori-2019-2020\/\">Curs 2019-2020<\/a><\/li>\n<li><a href=\"https:\/\/agora.xtec.cat\/inselstresturons\/projectes\/l_observatori\/observatori-2018-2019\/\">Curs 2018-2019<\/a><\/li>\n<li><a href=\"https:\/\/agora.xtec.cat\/inselstresturons\/projectes\/l_observatori\/observatori-2017-2018\/\">Curs 2017-2018<\/a><\/li>\n<li><a href=\"https:\/\/agora.xtec.cat\/inselstresturons\/projectes\/l_observatori\/observatori-2016-2017\/\">Curs 2016-2017<\/a><\/li>\n<li><a href=\"https:\/\/agora.xtec.cat\/inselstresturons\/projectes\/l_observatori\/observatori-2015-2016\/\">Curs 2015-2016<\/a><\/li>\n<\/ul>\n<h5><img loading=\"lazy\" decoding=\"async\" class=\"aligncenter size-full wp-image-464\" src=\"https:\/\/agora.xtec.cat\/inselstresturons\/wp-content\/uploads\/usu1101\/2016\/04\/observatori.jpg\" alt=\"\" width=\"599\" height=\"289\" srcset=\"https:\/\/agora.xtec.cat\/inselstresturons\/wp-content\/uploads\/usu1101\/2016\/04\/observatori.jpg 599w, https:\/\/agora.xtec.cat\/inselstresturons\/wp-content\/uploads\/usu1101\/2016\/04\/observatori-300x145.jpg 300w\" sizes=\"auto, (max-width: 599px) 100vw, 599px\" \/><\/h5>\n<p><img loading=\"lazy\" decoding=\"async\" class=\"aligncenter wp-image-4075\" src=\"https:\/\/agora.xtec.cat\/inselstresturons\/wp-content\/uploads\/usu1101\/2019\/11\/observatori-vista.jpg\" alt=\"\" width=\"599\" height=\"391\" srcset=\"https:\/\/agora.xtec.cat\/inselstresturons\/wp-content\/uploads\/usu1101\/2019\/11\/observatori-vista.jpg 1291w, https:\/\/agora.xtec.cat\/inselstresturons\/wp-content\/uploads\/usu1101\/2019\/11\/observatori-vista-300x196.jpg 300w, https:\/\/agora.xtec.cat\/inselstresturons\/wp-content\/uploads\/usu1101\/2019\/11\/observatori-vista-768x501.jpg 768w, https:\/\/agora.xtec.cat\/inselstresturons\/wp-content\/uploads\/usu1101\/2019\/11\/observatori-vista-1024x668.jpg 1024w\" sizes=\"auto, (max-width: 599px) 100vw, 599px\" \/><\/p>\n<p><img loading=\"lazy\" decoding=\"async\" class=\"aligncenter wp-image-4076\" src=\"https:\/\/agora.xtec.cat\/inselstresturons\/wp-content\/uploads\/usu1101\/2019\/11\/Mat\u00ed.jpg\" alt=\"\" width=\"596\" height=\"448\" srcset=\"https:\/\/agora.xtec.cat\/inselstresturons\/wp-content\/uploads\/usu1101\/2019\/11\/Mat\u00ed.jpg 968w, https:\/\/agora.xtec.cat\/inselstresturons\/wp-content\/uploads\/usu1101\/2019\/11\/Mat\u00ed-300x225.jpg 300w, https:\/\/agora.xtec.cat\/inselstresturons\/wp-content\/uploads\/usu1101\/2019\/11\/Mat\u00ed-768x577.jpg 768w, https:\/\/agora.xtec.cat\/inselstresturons\/wp-content\/uploads\/usu1101\/2019\/11\/Mat\u00ed-200x150.jpg 200w\" sizes=\"auto, (max-width: 596px) 100vw, 596px\" \/><\/p>\n<p><img loading=\"lazy\" decoding=\"async\" class=\"aligncenter wp-image-5215\" src=\"https:\/\/agora.xtec.cat\/inselstresturons\/wp-content\/uploads\/usu1101\/2020\/12\/Observatori_Institut_Els_Tres_Turons_24_novembre_2020.jpg\" alt=\"\" width=\"601\" height=\"451\" srcset=\"https:\/\/agora.xtec.cat\/inselstresturons\/wp-content\/uploads\/usu1101\/2020\/12\/Observatori_Institut_Els_Tres_Turons_24_novembre_2020.jpg 1239w, https:\/\/agora.xtec.cat\/inselstresturons\/wp-content\/uploads\/usu1101\/2020\/12\/Observatori_Institut_Els_Tres_Turons_24_novembre_2020-300x225.jpg 300w, https:\/\/agora.xtec.cat\/inselstresturons\/wp-content\/uploads\/usu1101\/2020\/12\/Observatori_Institut_Els_Tres_Turons_24_novembre_2020-768x576.jpg 768w, https:\/\/agora.xtec.cat\/inselstresturons\/wp-content\/uploads\/usu1101\/2020\/12\/Observatori_Institut_Els_Tres_Turons_24_novembre_2020-1024x768.jpg 1024w, https:\/\/agora.xtec.cat\/inselstresturons\/wp-content\/uploads\/usu1101\/2020\/12\/Observatori_Institut_Els_Tres_Turons_24_novembre_2020-200x150.jpg 200w\" sizes=\"auto, (max-width: 601px) 100vw, 601px\" \/><\/p>\n<p>&nbsp;<\/p>\n<p>&nbsp;<\/p>\n<p>&nbsp;<\/p>\n","protected":false},"excerpt":{"rendered":"<p>El 31 de gener de 2009 s&#8217;inaugurava l&#8217;observatori de l&#8217;institut Els Tres Turons<br \/>\nL\u2019observatori de l\u2019Institut Els Tres Turons d\u2019Arenys de Mar va ser inaugurat el curs 2008-09. El projecte d\u2019ensenyament de l\u2019astronomia venia de feia molt de temps amb: cr\u00e8dits variables, sortides nocturnes d\u2019observaci\u00f3 del&hellip;  <a href=\"https:\/\/agora.xtec.cat\/inselstresturons\/projecte-educatiu\/l_observatori\/\" title=\"Read L&#8217;observatori\">Llegeix m\u00e9s\u00bb<\/a><\/p>\n","protected":false},"author":1,"featured_media":0,"parent":57,"menu_order":4,"comment_status":"closed","ping_status":"closed","template":"page-templates\/side-menu.php","meta":{"_bbp_topic_count":0,"_bbp_reply_count":0,"_bbp_total_topic_count":0,"_bbp_total_reply_count":0,"_bbp_voice_count":0,"_bbp_anonymous_reply_count":0,"_bbp_topic_count_hidden":0,"_bbp_reply_count_hidden":0,"_bbp_forum_subforum_count":0,"footnotes":""},"class_list":["post-489","page","type-page","status-publish","hentry"],"post_mailing_queue_ids":[],"_links":{"self":[{"href":"https:\/\/agora.xtec.cat\/inselstresturons\/wp-json\/wp\/v2\/pages\/489","targetHints":{"allow":["GET"]}}],"collection":[{"href":"https:\/\/agora.xtec.cat\/inselstresturons\/wp-json\/wp\/v2\/pages"}],"about":[{"href":"https:\/\/agora.xtec.cat\/inselstresturons\/wp-json\/wp\/v2\/types\/page"}],"author":[{"embeddable":true,"href":"https:\/\/agora.xtec.cat\/inselstresturons\/wp-json\/wp\/v2\/users\/1"}],"replies":[{"embeddable":true,"href":"https:\/\/agora.xtec.cat\/inselstresturons\/wp-json\/wp\/v2\/comments?post=489"}],"version-history":[{"count":5,"href":"https:\/\/agora.xtec.cat\/inselstresturons\/wp-json\/wp\/v2\/pages\/489\/revisions"}],"predecessor-version":[{"id":9811,"href":"https:\/\/agora.xtec.cat\/inselstresturons\/wp-json\/wp\/v2\/pages\/489\/revisions\/9811"}],"up":[{"embeddable":true,"href":"https:\/\/agora.xtec.cat\/inselstresturons\/wp-json\/wp\/v2\/pages\/57"}],"wp:attachment":[{"href":"https:\/\/agora.xtec.cat\/inselstresturons\/wp-json\/wp\/v2\/media?parent=489"}],"curies":[{"name":"wp","href":"https:\/\/api.w.org\/{rel}","templated":true}]}}