{"id":46,"date":"2014-09-17T16:53:45","date_gmt":"2014-09-17T16:53:45","guid":{"rendered":"http:\/\/agora.xtec.cat\/inselstresturons\/?page_id=46"},"modified":"2026-03-04T15:36:49","modified_gmt":"2026-03-04T14:36:49","slug":"organigrama","status":"publish","type":"page","link":"https:\/\/agora.xtec.cat\/inselstresturons\/organitzacio-del-curs\/organigrama\/","title":{"rendered":"Organigrama"},"content":{"rendered":"<blockquote>\n<div><strong>2025-2026<\/strong><\/div>\n<div><\/div>\n<div><span style=\"color: #3366ff;\"><strong>EQUIP DIRECTIU<\/strong><\/span><\/div>\n<div><span style=\"color: #000000;\">Direcci\u00f3: Sandra Ubach Santamaria (direccio@elstresturons.cat)<\/span><\/div>\n<div><span style=\"color: #000000;\">Cap d&#8217;Estudis: Jonathan Polo Bonet (capdestudis@elstresturons.cat)<\/span><\/div>\n<div><span style=\"color: #000000;\">Coordinaci\u00f3 Pedag\u00f2gica: Neus Teixid\u00f3 Travesa (coordinacio@elstresturons.cat)<\/span><\/div>\n<div><span style=\"color: #000000;\">Secret\u00e0ria: Meritxell Grasa Bastida (secretari@elstresturons.cat)<\/span><\/div>\n<div><span style=\"color: #000000;\">Cap d&#8217;estudis adjunta: Laura Solano (laura.solano@elstresturons.cat)<\/span><\/div>\n<\/blockquote>\n<blockquote>\n<div><span style=\"color: #3366ff;\"><strong>COORDINACIONS<\/strong><\/span><\/div>\n<div><span style=\"color: #000000;\">Coordinaci\u00f3 1r d&#8217;ESO: <\/span><span style=\"color: #000000;\">Oriol Berengueres (oriol.berengueres@elstresturons.cat)<\/span><\/div>\n<div><span style=\"color: #000000;\">Coordinaci\u00f3 2n d&#8217;ESO: S\u00edlvia Dobarco (silvia.dobarco@elstresturons.cat)<\/span><\/div>\n<div><span style=\"color: #000000;\">Coordinaci\u00f3 3r d&#8217;ESO:<\/span><span style=\"color: #000000;\"> Abel Munn\u00e9 (abel.munne@elstresturons.cat)<\/span><\/div>\n<div><span style=\"color: #000000;\">Coordinaci\u00f3 4t d&#8217;ESO: Paco Fern\u00e1ndez (paco.fernandez@elstresturons.cat)<\/span><\/div>\n<div><span style=\"color: #000000;\">Coordinaci\u00f3 Batxillerat: Neus Barris Tusquellas (neus.barris@elstresturons.cat)<\/span><\/div>\n<div><span style=\"color: #000000;\">Coordinaci\u00f3 CFGM: Laura Solano (laura.solano@elstresturons.cat)<\/span><\/div>\n<\/blockquote>\n<blockquote>\n<div><span style=\"color: #3366ff;\"><strong>TUTORIES\u00a0<\/strong><\/span><\/div>\n<div>\n<div><span style=\"color: #333399;\"><span style=\"color: #333399;\">Tutoria 1r d&#8217;ESO A: Am\u00e0lia Guerola (amalia.guerola@elstresturons.cat) \/Irene Orra <span style=\"color: #6f6f6f; font-family: inherit; font-size: 1em;\">(irene.orra@elstresturons.cat)<\/span><\/span><\/span><\/div>\n<div><span style=\"color: #333399;\">Tutoria 1r d&#8217;ESO B: Ester Artigas (ester.artigas@elstresturons.cat)<\/span><\/div>\n<div><span style=\"color: #333399;\">Tutoria 1r d&#8217;ESO C: Llu\u00eds L\u00f3pez (lluis.lopez@elstresturons.cat)<\/span><\/div>\n<div><span style=\"color: #800000;\">Tutoria 2n d&#8217;ESO A: N\u00faria Riendas (nuria.riendas<span class=\"\">@elstresturons.cat<\/span>)\u00a0<\/span><\/div>\n<div><span style=\"color: #800000;\">Tutoria 2n d&#8217;ESO B: Noem\u00ed C\u00e1novas (noemi.canovas@elstresturons.cat)<\/span><\/div>\n<div><span style=\"color: #800000;\">Tutoria 2n d&#8217;ESO C: Mari Corpas<\/span><span style=\"color: #800000;\"> (mari.corpas@elstresturons.cat) <\/span><span style=\"color: #800000;\">\/ Marta Farr\u00e9s\u00a0<\/span><\/div>\n<div><span style=\"color: #800000;\">Tutoria 2n d&#8217;ESO D: M. \u00c0ngels Mora (mangels.mora@elstresturons.cat)<\/span><\/div>\n<div><span style=\"color: #008000;\">Tutoria 3r d&#8217;ESO A: Cl\u00e0udia Ortego (claudia.ortego@elstresturons.cat)<\/span><\/div>\n<div><span style=\"color: #008000;\">Tutoria 3r d&#8217;ESO B: Anna Carmona (anna.carmona@elstresturons.cat)<\/span><\/div>\n<div><span style=\"color: #008000;\">Tutoria 3r d&#8217;ESO C: Pol Moreno (pol.moreno<\/span><span style=\"color: #008000;\">@elstresturons.cat)\u00a0<\/span><\/div>\n<div><span style=\"color: #800080;\">Tutoria 4t d&#8217;ESO A: H\u00e9ctor Garcia (hector.garcia@elstresturons.cat)<\/span><\/div>\n<div><span style=\"color: #800080;\">Tutoria 4t d&#8217;ESO B: Juan Bocanegra (juan.bocanegra@elstresturons.cat)<\/span><\/div>\n<div><span style=\"color: #800080;\">Tutoria 4t d&#8217;ESO C: Ivan Moreno (ivan.moreno@elstresturons.cat) \/ Rafael Busc\u00e0 (rafael.busca@elstresturons.cat)<\/span><\/div>\n<div><span style=\"color: #800080;\">Tutoria 4t d&#8217;ESO D: Maira Planells (maira.planells@elstresturons.cat)<\/span><\/div>\n<div><span style=\"color: #333333;\">Tutoria Aula Oberta: Tha\u00efs Blasco (thais.blasco@elstresturons.cat)<\/span><\/div>\n<div><span style=\"color: #3366ff;\">Tutoria Aula d&#8217;acollida: Lola Rodr\u00edguez (lola.rodriguez@elstresturons.cat)<\/span><\/div>\n<div><span style=\"color: #808000;\">Tutoria 1r de batxillerat F: Sergi Roca (sergi.roca@elstresturons.cat)\u00a0<\/span><\/div>\n<div><span style=\"color: #808000;\">Tutoria 1r de batxillerat G: JuanMa Gonz\u00e1lez (juanma.gonzalez@elstresturons.cat)<\/span><\/div>\n<div><span style=\"color: #808000;\">Tutoria 2n de batxillerat F: Marta Bellot (marta.bellot@elstresturons.cat)<\/span><\/div>\n<div><span style=\"color: #808000;\">Tutoria 2n de batxillerat G: David Pallarolas (david.pallarolas@elstresturons.cat)<\/span><\/div>\n<div><span style=\"color: #666699;\">Tutoria CFGM GAD 1r: V\u00edctor Gonz\u00e1lez (victor.gonzalez@elstresturons.cat)<\/span><\/div>\n<div><span style=\"color: #666699;\">Tutoria CFGM GAD\u00a0 2n: Eva Alcoverro (eva.alcoverro@elstresturons.cat)<\/span><\/div>\n<div><span style=\"color: #666699;\">Tutoria CFGM MEF 1r: <\/span><span style=\"color: #666699;\">Emi Vilches (emi.vilches@elstresturons.cat)<\/span><\/div>\n<div><span style=\"color: #666699;\">Tutoria CFGM MEF 2n: Jordi Mas(jordi.mas<\/span><span style=\"color: #666699;\">@elstresturons.cat)\u00a0<\/span><\/div>\n<div>Tutoria CFGS AdFi 1r: David Filgaira <span style=\"color: #666699;\">(david.filgaira<\/span><span style=\"color: #666699;\">@elstresturons.cat)<\/span><\/div>\n<div><span style=\"color: #808080;\">Tutoria PTT Vendes i Atenci\u00f3 al p\u00fablic: Nat\u00e0lia Andreu Mach (vendes@elstresturons.cat)<\/span><\/div>\n<div><span style=\"color: #808080;\">Tutoria PTT Fusteria: Maria Comet Batlle (fusteria@elstresturons.cat)<\/span><\/div>\n<div><\/div>\n<\/div>\n<\/blockquote>\n<blockquote>\n<div><strong><span style=\"color: #3366ff;\">PAS<\/span><\/strong><\/div>\n<div><span style=\"color: #000000;\">Administraci\u00f3: Sandra Hern\u00e1ndez i Jocabed Mart\u00ednez (secretaria@elstresturons.cat)<\/span><\/div>\n<div><span style=\"color: #000000;\">Consergeria: Sol Belmonte i Joel Pons (consergeria@elstresturons.cat)<\/span><\/div>\n<div><\/div>\n<\/blockquote>\n<p><span style=\"color: #3366ff;\"><strong>DEPARTAMENTS (pendent d&#8217;actualitzaci\u00f3)<\/strong><\/span><\/p>\n<p><span style=\"color: #000000;\"><strong>Llengua catalana<\/strong><\/span><\/p>\n<ul>\n<li><span style=\"color: #000000;\">Ester Artigas (ester.artigas@elstresturons.cat)<\/span><\/li>\n<li><span style=\"color: #000000;\">Maria Artigues (maria.artigues@elstresturons.cat)\u00a0<\/span><\/li>\n<li><span style=\"color: #000000;\">Maria \u00c0ngels Mora (mangels.mora@elstresturons.cat)<\/span><\/li>\n<li>\u00c0ngela Morales (angela.morales<span style=\"color: #000000;\">@elstresturons.cat)- Aula d&#8217;Acollida<\/span><\/li>\n<li><span style=\"color: #000000;\">Maira Planells (maira.planells@elstresturons.cat)\u00a0<\/span><\/li>\n<li>Lola Rodr\u00edguez (lola.rodr\u00edguez@elstresturons.cat) &#8211; Aula d&#8217;Acollida<\/li>\n<li>Gerard Vall-llovera (gerard.vallllovera@elstresturons.cat) &#8211; Cap de departament<\/li>\n<\/ul>\n<p><span style=\"color: #000000;\"><strong>Llengua castellana<\/strong><\/span><\/p>\n<ul>\n<li>S\u00edlvia Dobarco (silvia.dobarco@elstresturons.cat)<\/li>\n<li><span style=\"color: #000000;\">Juanma Gonz\u00e1lez (juanma.gonzalez@elstresturons.cat)<\/span><span style=\"color: #000000;\">\u00a0<\/span>&#8211; Cap de departament<\/li>\n<li>Cl\u00e0udia Ortego (claudia.ortego<span style=\"color: #000000;\">@elstresturons.cat)<\/span><\/li>\n<li>N\u00faria Riendas (nuria.riendas<span style=\"color: #000000;\">@elstresturons.cat)<\/span><\/li>\n<li>Albert Sim\u00f3n (albert.simon<span style=\"color: #000000;\">@elstresturons.cat)<\/span><\/li>\n<\/ul>\n<p><strong><span style=\"color: #000000;\">Lleng\u00fces estrangeres<\/span><\/strong><\/p>\n<ul>\n<li><span style=\"color: #000000;\">Maria Almellones (maria.almellones@elstresturons.cat)<\/span><\/li>\n<li>Noem\u00ed C\u00e1novas <span style=\"color: #000000;\">(noemi.canovas@elstresturons.cat)<\/span><\/li>\n<li>Am\u00e0lia Guerola (amalia.guerola@elstresturons.cat) \/Irene Orra (irene.orra@elstresturons.cat)<\/li>\n<li>Marina Mu\u00f1oz (marina.munoz@elstresturons.cat)<\/li>\n<li>Irene Ortiz (irene.ortiz@elstresturons.cat)<\/li>\n<li>Desir\u00e9e Rodr\u00edguez (desiree.rodriguez@elstresturons.cat) &#8211; Cap de departament<\/li>\n<li><span style=\"color: #000000;\">Laura Solano (laura.solano@elstresturons.cat) <\/span>&#8211; Franc\u00e8s<\/li>\n<\/ul>\n<p><strong><span style=\"color: #000000;\">Ci\u00e8ncies Socials<\/span><\/strong><\/p>\n<ul>\n<li>Laura Campdepadr\u00f3s (laura.campdepadros@elstresturons.cat) &#8211; Cap de departament<\/li>\n<li>Paco Fern\u00e1ndez (francisco.fernandez@elstresturons.cat)<\/li>\n<li><span style=\"color: #000000;\">Pilar Olea (pilar.olea@elstresturons.cat) &#8211; Religi\u00f3<\/span><\/li>\n<li><span style=\"color: #000000;\">David Pallarolas (david.pallarolas@elstresturons.cat)\u00a0<\/span><\/li>\n<li><span style=\"color: #000000;\">Josep Pruna (josep.pruna@elstresturons.cat)\u00a0<\/span><\/li>\n<\/ul>\n<p><strong><span style=\"color: #000000;\">Ci\u00e8ncies Naturals. F\u00edsica i Qu\u00edmica<\/span><\/strong><\/p>\n<ul>\n<li>Marta Bellot (marta.bellot@elstresturons.cat)\u00a0<span style=\"color: #000000;\">&#8211; Cap de departament<\/span><\/li>\n<li>Anna Salgado (anna.salgado@elstresturons.cat) \/ Maite L\u00f3pez (maite.lopez@elstresturons.cat)<\/li>\n<li>Pol Moreno (pol.moreno@elstresturons.cat) \/ D\u00e8lia Palanques<\/li>\n<\/ul>\n<p><strong><span style=\"color: #000000;\">Ci\u00e8ncies Naturals. Biologia i Geologia<\/span><\/strong><\/p>\n<ul>\n<li>Oriol Berengueres (oriol.berengueres@elstresturons.cat)<\/li>\n<li>Elisabet Safont (elisabet.safont@elstresturons.cat) &#8211; Cap de departament<\/li>\n<li>Neus Teixid\u00f3 (neus.teixido@elstresturons.cat)<\/li>\n<\/ul>\n<p><strong><span style=\"color: #000000;\">Matem\u00e0tiques<\/span><\/strong><\/p>\n<ul>\n<li><span style=\"color: #000000;\">Neus Barris (neus.barris@elstresturons.cat) <\/span>&#8211; Cap de departament<\/li>\n<li>Juan Bocanegra (juan.bocanegra@elstresturons.cat)<\/li>\n<li><span style=\"color: #000000;\">Mari Corpas (mari.corpas@elstresturons.cat)<\/span><\/li>\n<li><span style=\"color: #000000;\">H\u00e9ctor Garcia (hector.garcia@elstresturons.cat)\u00a0<\/span><\/li>\n<li><span style=\"color: #000000;\">Meritxell Grasa (meritxell.grasa@elstresturons.cat)<\/span><\/li>\n<li>Judit Llauger <span style=\"color: #000000;\">(judit.llauger@elstresturons.cat)<\/span><\/li>\n<li><span style=\"color: #000000;\">Llu\u00eds L\u00f3pez (lluis.lopez@elstresturons.cat)<\/span><\/li>\n<li>Abel Munn\u00e9 <span style=\"color: #000000;\">(abel.munne@elstresturons.cat)<\/span><\/li>\n<\/ul>\n<p><strong><span style=\"color: #000000;\">Tecnologia<\/span><\/strong><\/p>\n<ul>\n<li><span style=\"color: #000000;\">Anna Carmona (anna.carmona@elstresturons.cat)<\/span>\u00a0&#8211; Cap de departament<\/li>\n<li style=\"text-align: left;\"><span style=\"color: #000000;\">Maria Basart (maria.basart@elstresturons.cat) \/ Laura Pe\u00f1a\u00a0<\/span><\/li>\n<li>Albert Tarr\u00e9s (albert.tarres@elstresturons.cat)<\/li>\n<\/ul>\n<p><strong style=\"color: #000000; font-family: inherit; font-size: 1em;\">Educaci\u00f3 Visual i Pl\u00e0stica<\/strong><\/p>\n<ul>\n<li><span style=\"color: #000000;\">Cristina Casals (cristina.casals@elstresturons.cat) <\/span>&#8211; Cap de departament<\/li>\n<li>Ferran Palao (ferran.palao@elstresturons.cat)<\/li>\n<\/ul>\n<p><span style=\"color: #000000;\"><strong>Educaci\u00f3 F\u00edsica<\/strong><\/span><\/p>\n<ul>\n<li><span style=\"color: #000000;\">Inma Benedico (inma.benedico@elstresturons.cat) &#8211; Cap de departament<\/span><\/li>\n<li>Ivan Moreno (ivan.moreno@elstresturons.cat) \/ Rafael Busc\u00e0 (rafael.busca@elstresturons.cat)<\/li>\n<li><span style=\"color: #000000;\">Jonathan Polo (jonathan.polo@elstresturons.cat)\u00a0<\/span><\/li>\n<\/ul>\n<p><span style=\"color: #000000;\"><strong> Humanitats i <\/strong><\/span><strong style=\"color: #000000;\">M\u00fasica<\/strong><\/p>\n<ul>\n<li><span style=\"color: #000000;\">Georgina De Korte (georgina.dekorte@elstresturons.cat) &#8211; Cl\u00e0ssiques <\/span>&#8211; Cap de departament<\/li>\n<li>Sergi Roca (sergi.roca@elstresturons.cat) &#8211; Filosofia<\/li>\n<li><span style=\"color: #000000;\">Carles P\u00e9rez (carles.perez@elstresturons.cat) &#8211; M\u00fasica<\/span><\/li>\n<li><span style=\"color: #000000;\">Sandra Ubach (sandra.ubach@elstresturons.cat) <\/span><span style=\"color: #000000;\">&#8211; M\u00fasica<\/span><\/li>\n<\/ul>\n<p><span style=\"color: #000000;\"><strong>Orientaci\u00f3 educativa<\/strong><\/span><\/p>\n<ul>\n<li>Thais Blasco (thais.blasco@elstresturons.cat) &#8211; Referent de 3r i Aula Oberta<\/li>\n<li><span style=\"color: #000000;\">Viqui Cerro (mavictoria.cerro@elstresturons.cat) &#8211; Referent de 2n d&#8217;ESO<\/span><\/li>\n<li><span style=\"color: #000000;\">Manel Jim\u00e9nez (manel.jimenez@elstresturons.cat) &#8211; SIEI<\/span><\/li>\n<li>K\u00e0tia Rif\u00e0 (katia.rifa@elstresturons.cat) &#8211; Referent de 4t<\/li>\n<li>Ester Sangerman (ester.sangerman@elstresturons.cat) &#8211; Referent de 1r <span style=\"color: #000000;\">&#8211; Cap de departament<\/span><\/li>\n<li>Emi Vilches (emi.vilches@elstresturons.cat) &#8211; SIEI<\/li>\n<\/ul>\n<p><span style=\"color: #000000;\"><strong>Educaci\u00f3 Especial<\/strong><\/span><\/p>\n<ul>\n<li>Estefania Blanco (estefania.blanco@elstresturons.cat)<\/li>\n<\/ul>\n<p><span style=\"color: #000000;\"><strong>Cicle Formatiu GM en Gesti\u00f3 Administrativa i <\/strong><\/span><strong>Cicle Formatiu GS Administraci\u00f3 i Finances<\/strong><\/p>\n<ul>\n<li>Eva Alcoverro (eva.alcoverro@elstresturons.cat)<\/li>\n<li><span style=\"color: #000000;\">David Filgaira (david.filgaira@elstresturons.cat)\u00a0<\/span><\/li>\n<li>V\u00edctor Gonz\u00e1lez (gonzalez.victor@elstresturons.cat)<\/li>\n<li><span style=\"color: #000000;\">Jabier Maguregi (jabier.maguregi1@elstresturons.cat)<\/span><\/li>\n<li>Irene Ortiz (irene.ortiz@elstresturons.cat) &#8211; Angl\u00e8s<\/li>\n<li>Yeray Partearroyo (yeray.partearroyo@elstresturons.cat)<\/li>\n<li>Gerard Vall-llovera (gerard.vallllovera@elstresturons.cat) &#8211; Catal\u00e0<\/li>\n<li><span style=\"color: #000000;\">Carles Vendrell (carles.vendrell@elstresturons.cat) <\/span>&#8211; Cap de departament<\/li>\n<\/ul>\n<p><strong>Cicle Formatiu GM en Manteniment d&#8217;Estructures de Fusta i Mobiliari d&#8217;Embarcacions d&#8217;Esbarjo<\/strong><\/p>\n<ul>\n<li>\u00c0ngel Badall\u00f3 (angel.badallo@elstresturons.cat) \/ Ramon Ferrer (ramon.ferrer@elstresturons.cat) &#8211; Cap de departament<\/li>\n<li>Pere Badall\u00f3 (pere.badallo@elstresturons.cat)<\/li>\n<li>Alejandro Gonz\u00e1lez (alejandro.gonzalezm@<wbr \/>elstresturons.cat)<\/li>\n<li>Jordi Mas (jordi.mas@elstresturons.cat)<\/li>\n<li>Josep Maria Navarro (josemaria.navarro@<wbr \/>elstresturons.cat)<\/li>\n<li>Desir\u00e9e Rodr\u00edguez (desiree.rodriguez@elstresturons.cat) &#8211; Angl\u00e8s<\/li>\n<li>Emi Vilches (emi.vilches@elstresturons.cat)<\/li>\n<\/ul>\n<p class=\"entry-title\"><strong>PTT Auxiliar de Comer\u00e7 i atenci\u00f3 al p\u00fablic<\/strong><\/p>\n<ul>\n<li>Nat\u00e0lia Andreu Mach (natalia.andreu@elstresturons.cat) &#8211; tutora<\/li>\n<li>Marta \u00c0ngel Nualart &#8211; professorat expert<\/li>\n<\/ul>\n<p><strong>PTT Auxiliar en treballs de fusteria i instal\u00b7lacions de mobles<\/strong><\/p>\n<ul>\n<li>Maria Comet Batlle (maria.comet@elstresturons.cat)- tutora<\/li>\n<li>Jordi Recolons Massuet &#8211; professorat expert<\/li>\n<\/ul>\n","protected":false},"excerpt":{"rendered":"<p>2025-2026<\/p>\n<p>EQUIP DIRECTIU<br \/>\nDirecci\u00f3: Sandra Ubach Santamaria (direccio@elstresturons.cat)<br \/>\nCap d&#8217;Estudis: Jonathan Polo Bonet (capdestudis@elstresturons.cat)<br \/>\nCoordinaci\u00f3 Pedag\u00f2gica: Neus Teixid\u00f3 Travesa (coordinacio@elstresturons.cat)<br \/>\nSecret\u00e0ria: Meritxell Grasa Bastida (secretari@elstresturons.cat)<br \/>\nCap d&#8217;estudis adjunta: Laura Solano (laura.solano@elstresturons.cat)<\/p>\n<p>COORDINACIONS<br \/>\nCoordinaci\u00f3 1r d&#8217;ESO: Oriol Berengueres (oriol.berengueres@elstresturons.cat)<br \/>\nCoordinaci\u00f3 2n d&#8217;ESO: S\u00edlvia Dobarco (silvia.dobarco@elstresturons.cat)<br \/>\nCoordinaci\u00f3 3r d&#8217;ESO: Abel Munn\u00e9 (abel.munne@elstresturons.cat)<br \/>\nCoordinaci\u00f3 4t d&#8217;ESO: Paco Fern\u00e1ndez (paco.fernandez@elstresturons.cat)<br \/>\nCoordinaci\u00f3&hellip;  <a href=\"https:\/\/agora.xtec.cat\/inselstresturons\/organitzacio-del-curs\/organigrama\/\" title=\"Read Organigrama\">Llegeix m\u00e9s\u00bb<\/a><\/p>\n","protected":false},"author":1,"featured_media":0,"parent":6347,"menu_order":1,"comment_status":"closed","ping_status":"closed","template":"page-templates\/side-menu.php","meta":{"_bbp_topic_count":0,"_bbp_reply_count":0,"_bbp_total_topic_count":0,"_bbp_total_reply_count":0,"_bbp_voice_count":0,"_bbp_anonymous_reply_count":0,"_bbp_topic_count_hidden":0,"_bbp_reply_count_hidden":0,"_bbp_forum_subforum_count":0,"footnotes":""},"class_list":["post-46","page","type-page","status-publish","hentry"],"post_mailing_queue_ids":[],"_links":{"self":[{"href":"https:\/\/agora.xtec.cat\/inselstresturons\/wp-json\/wp\/v2\/pages\/46","targetHints":{"allow":["GET"]}}],"collection":[{"href":"https:\/\/agora.xtec.cat\/inselstresturons\/wp-json\/wp\/v2\/pages"}],"about":[{"href":"https:\/\/agora.xtec.cat\/inselstresturons\/wp-json\/wp\/v2\/types\/page"}],"author":[{"embeddable":true,"href":"https:\/\/agora.xtec.cat\/inselstresturons\/wp-json\/wp\/v2\/users\/1"}],"replies":[{"embeddable":true,"href":"https:\/\/agora.xtec.cat\/inselstresturons\/wp-json\/wp\/v2\/comments?post=46"}],"version-history":[{"count":6,"href":"https:\/\/agora.xtec.cat\/inselstresturons\/wp-json\/wp\/v2\/pages\/46\/revisions"}],"predecessor-version":[{"id":12521,"href":"https:\/\/agora.xtec.cat\/inselstresturons\/wp-json\/wp\/v2\/pages\/46\/revisions\/12521"}],"up":[{"embeddable":true,"href":"https:\/\/agora.xtec.cat\/inselstresturons\/wp-json\/wp\/v2\/pages\/6347"}],"wp:attachment":[{"href":"https:\/\/agora.xtec.cat\/inselstresturons\/wp-json\/wp\/v2\/media?parent=46"}],"curies":[{"name":"wp","href":"https:\/\/api.w.org\/{rel}","templated":true}]}}