{"id":4436,"date":"2020-03-27T12:42:47","date_gmt":"2020-03-27T11:42:47","guid":{"rendered":"http:\/\/agora.xtec.cat\/inselstresturons\/?page_id=4436"},"modified":"2025-02-28T15:41:15","modified_gmt":"2025-02-28T14:41:15","slug":"orientacio-academica","status":"publish","type":"page","link":"https:\/\/agora.xtec.cat\/inselstresturons\/estudisdelcentre\/orientacio-academica\/","title":{"rendered":"Orientaci\u00f3 acad\u00e8mica i professional"},"content":{"rendered":"<p><a href=\"https:\/\/agora.xtec.cat\/inselstresturons\/wp-content\/uploads\/usu1101\/2025\/02\/Reunio-families_Orientacio-academica-i-professional-a-4t-dESO.pdf\">Presentaci\u00f3 referent a Orientaci\u00f3 acad\u00e8mica i professional<\/a>\u00a0(24\/02\/2025)<\/p>\n<p>Al <strong>desplegable<\/strong> de l&#8217;esquerra podeu trobar informaci\u00f3 sobre:<\/p>\n<ul>\n<li><a href=\"https:\/\/agora.xtec.cat\/inselstresturons\/orientacio-academica\/acabem-leso-i-despres\/\">Orientacions generals<\/a><\/li>\n<li><a href=\"https:\/\/agora.xtec.cat\/inselstresturons\/estudisdelcentre\/orientacio-academica\/tests-dautoconeixement\/\">Tests d&#8217;autoconeixement<\/a><\/li>\n<li><a href=\"https:\/\/agora.xtec.cat\/inselstresturons\/eso\/orientacio-academica\/els-cfgm\/\">Els CFGM<\/a><\/li>\n<li><a href=\"https:\/\/agora.xtec.cat\/inselstresturons\/eso\/orientacio-academica\/proves-dacces-a-cfgm\/\">Proves d&#8217;acc\u00e9s a CFGM<\/a><\/li>\n<li><a href=\"https:\/\/educacio.gencat.cat\/ca\/serveis-tramits\/proves\/proves-lliures-obtencio-titols\/obtencio-titol-eso\/index.html\">Proves GESO<\/a><\/li>\n<li><a href=\"http:\/\/agora.xtec.cat\/inselstresturons\/eso\/orientacio-academica\/el-ptt\/\">Els PFI &#8211; PTT<\/a><\/li>\n<li><a href=\"http:\/\/agora.xtec.cat\/inselstresturons\/eso\/orientacio-academica\/altres-estudis\/\">Altres estudis<\/a><\/li>\n<\/ul>\n","protected":false},"excerpt":{"rendered":"<p><a href=\"https:\/\/agora.xtec.cat\/inselstresturons\/wp-content\/uploads\/usu1101\/2025\/02\/Reunio-families_Orientacio-academica-i-professional-a-4t-dESO.pdf\">Presentaci\u00f3 referent a Orientaci\u00f3 acad\u00e8mica i professional<\/a>\u00a0(24\/02\/2025)<br \/>\nAl desplegable de l&#8217;esquerra podeu trobar informaci\u00f3 sobre:<\/p>\n<ul>\n<li><a href=\"https:\/\/agora.xtec.cat\/inselstresturons\/orientacio-academica\/acabem-leso-i-despres\/\">Orientacions generals<\/a><\/li>\n<li><a href=\"https:\/\/agora.xtec.cat\/inselstresturons\/estudisdelcentre\/orientacio-academica\/tests-dautoconeixement\/\">Tests d&#8217;autoconeixement<\/a><\/li>\n<li><a href=\"https:\/\/agora.xtec.cat\/inselstresturons\/eso\/orientacio-academica\/els-cfgm\/\">Els CFGM<\/a><\/li>\n<li><a href=\"https:\/\/agora.xtec.cat\/inselstresturons\/eso\/orientacio-academica\/proves-dacces-a-cfgm\/\">Proves d&#8217;acc\u00e9s a CFGM<\/a><\/li>\n<li><a href=\"https:\/\/educacio.gencat.cat\/ca\/serveis-tramits\/proves\/proves-lliures-obtencio-titols\/obtencio-titol-eso\/index.html\">Proves GESO<\/a><\/li>\n<li><a href=\"http:\/\/agora.xtec.cat\/inselstresturons\/eso\/orientacio-academica\/el-ptt\/\">Els PFI &#8211; PTT<\/a><\/li>\n<li><a href=\"http:\/\/agora.xtec.cat\/inselstresturons\/eso\/orientacio-academica\/altres-estudis\/\">Altres estudis<\/a><\/li>\n<\/ul>\n","protected":false},"author":1,"featured_media":0,"parent":195,"menu_order":7,"comment_status":"closed","ping_status":"closed","template":"page-templates\/side-menu.php","meta":{"_bbp_topic_count":0,"_bbp_reply_count":0,"_bbp_total_topic_count":0,"_bbp_total_reply_count":0,"_bbp_voice_count":0,"_bbp_anonymous_reply_count":0,"_bbp_topic_count_hidden":0,"_bbp_reply_count_hidden":0,"_bbp_forum_subforum_count":0,"footnotes":""},"class_list":["post-4436","page","type-page","status-publish","hentry"],"post_mailing_queue_ids":[],"_links":{"self":[{"href":"https:\/\/agora.xtec.cat\/inselstresturons\/wp-json\/wp\/v2\/pages\/4436","targetHints":{"allow":["GET"]}}],"collection":[{"href":"https:\/\/agora.xtec.cat\/inselstresturons\/wp-json\/wp\/v2\/pages"}],"about":[{"href":"https:\/\/agora.xtec.cat\/inselstresturons\/wp-json\/wp\/v2\/types\/page"}],"author":[{"embeddable":true,"href":"https:\/\/agora.xtec.cat\/inselstresturons\/wp-json\/wp\/v2\/users\/1"}],"replies":[{"embeddable":true,"href":"https:\/\/agora.xtec.cat\/inselstresturons\/wp-json\/wp\/v2\/comments?post=4436"}],"version-history":[{"count":7,"href":"https:\/\/agora.xtec.cat\/inselstresturons\/wp-json\/wp\/v2\/pages\/4436\/revisions"}],"predecessor-version":[{"id":11451,"href":"https:\/\/agora.xtec.cat\/inselstresturons\/wp-json\/wp\/v2\/pages\/4436\/revisions\/11451"}],"up":[{"embeddable":true,"href":"https:\/\/agora.xtec.cat\/inselstresturons\/wp-json\/wp\/v2\/pages\/195"}],"wp:attachment":[{"href":"https:\/\/agora.xtec.cat\/inselstresturons\/wp-json\/wp\/v2\/media?parent=4436"}],"curies":[{"name":"wp","href":"https:\/\/api.w.org\/{rel}","templated":true}]}}