{"id":19,"date":"2014-09-17T14:56:56","date_gmt":"2014-09-17T14:56:56","guid":{"rendered":"http:\/\/agora.xtec.cat\/inselstresturons\/?page_id=19"},"modified":"2021-07-19T19:04:22","modified_gmt":"2021-07-19T17:04:22","slug":"linstitut","status":"publish","type":"page","link":"https:\/\/agora.xtec.cat\/inselstresturons\/linstitut\/","title":{"rendered":"L&#8217;INSTITUT"},"content":{"rendered":"<p>&nbsp;<\/p>\n<p><img loading=\"lazy\" decoding=\"async\" class=\"aligncenter size-large wp-image-6210\" src=\"https:\/\/agora.xtec.cat\/inselstresturons\/wp-content\/uploads\/usu1101\/2021\/07\/IMG-20210719-WA0022-e1626713617707-1024x205.jpg\" alt=\"\" width=\"1024\" height=\"205\" srcset=\"https:\/\/agora.xtec.cat\/inselstresturons\/wp-content\/uploads\/usu1101\/2021\/07\/IMG-20210719-WA0022-e1626713617707-1024x205.jpg 1024w, https:\/\/agora.xtec.cat\/inselstresturons\/wp-content\/uploads\/usu1101\/2021\/07\/IMG-20210719-WA0022-e1626713617707-300x60.jpg 300w, https:\/\/agora.xtec.cat\/inselstresturons\/wp-content\/uploads\/usu1101\/2021\/07\/IMG-20210719-WA0022-e1626713617707-768x154.jpg 768w, https:\/\/agora.xtec.cat\/inselstresturons\/wp-content\/uploads\/usu1101\/2021\/07\/IMG-20210719-WA0022-e1626713617707.jpg 1600w\" sizes=\"auto, (max-width: 1024px) 100vw, 1024px\" \/><\/p>\n<p style=\"color: #444444;\"><span style=\"color: #000000;\">L&#8217;Institut Els Tres Turons d&#8217;Arenys de Mar \u00e9s un centre educatiu que forma persones des de 1979. Est\u00e0 ubicat en un indret excepcional, dalt d&#8217;un tur\u00f3 amb vistes envejables.<\/span><\/p>\n<p style=\"color: #444444;\"><span style=\"color: #000000;\">S&#8217;hi imparteix:<\/span><\/p>\n<ul>\n<li style=\"color: #444444;\"><span style=\"color: #000000;\"> l&#8217;educaci\u00f3 secund\u00e0ria obligat\u00f2ria (ESO)<\/span><\/li>\n<li style=\"color: #444444;\"><span style=\"color: #000000;\">el batxillerat cient\u00edfic, el tecnol\u00f2gic, el social i l&#8217;human\u00edstic<\/span><\/li>\n<li><span style=\"color: #000000;\">cicle formatiu de grau mitj\u00e0 (CFGM) en Gesti\u00f3 Administrativa<\/span><\/li>\n<li><span style=\"color: #000000;\">cicle formatiu de grau mitj\u00e0 (CFGM) en Manteniment i Estructures de Fusta i Manteniment d&#8217;Embarcacions d&#8217;Esbarjo<\/span><\/li>\n<li>Auxiliar en treballs de fusteria i instal\u00b7laci\u00f3 de mobles (PTT-PFI)<\/li>\n<li>Auxiliar en vendes, oficina i atenci\u00f3 al p\u00fablic (PTT-PFI)<\/li>\n<li>Aula Oberta<\/li>\n<li>Aula d&#8217;acollida<\/li>\n<li>SIEI<\/li>\n<\/ul>\n<p style=\"color: #444444;\"><span style=\"color: #000000;\">L&#8217;horari lectiu d&#8217;ESO i batxillerat \u00e9s de dilluns a divendres de 8h a 14.30h, amb un temps d&#8217;esbarjo d&#8217;11h a 11.30h.<\/span><\/p>\n<p style=\"color: #444444;\"><span style=\"color: #000000;\">Estem en contacte permanent amb diversos serveis de la vila, com ara Serveis Socials, el CAP i el Psic\u00f2leg Municipal.<\/span><\/p>\n<p style=\"color: #444444;\"><span style=\"color: #000000;\">Ens coordinem amb l&#8217;Equip d&#8217;Assessorament Psicopedag\u00f2gic (EAP), el CREDA i l&#8217;ONCE.<\/span><\/p>\n<p style=\"color: #444444;\">\n","protected":false},"excerpt":{"rendered":"<p>&nbsp;<\/p>\n<p>L&#8217;Institut Els Tres Turons d&#8217;Arenys de Mar \u00e9s un centre educatiu que forma persones des de 1979. Est\u00e0 ubicat en un indret excepcional, dalt d&#8217;un tur\u00f3 amb vistes envejables.<br \/>\nS&#8217;hi imparteix:<\/p>\n<ul>\n<li style=\"color: #444444;\"> l&#8217;educaci\u00f3 secund\u00e0ria obligat\u00f2ria (ESO)<\/li>\n<li style=\"color: #444444;\">el batxillerat cient\u00edfic, el tecnol\u00f2gic, el social i&hellip;  <a href=\"https:\/\/agora.xtec.cat\/inselstresturons\/linstitut\/\" title=\"Read L&#8217;INSTITUT\">Llegeix m\u00e9s\u00bb<\/a><br \/>\n","protected":false},"author":1,"featured_media":0,"parent":0,"menu_order":0,"comment_status":"closed","ping_status":"closed","template":"page-templates\/side-menu.php","meta":{"_bbp_topic_count":0,"_bbp_reply_count":0,"_bbp_total_topic_count":0,"_bbp_total_reply_count":0,"_bbp_voice_count":0,"_bbp_anonymous_reply_count":0,"_bbp_topic_count_hidden":0,"_bbp_reply_count_hidden":0,"_bbp_forum_subforum_count":0,"footnotes":""},"class_list":["post-19","page","type-page","status-publish","hentry"],"post_mailing_queue_ids":[],"_links":{"self":[{"href":"https:\/\/agora.xtec.cat\/inselstresturons\/wp-json\/wp\/v2\/pages\/19","targetHints":{"allow":["GET"]}}],"collection":[{"href":"https:\/\/agora.xtec.cat\/inselstresturons\/wp-json\/wp\/v2\/pages"}],"about":[{"href":"https:\/\/agora.xtec.cat\/inselstresturons\/wp-json\/wp\/v2\/types\/page"}],"author":[{"embeddable":true,"href":"https:\/\/agora.xtec.cat\/inselstresturons\/wp-json\/wp\/v2\/users\/1"}],"replies":[{"embeddable":true,"href":"https:\/\/agora.xtec.cat\/inselstresturons\/wp-json\/wp\/v2\/comments?post=19"}],"version-history":[{"count":4,"href":"https:\/\/agora.xtec.cat\/inselstresturons\/wp-json\/wp\/v2\/pages\/19\/revisions"}],"predecessor-version":[{"id":1147,"href":"https:\/\/agora.xtec.cat\/inselstresturons\/wp-json\/wp\/v2\/pages\/19\/revisions\/1147"}],"wp:attachment":[{"href":"https:\/\/agora.xtec.cat\/inselstresturons\/wp-json\/wp\/v2\/media?parent=19"}],"curies":[{"name":"wp","href":"https:\/\/api.w.org\/{rel}","templated":true}]}}