{"id":12154,"date":"2025-10-29T18:22:30","date_gmt":"2025-10-29T17:22:30","guid":{"rendered":"https:\/\/agora.xtec.cat\/inselstresturons\/?page_id=12154"},"modified":"2025-10-29T18:26:15","modified_gmt":"2025-10-29T17:26:15","slug":"els-tres-turons-report","status":"publish","type":"page","link":"https:\/\/agora.xtec.cat\/inselstresturons\/projecte-educatiu\/projecte-de-recerca\/els-tres-turons-report\/","title":{"rendered":"Els Tres Turons Report"},"content":{"rendered":"<p>L\u2019Institut Els Tres Turons d\u2019Arenys de Mar forma part del projecte period\u00edstic\u00a0<b><a href=\"https:\/\/junior-report.cat\/\">Junior\u00a0<span class=\"il\">Report<\/span><\/a>\u00a0<\/b>format per periodistes i docents<b>,\u00a0<\/b>per fomentar el pensament cr\u00edtic i la compet\u00e8ncia medi\u00e0tica entre l\u2019alumnat.<\/p>\n<p>Els nostres estudiants aprenen a\u00a0<strong>informar-se, analitzar i redactar not\u00edcies<\/strong>, treballant com a veritables periodistes a la seva pr\u00f2pia revista digital:\u00a0<a href=\"https:\/\/elstresturons.junior-report.media\/\"><strong>Els Tres Turons\u00a0<span class=\"il\">Report<\/span><\/strong><\/a>.<\/p>\n<p>Amb aquesta iniciativa, el centre aposta per una\u00a0<strong>educaci\u00f3 activa i connectada amb el m\u00f3n real<\/strong>, que promou la formaci\u00f3 de ciutadans cr\u00edtics i compromesos.<\/p>\n<p>Els Tres Turons\u00a0<span class=\"il\">Report<\/span>\u00a0vol ser, tamb\u00e9, una plataforma de difusi\u00f3 i divulgaci\u00f3 tant de temes referents a l&#8217;institut com al nostre poble. D&#8217;altra banda, vol ser tamb\u00e9 un espai de descoberta\u00a0de la nostra comunitat educativa (talents ocults, projectes personals m\u00e9s enll\u00e0 de l&#8217;institut&#8230;)<\/p>\n<p>Concebem la revista com una eina d\u2019informaci\u00f3 per\u00f2 tamb\u00e9 de cohesi\u00f3. Alhora tamb\u00e9, tot l\u2019alumnat del centre podr\u00e0 publicar treballs i projectes que hagin elaborat des de qualsevol mat\u00e8ria i que considerin interessants de difondre.<\/p>\n<p><img loading=\"lazy\" decoding=\"async\" class=\"aligncenter wp-image-12155\" src=\"https:\/\/agora.xtec.cat\/inselstresturons\/wp-content\/uploads\/usu1101\/2025\/10\/Report-1.png\" alt=\"\" width=\"447\" height=\"559\" srcset=\"https:\/\/agora.xtec.cat\/inselstresturons\/wp-content\/uploads\/usu1101\/2025\/10\/Report-1.png 1080w, https:\/\/agora.xtec.cat\/inselstresturons\/wp-content\/uploads\/usu1101\/2025\/10\/Report-1-240x300.png 240w, https:\/\/agora.xtec.cat\/inselstresturons\/wp-content\/uploads\/usu1101\/2025\/10\/Report-1-819x1024.png 819w, https:\/\/agora.xtec.cat\/inselstresturons\/wp-content\/uploads\/usu1101\/2025\/10\/Report-1-768x960.png 768w\" sizes=\"auto, (max-width: 447px) 100vw, 447px\" \/><\/p>\n<p><img loading=\"lazy\" decoding=\"async\" class=\"aligncenter wp-image-12156\" src=\"https:\/\/agora.xtec.cat\/inselstresturons\/wp-content\/uploads\/usu1101\/2025\/10\/report-2.png\" alt=\"\" width=\"446\" height=\"557\" srcset=\"https:\/\/agora.xtec.cat\/inselstresturons\/wp-content\/uploads\/usu1101\/2025\/10\/report-2.png 1080w, https:\/\/agora.xtec.cat\/inselstresturons\/wp-content\/uploads\/usu1101\/2025\/10\/report-2-240x300.png 240w, https:\/\/agora.xtec.cat\/inselstresturons\/wp-content\/uploads\/usu1101\/2025\/10\/report-2-819x1024.png 819w, https:\/\/agora.xtec.cat\/inselstresturons\/wp-content\/uploads\/usu1101\/2025\/10\/report-2-768x960.png 768w\" sizes=\"auto, (max-width: 446px) 100vw, 446px\" \/><\/p>\n","protected":false},"excerpt":{"rendered":"<p>L\u2019Institut Els Tres Turons d\u2019Arenys de Mar forma part del projecte period\u00edstic\u00a0<a href=\"https:\/\/junior-report.cat\/\">Junior\u00a0Report<\/a>\u00a0format per periodistes i docents,\u00a0per fomentar el pensament cr\u00edtic i la compet\u00e8ncia medi\u00e0tica entre l\u2019alumnat.<br \/>\nEls nostres estudiants aprenen a\u00a0informar-se, analitzar i redactar not\u00edcies, treballant com a veritables periodistes a la seva pr\u00f2pia revista&hellip;  <a href=\"https:\/\/agora.xtec.cat\/inselstresturons\/projecte-educatiu\/projecte-de-recerca\/els-tres-turons-report\/\" title=\"Read Els Tres Turons Report\">Llegeix m\u00e9s\u00bb<\/a><\/p>\n","protected":false},"author":1,"featured_media":0,"parent":6517,"menu_order":12,"comment_status":"closed","ping_status":"closed","template":"page-templates\/side-menu.php","meta":{"_bbp_topic_count":0,"_bbp_reply_count":0,"_bbp_total_topic_count":0,"_bbp_total_reply_count":0,"_bbp_voice_count":0,"_bbp_anonymous_reply_count":0,"_bbp_topic_count_hidden":0,"_bbp_reply_count_hidden":0,"_bbp_forum_subforum_count":0,"footnotes":""},"class_list":["post-12154","page","type-page","status-publish","hentry"],"post_mailing_queue_ids":[],"_links":{"self":[{"href":"https:\/\/agora.xtec.cat\/inselstresturons\/wp-json\/wp\/v2\/pages\/12154","targetHints":{"allow":["GET"]}}],"collection":[{"href":"https:\/\/agora.xtec.cat\/inselstresturons\/wp-json\/wp\/v2\/pages"}],"about":[{"href":"https:\/\/agora.xtec.cat\/inselstresturons\/wp-json\/wp\/v2\/types\/page"}],"author":[{"embeddable":true,"href":"https:\/\/agora.xtec.cat\/inselstresturons\/wp-json\/wp\/v2\/users\/1"}],"replies":[{"embeddable":true,"href":"https:\/\/agora.xtec.cat\/inselstresturons\/wp-json\/wp\/v2\/comments?post=12154"}],"version-history":[{"count":1,"href":"https:\/\/agora.xtec.cat\/inselstresturons\/wp-json\/wp\/v2\/pages\/12154\/revisions"}],"predecessor-version":[{"id":12157,"href":"https:\/\/agora.xtec.cat\/inselstresturons\/wp-json\/wp\/v2\/pages\/12154\/revisions\/12157"}],"up":[{"embeddable":true,"href":"https:\/\/agora.xtec.cat\/inselstresturons\/wp-json\/wp\/v2\/pages\/6517"}],"wp:attachment":[{"href":"https:\/\/agora.xtec.cat\/inselstresturons\/wp-json\/wp\/v2\/media?parent=12154"}],"curies":[{"name":"wp","href":"https:\/\/api.w.org\/{rel}","templated":true}]}}