{"id":11699,"date":"2025-05-14T18:23:32","date_gmt":"2025-05-14T16:23:32","guid":{"rendered":"https:\/\/agora.xtec.cat\/inselstresturons\/?page_id=11699"},"modified":"2026-04-09T13:25:46","modified_gmt":"2026-04-09T11:25:46","slug":"matricula-cfgs","status":"publish","type":"page","link":"https:\/\/agora.xtec.cat\/inselstresturons\/secretaria-2\/preinscripcio-i-matricula\/matricula-cfgs\/","title":{"rendered":"Matr\u00edcula de CFGS"},"content":{"rendered":"<p style=\"padding-left: 40px;\"><strong>MATR\u00cdCULA CFGS 2026-2027<\/strong><\/p>\n<div>\n<p><strong>MOLT IMPORTANT:<\/strong><\/p>\n<ol>\n<li>Pareu atenci\u00f3 a les dates de confirmaci\u00f3 \/ ren\u00fancia de pla\u00e7a i al per\u00edode de matriculaci\u00f3 de cada tanda.<\/li>\n<li>Empleneu els documents de matr\u00edcula de l&#8217;enlla\u00e7 seg\u00fcent: <strong>CFGS Administraci\u00f3 i Finances.<\/strong><\/li>\n<li>Prepareu la documentaci\u00f3 a adjuntar (especificada al full de matr\u00edcula)<span style=\"font-family: inherit; font-size: 1em;\">. <\/span><\/li>\n<li><span style=\"font-family: inherit; font-size: 1em;\">Envieu els documents de matr\u00edcula i la documentaci\u00f3 a secretaria<\/span><span style=\"font-family: inherit; font-size: 1em;\">@elstresturons.cat.\u00a0<\/span><\/li>\n<\/ol>\n<div class=\"quoted-text\">\n<div><b>MOLT IMPORTANT. DATES I PROCEDIMENTS\u00a0 CLAU:<\/b><\/div>\n<div><\/div>\n<\/div>\n<div>\n<p><strong>1a tanda: <\/strong><\/p>\n<ul>\n<li>Llista de places assignades a la 1a tanda a<span style=\"font-size: 1.4375em;\">\u00a0<\/span><strong>10\/07\/2025<\/strong><\/li>\n<li>CONFIRMACI\u00d3 \/ MILLORA L&#8217;ASSIGNACI\u00d3 \/ REN\u00daNCIA, <strong>de l\u201910 al 14 de juliol\u00a0<\/strong><\/li>\n<li>Matriculaci\u00f3 de places confirmades a la 1a tanda, <strong>de l&#8217;10 al 14 de juliol<\/strong><\/li>\n<\/ul>\n<p><strong>2a tanda:<\/strong><\/p>\n<ul>\n<li>Llista de places assignades a la 2a tanda a <strong>24\/07\/2025<\/strong><\/li>\n<li>CONFIRMACI\u00d3 \/ REN\u00daNCIA de pla\u00e7a obtinguda a la 2a tanda, <strong>del 24 al 28 de juliol<\/strong><\/li>\n<li>Matriculaci\u00f3 de places confirmades a la 2a tanda, <strong>del 24 al 28 de juliol<\/strong><span style=\"font-family: inherit; font-size: 1em; font-weight: bold;\">\u00a0<\/span><\/li>\n<\/ul>\n<\/div>\n<\/div>\n<p>Enlla\u00e7 d\u2019informaci\u00f3 sobre <a href=\"https:\/\/preinscripcio.gencat.cat\/ca\/estudis\/fp-grau-superior\/matriculat\/\">com formalitzar la matr\u00edcula.<\/a><\/p>\n","protected":false},"excerpt":{"rendered":"<p>MATR\u00cdCULA CFGS 2026-2027<\/p>\n<p>MOLT IMPORTANT:<\/p>\n<ol>\n<li>Pareu atenci\u00f3 a les dates de confirmaci\u00f3 \/ ren\u00fancia de pla\u00e7a i al per\u00edode de matriculaci\u00f3 de cada tanda.<\/li>\n<li>Empleneu els documents de matr\u00edcula de l&#8217;enlla\u00e7 seg\u00fcent: CFGS Administraci\u00f3 i Finances.<\/li>\n<li>Prepareu la documentaci\u00f3 a adjuntar (especificada al full de matr\u00edcula). <\/li>\n<li>Envieu els documents&hellip;  <a href=\"https:\/\/agora.xtec.cat\/inselstresturons\/secretaria-2\/preinscripcio-i-matricula\/matricula-cfgs\/\" title=\"Read Matr\u00edcula de CFGS\">Llegeix m\u00e9s\u00bb<\/a><br \/>\n","protected":false},"author":1,"featured_media":0,"parent":499,"menu_order":9,"comment_status":"closed","ping_status":"closed","template":"page-templates\/side-menu.php","meta":{"_bbp_topic_count":0,"_bbp_reply_count":0,"_bbp_total_topic_count":0,"_bbp_total_reply_count":0,"_bbp_voice_count":0,"_bbp_anonymous_reply_count":0,"_bbp_topic_count_hidden":0,"_bbp_reply_count_hidden":0,"_bbp_forum_subforum_count":0,"footnotes":""},"class_list":["post-11699","page","type-page","status-publish","hentry"],"post_mailing_queue_ids":[],"_links":{"self":[{"href":"https:\/\/agora.xtec.cat\/inselstresturons\/wp-json\/wp\/v2\/pages\/11699","targetHints":{"allow":["GET"]}}],"collection":[{"href":"https:\/\/agora.xtec.cat\/inselstresturons\/wp-json\/wp\/v2\/pages"}],"about":[{"href":"https:\/\/agora.xtec.cat\/inselstresturons\/wp-json\/wp\/v2\/types\/page"}],"author":[{"embeddable":true,"href":"https:\/\/agora.xtec.cat\/inselstresturons\/wp-json\/wp\/v2\/users\/1"}],"replies":[{"embeddable":true,"href":"https:\/\/agora.xtec.cat\/inselstresturons\/wp-json\/wp\/v2\/comments?post=11699"}],"version-history":[{"count":6,"href":"https:\/\/agora.xtec.cat\/inselstresturons\/wp-json\/wp\/v2\/pages\/11699\/revisions"}],"predecessor-version":[{"id":12698,"href":"https:\/\/agora.xtec.cat\/inselstresturons\/wp-json\/wp\/v2\/pages\/11699\/revisions\/12698"}],"up":[{"embeddable":true,"href":"https:\/\/agora.xtec.cat\/inselstresturons\/wp-json\/wp\/v2\/pages\/499"}],"wp:attachment":[{"href":"https:\/\/agora.xtec.cat\/inselstresturons\/wp-json\/wp\/v2\/media?parent=11699"}],"curies":[{"name":"wp","href":"https:\/\/api.w.org\/{rel}","templated":true}]}}