{"id":11697,"date":"2025-05-14T18:23:01","date_gmt":"2025-05-14T16:23:01","guid":{"rendered":"https:\/\/agora.xtec.cat\/inselstresturons\/?page_id=11697"},"modified":"2026-04-09T13:05:06","modified_gmt":"2026-04-09T11:05:06","slug":"preinscripcio-cfgs","status":"publish","type":"page","link":"https:\/\/agora.xtec.cat\/inselstresturons\/secretaria-2\/preinscripcio-i-matricula\/preinscripcio-cfgs\/","title":{"rendered":"Preinscripci\u00f3 CFGS"},"content":{"rendered":"<p><strong>PREINSCRIPCI\u00d3 CURS 2026-2027<\/strong><\/p>\n<p><strong>Presentaci\u00f3 de sol\u00b7licituds<\/strong>: del 26 de maig a l&#8217;1 de juny de 2026. Presentaci\u00f3 de la documentaci\u00f3 fins al dia 2 de juny.<\/p>\n<p dir=\"ltr\" data-smartmail=\"gmail_signature\">Presentaci\u00f3 de reclamacions: del 29 de juny al 2 de juliol.<\/p>\n<p dir=\"ltr\" data-smartmail=\"gmail_signature\">1a tanda d&#8217;assignacions. Publicaci\u00f3: 10 de juliol. Confirmaci\u00f3: del 10 al 14 de juliol. Telem\u00e0tica.<\/p>\n<p dir=\"ltr\" data-smartmail=\"gmail_signature\">2a tanda d&#8217;assignacions. Publicaci\u00f3: 24 de juliol. Confirmaci\u00f3: del 24 al 28 de juliol. Telem\u00e0tica.<\/p>\n<ul>\n<li>Enlla\u00e7 per fer la<a href=\"https:\/\/preinscripcio.gencat.cat\/ca\/estudis\/fp-grau-superior\/inici\/\">\u00a0preinscripci\u00f3<\/a><\/li>\n<li>Consulta l\u2019oferta de places al centre , tamb\u00e9 al <a href=\"http:\/\/mapaescolar.gencat.cat\/\">mapa escolar.<\/a><\/li>\n<li>Necessiteu fer una consulta al\u00a0<a href=\"https:\/\/www.whatsapp.com\/channel\/0029Vb4r4Ew84Om4VTV0dn3E\">canal de WhatsApp de preinscripci\u00f3 a FP<\/a>?<\/li>\n<li>Consulta la llista de sol\u00b7licituds que han demanat el centre i l&#8217;ensenyament en primera petici\u00f3 amb la puntuaci\u00f3 provisional<\/li>\n<li>Consulta la\u00a0llista de sol\u00b7licituds que han demanat el centre i l&#8217;ensenyament en primera petici\u00f3 amb la puntuaci\u00f3 resoltes les reclamacions<\/li>\n<\/ul>\n<p>&nbsp;<\/p>\n<p><strong><span data-teams=\"true\">Sobre el nou canal de WhatsApp Preinscripci\u00f3 FP:<\/span><\/strong><\/p>\n<p><span data-teams=\"true\">El Departament d\u2019Educaci\u00f3 i Formaci\u00f3 Professional \u00a0posa en marxa el canal de WhatsApp\u00a0<\/span><strong>Preinscripci\u00f3 FP\u00a0<\/strong><a href=\"https:\/\/whatsapp.com\/channel\/0029Vb4r4Ew84Om4VTV0dn3E\"><strong>gen.cat\/whatsappFPO\u200b<\/strong>.\u200b<\/a><\/p>\n<p><strong>Quina informaci\u00f3 s\u2019hi difondr\u00e0?<\/strong><\/p>\n<ul>\n<li>\u200bPublicaci\u00f3 de l\u2019oferta de places<\/li>\n<li>Inici i final\u00a0del per\u00edode de sol\u00b7licituds, amb enlla\u00e7 al formulari<\/li>\n<li>Recordatoris de requisits i vies d\u2019acc\u00e9s\u200b<\/li>\n<li>Publicaci\u00f3 de llistes provisionals i per\u00edodes de reclamaci\u00f3<\/li>\n<li>Assignacions de places i instruccions per confirmar-les i matricular-se<\/li>\n<li>Publicaci\u00f3 de vacants i com consultar-les<\/li>\n<li>Altres avisos rellevants del proc\u00e9s\u200b<\/li>\n<\/ul>\n<p><strong>Com us podeu subscriure al canal?<\/strong><\/p>\n<p>\u200bAccedint\u00a0al canal. Es pot\u00a0fer\u00a0de tres maneres:<\/p>\n<ol>\n<li>Entrant directament a l\u2019enlla\u00e7:\u00a0<a title=\"https:\/\/whatsapp.com\/channel\/0029vb4r4ew84om4vtv0dn3e\" href=\"https:\/\/whatsapp.com\/channel\/0029Vb4r4Ew84Om4VTV0dn3E\" target=\"_blank\" rel=\"noreferrer noopener\" aria-label=\"Enlla\u00e7 gen.cat\/whatsappFPO\"><strong>gen.cat\/whatsappFPO<\/strong><\/a><\/li>\n<li>Obrint WhatsApp, anant a la pestanya \u2018Actualitzacions\u2019 i, dins de \u2018<strong>Canals<\/strong>\u2019, buscant \u2018<strong>Preinscripci\u00f3FP<\/strong>\u2019.\u00a0 Aleshores cal seleccionar el canal i clicar el bot\u00f3 \u2018Segueix\u2019.<\/li>\n<li>O b\u00e9\u00a0<strong>escanejant\u00a0<\/strong><strong>aquest codi QR<\/strong>.<\/li>\n<\/ol>\n<p><img loading=\"lazy\" decoding=\"async\" class=\"aligncenter wp-image-11718\" src=\"https:\/\/agora.xtec.cat\/inselstresturons\/wp-content\/uploads\/usu1101\/2025\/05\/QR-preinscripcio-CF.jpg\" alt=\"\" width=\"105\" height=\"121\" srcset=\"https:\/\/agora.xtec.cat\/inselstresturons\/wp-content\/uploads\/usu1101\/2025\/05\/QR-preinscripcio-CF.jpg 370w, https:\/\/agora.xtec.cat\/inselstresturons\/wp-content\/uploads\/usu1101\/2025\/05\/QR-preinscripcio-CF-260x300.jpg 260w\" sizes=\"auto, (max-width: 105px) 100vw, 105px\" \/><img decoding=\"async\" src=\"https:\/\/espai.educacio.gencat.cat\/Alumnes\/PreinscripcioMatricula\/Preins-FP\/PublishingImages\" alt=\"\" \/>\u200b\u200b<\/p>\n<p>Si toqueu la\u00a0<strong>icona de la campana<\/strong>\u00a0se us activaran les notificacions i rebreu un av\u00eds cada vegada que publiquem un contingut al canal.<\/p>\n<p><span data-teams=\"true\"><strong>Caracter\u00edstiques del canal de WhatsApp\u200b Preinscripci\u00f3 FP<\/strong><br \/>\n<\/span><\/p>\n<ul>\n<li>Canal unidireccional:\u00a0els subscriptors no poden respondre ni reaccionar amb emojis.<\/li>\n<li>Llenguatge:\u00a0informaci\u00f3 clara, \u00e0gil i directa.\u200b<\/li>\n<li>Complementari:\u00a0no substitueix altres canals d\u2019informaci\u00f3 (web, xarxes socials, correu electr\u00f2nic, SMS).<\/li>\n<li>Temporal:\u00a0estar\u00e0 actiu nom\u00e9s durant el per\u00edode de preinscripci\u00f3, de mitjans de maig a principis de setembre de 2025.<\/li>\n<li>Privacitat:\u00a0no es tracten dades personals, excepte les imprescindibles per accedir al canal.<\/li>\n<li>Transpar\u00e8ncia:\u00a0el\u00a0primer missatge explicar\u00e0 l\u2019objectiu i funcionament del canal; l\u2019\u00faltim, informar\u00e0 del seu tancament.\u200b<\/li>\n<\/ul>\n<p><strong>Per qu\u00e8 s\u2019ha obert aquest canal?<\/strong><\/p>\n<p><span data-teams=\"true\">El\u00a0<a href=\"https:\/\/preinscripcio.gencat.cat\/ca\/detalls\/noticia\/20250514-whatsapp-preinscripciofp\">canal de WhatsApp\u200b<\/a>\u00a0vol ser una eina complement\u00e0ria per garantir que la informaci\u00f3 essencial arriba a tothom.\u00a0El volum de sol\u00b7licituds als cicles d\u2019FP ha crescut de manera sostinguda els darrers anys. Una part significativa de l\u2019alumnat declara no haver vist a temps els missatges o haver tingut dificultats per seguir el procediment, la qual cosa pot derivar en l\u2019exclusi\u00f3 del proc\u00e9s o en la p\u00e8rdua de la pla\u00e7a assignada. L\u2019\u00fas est\u00e8s d\u2019aquest canal entre els joves pot ser un factor clau perqu\u00e8 els nois i noies rebin la informaci\u00f3 en termini.<\/span><\/p>\n","protected":false},"excerpt":{"rendered":"<p>PREINSCRIPCI\u00d3 CURS 2026-2027<br \/>\nPresentaci\u00f3 de sol\u00b7licituds: del 26 de maig a l&#8217;1 de juny de 2026. Presentaci\u00f3 de la documentaci\u00f3 fins al dia 2 de juny.<br \/>\nPresentaci\u00f3 de reclamacions: del 29 de juny al 2 de juliol.<br \/>\n1a tanda d&#8217;assignacions. Publicaci\u00f3: 10 de juliol. Confirmaci\u00f3: del 10 al&hellip;  <a href=\"https:\/\/agora.xtec.cat\/inselstresturons\/secretaria-2\/preinscripcio-i-matricula\/preinscripcio-cfgs\/\" title=\"Read Preinscripci\u00f3 CFGS\">Llegeix m\u00e9s\u00bb<\/a><\/p>\n","protected":false},"author":1,"featured_media":0,"parent":499,"menu_order":4,"comment_status":"closed","ping_status":"closed","template":"page-templates\/side-menu.php","meta":{"_bbp_topic_count":0,"_bbp_reply_count":0,"_bbp_total_topic_count":0,"_bbp_total_reply_count":0,"_bbp_voice_count":0,"_bbp_anonymous_reply_count":0,"_bbp_topic_count_hidden":0,"_bbp_reply_count_hidden":0,"_bbp_forum_subforum_count":0,"footnotes":""},"class_list":["post-11697","page","type-page","status-publish","hentry"],"post_mailing_queue_ids":[],"_links":{"self":[{"href":"https:\/\/agora.xtec.cat\/inselstresturons\/wp-json\/wp\/v2\/pages\/11697","targetHints":{"allow":["GET"]}}],"collection":[{"href":"https:\/\/agora.xtec.cat\/inselstresturons\/wp-json\/wp\/v2\/pages"}],"about":[{"href":"https:\/\/agora.xtec.cat\/inselstresturons\/wp-json\/wp\/v2\/types\/page"}],"author":[{"embeddable":true,"href":"https:\/\/agora.xtec.cat\/inselstresturons\/wp-json\/wp\/v2\/users\/1"}],"replies":[{"embeddable":true,"href":"https:\/\/agora.xtec.cat\/inselstresturons\/wp-json\/wp\/v2\/comments?post=11697"}],"version-history":[{"count":6,"href":"https:\/\/agora.xtec.cat\/inselstresturons\/wp-json\/wp\/v2\/pages\/11697\/revisions"}],"predecessor-version":[{"id":12690,"href":"https:\/\/agora.xtec.cat\/inselstresturons\/wp-json\/wp\/v2\/pages\/11697\/revisions\/12690"}],"up":[{"embeddable":true,"href":"https:\/\/agora.xtec.cat\/inselstresturons\/wp-json\/wp\/v2\/pages\/499"}],"wp:attachment":[{"href":"https:\/\/agora.xtec.cat\/inselstresturons\/wp-json\/wp\/v2\/media?parent=11697"}],"curies":[{"name":"wp","href":"https:\/\/api.w.org\/{rel}","templated":true}]}}