{"id":11110,"date":"2024-10-30T19:14:47","date_gmt":"2024-10-30T18:14:47","guid":{"rendered":"https:\/\/agora.xtec.cat\/inselstresturons\/?page_id=11110"},"modified":"2025-10-07T08:29:15","modified_gmt":"2025-10-07T06:29:15","slug":"material-escolar-i-activitats","status":"publish","type":"page","link":"https:\/\/agora.xtec.cat\/inselstresturons\/secretaria-2\/beques-i-ajuts\/material-escolar-i-activitats\/","title":{"rendered":"Material escolar i activitats"},"content":{"rendered":"<h4><span style=\"font-size: 1.4375em;\">Ajuts per material escolar i activitats educatives 2025-2026<\/span><\/h4>\n<ul>\n<li>Termini: de l&#8217;1 al 10 d&#8217;octubre<\/li>\n<\/ul>\n<p><span style=\"font-family: inherit; font-size: 1em;\">Documents:<\/span><\/p>\n<ul style=\"list-style-type: circle;\">\n<li><a href=\"https:\/\/agora.xtec.cat\/inselstresturons\/wp-content\/uploads\/usu1101\/2025\/09\/Full-informatiu-Subvencions-escolars-2025-26.pdf\">Full informatiu<\/a><\/li>\n<li><a href=\"https:\/\/agora.xtec.cat\/inselstresturons\/wp-content\/uploads\/usu1101\/2025\/09\/Convocatoria-CAT-subvencions-escolars-2025_26_.pdf\">Convocat\u00f2ria<\/a><\/li>\n<li><a href=\"https:\/\/agora.xtec.cat\/inselstresturons\/wp-content\/uploads\/usu1101\/2025\/09\/01Model-sollicitud-2025_2026.docx\">Model de sol\u00b7licitud<\/a><\/li>\n<li><a href=\"https:\/\/agora.xtec.cat\/inselstresturons\/wp-content\/uploads\/usu1101\/2025\/09\/02-Declaracio-responsable-ingressos.docx\">Declaraci\u00f3 responsable ingressos<\/a><\/li>\n<li><a href=\"https:\/\/agora.xtec.cat\/inselstresturons\/wp-content\/uploads\/usu1101\/2025\/09\/03-autoritzacio-dades-bancaries.pdf\">Autoritzaci\u00f3 dades banc\u00e0ries<\/a><\/li>\n<li><a href=\"https:\/\/agora.xtec.cat\/inselstresturons\/wp-content\/uploads\/usu1101\/2025\/09\/04Justificant-de-lliurament-de-recursos-escolars-per-part-dels-centres-escolars.docx\">Justificant de lliurament de recursos per part del centre<\/a><\/li>\n<\/ul>\n<ul>\n<li>Destinataris: adolescents empadronats a Arenys de Mar, matriculats en ensenyaments d&#8217;educaci\u00f3 de segon cicle d&#8217;educaci\u00f3 infantil, prim\u00e0ria i secund\u00e0ria obligat\u00f2ria.<\/li>\n<li>Lloc: telem\u00e0ticament a la <a href=\"https:\/\/arenysdemar.eadministracio.cat\/info.0\">seu electr\u00f2nica municipal<\/a> o b\u00e9 presencialment a l&#8217;OAC de l\u2019Ajuntament.<\/li>\n<\/ul>\n<p>A tenir en compte:<\/p>\n<ol>\n<li>En queden exclosos els alumnes que reben ajuts del Departament d\u2019Ensenyament com la motxilla pedag\u00f2gica.<\/li>\n<li>Els sol\u00b7licitants han de presentar la justificaci\u00f3 en el moment de la sol\u00b7licitud.<\/li>\n<li>S\u2019atorga un \u00fanic import a justificar amb qualsevol dels conceptes subvencionats (llibres, material, activitats educatives complement\u00e0ries (incloses sortides i col\u00f2nies, sempre que formin part del curr\u00edculum escolar).<\/li>\n<\/ol>\n","protected":false},"excerpt":{"rendered":"<p>Ajuts per material escolar i activitats educatives 2025-2026<\/p>\n<ul>\n<li>Termini: de l&#8217;1 al 10 d&#8217;octubre<\/li>\n<\/ul>\n<p>Documents:<\/p>\n<ul style=\"list-style-type: circle;\">\n<li><a href=\"https:\/\/agora.xtec.cat\/inselstresturons\/wp-content\/uploads\/usu1101\/2025\/09\/Full-informatiu-Subvencions-escolars-2025-26.pdf\">Full informatiu<\/a><\/li>\n<li><a href=\"https:\/\/agora.xtec.cat\/inselstresturons\/wp-content\/uploads\/usu1101\/2025\/09\/Convocatoria-CAT-subvencions-escolars-2025_26_.pdf\">Convocat\u00f2ria<\/a><\/li>\n<li><a href=\"https:\/\/agora.xtec.cat\/inselstresturons\/wp-content\/uploads\/usu1101\/2025\/09\/01Model-sollicitud-2025_2026.docx\">Model de sol\u00b7licitud<\/a><\/li>\n<li><a href=\"https:\/\/agora.xtec.cat\/inselstresturons\/wp-content\/uploads\/usu1101\/2025\/09\/02-Declaracio-responsable-ingressos.docx\">Declaraci\u00f3 responsable ingressos<\/a><\/li>\n<li><a href=\"https:\/\/agora.xtec.cat\/inselstresturons\/wp-content\/uploads\/usu1101\/2025\/09\/03-autoritzacio-dades-bancaries.pdf\">Autoritzaci\u00f3 dades banc\u00e0ries<\/a><\/li>\n<li><a href=\"https:\/\/agora.xtec.cat\/inselstresturons\/wp-content\/uploads\/usu1101\/2025\/09\/04Justificant-de-lliurament-de-recursos-escolars-per-part-dels-centres-escolars.docx\">Justificant de lliurament de recursos per part del centre<\/a><\/li>\n<\/ul>\n<ul>\n<li>Destinataris: adolescents empadronats a Arenys de Mar, matriculats en ensenyaments&hellip;  <a href=\"https:\/\/agora.xtec.cat\/inselstresturons\/secretaria-2\/beques-i-ajuts\/material-escolar-i-activitats\/\" title=\"Read Material escolar i activitats\">Llegeix m\u00e9s\u00bb<\/a><br \/>\n","protected":false},"author":1,"featured_media":0,"parent":5272,"menu_order":2,"comment_status":"closed","ping_status":"closed","template":"page-templates\/side-menu.php","meta":{"_bbp_topic_count":0,"_bbp_reply_count":0,"_bbp_total_topic_count":0,"_bbp_total_reply_count":0,"_bbp_voice_count":0,"_bbp_anonymous_reply_count":0,"_bbp_topic_count_hidden":0,"_bbp_reply_count_hidden":0,"_bbp_forum_subforum_count":0,"footnotes":""},"class_list":["post-11110","page","type-page","status-publish","hentry"],"post_mailing_queue_ids":[],"_links":{"self":[{"href":"https:\/\/agora.xtec.cat\/inselstresturons\/wp-json\/wp\/v2\/pages\/11110","targetHints":{"allow":["GET"]}}],"collection":[{"href":"https:\/\/agora.xtec.cat\/inselstresturons\/wp-json\/wp\/v2\/pages"}],"about":[{"href":"https:\/\/agora.xtec.cat\/inselstresturons\/wp-json\/wp\/v2\/types\/page"}],"author":[{"embeddable":true,"href":"https:\/\/agora.xtec.cat\/inselstresturons\/wp-json\/wp\/v2\/users\/1"}],"replies":[{"embeddable":true,"href":"https:\/\/agora.xtec.cat\/inselstresturons\/wp-json\/wp\/v2\/comments?post=11110"}],"version-history":[{"count":6,"href":"https:\/\/agora.xtec.cat\/inselstresturons\/wp-json\/wp\/v2\/pages\/11110\/revisions"}],"predecessor-version":[{"id":12072,"href":"https:\/\/agora.xtec.cat\/inselstresturons\/wp-json\/wp\/v2\/pages\/11110\/revisions\/12072"}],"up":[{"embeddable":true,"href":"https:\/\/agora.xtec.cat\/inselstresturons\/wp-json\/wp\/v2\/pages\/5272"}],"wp:attachment":[{"href":"https:\/\/agora.xtec.cat\/inselstresturons\/wp-json\/wp\/v2\/media?parent=11110"}],"curies":[{"name":"wp","href":"https:\/\/api.w.org\/{rel}","templated":true}]}}