{"id":11057,"date":"2024-10-25T18:54:53","date_gmt":"2024-10-25T16:54:53","guid":{"rendered":"https:\/\/agora.xtec.cat\/inselstresturons\/?page_id=11057"},"modified":"2024-10-25T18:59:08","modified_gmt":"2024-10-25T16:59:08","slug":"aula-oberta","status":"publish","type":"page","link":"https:\/\/agora.xtec.cat\/inselstresturons\/projecte-educatiu\/atencio-a-la-diversitat-2\/aula-oberta\/","title":{"rendered":"Aula Oberta"},"content":{"rendered":"<p><span class=\"gmail_default\">Es tracta d<span style=\"color: #000000;\">&#8216;una opci\u00f3 per alumnat de 3r i 4t d&#8217;ESO que requereix un curr\u00edculum diversificat i que treballa l&#8217;assoliment de les compet\u00e8ncies a nivell d&#8217;\u00e0mbits, combinant l&#8217;aprenentatge a l&#8217;aula amb tasques laborals a diferents entitats de l&#8217;entorn.<\/span><\/span><\/p>\n","protected":false},"excerpt":{"rendered":"<p>Es tracta d&#8216;una opci\u00f3 per alumnat de 3r i 4t d&#8217;ESO que requereix un curr\u00edculum diversificat i que treballa l&#8217;assoliment de les compet\u00e8ncies a nivell d&#8217;\u00e0mbits, combinant l&#8217;aprenentatge a l&#8217;aula amb tasques laborals a diferents entitats de l&#8217;entorn.<\/p>\n","protected":false},"author":1,"featured_media":0,"parent":782,"menu_order":2,"comment_status":"closed","ping_status":"closed","template":"page-templates\/side-menu.php","meta":{"_bbp_topic_count":0,"_bbp_reply_count":0,"_bbp_total_topic_count":0,"_bbp_total_reply_count":0,"_bbp_voice_count":0,"_bbp_anonymous_reply_count":0,"_bbp_topic_count_hidden":0,"_bbp_reply_count_hidden":0,"_bbp_forum_subforum_count":0,"footnotes":""},"class_list":["post-11057","page","type-page","status-publish","hentry"],"post_mailing_queue_ids":[],"_links":{"self":[{"href":"https:\/\/agora.xtec.cat\/inselstresturons\/wp-json\/wp\/v2\/pages\/11057","targetHints":{"allow":["GET"]}}],"collection":[{"href":"https:\/\/agora.xtec.cat\/inselstresturons\/wp-json\/wp\/v2\/pages"}],"about":[{"href":"https:\/\/agora.xtec.cat\/inselstresturons\/wp-json\/wp\/v2\/types\/page"}],"author":[{"embeddable":true,"href":"https:\/\/agora.xtec.cat\/inselstresturons\/wp-json\/wp\/v2\/users\/1"}],"replies":[{"embeddable":true,"href":"https:\/\/agora.xtec.cat\/inselstresturons\/wp-json\/wp\/v2\/comments?post=11057"}],"version-history":[{"count":1,"href":"https:\/\/agora.xtec.cat\/inselstresturons\/wp-json\/wp\/v2\/pages\/11057\/revisions"}],"predecessor-version":[{"id":11061,"href":"https:\/\/agora.xtec.cat\/inselstresturons\/wp-json\/wp\/v2\/pages\/11057\/revisions\/11061"}],"up":[{"embeddable":true,"href":"https:\/\/agora.xtec.cat\/inselstresturons\/wp-json\/wp\/v2\/pages\/782"}],"wp:attachment":[{"href":"https:\/\/agora.xtec.cat\/inselstresturons\/wp-json\/wp\/v2\/media?parent=11057"}],"curies":[{"name":"wp","href":"https:\/\/api.w.org\/{rel}","templated":true}]}}