{"id":10979,"date":"2024-10-08T20:38:46","date_gmt":"2024-10-08T18:38:46","guid":{"rendered":"https:\/\/agora.xtec.cat\/inselstresturons\/?page_id=10979"},"modified":"2024-10-08T20:45:42","modified_gmt":"2024-10-08T18:45:42","slug":"un-passeig-pel-segle-xx","status":"publish","type":"page","link":"https:\/\/agora.xtec.cat\/inselstresturons\/projecte-educatiu\/projecte-de-recerca\/un-passeig-pel-segle-xx\/","title":{"rendered":"Un passeig pel segle XX"},"content":{"rendered":"<p>L\u2019alumnat de 4t treballa tres projectes trimestrals en una franja de dues hores setmanals. Hi ha quatre mat\u00e8ries implicades: Ci\u00e8ncies socials, Biologia i Geologia,\u00a0Llengua catalana i Tecnologia.<\/p>\n<p>Es realitzen tasques individuals i en grup, de manera que es treballa cooperativament i l\u2019alumnat es fa responsable del seu aprenentatge i tamb\u00e9 de l\u2019evoluci\u00f3 grupal. La feina t\u00e9 com a eix vertebrador les compet\u00e8ncies b\u00e0siques.<\/p>\n<p>El primer projecte d\u2019enguany se centra en el Modernisme. L\u2019objectiu \u00e9s con\u00e8ixer les caracter\u00edstiques principals i els artistes importants del moviment, tant a nivell te\u00f2ric com a la pr\u00e0ctica. Es fan diverses sortides per observar el modernisme que tenim a la vora; tamb\u00e9 es crea i s\u2019elabora un trencad\u00eds al pati. El producte final \u00e9s una revista d\u2019estil modernista que recull tots els continguts treballats en forma d\u2019entrevista, not\u00edcia, etc.<\/p>\n<p>El segon projecte t\u00e9 com a eix vertebrador la Guerra civil. Es pret\u00e9n prendre consci\u00e8ncia del nostre passat recent, contextualitzant el per\u00edode hist\u00f2ric i veient qu\u00e8 hi va passar, tant a nivell pol\u00edtic com en temes de salut i recerca de desapareguts. Entre d\u2019altres activitats, es realitza una pr\u00e0ctica d\u2019ADN, es visiten els b\u00fanquers d\u2019Arenys i es fa una xerrada referent a la Maternitat d\u2019Elna.<\/p>\n<p>Al tercer trimestre el projecte est\u00e0 centrat en el franquisme. L\u2019objectiu \u00e9s con\u00e8ixer quines eren les circumst\u00e0ncies de vida, concretament fent recerca d\u2019experi\u00e8ncies familiars personals, i com va anar evolucionant fins arribar a la democr\u00e0cia des de punts de vista molt diversos: l\u2019alimentaci\u00f3, les relacions socials, el joc, l\u2019educaci\u00f3, i un llarg etc\u00e8tera.<\/p>\n<p><img loading=\"lazy\" decoding=\"async\" class=\"aligncenter size-full wp-image-10197\" src=\"https:\/\/agora.xtec.cat\/inselstresturons\/wp-content\/uploads\/usu1101\/2024\/02\/portada-1.jpg\" alt=\"\" width=\"402\" height=\"638\" srcset=\"https:\/\/agora.xtec.cat\/inselstresturons\/wp-content\/uploads\/usu1101\/2024\/02\/portada-1.jpg 402w, https:\/\/agora.xtec.cat\/inselstresturons\/wp-content\/uploads\/usu1101\/2024\/02\/portada-1-189x300.jpg 189w\" sizes=\"auto, (max-width: 402px) 100vw, 402px\" \/><\/p>\n<p><img loading=\"lazy\" decoding=\"async\" class=\"aligncenter wp-image-10198\" src=\"https:\/\/agora.xtec.cat\/inselstresturons\/wp-content\/uploads\/usu1101\/2024\/02\/portada-2.jpg\" alt=\"\" width=\"398\" height=\"533\" srcset=\"https:\/\/agora.xtec.cat\/inselstresturons\/wp-content\/uploads\/usu1101\/2024\/02\/portada-2.jpg 704w, https:\/\/agora.xtec.cat\/inselstresturons\/wp-content\/uploads\/usu1101\/2024\/02\/portada-2-224x300.jpg 224w\" sizes=\"auto, (max-width: 398px) 100vw, 398px\" \/><\/p>\n","protected":false},"excerpt":{"rendered":"<p>L\u2019alumnat de 4t treballa tres projectes trimestrals en una franja de dues hores setmanals. Hi ha quatre mat\u00e8ries implicades: Ci\u00e8ncies socials, Biologia i Geologia,\u00a0Llengua catalana i Tecnologia.<br \/>\nEs realitzen tasques individuals i en grup, de manera que es treballa cooperativament i l\u2019alumnat es fa responsable del&hellip;  <a href=\"https:\/\/agora.xtec.cat\/inselstresturons\/projecte-educatiu\/projecte-de-recerca\/un-passeig-pel-segle-xx\/\" title=\"Read Un passeig pel segle XX\">Llegeix m\u00e9s\u00bb<\/a><\/p>\n","protected":false},"author":1,"featured_media":0,"parent":6517,"menu_order":5,"comment_status":"closed","ping_status":"closed","template":"page-templates\/side-menu.php","meta":{"_bbp_topic_count":0,"_bbp_reply_count":0,"_bbp_total_topic_count":0,"_bbp_total_reply_count":0,"_bbp_voice_count":0,"_bbp_anonymous_reply_count":0,"_bbp_topic_count_hidden":0,"_bbp_reply_count_hidden":0,"_bbp_forum_subforum_count":0,"footnotes":""},"class_list":["post-10979","page","type-page","status-publish","hentry"],"post_mailing_queue_ids":[],"_links":{"self":[{"href":"https:\/\/agora.xtec.cat\/inselstresturons\/wp-json\/wp\/v2\/pages\/10979","targetHints":{"allow":["GET"]}}],"collection":[{"href":"https:\/\/agora.xtec.cat\/inselstresturons\/wp-json\/wp\/v2\/pages"}],"about":[{"href":"https:\/\/agora.xtec.cat\/inselstresturons\/wp-json\/wp\/v2\/types\/page"}],"author":[{"embeddable":true,"href":"https:\/\/agora.xtec.cat\/inselstresturons\/wp-json\/wp\/v2\/users\/1"}],"replies":[{"embeddable":true,"href":"https:\/\/agora.xtec.cat\/inselstresturons\/wp-json\/wp\/v2\/comments?post=10979"}],"version-history":[{"count":1,"href":"https:\/\/agora.xtec.cat\/inselstresturons\/wp-json\/wp\/v2\/pages\/10979\/revisions"}],"predecessor-version":[{"id":10980,"href":"https:\/\/agora.xtec.cat\/inselstresturons\/wp-json\/wp\/v2\/pages\/10979\/revisions\/10980"}],"up":[{"embeddable":true,"href":"https:\/\/agora.xtec.cat\/inselstresturons\/wp-json\/wp\/v2\/pages\/6517"}],"wp:attachment":[{"href":"https:\/\/agora.xtec.cat\/inselstresturons\/wp-json\/wp\/v2\/media?parent=10979"}],"curies":[{"name":"wp","href":"https:\/\/api.w.org\/{rel}","templated":true}]}}