{"id":10976,"date":"2024-10-08T20:35:51","date_gmt":"2024-10-08T18:35:51","guid":{"rendered":"https:\/\/agora.xtec.cat\/inselstresturons\/?page_id=10976"},"modified":"2024-10-23T06:02:51","modified_gmt":"2024-10-23T04:02:51","slug":"hagamos-microteatro","status":"publish","type":"page","link":"https:\/\/agora.xtec.cat\/inselstresturons\/projecte-educatiu\/projecte-de-recerca\/hagamos-microteatro\/","title":{"rendered":"\u00a1Hagamos microteatro!"},"content":{"rendered":"<p>\u00c9s un projecte que pret\u00e9n apropar el g\u00e8nere teatral i altres aspectes relacionats amb la representaci\u00f3 i escenificaci\u00f3 de l\u2019obra dram\u00e0tica a l\u2019alumnat de 2n d\u2019ESO. Aquesta aproximaci\u00f3 es realitza mitjan\u00e7ant l\u2019adquisici\u00f3 de destreses relacionades amb les mat\u00e8ries de Llengua i literatura castellana, Matem\u00e0tiques, M\u00fasica i Franc\u00e8s.<\/p>\n<p>Aix\u00ed doncs, es tracta d\u2019un projecte multidisciplinari que t\u00e9 com a objectiu la participaci\u00f3 de l\u2019alumnat en la creaci\u00f3, planificaci\u00f3, representaci\u00f3, gravaci\u00f3 i edici\u00f3 d\u2019una obra de teatre original.<\/p>\n<p>Durant un trimestre, l\u2019alumnat haur\u00e0 de superar les diferents fases del projecte treballant en grups cooperatius, assumint la responsabilitat del seu aprenentatge i col\u00b7laborant en el bon funcionament grupal.<\/p>\n<p><img loading=\"lazy\" decoding=\"async\" class=\"aligncenter size-full wp-image-11014\" src=\"https:\/\/agora.xtec.cat\/inselstresturons\/wp-content\/uploads\/usu1101\/2024\/10\/microteatre-1.jpg\" alt=\"\" width=\"460\" height=\"333\" srcset=\"https:\/\/agora.xtec.cat\/inselstresturons\/wp-content\/uploads\/usu1101\/2024\/10\/microteatre-1.jpg 460w, https:\/\/agora.xtec.cat\/inselstresturons\/wp-content\/uploads\/usu1101\/2024\/10\/microteatre-1-300x217.jpg 300w\" sizes=\"auto, (max-width: 460px) 100vw, 460px\" \/><\/p>\n<p><img loading=\"lazy\" decoding=\"async\" class=\"aligncenter  wp-image-11015\" src=\"https:\/\/agora.xtec.cat\/inselstresturons\/wp-content\/uploads\/usu1101\/2024\/10\/microteatre-3.jpg\" alt=\"\" width=\"455\" height=\"293\" srcset=\"https:\/\/agora.xtec.cat\/inselstresturons\/wp-content\/uploads\/usu1101\/2024\/10\/microteatre-3.jpg 625w, https:\/\/agora.xtec.cat\/inselstresturons\/wp-content\/uploads\/usu1101\/2024\/10\/microteatre-3-300x193.jpg 300w\" sizes=\"auto, (max-width: 455px) 100vw, 455px\" \/><\/p>\n<p><img loading=\"lazy\" decoding=\"async\" class=\"aligncenter  wp-image-11016\" src=\"https:\/\/agora.xtec.cat\/inselstresturons\/wp-content\/uploads\/usu1101\/2024\/10\/microteatre-2.jpg\" alt=\"\" width=\"451\" height=\"464\" srcset=\"https:\/\/agora.xtec.cat\/inselstresturons\/wp-content\/uploads\/usu1101\/2024\/10\/microteatre-2.jpg 343w, https:\/\/agora.xtec.cat\/inselstresturons\/wp-content\/uploads\/usu1101\/2024\/10\/microteatre-2-292x300.jpg 292w\" sizes=\"auto, (max-width: 451px) 100vw, 451px\" \/><\/p>\n","protected":false},"excerpt":{"rendered":"<p>\u00c9s un projecte que pret\u00e9n apropar el g\u00e8nere teatral i altres aspectes relacionats amb la representaci\u00f3 i escenificaci\u00f3 de l\u2019obra dram\u00e0tica a l\u2019alumnat de 2n d\u2019ESO. Aquesta aproximaci\u00f3 es realitza mitjan\u00e7ant l\u2019adquisici\u00f3 de destreses relacionades amb les mat\u00e8ries de Llengua i literatura castellana, Matem\u00e0tiques, M\u00fasica&hellip;  <a href=\"https:\/\/agora.xtec.cat\/inselstresturons\/projecte-educatiu\/projecte-de-recerca\/hagamos-microteatro\/\" title=\"Read \u00a1Hagamos microteatro!\">Llegeix m\u00e9s\u00bb<\/a><\/p>\n","protected":false},"author":1,"featured_media":0,"parent":6517,"menu_order":3,"comment_status":"closed","ping_status":"closed","template":"page-templates\/side-menu.php","meta":{"_bbp_topic_count":0,"_bbp_reply_count":0,"_bbp_total_topic_count":0,"_bbp_total_reply_count":0,"_bbp_voice_count":0,"_bbp_anonymous_reply_count":0,"_bbp_topic_count_hidden":0,"_bbp_reply_count_hidden":0,"_bbp_forum_subforum_count":0,"footnotes":""},"class_list":["post-10976","page","type-page","status-publish","hentry"],"post_mailing_queue_ids":[],"_links":{"self":[{"href":"https:\/\/agora.xtec.cat\/inselstresturons\/wp-json\/wp\/v2\/pages\/10976","targetHints":{"allow":["GET"]}}],"collection":[{"href":"https:\/\/agora.xtec.cat\/inselstresturons\/wp-json\/wp\/v2\/pages"}],"about":[{"href":"https:\/\/agora.xtec.cat\/inselstresturons\/wp-json\/wp\/v2\/types\/page"}],"author":[{"embeddable":true,"href":"https:\/\/agora.xtec.cat\/inselstresturons\/wp-json\/wp\/v2\/users\/1"}],"replies":[{"embeddable":true,"href":"https:\/\/agora.xtec.cat\/inselstresturons\/wp-json\/wp\/v2\/comments?post=10976"}],"version-history":[{"count":2,"href":"https:\/\/agora.xtec.cat\/inselstresturons\/wp-json\/wp\/v2\/pages\/10976\/revisions"}],"predecessor-version":[{"id":11017,"href":"https:\/\/agora.xtec.cat\/inselstresturons\/wp-json\/wp\/v2\/pages\/10976\/revisions\/11017"}],"up":[{"embeddable":true,"href":"https:\/\/agora.xtec.cat\/inselstresturons\/wp-json\/wp\/v2\/pages\/6517"}],"wp:attachment":[{"href":"https:\/\/agora.xtec.cat\/inselstresturons\/wp-json\/wp\/v2\/media?parent=10976"}],"curies":[{"name":"wp","href":"https:\/\/api.w.org\/{rel}","templated":true}]}}