{"id":39,"date":"2014-09-17T16:36:44","date_gmt":"2014-09-17T16:36:44","guid":{"rendered":"http:\/\/agora.xtec.cat\/inselprat\/?page_id=39"},"modified":"2021-03-07T09:22:43","modified_gmt":"2021-03-07T08:22:43","slug":"instal%c2%b7lacions","status":"publish","type":"page","link":"https:\/\/agora.xtec.cat\/inselprat\/linstitut\/instal%c2%b7lacions\/","title":{"rendered":"Instal\u00b7lacions"},"content":{"rendered":"<p><span style=\"font-weight: 400;\">Centre de nova creaci\u00f3 de titularitat p\u00fablica, del Departament d\u2019Educaci\u00f3 de la Generalitat de Catalunya, situat a la zona sud del parc Fondo d\u2019en Peixo al l\u00edmit que forma el canal dret amb el nucli antic de la poblaci\u00f3.\u00a0<\/span><\/p>\n<p><span style=\"font-weight: 400;\">L&#8217;institut, tot i la seva remodelaci\u00f3, conserva l\u2019estructura original i principal de l\u2019escola; s\u2019hi accedeix, per\u00f2, per la fa\u00e7ana nord i una escala central divideix en dos el cos rectangular de l\u2019edifici.\u00a0\u00a0<\/span><\/p>\n<p><span style=\"font-weight: 400;\">Compta a la planta de dalt amb\u00a0 vuit aules ordin\u00e0ries , m\u00e9s dues aules de desdoblament i les aules espec\u00edfiques de Laboratori de Ci\u00e8ncies Experimentals i Taller de Tecnologia.\u00a0<\/span><\/p>\n<p><span style=\"font-weight: 400;\">A la planta baixa s\u2019ubiquen, a l\u2019ala que d\u00f3na al carrer Pened\u00e8s, una aula complement\u00e0ria, una aula de M\u00fasica i Audiovisuals, i una aula d\u2019Educaci\u00f3 Visual i Pl\u00e0stica. En aquest mateix costat tamb\u00e9 s\u2019hi troba la cantina amb 90 places i una cuina preparada per servir en format c\u00e0tering. A l\u2019ala que toca l\u2019Avinguda del Canal s\u2019hi troben la secretaria, els despatxos de direcci\u00f3 i els departaments; tamb\u00e9 hi trobem un ampli espai dedicat a biblioteca i una sala per a l\u2019AFA, ambdues amb acc\u00e9s independent des de l\u2019exterior.\u00a0<\/span><\/p>\n<p><span style=\"font-weight: 400;\">Tot el centre es troba transformat pel que fa a les connexions i disposa d\u2019antenes wifi distribu\u00efdes per\u00a0 l\u2019edifici. El pati s\u2019est\u00e9n on antigament hi havia l\u2019acc\u00e9s a l\u2019escola; s\u2019ha retallat la seva grand\u00e0ria, deixant fora del recinte del centre la masia on abans s\u2019ubicava l\u2019etapa de preescolar de l\u2019escola. Dos grans eucaliptus marquen els l\u00edmits del nou pati.<\/span><\/p>\n<p>Si voleu con\u00e8ixer una mica m\u00e9s les nostres instal\u00b7lacions podeu fer una vista a la nostra <a href=\"https:\/\/roundme.com\/tour\/678524\/view\/2150664\/\" target=\"_blank\" rel=\"noopener noreferrer\">PASSEJADA VIRTUAL<\/a>.<\/p>\n<p><a href=\"https:\/\/agora.xtec.cat\/inselprat\/wp-content\/uploads\/usu1275\/2021\/03\/planol-web.jpg\"><img loading=\"lazy\" decoding=\"async\" class=\"aligncenter size-medium wp-image-868\" src=\"https:\/\/agora.xtec.cat\/inselprat\/wp-content\/uploads\/usu1275\/2021\/03\/planol-web-300x176.jpg\" alt=\"\" width=\"300\" height=\"176\" srcset=\"https:\/\/agora.xtec.cat\/inselprat\/wp-content\/uploads\/usu1275\/2021\/03\/planol-web-300x176.jpg 300w, https:\/\/agora.xtec.cat\/inselprat\/wp-content\/uploads\/usu1275\/2021\/03\/planol-web-768x449.jpg 768w, https:\/\/agora.xtec.cat\/inselprat\/wp-content\/uploads\/usu1275\/2021\/03\/planol-web-1024x599.jpg 1024w\" sizes=\"auto, (max-width: 300px) 100vw, 300px\" \/><\/a><\/p>\n","protected":false},"excerpt":{"rendered":"<p>Centre de nova creaci\u00f3 de titularitat p\u00fablica, del Departament d\u2019Educaci\u00f3 de la Generalitat de Catalunya, situat a la zona sud del parc Fondo d\u2019en Peixo al l\u00edmit que forma el canal dret amb el nucli antic de la poblaci\u00f3.\u00a0<br \/>\nL&#8217;institut, tot i la seva remodelaci\u00f3, conserva&hellip;  <a href=\"https:\/\/agora.xtec.cat\/inselprat\/linstitut\/instal%c2%b7lacions\/\" title=\"Read Instal\u00b7lacions\">Llegeix m\u00e9s\u00bb<\/a><\/p>\n","protected":false},"author":1,"featured_media":0,"parent":19,"menu_order":30,"comment_status":"closed","ping_status":"closed","template":"page-templates\/side-menu.php","meta":{"_bbp_topic_count":0,"_bbp_reply_count":0,"_bbp_total_topic_count":0,"_bbp_total_reply_count":0,"_bbp_voice_count":0,"_bbp_anonymous_reply_count":0,"_bbp_topic_count_hidden":0,"_bbp_reply_count_hidden":0,"_bbp_forum_subforum_count":0,"footnotes":""},"class_list":["post-39","page","type-page","status-publish","hentry"],"post_mailing_queue_ids":[],"_links":{"self":[{"href":"https:\/\/agora.xtec.cat\/inselprat\/wp-json\/wp\/v2\/pages\/39","targetHints":{"allow":["GET"]}}],"collection":[{"href":"https:\/\/agora.xtec.cat\/inselprat\/wp-json\/wp\/v2\/pages"}],"about":[{"href":"https:\/\/agora.xtec.cat\/inselprat\/wp-json\/wp\/v2\/types\/page"}],"author":[{"embeddable":true,"href":"https:\/\/agora.xtec.cat\/inselprat\/wp-json\/wp\/v2\/users\/1"}],"replies":[{"embeddable":true,"href":"https:\/\/agora.xtec.cat\/inselprat\/wp-json\/wp\/v2\/comments?post=39"}],"version-history":[{"count":3,"href":"https:\/\/agora.xtec.cat\/inselprat\/wp-json\/wp\/v2\/pages\/39\/revisions"}],"predecessor-version":[{"id":869,"href":"https:\/\/agora.xtec.cat\/inselprat\/wp-json\/wp\/v2\/pages\/39\/revisions\/869"}],"up":[{"embeddable":true,"href":"https:\/\/agora.xtec.cat\/inselprat\/wp-json\/wp\/v2\/pages\/19"}],"wp:attachment":[{"href":"https:\/\/agora.xtec.cat\/inselprat\/wp-json\/wp\/v2\/media?parent=39"}],"curies":[{"name":"wp","href":"https:\/\/api.w.org\/{rel}","templated":true}]}}