{"id":27,"date":"2014-09-17T16:24:03","date_gmt":"2014-09-17T16:24:03","guid":{"rendered":"http:\/\/agora.xtec.cat\/inselprat\/?page_id=27"},"modified":"2021-03-04T13:31:11","modified_gmt":"2021-03-04T12:31:11","slug":"historia","status":"publish","type":"page","link":"https:\/\/agora.xtec.cat\/inselprat\/linstitut\/historia\/","title":{"rendered":"Hist\u00f2ria"},"content":{"rendered":"<p><span style=\"font-weight: 400;\">El Prat t\u00e9 la totalitat del territori al delta del riu Llobregat, fet que li confereix una singularitat \u00fanica. Fins ben entrat el segle XIX, la poblaci\u00f3 pratenca va viure d\u2019una agricultura cerealista, de baixos rendiments.\u00a0 El segle XX va estar marcat per dos fets fonamentals, l\u2019arribada de la ind\u00fastria i la instal\u00b7laci\u00f3 de l\u2019aviaci\u00f3.\u00a0<\/span><\/p>\n<p><span style=\"font-weight: 400;\">En els anys trenta, el nucli urb\u00e0 experimenta importants canvis, entre els qual es troba\u00a0 el sanejament i l&#8217;adequaci\u00f3 dels terrenys del <\/span><b>Fondo d\u2019en Peixo. <\/b><span style=\"font-weight: 400;\">Les necessitats\u00a0 d\u2019escolaritzaci\u00f3 d\u2019una poblaci\u00f3 creixent provocaran que\u00a0 l\u2019arquitecte municipal signi la Mem\u00f2ria del<\/span> <span style=\"font-weight: 400;\">\u201cProyecto de Grupos Escolares, para ni\u00f1os y ni\u00f1as, con ocho secciones cada grupo\u201d, en \u201clos terrenos conocidos como Fondo del Peixo<\/span><span style=\"font-weight: 400;\">\u201d<\/span><span style=\"font-weight: 400;\">, <\/span><span style=\"font-weight: 400;\">la qual cosa comportar\u00e0 l\u2019inici del <\/span><b>Projecte Escolar del Parc l\u2019any 1931 <\/b><span style=\"font-weight: 400;\">a les terres on actualment es troba ubicat l\u2019Institut El Prat de Llobregat.\u00a0<\/span><\/p>\n<p><span style=\"font-weight: 400;\">Durant la Guerra Civil comencen les obres de la construcci\u00f3 de l\u2019estructura de l\u2019edifici de la nova escola que ha de portar el nom de <\/span><i><span style=\"font-weight: 400;\">Francesc Maci\u00e0<\/span><\/i><span style=\"font-weight: 400;\">, per\u00f2 queden aturades a causa de les creixents dificultats\u00a0 de la Rep\u00fablica. L\u2019estructura abandonada ser\u00e0 la base de la futura escola i de l\u2019actual institut.<\/span><\/p>\n<p><span style=\"font-weight: 400;\">Avan\u00e7ats els anys cinquanta es reprenen les obres i el centre escolar va ser inaugurat, finalment, l\u2019any 1961 amb el nom d\u2019 Escola Men\u00e9ndez y Pelayo . A partir de l\u2019any 2004 el centre es denominar\u00e0 Escola del Parc, fent-ne oficial la denominaci\u00f3 popular.<\/span><span style=\"font-weight: 400;\"> L\u2019any 2010 l\u2019escola es trasllada a l\u2019edifici nou situat a la zona nord del mateix Parc Fondo d\u2019en Peixo,\u00a0 deixant sense \u00fas les instal\u00b7lacions.<\/span><\/p>\n<p><a href=\"https:\/\/agora.xtec.cat\/inselprat\/wp-content\/uploads\/usu1275\/2021\/03\/Parc-Fondo.jpg\"><img loading=\"lazy\" decoding=\"async\" class=\"aligncenter size-medium wp-image-845\" src=\"https:\/\/agora.xtec.cat\/inselprat\/wp-content\/uploads\/usu1275\/2021\/03\/Parc-Fondo-300x225.jpg\" alt=\"\" width=\"300\" height=\"225\" srcset=\"https:\/\/agora.xtec.cat\/inselprat\/wp-content\/uploads\/usu1275\/2021\/03\/Parc-Fondo-300x225.jpg 300w, https:\/\/agora.xtec.cat\/inselprat\/wp-content\/uploads\/usu1275\/2021\/03\/Parc-Fondo-768x576.jpg 768w, https:\/\/agora.xtec.cat\/inselprat\/wp-content\/uploads\/usu1275\/2021\/03\/Parc-Fondo-1024x768.jpg 1024w, https:\/\/agora.xtec.cat\/inselprat\/wp-content\/uploads\/usu1275\/2021\/03\/Parc-Fondo-200x150.jpg 200w, https:\/\/agora.xtec.cat\/inselprat\/wp-content\/uploads\/usu1275\/2021\/03\/Parc-Fondo.jpg 2048w\" sizes=\"auto, (max-width: 300px) 100vw, 300px\" \/><\/a><\/p>\n<p><span style=\"font-weight: 400;\">L\u2019any 2017, i davant la necessitat de no massificar l\u2019 escolaritzaci\u00f3 dels alumnes de secund\u00e0ria, el Departament d\u2019Educaci\u00f3 planifica la creaci\u00f3 d\u2019un nou centre de secund\u00e0ria obligat\u00f2ria i, conjuntament amb l\u2019Ajuntament del Prat de Llobregat, es decideix rehabilitar i remodelar\u00a0 l\u2019edifici de l\u2019antiga escola del Parc i adaptar-lo a les necessitats de la nova etapa educativa que es vol cobrir. L\u2019edifici s\u2019acaba el 10 de setembre de l\u2019any 2019 i s\u2019inicia el curs el dia 12 amb tota normalitat. El desembre d\u2019aquell mateix any va ser inaugurat pel conseller d\u2019educaci\u00f3 i l\u2019alcalde de la poblaci\u00f3.<\/span><\/p>\n<p><a href=\"https:\/\/agora.xtec.cat\/inselprat\/wp-content\/uploads\/usu1275\/2021\/03\/IMG_9720-min.jpg\"><img loading=\"lazy\" decoding=\"async\" class=\"aligncenter size-medium wp-image-846\" src=\"https:\/\/agora.xtec.cat\/inselprat\/wp-content\/uploads\/usu1275\/2021\/03\/IMG_9720-min-300x225.jpg\" alt=\"\" width=\"300\" height=\"225\" srcset=\"https:\/\/agora.xtec.cat\/inselprat\/wp-content\/uploads\/usu1275\/2021\/03\/IMG_9720-min-300x225.jpg 300w, https:\/\/agora.xtec.cat\/inselprat\/wp-content\/uploads\/usu1275\/2021\/03\/IMG_9720-min-768x576.jpg 768w, https:\/\/agora.xtec.cat\/inselprat\/wp-content\/uploads\/usu1275\/2021\/03\/IMG_9720-min-1024x768.jpg 1024w, https:\/\/agora.xtec.cat\/inselprat\/wp-content\/uploads\/usu1275\/2021\/03\/IMG_9720-min-200x150.jpg 200w\" sizes=\"auto, (max-width: 300px) 100vw, 300px\" \/><\/a><\/p>\n","protected":false},"excerpt":{"rendered":"<p>El Prat t\u00e9 la totalitat del territori al delta del riu Llobregat, fet que li confereix una singularitat \u00fanica. Fins ben entrat el segle XIX, la poblaci\u00f3 pratenca va viure d\u2019una agricultura cerealista, de baixos rendiments.\u00a0 El segle XX va estar marcat per dos fets&hellip;  <a href=\"https:\/\/agora.xtec.cat\/inselprat\/linstitut\/historia\/\" title=\"Read Hist\u00f2ria\">Llegeix m\u00e9s\u00bb<\/a><\/p>\n","protected":false},"author":1,"featured_media":0,"parent":19,"menu_order":20,"comment_status":"closed","ping_status":"closed","template":"page-templates\/side-menu.php","meta":{"_bbp_topic_count":0,"_bbp_reply_count":0,"_bbp_total_topic_count":0,"_bbp_total_reply_count":0,"_bbp_voice_count":0,"_bbp_anonymous_reply_count":0,"_bbp_topic_count_hidden":0,"_bbp_reply_count_hidden":0,"_bbp_forum_subforum_count":0,"footnotes":""},"class_list":["post-27","page","type-page","status-publish","hentry"],"post_mailing_queue_ids":[],"_links":{"self":[{"href":"https:\/\/agora.xtec.cat\/inselprat\/wp-json\/wp\/v2\/pages\/27","targetHints":{"allow":["GET"]}}],"collection":[{"href":"https:\/\/agora.xtec.cat\/inselprat\/wp-json\/wp\/v2\/pages"}],"about":[{"href":"https:\/\/agora.xtec.cat\/inselprat\/wp-json\/wp\/v2\/types\/page"}],"author":[{"embeddable":true,"href":"https:\/\/agora.xtec.cat\/inselprat\/wp-json\/wp\/v2\/users\/1"}],"replies":[{"embeddable":true,"href":"https:\/\/agora.xtec.cat\/inselprat\/wp-json\/wp\/v2\/comments?post=27"}],"version-history":[{"count":2,"href":"https:\/\/agora.xtec.cat\/inselprat\/wp-json\/wp\/v2\/pages\/27\/revisions"}],"predecessor-version":[{"id":847,"href":"https:\/\/agora.xtec.cat\/inselprat\/wp-json\/wp\/v2\/pages\/27\/revisions\/847"}],"up":[{"embeddable":true,"href":"https:\/\/agora.xtec.cat\/inselprat\/wp-json\/wp\/v2\/pages\/19"}],"wp:attachment":[{"href":"https:\/\/agora.xtec.cat\/inselprat\/wp-json\/wp\/v2\/media?parent=27"}],"curies":[{"name":"wp","href":"https:\/\/api.w.org\/{rel}","templated":true}]}}