{"id":195,"date":"2014-09-22T10:39:39","date_gmt":"2014-09-22T10:39:39","guid":{"rendered":"http:\/\/agora.xtec.cat\/inselprat\/?page_id=195"},"modified":"2021-07-02T09:58:26","modified_gmt":"2021-07-02T07:58:26","slug":"estudis","status":"publish","type":"page","link":"https:\/\/agora.xtec.cat\/inselprat\/estudis\/","title":{"rendered":"Estudis"},"content":{"rendered":"<p>El nostre centre oferir\u00e0 els quatre cursos de l\u2019Educaci\u00f3 Secund\u00e0ria Obligat\u00f2ria.<\/p>\n<p>Enguany (curs 2021-2022) el nostre centre oferta primer, segon i tercer.<\/p>\n<p>Curs 21-22<\/p>\n<h3>1r ESO<\/h3>\n<p><b>CURR\u00cdCULUM 1r D\u2019ESO<\/b><\/p>\n<p>Mat\u00e8ries:<\/p>\n<ul>\n<li>Llengua Catalana i Literatura (3h)<\/li>\n<li>Llengua Castellana i Literatura (3h)<\/li>\n<li>Llengua Anglesa (3h)<\/li>\n<li><span style=\"font-family: inherit; font-size: 1em;\">Matem\u00e0tiques (3h)<\/span><\/li>\n<li>Biologia i Geologia (3h)<\/li>\n<li>Tecnologia (2h)<\/li>\n<li>Geografia i Hist\u00f2ria (3h)<\/li>\n<li>M\u00fasica (2h)<\/li>\n<li>Educaci\u00f3 Visual i Pl\u00e0stica (2h)<\/li>\n<li>Educaci\u00f3 F\u00edsica (2h)<\/li>\n<li>Cultura i Valors \u00c8tics (1h)<\/li>\n<li>Projectes (2h)<\/li>\n<li>Tutoria (1h)<\/li>\n<\/ul>\n<h3>2n ESO<\/h3>\n<p>CURR\u00cdCULUM 2n D\u2019ESO<\/p>\n<p>Mat\u00e8ries:<\/p>\n<ul>\n<li>Llengua Catalana i Literatura (3h)<\/li>\n<li>Llengua Castellana i Literatura (3h)<\/li>\n<li>Llengua Anglesa (4h)<\/li>\n<li>Matem\u00e0tiques (4h)<\/li>\n<li>F\u00edsica i Qu\u00edmica (3h)<\/li>\n<li>Tecnologia (2h)<\/li>\n<li>Geografia i Hist\u00f2ria (3h)<\/li>\n<li>M\u00fasica (2h)<\/li>\n<li>Educaci\u00f3 F\u00edsica (2h)<\/li>\n<li>Cultura i Valors \u00c8tics (1h)<\/li>\n<li>Projectes (2h)<\/li>\n<li>Tutoria (1h)<\/li>\n<\/ul>\n<h3>3r ESO<\/h3>\n<p>CURR\u00cdCULUM 3r D\u2019ESO<\/p>\n<p>Mat\u00e8ries:<\/p>\n<ul>\n<li>Llengua Catalana i Literatura (3h)<\/li>\n<li>Llengua Castellana i Literatura (3h)<\/li>\n<li>Llengua Anglesa (3h)<\/li>\n<li>Matem\u00e0tiques (4h)<\/li>\n<li>Biologia i Geologia (2h)<\/li>\n<li>F\u00edsica i Qu\u00edmica (2h)<\/li>\n<li>Tecnologia (2h)<\/li>\n<li>Geografia i Hist\u00f2ria (3h)<\/li>\n<li>Educaci\u00f3 F\u00edsica (2h)<\/li>\n<li>M\u00fasica (2h)<\/li>\n<li>Cultura i Valors \u00c8tics (1h)<\/li>\n<li>Projectes (2h)<\/li>\n<li>Tutoria (1h)<\/li>\n<\/ul>\n","protected":false},"excerpt":{"rendered":"<p>El nostre centre oferir\u00e0 els quatre cursos de l\u2019Educaci\u00f3 Secund\u00e0ria Obligat\u00f2ria.<br \/>\nEnguany (curs 2021-2022) el nostre centre oferta primer, segon i tercer.<br \/>\nCurs 21-22<br \/>\n1r ESO<br \/>\nCURR\u00cdCULUM 1r D\u2019ESO<br \/>\nMat\u00e8ries:<\/p>\n<ul>\n<li>Llengua Catalana i Literatura (3h)<\/li>\n<li>Llengua Castellana i Literatura (3h)<\/li>\n<li>Llengua Anglesa (3h)<\/li>\n<li>Matem\u00e0tiques (3h)<\/li>\n<li>Biologia i Geologia (3h)<\/li>\n<li>Tecnologia (2h)<\/li>\n<li>Geografia i Hist\u00f2ria (3h)<\/li>\n<li>M\u00fasica (2h)<\/li>\n<li>Educaci\u00f3 Visual&hellip;  <a href=\"https:\/\/agora.xtec.cat\/inselprat\/estudis\/\" title=\"Read Estudis\">Llegeix m\u00e9s\u00bb<\/a><br \/>\n","protected":false},"author":1,"featured_media":0,"parent":0,"menu_order":0,"comment_status":"closed","ping_status":"closed","template":"","meta":{"_bbp_topic_count":0,"_bbp_reply_count":0,"_bbp_total_topic_count":0,"_bbp_total_reply_count":0,"_bbp_voice_count":0,"_bbp_anonymous_reply_count":0,"_bbp_topic_count_hidden":0,"_bbp_reply_count_hidden":0,"_bbp_forum_subforum_count":0,"footnotes":""},"class_list":["post-195","page","type-page","status-publish","hentry"],"post_mailing_queue_ids":[],"_links":{"self":[{"href":"https:\/\/agora.xtec.cat\/inselprat\/wp-json\/wp\/v2\/pages\/195","targetHints":{"allow":["GET"]}}],"collection":[{"href":"https:\/\/agora.xtec.cat\/inselprat\/wp-json\/wp\/v2\/pages"}],"about":[{"href":"https:\/\/agora.xtec.cat\/inselprat\/wp-json\/wp\/v2\/types\/page"}],"author":[{"embeddable":true,"href":"https:\/\/agora.xtec.cat\/inselprat\/wp-json\/wp\/v2\/users\/1"}],"replies":[{"embeddable":true,"href":"https:\/\/agora.xtec.cat\/inselprat\/wp-json\/wp\/v2\/comments?post=195"}],"version-history":[{"count":3,"href":"https:\/\/agora.xtec.cat\/inselprat\/wp-json\/wp\/v2\/pages\/195\/revisions"}],"predecessor-version":[{"id":911,"href":"https:\/\/agora.xtec.cat\/inselprat\/wp-json\/wp\/v2\/pages\/195\/revisions\/911"}],"wp:attachment":[{"href":"https:\/\/agora.xtec.cat\/inselprat\/wp-json\/wp\/v2\/media?parent=195"}],"curies":[{"name":"wp","href":"https:\/\/api.w.org\/{rel}","templated":true}]}}