{"id":8816,"date":"2021-03-18T19:31:08","date_gmt":"2021-03-18T18:31:08","guid":{"rendered":"http:\/\/agora.xtec.cat\/inselcairat\/?page_id=8816"},"modified":"2025-09-30T10:01:13","modified_gmt":"2025-09-30T08:01:13","slug":"projectes-de-centre","status":"publish","type":"page","link":"https:\/\/agora.xtec.cat\/inselcairat\/projectes-de-centre\/","title":{"rendered":"Projectes de centre"},"content":{"rendered":"<p style=\"font-weight: 400; text-align: justify;\">A El Cairat apostem per la innovaci\u00f3 pedag\u00f2gica i el nostre projecte educatiu potencia l&#8217;aprenentatge de les lleng\u00fces, el gust per la investigaci\u00f3, la inclusi\u00f3, la sostenibilitat, la salut, les tecnologies, la cooperaci\u00f3 i la solidaritat entre molts altres valors.<\/p>\n<p style=\"font-weight: 400; text-align: justify;\">Som un centre viu i plural.\u00a0 Fomentem entre l\u2019alumnat una actitud curiosa, cr\u00edtica i investigadora mitjan\u00e7ant la comunicaci\u00f3 i el treball individual i en grup amb l&#8217;objectiu que els alumnes siguin protagonistes del seu propi aprenentatge i que aquest sigui competencial.<\/p>\n<p style=\"font-weight: 400; text-align: justify;\">Per tal d&#8217;assolir aquests aprenentatges comptem amb una gran varietat de projectes de diferents \u00e0mbits (personal i social, medi ambient, salut, llengua i comunicaci\u00f3, excel\u00b7l\u00e8ncia educativa, fam\u00edlies\u2026). Tamb\u00e9 participem en una gran varietat de concursos i projectes a nivell municipal, nacional i internacional.<\/p>\n<p style=\"font-weight: 400;\"><em><strong>A El Cairat ser\u00e0s el que vulguis ser!<\/strong><\/em><\/p>\n<table style=\"border-collapse: collapse; width: 100%; height: 323px;\">\n<tbody>\n<tr style=\"height: 43px;\">\n<td style=\"width: 33.3333%; height: 43px;\">\n<h2>Men\u00fa Projectes<\/h2>\n<\/td>\n<td style=\"width: 33.3333%; height: 43px;\"><\/td>\n<td style=\"width: 33.3333%; height: 43px;\"><\/td>\n<\/tr>\n<tr style=\"height: 280px;\">\n<td style=\"width: 33.3333%; height: 280px;\">\n<ul class=\"sub-menu menu-odd menu-depth-1\">\n<li id=\"nav-menu-item-9324\" class=\"sub-menu-item menu-item-odd menu-item-depth-1 menu-item menu-item-type-taxonomy menu-item-object-category\"><a class=\"menu-link sub-menu-link\" href=\"https:\/\/agora.xtec.cat\/inselcairat\/categoria\/projectes\/aquiproubullying\/\">Aqu\u00ed prou bullying<\/a><\/li>\n<li id=\"nav-menu-item-9348\" class=\"sub-menu-item menu-item-odd menu-item-depth-1 menu-item menu-item-type-post_type menu-item-object-page\"><a class=\"menu-link sub-menu-link\" href=\"https:\/\/agora.xtec.cat\/inselcairat\/avancem-ensenyament-i-aprenentatge-integrat-de-les-llengues\/\">AVANCEM<\/a><\/li>\n<li id=\"nav-menu-item-9339\" class=\"sub-menu-item menu-item-odd menu-item-depth-1 menu-item menu-item-type-taxonomy menu-item-object-category\"><a class=\"menu-link sub-menu-link\" href=\"https:\/\/agora.xtec.cat\/inselcairat\/categoria\/projectes\/cairat-codewars\/\">Cairat CodeWars<\/a><\/li>\n<li id=\"nav-menu-item-9337\" class=\"sub-menu-item menu-item-odd menu-item-depth-1 menu-item menu-item-type-taxonomy menu-item-object-category\"><a class=\"menu-link sub-menu-link\" href=\"https:\/\/agora.xtec.cat\/inselcairat\/categoria\/projectes\/caisrat-solidari\/\">Cairat Solidari<\/a><\/li>\n<li id=\"nav-menu-item-9343\" class=\"sub-menu-item menu-item-odd menu-item-depth-1 menu-item menu-item-type-taxonomy menu-item-object-category\"><a class=\"menu-link sub-menu-link\" href=\"https:\/\/agora.xtec.cat\/inselcairat\/categoria\/projectes\/casalintercultural\/\">Casal Intercultural<\/a><\/li>\n<li id=\"nav-menu-item-9349\" class=\"sub-menu-item menu-item-odd menu-item-depth-1 menu-item menu-item-type-taxonomy menu-item-object-category\"><a class=\"menu-link sub-menu-link\" href=\"https:\/\/agora.xtec.cat\/inselcairat\/categoria\/projectes\/centre-formador\/\">Centre formador<\/a><\/li>\n<li id=\"nav-menu-item-10693\" class=\"sub-menu-item menu-item-odd menu-item-depth-1 menu-item menu-item-type-taxonomy menu-item-object-category\"><a class=\"menu-link sub-menu-link\" href=\"https:\/\/agora.xtec.cat\/inselcairat\/categoria\/projectes\/classes-sense-fum\/\">Classes sense fum<\/a><\/li>\n<li id=\"nav-menu-item-9331\" class=\"sub-menu-item menu-item-odd menu-item-depth-1 menu-item menu-item-type-taxonomy menu-item-object-category\"><a class=\"menu-link sub-menu-link\" href=\"https:\/\/agora.xtec.cat\/inselcairat\/categoria\/projectes\/elcairatesmou\/\">El Cairat Es mou!<\/a><\/li>\n<li id=\"nav-menu-item-11547\" class=\"sub-menu-item menu-item-odd menu-item-depth-1 menu-item menu-item-type-taxonomy menu-item-object-category\"><a class=\"menu-link sub-menu-link\" href=\"https:\/\/agora.xtec.cat\/inselcairat\/categoria\/projectes\/erasmus-projectes\/\">ERASMUS+<\/a><\/li>\n<li id=\"nav-menu-item-9335\" class=\"sub-menu-item menu-item-odd menu-item-depth-1 menu-item menu-item-type-taxonomy menu-item-object-category\"><a class=\"menu-link sub-menu-link\" href=\"https:\/\/agora.xtec.cat\/inselcairat\/categoria\/projectes\/escoles-verdes\/\">Escoles Verdes<\/a><\/li>\n<li id=\"nav-menu-item-9328\" class=\"sub-menu-item menu-item-odd menu-item-depth-1 menu-item menu-item-type-taxonomy menu-item-object-category\"><a class=\"menu-link sub-menu-link\" href=\"https:\/\/agora.xtec.cat\/inselcairat\/categoria\/espai-plurilingue\/\">Espai Pluriling\u00fce<\/a><\/li>\n<\/ul>\n<\/td>\n<td style=\"width: 33.3333%; height: 280px;\">\n<ul class=\"sub-menu menu-odd menu-depth-1\">\n<li id=\"nav-menu-item-9329\" class=\"sub-menu-item menu-item-odd menu-item-depth-1 menu-item menu-item-type-taxonomy menu-item-object-category\"><a class=\"menu-link sub-menu-link\" href=\"https:\/\/agora.xtec.cat\/inselcairat\/categoria\/projectes\/gust-i-passio\/\">Gust i Passi\u00f3<\/a><\/li>\n<li id=\"nav-menu-item-9340\" class=\"sub-menu-item menu-item-odd menu-item-depth-1 menu-item menu-item-type-taxonomy menu-item-object-category\"><a class=\"menu-link sub-menu-link\" href=\"https:\/\/agora.xtec.cat\/inselcairat\/categoria\/projectes\/internetsegura\/\">Internet Segura<\/a><\/li>\n<li id=\"nav-menu-item-9344\" class=\"sub-menu-item menu-item-odd menu-item-depth-1 menu-item menu-item-type-taxonomy menu-item-object-category\"><a class=\"menu-link sub-menu-link\" href=\"https:\/\/agora.xtec.cat\/inselcairat\/categoria\/projectes\/itaca\/\">\u00cdtaca<\/a><\/li>\n<li id=\"nav-menu-item-10700\" class=\"sub-menu-item menu-item-odd menu-item-depth-1 menu-item menu-item-type-taxonomy menu-item-object-category\"><a class=\"menu-link sub-menu-link\" href=\"https:\/\/agora.xtec.cat\/inselcairat\/categoria\/projectes\/lliga-de-debat\/\">Lliga de debat<\/a><\/li>\n<li id=\"nav-menu-item-9334\" class=\"sub-menu-item menu-item-odd menu-item-depth-1 menu-item menu-item-type-taxonomy menu-item-object-category\"><a class=\"menu-link sub-menu-link\" href=\"https:\/\/agora.xtec.cat\/inselcairat\/categoria\/projectes\/matcairat\/\">MatCairat<\/a><\/li>\n<li id=\"nav-menu-item-10828\" class=\"sub-menu-item menu-item-odd menu-item-depth-1 menu-item menu-item-type-taxonomy menu-item-object-category\"><a class=\"menu-link sub-menu-link\" href=\"https:\/\/agora.xtec.cat\/inselcairat\/categoria\/projectes\/mediacio\/\">Mediaci\u00f3<\/a><\/li>\n<li id=\"nav-menu-item-9342\" class=\"sub-menu-item menu-item-odd menu-item-depth-1 menu-item menu-item-type-taxonomy menu-item-object-category\"><a class=\"menu-link sub-menu-link\" href=\"https:\/\/agora.xtec.cat\/inselcairat\/categoria\/projectes\/olimpiades-geologia\/\">Olimp\u00edades Geologia<\/a><\/li>\n<li id=\"nav-menu-item-9345\" class=\"sub-menu-item menu-item-odd menu-item-depth-1 menu-item menu-item-type-taxonomy menu-item-object-category\"><a class=\"menu-link sub-menu-link\" href=\"https:\/\/agora.xtec.cat\/inselcairat\/categoria\/projectes\/hort-projectes\/\">Projecte Hort<\/a><\/li>\n<li id=\"nav-menu-item-9336\" class=\"sub-menu-item menu-item-odd menu-item-depth-1 menu-item menu-item-type-taxonomy menu-item-object-category\"><a class=\"menu-link sub-menu-link\" href=\"https:\/\/agora.xtec.cat\/inselcairat\/categoria\/projectes\/radio-escarirats\/\">R\u00e0dio EsCairats<\/a><\/li>\n<li id=\"nav-menu-item-9333\" class=\"sub-menu-item menu-item-odd menu-item-depth-1 menu-item menu-item-type-taxonomy menu-item-object-category\"><a class=\"menu-link sub-menu-link\" href=\"https:\/\/agora.xtec.cat\/inselcairat\/categoria\/projectes\/revista-fes-te-la-teva\/\">Revista Fes-te-la Teva<\/a><\/li>\n<\/ul>\n<\/td>\n<td style=\"width: 33.3333%; height: 280px;\">\n<ul class=\"sub-menu menu-odd menu-depth-1\">\n<li id=\"nav-menu-item-9346\" class=\"sub-menu-item menu-item-odd menu-item-depth-1 menu-item menu-item-type-taxonomy menu-item-object-category\"><a class=\"menu-link sub-menu-link\" href=\"https:\/\/agora.xtec.cat\/inselcairat\/categoria\/projectes\/salut-i-escola\/\">Salut i escola<\/a><\/li>\n<li id=\"nav-menu-item-10831\" class=\"sub-menu-item menu-item-odd menu-item-depth-1 menu-item menu-item-type-taxonomy menu-item-object-category\"><a class=\"menu-link sub-menu-link\" href=\"https:\/\/agora.xtec.cat\/inselcairat\/categoria\/projectes\/servei-comunitari\/\">Servei comunitari<\/a><\/li>\n<li id=\"nav-menu-item-10834\" class=\"sub-menu-item menu-item-odd menu-item-depth-1 menu-item menu-item-type-taxonomy menu-item-object-category\"><a class=\"menu-link sub-menu-link\" href=\"https:\/\/agora.xtec.cat\/inselcairat\/categoria\/projectes\/sharing-to-learn\/\">Sharing to learn<\/a><\/li>\n<li id=\"nav-menu-item-9338\" class=\"sub-menu-item menu-item-odd menu-item-depth-1 menu-item menu-item-type-taxonomy menu-item-object-category\"><a class=\"menu-link sub-menu-link\" href=\"https:\/\/agora.xtec.cat\/inselcairat\/categoria\/projectes\/siei\/\">SIEI _ Un espai per aprendre<\/a><\/li>\n<li id=\"nav-menu-item-9352\" class=\"sub-menu-item menu-item-odd menu-item-depth-1 menu-item menu-item-type-taxonomy menu-item-object-category\"><a class=\"menu-link sub-menu-link\" href=\"https:\/\/agora.xtec.cat\/inselcairat\/categoria\/projectes\/soc-diputat-soc-diputada\/\">Soc diputat\/soc diputada<\/a><\/li>\n<li id=\"nav-menu-item-10835\" class=\"sub-menu-item menu-item-odd menu-item-depth-1 menu-item menu-item-type-taxonomy menu-item-object-category\"><a class=\"menu-link sub-menu-link\" href=\"https:\/\/agora.xtec.cat\/inselcairat\/categoria\/projectes\/steam\/\">STEAM<\/a><\/li>\n<li id=\"nav-menu-item-9351\" class=\"sub-menu-item menu-item-odd menu-item-depth-1 menu-item menu-item-type-taxonomy menu-item-object-category\"><a class=\"menu-link sub-menu-link\" href=\"https:\/\/agora.xtec.cat\/inselcairat\/categoria\/projectes\/teatre\/\">Teatre<\/a><\/li>\n<li id=\"nav-menu-item-9326\" class=\"sub-menu-item menu-item-odd menu-item-depth-1 menu-item menu-item-type-taxonomy menu-item-object-category\"><a class=\"menu-link sub-menu-link\" href=\"https:\/\/agora.xtec.cat\/inselcairat\/categoria\/projectes\/tuhiets\/\">Tu hi ets<\/a><\/li>\n<li><a href=\"https:\/\/agora.xtec.cat\/inselcairat\/categoria\/projectes\/temps-de-lectura\/\">Temps de lectura<\/a><\/li>\n<li id=\"nav-menu-item-9347\" class=\"sub-menu-item menu-item-odd menu-item-depth-1 menu-item menu-item-type-taxonomy menu-item-object-category\"><a class=\"menu-link sub-menu-link\" href=\"https:\/\/agora.xtec.cat\/inselcairat\/categoria\/projectes\/xaxacb\/\">Xarxa de Compet\u00e8ncies B\u00e0siques<\/a><\/li>\n<\/ul>\n<\/td>\n<\/tr>\n<\/tbody>\n<\/table>\n<div style=\"width: 100%;\">\n<div style=\"position: relative; padding-bottom: 56.25%; padding-top: 0; height: 0;\"><\/div>\n<\/div>\n","protected":false},"excerpt":{"rendered":"<p>A El Cairat apostem per la innovaci\u00f3 pedag\u00f2gica i el nostre projecte educatiu potencia l&#8217;aprenentatge de les lleng\u00fces, el gust per la investigaci\u00f3, la inclusi\u00f3, la sostenibilitat, la salut, les tecnologies, la cooperaci\u00f3 i la solidaritat entre molts altres valors. Som un centre viu i plural.\u00a0 Fomentem entre l\u2019alumnat una actitud curiosa, cr\u00edtica i investigadora [&hellip;]<\/p>\n","protected":false},"author":1,"featured_media":0,"parent":0,"menu_order":0,"comment_status":"closed","ping_status":"closed","template":"","meta":{"_bbp_topic_count":0,"_bbp_reply_count":0,"_bbp_total_topic_count":0,"_bbp_total_reply_count":0,"_bbp_voice_count":0,"_bbp_anonymous_reply_count":0,"_bbp_topic_count_hidden":0,"_bbp_reply_count_hidden":0,"_bbp_forum_subforum_count":0,"site-sidebar-layout":"left-sidebar","site-content-layout":"","ast-site-content-layout":"normal-width-container","site-content-style":"default","site-sidebar-style":"default","ast-global-header-display":"","ast-banner-title-visibility":"","ast-main-header-display":"","ast-hfb-above-header-display":"","ast-hfb-below-header-display":"","ast-hfb-mobile-header-display":"","site-post-title":"","ast-breadcrumbs-content":"","ast-featured-img":"","footer-sml-layout":"","theme-transparent-header-meta":"","adv-header-id-meta":"","stick-header-meta":"","header-above-stick-meta":"","header-main-stick-meta":"","header-below-stick-meta":"","astra-migrate-meta-layouts":"set","ast-page-background-enabled":"default","ast-page-background-meta":{"desktop":{"background-color":"var(--ast-global-color-4)","background-image":"","background-repeat":"repeat","background-position":"center center","background-size":"auto","background-attachment":"scroll","background-type":"","background-media":"","overlay-type":"","overlay-color":"","overlay-opacity":"","overlay-gradient":""},"tablet":{"background-color":"","background-image":"","background-repeat":"repeat","background-position":"center center","background-size":"auto","background-attachment":"scroll","background-type":"","background-media":"","overlay-type":"","overlay-color":"","overlay-opacity":"","overlay-gradient":""},"mobile":{"background-color":"","background-image":"","background-repeat":"repeat","background-position":"center center","background-size":"auto","background-attachment":"scroll","background-type":"","background-media":"","overlay-type":"","overlay-color":"","overlay-opacity":"","overlay-gradient":""}},"ast-content-background-meta":{"desktop":{"background-color":"var(--ast-global-color-5)","background-image":"","background-repeat":"repeat","background-position":"center center","background-size":"auto","background-attachment":"scroll","background-type":"","background-media":"","overlay-type":"","overlay-color":"","overlay-opacity":"","overlay-gradient":""},"tablet":{"background-color":"var(--ast-global-color-5)","background-image":"","background-repeat":"repeat","background-position":"center center","background-size":"auto","background-attachment":"scroll","background-type":"","background-media":"","overlay-type":"","overlay-color":"","overlay-opacity":"","overlay-gradient":""},"mobile":{"background-color":"var(--ast-global-color-5)","background-image":"","background-repeat":"repeat","background-position":"center center","background-size":"auto","background-attachment":"scroll","background-type":"","background-media":"","overlay-type":"","overlay-color":"","overlay-opacity":"","overlay-gradient":""}},"footnotes":""},"class_list":["post-8816","page","type-page","status-publish","hentry"],"post_mailing_queue_ids":[],"_links":{"self":[{"href":"https:\/\/agora.xtec.cat\/inselcairat\/wp-json\/wp\/v2\/pages\/8816","targetHints":{"allow":["GET"]}}],"collection":[{"href":"https:\/\/agora.xtec.cat\/inselcairat\/wp-json\/wp\/v2\/pages"}],"about":[{"href":"https:\/\/agora.xtec.cat\/inselcairat\/wp-json\/wp\/v2\/types\/page"}],"author":[{"embeddable":true,"href":"https:\/\/agora.xtec.cat\/inselcairat\/wp-json\/wp\/v2\/users\/1"}],"replies":[{"embeddable":true,"href":"https:\/\/agora.xtec.cat\/inselcairat\/wp-json\/wp\/v2\/comments?post=8816"}],"version-history":[{"count":6,"href":"https:\/\/agora.xtec.cat\/inselcairat\/wp-json\/wp\/v2\/pages\/8816\/revisions"}],"predecessor-version":[{"id":16233,"href":"https:\/\/agora.xtec.cat\/inselcairat\/wp-json\/wp\/v2\/pages\/8816\/revisions\/16233"}],"wp:attachment":[{"href":"https:\/\/agora.xtec.cat\/inselcairat\/wp-json\/wp\/v2\/media?parent=8816"}],"curies":[{"name":"wp","href":"https:\/\/api.w.org\/{rel}","templated":true}]}}