{"id":8018,"date":"2020-12-01T09:34:42","date_gmt":"2020-12-01T08:34:42","guid":{"rendered":"http:\/\/agora.xtec.cat\/inselcairat\/?page_id=8018"},"modified":"2024-04-28T19:13:32","modified_gmt":"2024-04-28T17:13:32","slug":"nivell-de-catala","status":"publish","type":"page","link":"https:\/\/agora.xtec.cat\/inselcairat\/linstitut\/secretaria\/nivell-de-catala\/","title":{"rendered":"Nivell C de catal\u00e0"},"content":{"rendered":"<p style=\"text-align: justify;\"><strong>Reconeixement dels nivells B2 i C1 de catal\u00e0 per escolaritat reglada no universit\u00e0ria<\/strong><\/p>\n<p style=\"text-align: justify;\"><strong><u>Termini:<\/u><\/strong> 3 dies h\u00e0bils des de l\u2019entrega de la documentaci\u00f3.<\/p>\n<p style=\"text-align: justify;\"><strong><u>Documentaci\u00f3: <\/u><\/strong><\/p>\n<p style=\"text-align: justify;\">(S\u2019haur\u00e0 de presentar original i fotoc\u00f2pia)<\/p>\n<ol style=\"text-align: justify;\">\n<li>Llibre d&#8217;escolaritat o certificat del centre o centres on s&#8217;ha fet l&#8217;itinerari escolar corresponent a l&#8217;etapa educativa (EGB, BUP, FP, prim\u00e0ria, ESO o batxillerat).<\/li>\n<li>T\u00edtol, resguard del t\u00edtol.<\/li>\n<li>DNI<\/li>\n<\/ol>\n<p style=\"text-align: justify;\">En cas que no es disposi dels llibres d&#8217;escolaritat i que el centre o centres que els van emetre hagin tancat o ja no existeixin, caldr\u00e0 demanar a <strong>la Inspecci\u00f3 d&#8217;Educaci\u00f3 del servei territorial que correspongui\u00a0<\/strong>el nom del centre dipositari de la documentaci\u00f3 i que custodi\u00ef les actes i expedients del centre o centres tancats o desapareguts.<\/p>\n<p style=\"text-align: justify;\"><strong><u>Requisits:<\/u><\/strong><\/p>\n<p style=\"text-align: justify;\">Persones nascudes a partir de l&#8217;any 1972 que compleixin els dos requisits seg\u00fcents:<\/p>\n<ul style=\"text-align: justify;\">\n<li>Haver fet l&#8217;itinerari escolar \u00edntegrament a Catalunya o, parcialment, en altres territoris on el catal\u00e0 fos llengua curricular avaluable, de manera <strong>que\u00a0s&#8217;hagi acabat obtenint la titulaci\u00f3 al sistema educatiu de Catalunya<\/strong>.<\/li>\n<li>Haver obtingut una de les seg\u00fcents titulacions: graduat escolar, t\u00e8cnic auxiliar, t\u00e8cnic especialista o BUP, de l&#8217;anterior sistema educatiu; graduat d&#8217;educaci\u00f3 secund\u00e0ria obligat\u00f2ria o batxillerat, de l&#8217;actual sistema educatiu.<\/li>\n<\/ul>\n<p style=\"text-align: justify;\">\u00c9s important indicar que les proves d&#8217;acc\u00e9s per als majors de 25 anys, selectivitat i acc\u00e9s als cicles formatius, aix\u00ed com els cicles formatius de grau mitj\u00e0 o de grau superior no donen dret al reconeixement del nivell de catal\u00e0.<\/p>\n<p style=\"text-align: justify;\"><strong><u>Presencialment<\/u><\/strong><\/p>\n<ul style=\"text-align: justify;\">\n<li><a href=\"https:\/\/documents.espai.educacio.gencat.cat\/FormularisModels\/CentresGestioAdministrativa\/A816.pdf\">Sol\u00b7licitud de reconeixement de l\u2019equival\u00e8ncia del nivell B2\/C1 de llengua catalana per l\u2019escolaritat reglada no universit\u00e0ria[1,29 MB ]<\/a><\/li>\n<\/ul>\n<p style=\"text-align: justify;\">Les persones que hagin obtingut la seva titulaci\u00f3 en un institut (o institut escola) podran presentar la seva sol\u00b7licitud en qualsevol institut p\u00fablic \u00a0aportant la documentaci\u00f3 requerida.<\/p>\n<p style=\"text-align: justify;\">Les persones que hagin obtingut la seva titulaci\u00f3 en un centre de formaci\u00f3 d&#8217;adults, hauran de presentar la seva sol\u00b7licitud al centre de formaci\u00f3 d&#8217;adults.<\/p>\n<p style=\"text-align: justify;\">Les persones que hagin obtingut la seva titulaci\u00f3 a l&#8217;Institut Obert de Catalunya (IOC) hauran de tramitar la seva sol\u00b7licitud a l&#8217;IOC.<\/p>\n<p style=\"text-align: justify;\">Per als casos que no es corresponguin amb els sup\u00f2sits esmentats, les persones interessades es podran dirigir al <a href=\"http:\/\/sac.gencat.cat\/sacgencat\/AppJava\/organisme_fitxa.jsp?codi=1599\">Departament d&#8217;Educaci\u00f3<\/a> per tramitar la seva sol\u00b7licitud.<\/p>\n<p style=\"text-align: justify;\"><a href=\"http:\/\/educacio.gencat.cat\/ca\/tramits\/tramits-temes\/22046-reconeixement-b2-c1-catala?category=742b7874-a82c-11e3-a972-000c29052e2c&amp;moda=1\">M\u00e9s informaci\u00f3.<\/a><\/p>\n<p style=\"text-align: justify;\">\n","protected":false},"excerpt":{"rendered":"<p>Reconeixement dels nivells B2 i C1 de catal\u00e0 per escolaritat reglada no universit\u00e0ria Termini: 3 dies h\u00e0bils des de l\u2019entrega de la documentaci\u00f3. Documentaci\u00f3: (S\u2019haur\u00e0 de presentar original i fotoc\u00f2pia) Llibre d&#8217;escolaritat o certificat del centre o centres on s&#8217;ha fet l&#8217;itinerari escolar corresponent a l&#8217;etapa educativa (EGB, BUP, FP, prim\u00e0ria, ESO o batxillerat). T\u00edtol, [&hellip;]<\/p>\n","protected":false},"author":1,"featured_media":0,"parent":7852,"menu_order":2,"comment_status":"closed","ping_status":"closed","template":"","meta":{"_bbp_topic_count":0,"_bbp_reply_count":0,"_bbp_total_topic_count":0,"_bbp_total_reply_count":0,"_bbp_voice_count":0,"_bbp_anonymous_reply_count":0,"_bbp_topic_count_hidden":0,"_bbp_reply_count_hidden":0,"_bbp_forum_subforum_count":0,"site-sidebar-layout":"default","site-content-layout":"","ast-site-content-layout":"","site-content-style":"default","site-sidebar-style":"default","ast-global-header-display":"","ast-banner-title-visibility":"","ast-main-header-display":"","ast-hfb-above-header-display":"","ast-hfb-below-header-display":"","ast-hfb-mobile-header-display":"","site-post-title":"","ast-breadcrumbs-content":"","ast-featured-img":"","footer-sml-layout":"","theme-transparent-header-meta":"","adv-header-id-meta":"","stick-header-meta":"","header-above-stick-meta":"","header-main-stick-meta":"","header-below-stick-meta":"","astra-migrate-meta-layouts":"default","ast-page-background-enabled":"default","ast-page-background-meta":{"desktop":{"background-color":"var(--ast-global-color-4)","background-image":"","background-repeat":"repeat","background-position":"center center","background-size":"auto","background-attachment":"scroll","background-type":"","background-media":"","overlay-type":"","overlay-color":"","overlay-opacity":"","overlay-gradient":""},"tablet":{"background-color":"","background-image":"","background-repeat":"repeat","background-position":"center center","background-size":"auto","background-attachment":"scroll","background-type":"","background-media":"","overlay-type":"","overlay-color":"","overlay-opacity":"","overlay-gradient":""},"mobile":{"background-color":"","background-image":"","background-repeat":"repeat","background-position":"center center","background-size":"auto","background-attachment":"scroll","background-type":"","background-media":"","overlay-type":"","overlay-color":"","overlay-opacity":"","overlay-gradient":""}},"ast-content-background-meta":{"desktop":{"background-color":"var(--ast-global-color-5)","background-image":"","background-repeat":"repeat","background-position":"center center","background-size":"auto","background-attachment":"scroll","background-type":"","background-media":"","overlay-type":"","overlay-color":"","overlay-opacity":"","overlay-gradient":""},"tablet":{"background-color":"var(--ast-global-color-5)","background-image":"","background-repeat":"repeat","background-position":"center center","background-size":"auto","background-attachment":"scroll","background-type":"","background-media":"","overlay-type":"","overlay-color":"","overlay-opacity":"","overlay-gradient":""},"mobile":{"background-color":"var(--ast-global-color-5)","background-image":"","background-repeat":"repeat","background-position":"center center","background-size":"auto","background-attachment":"scroll","background-type":"","background-media":"","overlay-type":"","overlay-color":"","overlay-opacity":"","overlay-gradient":""}},"footnotes":""},"class_list":["post-8018","page","type-page","status-publish","hentry"],"post_mailing_queue_ids":[],"_links":{"self":[{"href":"https:\/\/agora.xtec.cat\/inselcairat\/wp-json\/wp\/v2\/pages\/8018","targetHints":{"allow":["GET"]}}],"collection":[{"href":"https:\/\/agora.xtec.cat\/inselcairat\/wp-json\/wp\/v2\/pages"}],"about":[{"href":"https:\/\/agora.xtec.cat\/inselcairat\/wp-json\/wp\/v2\/types\/page"}],"author":[{"embeddable":true,"href":"https:\/\/agora.xtec.cat\/inselcairat\/wp-json\/wp\/v2\/users\/1"}],"replies":[{"embeddable":true,"href":"https:\/\/agora.xtec.cat\/inselcairat\/wp-json\/wp\/v2\/comments?post=8018"}],"version-history":[{"count":4,"href":"https:\/\/agora.xtec.cat\/inselcairat\/wp-json\/wp\/v2\/pages\/8018\/revisions"}],"predecessor-version":[{"id":13521,"href":"https:\/\/agora.xtec.cat\/inselcairat\/wp-json\/wp\/v2\/pages\/8018\/revisions\/13521"}],"up":[{"embeddable":true,"href":"https:\/\/agora.xtec.cat\/inselcairat\/wp-json\/wp\/v2\/pages\/7852"}],"wp:attachment":[{"href":"https:\/\/agora.xtec.cat\/inselcairat\/wp-json\/wp\/v2\/media?parent=8018"}],"curies":[{"name":"wp","href":"https:\/\/api.w.org\/{rel}","templated":true}]}}