{"id":7914,"date":"2020-09-23T17:31:06","date_gmt":"2020-09-23T15:31:06","guid":{"rendered":"http:\/\/agora.xtec.cat\/inselcairat\/?page_id=7914"},"modified":"2024-10-24T14:49:45","modified_gmt":"2024-10-24T12:49:45","slug":"simultaneitat-destudis-amb-practica-intensiva-desport","status":"publish","type":"page","link":"https:\/\/agora.xtec.cat\/inselcairat\/linstitut\/secretaria\/simultaneitat-destudis-amb-practica-intensiva-desport\/","title":{"rendered":"Simultane\u00eftat d\u2019estudis amb pr\u00e0ctica intensiva d\u2019esport"},"content":{"rendered":"<p style=\"text-align: justify;\">L\u2019alumnat amb dedicaci\u00f3 significativa a l&#8217;esport avalada pel Consell Catal\u00e0 de l&#8217;Esport, matriculats en centres que no siguin centres educatius d&#8217;especial atenci\u00f3 a la pr\u00e0ctica esportiva, poden sol\u00b7licitar al director o directora del centre educatiu que els reconeguin la mat\u00e8ria Educaci\u00f3 F\u00edsica.<\/p>\n<p style=\"text-align: justify;\"><strong>Documentaci\u00f3 que cal presentar per a fer les sol\u00b7licituds:<\/strong><\/p>\n<ul style=\"text-align: justify;\">\n<li><a href=\"https:\/\/documents.espai.educacio.gencat.cat\/FormularisModels\/CentresDocumentacioAcademica\/APU545.pdf\" target=\"_blank\" rel=\"noopener noreferrer\">Sol\u00b7licitud, que ha d&#8217;estar signada pel pare, mare o tutors legals de l&#8217;alumne\/a (ESO)<\/a><\/li>\n<\/ul>\n<ul style=\"text-align: justify;\">\n<li><a href=\"https:\/\/agora.xtec.cat\/inselcairat\/wp-content\/uploads\/usu287\/2024\/10\/A1500_sol_licitud-BATX.pdf\">Sol\u00b7licitud signada per l&#8217;alumne o alumna, o pel pare, la mare o el tutor o tutora legal de l&#8217;alumne\/a (Batxillerat)<\/a><\/li>\n<\/ul>\n<ul style=\"text-align: justify;\">\n<li><strong>Certificat del Consell Catal\u00e0 de l&#8217;Esport<\/strong> (av. Dels Pa\u00efsos Catalans, 12. 08950, Esplugues de Llobregat). Els alumnes poden obtenir aquest certificat quan siguin esportistes que figuren en el programa de tecnificaci\u00f3 (ARC) de la federaci\u00f3 catalana corresponent.<\/li>\n<\/ul>\n<p style=\"text-align: justify;\">Aquesta convalidaci\u00f3 s\u2019ha de demanar presentant la documentaci\u00f3 necess\u00e0ria a la secretaria del centre com a m\u00e0xim el\u00a0<strong><u>15 d\u2019octubre<\/u><\/strong>. A partir d\u2019aquest termini NO S\u2019ADMETRAN SOL\u00b7LICITUDS.<\/p>\n<p style=\"text-align: justify;\">Les\u00a0<strong>respostes<\/strong>\u00a0es donaran abans del\u00a0<strong>31 d\u2019octubre<\/strong>.<\/p>\n<p style=\"text-align: justify;\">L\u2019alumne\/a haur\u00e0 de continuar assistint a classe fins que se li faci arribar la resoluci\u00f3 per part de la direcci\u00f3 del centre.<\/p>\n<p style=\"text-align: justify;\">La sol\u00b7licitud s\u2019ha de renovar cada curs escolar.<\/p>\n","protected":false},"excerpt":{"rendered":"<p>L\u2019alumnat amb dedicaci\u00f3 significativa a l&#8217;esport avalada pel Consell Catal\u00e0 de l&#8217;Esport, matriculats en centres que no siguin centres educatius d&#8217;especial atenci\u00f3 a la pr\u00e0ctica esportiva, poden sol\u00b7licitar al director o directora del centre educatiu que els reconeguin la mat\u00e8ria Educaci\u00f3 F\u00edsica. Documentaci\u00f3 que cal presentar per a fer les sol\u00b7licituds: Sol\u00b7licitud, que ha d&#8217;estar [&hellip;]<\/p>\n","protected":false},"author":1,"featured_media":0,"parent":7852,"menu_order":4,"comment_status":"closed","ping_status":"closed","template":"","meta":{"_bbp_topic_count":0,"_bbp_reply_count":0,"_bbp_total_topic_count":0,"_bbp_total_reply_count":0,"_bbp_voice_count":0,"_bbp_anonymous_reply_count":0,"_bbp_topic_count_hidden":0,"_bbp_reply_count_hidden":0,"_bbp_forum_subforum_count":0,"site-sidebar-layout":"default","site-content-layout":"","ast-site-content-layout":"","site-content-style":"default","site-sidebar-style":"default","ast-global-header-display":"","ast-banner-title-visibility":"","ast-main-header-display":"","ast-hfb-above-header-display":"","ast-hfb-below-header-display":"","ast-hfb-mobile-header-display":"","site-post-title":"","ast-breadcrumbs-content":"","ast-featured-img":"","footer-sml-layout":"","theme-transparent-header-meta":"","adv-header-id-meta":"","stick-header-meta":"","header-above-stick-meta":"","header-main-stick-meta":"","header-below-stick-meta":"","astra-migrate-meta-layouts":"default","ast-page-background-enabled":"default","ast-page-background-meta":{"desktop":{"background-color":"var(--ast-global-color-4)","background-image":"","background-repeat":"repeat","background-position":"center center","background-size":"auto","background-attachment":"scroll","background-type":"","background-media":"","overlay-type":"","overlay-color":"","overlay-opacity":"","overlay-gradient":""},"tablet":{"background-color":"","background-image":"","background-repeat":"repeat","background-position":"center center","background-size":"auto","background-attachment":"scroll","background-type":"","background-media":"","overlay-type":"","overlay-color":"","overlay-opacity":"","overlay-gradient":""},"mobile":{"background-color":"","background-image":"","background-repeat":"repeat","background-position":"center center","background-size":"auto","background-attachment":"scroll","background-type":"","background-media":"","overlay-type":"","overlay-color":"","overlay-opacity":"","overlay-gradient":""}},"ast-content-background-meta":{"desktop":{"background-color":"var(--ast-global-color-5)","background-image":"","background-repeat":"repeat","background-position":"center center","background-size":"auto","background-attachment":"scroll","background-type":"","background-media":"","overlay-type":"","overlay-color":"","overlay-opacity":"","overlay-gradient":""},"tablet":{"background-color":"var(--ast-global-color-5)","background-image":"","background-repeat":"repeat","background-position":"center center","background-size":"auto","background-attachment":"scroll","background-type":"","background-media":"","overlay-type":"","overlay-color":"","overlay-opacity":"","overlay-gradient":""},"mobile":{"background-color":"var(--ast-global-color-5)","background-image":"","background-repeat":"repeat","background-position":"center center","background-size":"auto","background-attachment":"scroll","background-type":"","background-media":"","overlay-type":"","overlay-color":"","overlay-opacity":"","overlay-gradient":""}},"footnotes":""},"class_list":["post-7914","page","type-page","status-publish","hentry"],"post_mailing_queue_ids":[],"_links":{"self":[{"href":"https:\/\/agora.xtec.cat\/inselcairat\/wp-json\/wp\/v2\/pages\/7914","targetHints":{"allow":["GET"]}}],"collection":[{"href":"https:\/\/agora.xtec.cat\/inselcairat\/wp-json\/wp\/v2\/pages"}],"about":[{"href":"https:\/\/agora.xtec.cat\/inselcairat\/wp-json\/wp\/v2\/types\/page"}],"author":[{"embeddable":true,"href":"https:\/\/agora.xtec.cat\/inselcairat\/wp-json\/wp\/v2\/users\/1"}],"replies":[{"embeddable":true,"href":"https:\/\/agora.xtec.cat\/inselcairat\/wp-json\/wp\/v2\/comments?post=7914"}],"version-history":[{"count":4,"href":"https:\/\/agora.xtec.cat\/inselcairat\/wp-json\/wp\/v2\/pages\/7914\/revisions"}],"predecessor-version":[{"id":14355,"href":"https:\/\/agora.xtec.cat\/inselcairat\/wp-json\/wp\/v2\/pages\/7914\/revisions\/14355"}],"up":[{"embeddable":true,"href":"https:\/\/agora.xtec.cat\/inselcairat\/wp-json\/wp\/v2\/pages\/7852"}],"wp:attachment":[{"href":"https:\/\/agora.xtec.cat\/inselcairat\/wp-json\/wp\/v2\/media?parent=7914"}],"curies":[{"name":"wp","href":"https:\/\/api.w.org\/{rel}","templated":true}]}}