{"id":7893,"date":"2020-09-23T17:15:32","date_gmt":"2020-09-23T15:15:32","guid":{"rendered":"http:\/\/agora.xtec.cat\/inselcairat\/?page_id=7893"},"modified":"2025-10-07T14:50:09","modified_gmt":"2025-10-07T12:50:09","slug":"convalidacions-musica-i-dansa","status":"publish","type":"page","link":"https:\/\/agora.xtec.cat\/inselcairat\/linstitut\/secretaria\/convalidacions-musica-i-dansa\/","title":{"rendered":"Convalidacions m\u00fasica i dansa"},"content":{"rendered":"<p>L\u2019alumnat que estigui cursant l\u2019ESO o BATXILLERAT i tamb\u00e9 cursin estudis de <strong>m\u00fasica o dansa <\/strong>en conservatoris, escoles autoritzades o centres professionals, poden <strong>sol\u00b7licitar la convalidaci\u00f3 o el reconeixement de mat\u00e8ries<\/strong> en els termes que s\u2019indiquen a continuaci\u00f3.<\/p>\n<p>L\u2019alumnat interessat pot consultar els documents oficials publicats pel Departament d\u2019Educaci\u00f3 de la Generalitat de Catalunya:<\/p>\n<ul>\n<li><a href=\"https:\/\/agora.xtec.cat\/inselcairat\/wp-content\/uploads\/usu287\/2025\/10\/CUR_Simultaneitat_musica.pdf\" target=\"_blank\" rel=\"noopener noreferrer\">Simultane\u00eftat d\u2019estudis d\u2019ESO o de Batxillerat amb estudis de <strong>m\u00fasica<\/strong><\/a><\/li>\n<li><a href=\"https:\/\/agora.xtec.cat\/inselcairat\/wp-content\/uploads\/usu287\/2025\/10\/CUR_Simultaneitat_dansa.pdf\">Simultane\u00eftat d\u2019estudis d\u2019ESO o de Batxillerat amb estudis de <strong>dansa<\/strong><\/a><\/li>\n<li><a href=\"https:\/\/agora.xtec.cat\/inselcairat\/wp-content\/uploads\/usu287\/2025\/10\/Quadre-resum-convalidacions-musica.pdf\">Quadre resum convalidacions <strong>m\u00fasica<\/strong><\/a><\/li>\n<li><a href=\"https:\/\/agora.xtec.cat\/inselcairat\/wp-content\/uploads\/usu287\/2025\/10\/Quadre-resum-convalidacions-dansa.pdf\">Quadre resum convalidacions <strong>dansa<\/strong><\/a><\/li>\n<\/ul>\n<p><strong>\u00a0<\/strong><strong>Documentaci\u00f3 que cal presentar per a fer les sol\u00b7licituds:<\/strong><\/p>\n<p>Impr\u00e8s de\u00a0sol\u00b7licitud\u00a0de reducci\u00f3 de mat\u00e8ries de l\u2019educaci\u00f3 secund\u00e0ria obligat\u00f2ria:<\/p>\n<p>DANSA<\/p>\n<ul>\n<li><a href=\"https:\/\/agora.xtec.cat\/inselcairat\/wp-content\/uploads\/usu287\/2020\/09\/EDA1-Sol.licitud-convalidaci\u00f3-dansa-ESO.pdf\" target=\"_blank\" rel=\"noopener noreferrer\">Sol\u00b7licitud reducci\u00f3 de mat\u00e8ries dansa ESO (EDA1)<\/a><\/li>\n<li><a href=\"https:\/\/agora.xtec.cat\/inselcairat\/wp-content\/uploads\/usu287\/2020\/09\/BDA1-Sol\u00b7licitud-convalidaci\u00f3-dansa-BAT.pdf\" target=\"_blank\" rel=\"noopener noreferrer\">Sol\u00b7licitud convalidaci\u00f3 dansa BATXILLERAT (BDA1)<\/a><\/li>\n<li><a href=\"https:\/\/agora.xtec.cat\/inselcairat\/wp-content\/uploads\/usu287\/2025\/10\/BDA3-BAT.pdf\">Sol\u00b7licitud convalidaci\u00f3 dansa BATXILLERAT (BDA3)<\/a><\/li>\n<\/ul>\n<p>M\u00daSICA<\/p>\n<ul>\n<li><a href=\"https:\/\/agora.xtec.cat\/inselcairat\/wp-content\/uploads\/usu287\/2020\/09\/EMU1-Sol\u00b7licitud-convalidaci\u00f3-m\u00fasica-ESO.pdf\" target=\"_blank\" rel=\"noopener noreferrer\">Sol\u00b7licitud convalidaci\u00f3 m\u00fasica ESO(EMU1)<\/a><\/li>\n<li><a href=\"https:\/\/agora.xtec.cat\/inselcairat\/wp-content\/uploads\/usu287\/2020\/09\/BMU1-Sol\u00b7licitud-convalidaci\u00f3-m\u00fasica-BAT.pdf\" target=\"_blank\" rel=\"noopener noreferrer\">Sol\u00b7licitud convalidaci\u00f3 m\u00fasica BATXILLERAT (BMU1)<\/a><\/li>\n<li><a href=\"https:\/\/agora.xtec.cat\/inselcairat\/wp-content\/uploads\/usu287\/2025\/10\/BMU3-BAT.pdf\">Sol\u00b7licitud convalidaci\u00f3 m\u00fasica BATXILLERAT (BMU3)<\/a><\/li>\n<\/ul>\n<p>Certificaci\u00f3\u00a0expedida per l\u2019escola de m\u00fasica o dansa on s\u2019acrediti el nombre d\u2019hores de dedicaci\u00f3 setmanal (demanar-lo a l\u2019escola corresponent)<\/p>\n<ul>\n<li><a href=\"https:\/\/agora.xtec.cat\/inselcairat\/wp-content\/uploads\/usu287\/2025\/10\/Sollicitud-modificacio-horari.pdf\">Autoritzaci\u00f3 de la fam\u00edlia per entrar m\u00e9s tard o marxar abans a casa, en cas de tenir la reducci\u00f3 hor\u00e0ria a primeres o \u00faltimes hores del mat\u00ed o de la tarda.<\/a><\/li>\n<\/ul>\n<p>Aquesta convalidaci\u00f3 s\u2019ha de demanar presentant la documentaci\u00f3 necess\u00e0ria a la secretaria del centre com a m\u00e0xim el\u00a0<strong><u>15 d\u2019octubre<\/u><\/strong>. A partir d\u2019aquest termini NO S\u2019ADMETRAN SOL\u00b7LICITUDS.<\/p>\n<p>Les\u00a0<strong>respostes<\/strong>\u00a0es donaran abans del\u00a0<strong>31 d\u2019octubre<\/strong>.<\/p>\n<p>L\u2019alumne\/a haur\u00e0 de continuar assistint a classe fins que se li faci arribar la resoluci\u00f3 per part de la direcci\u00f3 del centre.<\/p>\n<p>La sol\u00b7licitud s\u2019ha de renovar cada curs escolar.<\/p>\n","protected":false},"excerpt":{"rendered":"<p>L\u2019alumnat que estigui cursant l\u2019ESO o BATXILLERAT i tamb\u00e9 cursin estudis de m\u00fasica o dansa en conservatoris, escoles autoritzades o centres professionals, poden sol\u00b7licitar la convalidaci\u00f3 o el reconeixement de mat\u00e8ries en els termes que s\u2019indiquen a continuaci\u00f3. L\u2019alumnat interessat pot consultar els documents oficials publicats pel Departament d\u2019Educaci\u00f3 de la Generalitat de Catalunya: Simultane\u00eftat [&hellip;]<\/p>\n","protected":false},"author":1,"featured_media":0,"parent":7852,"menu_order":3,"comment_status":"closed","ping_status":"closed","template":"","meta":{"_bbp_topic_count":0,"_bbp_reply_count":0,"_bbp_total_topic_count":0,"_bbp_total_reply_count":0,"_bbp_voice_count":0,"_bbp_anonymous_reply_count":0,"_bbp_topic_count_hidden":0,"_bbp_reply_count_hidden":0,"_bbp_forum_subforum_count":0,"site-sidebar-layout":"default","site-content-layout":"","ast-site-content-layout":"default","site-content-style":"default","site-sidebar-style":"default","ast-global-header-display":"","ast-banner-title-visibility":"","ast-main-header-display":"","ast-hfb-above-header-display":"","ast-hfb-below-header-display":"","ast-hfb-mobile-header-display":"","site-post-title":"","ast-breadcrumbs-content":"","ast-featured-img":"","footer-sml-layout":"","theme-transparent-header-meta":"","adv-header-id-meta":"","stick-header-meta":"","header-above-stick-meta":"","header-main-stick-meta":"","header-below-stick-meta":"","astra-migrate-meta-layouts":"set","ast-page-background-enabled":"default","ast-page-background-meta":{"desktop":{"background-color":"var(--ast-global-color-4)","background-image":"","background-repeat":"repeat","background-position":"center center","background-size":"auto","background-attachment":"scroll","background-type":"","background-media":"","overlay-type":"","overlay-color":"","overlay-opacity":"","overlay-gradient":""},"tablet":{"background-color":"","background-image":"","background-repeat":"repeat","background-position":"center center","background-size":"auto","background-attachment":"scroll","background-type":"","background-media":"","overlay-type":"","overlay-color":"","overlay-opacity":"","overlay-gradient":""},"mobile":{"background-color":"","background-image":"","background-repeat":"repeat","background-position":"center center","background-size":"auto","background-attachment":"scroll","background-type":"","background-media":"","overlay-type":"","overlay-color":"","overlay-opacity":"","overlay-gradient":""}},"ast-content-background-meta":{"desktop":{"background-color":"var(--ast-global-color-5)","background-image":"","background-repeat":"repeat","background-position":"center center","background-size":"auto","background-attachment":"scroll","background-type":"","background-media":"","overlay-type":"","overlay-color":"","overlay-opacity":"","overlay-gradient":""},"tablet":{"background-color":"var(--ast-global-color-5)","background-image":"","background-repeat":"repeat","background-position":"center center","background-size":"auto","background-attachment":"scroll","background-type":"","background-media":"","overlay-type":"","overlay-color":"","overlay-opacity":"","overlay-gradient":""},"mobile":{"background-color":"var(--ast-global-color-5)","background-image":"","background-repeat":"repeat","background-position":"center center","background-size":"auto","background-attachment":"scroll","background-type":"","background-media":"","overlay-type":"","overlay-color":"","overlay-opacity":"","overlay-gradient":""}},"footnotes":""},"class_list":["post-7893","page","type-page","status-publish","hentry"],"post_mailing_queue_ids":[],"_links":{"self":[{"href":"https:\/\/agora.xtec.cat\/inselcairat\/wp-json\/wp\/v2\/pages\/7893","targetHints":{"allow":["GET"]}}],"collection":[{"href":"https:\/\/agora.xtec.cat\/inselcairat\/wp-json\/wp\/v2\/pages"}],"about":[{"href":"https:\/\/agora.xtec.cat\/inselcairat\/wp-json\/wp\/v2\/types\/page"}],"author":[{"embeddable":true,"href":"https:\/\/agora.xtec.cat\/inselcairat\/wp-json\/wp\/v2\/users\/1"}],"replies":[{"embeddable":true,"href":"https:\/\/agora.xtec.cat\/inselcairat\/wp-json\/wp\/v2\/comments?post=7893"}],"version-history":[{"count":5,"href":"https:\/\/agora.xtec.cat\/inselcairat\/wp-json\/wp\/v2\/pages\/7893\/revisions"}],"predecessor-version":[{"id":16281,"href":"https:\/\/agora.xtec.cat\/inselcairat\/wp-json\/wp\/v2\/pages\/7893\/revisions\/16281"}],"up":[{"embeddable":true,"href":"https:\/\/agora.xtec.cat\/inselcairat\/wp-json\/wp\/v2\/pages\/7852"}],"wp:attachment":[{"href":"https:\/\/agora.xtec.cat\/inselcairat\/wp-json\/wp\/v2\/media?parent=7893"}],"curies":[{"name":"wp","href":"https:\/\/api.w.org\/{rel}","templated":true}]}}