{"id":6816,"date":"2019-11-05T15:05:27","date_gmt":"2019-11-05T14:05:27","guid":{"rendered":"http:\/\/agora.xtec.cat\/inselcairat\/?page_id=6816"},"modified":"2020-03-05T10:13:13","modified_gmt":"2020-03-05T09:13:13","slug":"avancem-ensenyament-i-aprenentatge-integrat-de-les-llengues","status":"publish","type":"page","link":"https:\/\/agora.xtec.cat\/inselcairat\/avancem-ensenyament-i-aprenentatge-integrat-de-les-llengues\/","title":{"rendered":"AVANCEM: Ensenyament i Aprenentatge Integrat de les Lleng\u00fces"},"content":{"rendered":"<p style=\"text-align: justify;\">El Cairat s&#8217;inicia en el curs 2019-20 en el projecte d&#8217;ensenyament integrat de les lleng\u00fces &#8220;Avancem&#8221;, que tindr\u00e0 una durada de tres cursos.<\/p>\n<p style=\"text-align: justify;\">&#8220;Avancem&#8221; \u00e9s un programa d&#8217;innovaci\u00f3 pedag\u00f2gica que t\u00e9 un doble objectiu:<img loading=\"lazy\" decoding=\"async\" class=\"wp-image-6821 alignright\" src=\"https:\/\/agora.xtec.cat\/inselcairat\/wp-content\/uploads\/usu287\/2019\/11\/avancem1.jpeg\" alt=\"\" width=\"379\" height=\"223\" srcset=\"https:\/\/agora.xtec.cat\/inselcairat\/wp-content\/uploads\/usu287\/2019\/11\/avancem1.jpeg 1664w, https:\/\/agora.xtec.cat\/inselcairat\/wp-content\/uploads\/usu287\/2019\/11\/avancem1-300x177.jpeg 300w, https:\/\/agora.xtec.cat\/inselcairat\/wp-content\/uploads\/usu287\/2019\/11\/avancem1-768x453.jpeg 768w, https:\/\/agora.xtec.cat\/inselcairat\/wp-content\/uploads\/usu287\/2019\/11\/avancem1-1024x604.jpeg 1024w\" sizes=\"auto, (max-width: 379px) 100vw, 379px\" \/><\/p>\n<p style=\"text-align: justify;\"><span style=\"font-family: arial, sans-serif;\">\u00a0 \u00a0* Refor\u00e7ar la compet\u00e8ncia pluriling\u00fce dels alumnes perqu\u00e8 l&#8217;\u00fas de qualsevol llengua curricular del centre els obri\u00a0 portes a comunicar-se arreu i amb tothom.<\/span><\/p>\n<p style=\"text-align: justify;\"><span style=\"font-family: arial, sans-serif;\">\u00a0* Implementar un ensenyament competencial de les lleng\u00fces que prioritzi el &#8220;saber comunicar-se&#8221; i que incentivi\u00a0 la col\u00b7laboraci\u00f3 i el treball coordinat entre els docents de l&#8217;\u00e0mbit de lleng\u00fces.<\/span><\/p>\n<p style=\"text-align: justify;\"><span style=\"font-family: arial, sans-serif;\">En aquest espai web trobareu un seguiment de les activitats que anirem realitzant per assolir la nostra fita.<br \/>\n<\/span><\/p>\n<p style=\"text-align: justify;\"><span style=\"font-family: arial, sans-serif;\">Avancem per millorar la capacitat de comunicaci\u00f3 del nostre alumnat.<\/span><\/p>\n<p>Per a m\u00e9s informaci\u00f3 podeu consultar el web del programa <a href=\"https:\/\/projectes.xtec.cat\/avancem\/?_ga=2.117593166.653917691.1583395974-1165724987.1556713697\" target=\"_blank\" rel=\"noopener noreferrer\"><strong>Avancem<\/strong><\/a>.<\/p>\n<p><img loading=\"lazy\" decoding=\"async\" class=\"aligncenter size-full wp-image-6931\" src=\"https:\/\/agora.xtec.cat\/inselcairat\/wp-content\/uploads\/usu287\/2019\/11\/IMG-20191118-WA0004.jpg\" alt=\"\" width=\"1024\" height=\"768\" srcset=\"https:\/\/agora.xtec.cat\/inselcairat\/wp-content\/uploads\/usu287\/2019\/11\/IMG-20191118-WA0004.jpg 1024w, https:\/\/agora.xtec.cat\/inselcairat\/wp-content\/uploads\/usu287\/2019\/11\/IMG-20191118-WA0004-300x225.jpg 300w, https:\/\/agora.xtec.cat\/inselcairat\/wp-content\/uploads\/usu287\/2019\/11\/IMG-20191118-WA0004-768x576.jpg 768w, https:\/\/agora.xtec.cat\/inselcairat\/wp-content\/uploads\/usu287\/2019\/11\/IMG-20191118-WA0004-200x150.jpg 200w\" sizes=\"auto, (max-width: 1024px) 100vw, 1024px\" \/><\/p>\n","protected":false},"excerpt":{"rendered":"<p>El Cairat s&#8217;inicia en el curs 2019-20 en el projecte d&#8217;ensenyament integrat de les lleng\u00fces &#8220;Avancem&#8221;, que tindr\u00e0 una durada de tres cursos. &#8220;Avancem&#8221; \u00e9s un programa d&#8217;innovaci\u00f3 pedag\u00f2gica que t\u00e9 un doble objectiu: \u00a0 \u00a0* Refor\u00e7ar la compet\u00e8ncia pluriling\u00fce dels alumnes perqu\u00e8 l&#8217;\u00fas de qualsevol llengua curricular del centre els obri\u00a0 portes a comunicar-se [&hellip;]<\/p>\n","protected":false},"author":1,"featured_media":0,"parent":0,"menu_order":0,"comment_status":"closed","ping_status":"closed","template":"","meta":{"_bbp_topic_count":0,"_bbp_reply_count":0,"_bbp_total_topic_count":0,"_bbp_total_reply_count":0,"_bbp_voice_count":0,"_bbp_anonymous_reply_count":0,"_bbp_topic_count_hidden":0,"_bbp_reply_count_hidden":0,"_bbp_forum_subforum_count":0,"site-sidebar-layout":"default","site-content-layout":"","ast-site-content-layout":"","site-content-style":"default","site-sidebar-style":"default","ast-global-header-display":"","ast-banner-title-visibility":"","ast-main-header-display":"","ast-hfb-above-header-display":"","ast-hfb-below-header-display":"","ast-hfb-mobile-header-display":"","site-post-title":"","ast-breadcrumbs-content":"","ast-featured-img":"","footer-sml-layout":"","theme-transparent-header-meta":"","adv-header-id-meta":"","stick-header-meta":"","header-above-stick-meta":"","header-main-stick-meta":"","header-below-stick-meta":"","astra-migrate-meta-layouts":"default","ast-page-background-enabled":"default","ast-page-background-meta":{"desktop":{"background-color":"var(--ast-global-color-4)","background-image":"","background-repeat":"repeat","background-position":"center center","background-size":"auto","background-attachment":"scroll","background-type":"","background-media":"","overlay-type":"","overlay-color":"","overlay-opacity":"","overlay-gradient":""},"tablet":{"background-color":"","background-image":"","background-repeat":"repeat","background-position":"center center","background-size":"auto","background-attachment":"scroll","background-type":"","background-media":"","overlay-type":"","overlay-color":"","overlay-opacity":"","overlay-gradient":""},"mobile":{"background-color":"","background-image":"","background-repeat":"repeat","background-position":"center center","background-size":"auto","background-attachment":"scroll","background-type":"","background-media":"","overlay-type":"","overlay-color":"","overlay-opacity":"","overlay-gradient":""}},"ast-content-background-meta":{"desktop":{"background-color":"var(--ast-global-color-5)","background-image":"","background-repeat":"repeat","background-position":"center center","background-size":"auto","background-attachment":"scroll","background-type":"","background-media":"","overlay-type":"","overlay-color":"","overlay-opacity":"","overlay-gradient":""},"tablet":{"background-color":"var(--ast-global-color-5)","background-image":"","background-repeat":"repeat","background-position":"center center","background-size":"auto","background-attachment":"scroll","background-type":"","background-media":"","overlay-type":"","overlay-color":"","overlay-opacity":"","overlay-gradient":""},"mobile":{"background-color":"var(--ast-global-color-5)","background-image":"","background-repeat":"repeat","background-position":"center center","background-size":"auto","background-attachment":"scroll","background-type":"","background-media":"","overlay-type":"","overlay-color":"","overlay-opacity":"","overlay-gradient":""}},"footnotes":""},"class_list":["post-6816","page","type-page","status-publish","hentry"],"post_mailing_queue_ids":[],"_links":{"self":[{"href":"https:\/\/agora.xtec.cat\/inselcairat\/wp-json\/wp\/v2\/pages\/6816","targetHints":{"allow":["GET"]}}],"collection":[{"href":"https:\/\/agora.xtec.cat\/inselcairat\/wp-json\/wp\/v2\/pages"}],"about":[{"href":"https:\/\/agora.xtec.cat\/inselcairat\/wp-json\/wp\/v2\/types\/page"}],"author":[{"embeddable":true,"href":"https:\/\/agora.xtec.cat\/inselcairat\/wp-json\/wp\/v2\/users\/1"}],"replies":[{"embeddable":true,"href":"https:\/\/agora.xtec.cat\/inselcairat\/wp-json\/wp\/v2\/comments?post=6816"}],"version-history":[{"count":3,"href":"https:\/\/agora.xtec.cat\/inselcairat\/wp-json\/wp\/v2\/pages\/6816\/revisions"}],"predecessor-version":[{"id":7233,"href":"https:\/\/agora.xtec.cat\/inselcairat\/wp-json\/wp\/v2\/pages\/6816\/revisions\/7233"}],"wp:attachment":[{"href":"https:\/\/agora.xtec.cat\/inselcairat\/wp-json\/wp\/v2\/media?parent=6816"}],"curies":[{"name":"wp","href":"https:\/\/api.w.org\/{rel}","templated":true}]}}