{"id":6719,"date":"2019-10-07T19:38:06","date_gmt":"2019-10-07T17:38:06","guid":{"rendered":"http:\/\/agora.xtec.cat\/inselcairat\/?page_id=6719"},"modified":"2024-05-08T12:54:58","modified_gmt":"2024-05-08T10:54:58","slug":"equips-directius","status":"publish","type":"page","link":"https:\/\/agora.xtec.cat\/inselcairat\/linstitut\/equips-directius\/","title":{"rendered":"Equips directius"},"content":{"rendered":"<blockquote><p><strong>L&#8217;ess\u00e8ncia de l&#8217;\u00e8xit ve donada pel capital hum\u00e0.<\/strong><\/p><\/blockquote>\n<p><strong>L\u2019institut El Cairat<\/strong> va iniciar-se com a <strong>centre de la Generalitat de Catalunya<\/strong> al <strong>curs 1983-1984<\/strong>. Fem un especial <strong>reconeixement<\/strong> als <strong>equips directius<\/strong> que han estat al<strong> capdavant<\/strong> de l&#8217;institut <strong>des del 1983<\/strong>.<\/p>\n<hr \/>\n<h3>Directora <strong>Laura Ayuso P\u00e9rez<\/strong> &#8211; Per\u00edode 2023-2027<\/h3>\n<hr \/>\n<p><img loading=\"lazy\" decoding=\"async\" class=\"aligncenter wp-image-13656 size-large\" src=\"https:\/\/agora.xtec.cat\/inselcairat\/wp-content\/uploads\/usu287\/2024\/05\/IMG_4426-e1715163893584-1024x548.jpg\" alt=\"\" width=\"1024\" height=\"548\" srcset=\"https:\/\/agora.xtec.cat\/inselcairat\/wp-content\/uploads\/usu287\/2024\/05\/IMG_4426-e1715163893584-1024x548.jpg 1024w, https:\/\/agora.xtec.cat\/inselcairat\/wp-content\/uploads\/usu287\/2024\/05\/IMG_4426-e1715163893584-300x160.jpg 300w, https:\/\/agora.xtec.cat\/inselcairat\/wp-content\/uploads\/usu287\/2024\/05\/IMG_4426-e1715163893584-768x411.jpg 768w, https:\/\/agora.xtec.cat\/inselcairat\/wp-content\/uploads\/usu287\/2024\/05\/IMG_4426-e1715163893584.jpg 1412w\" sizes=\"auto, (max-width: 1024px) 100vw, 1024px\" \/><\/p>\n<table class=\" aligncenter\" style=\"border-style: hidden;\">\n<tbody>\n<tr>\n<td style=\"width: 50%; border-style: hidden;\"><img loading=\"lazy\" decoding=\"async\" class=\"aligncenter wp-image-13657 size-large\" src=\"https:\/\/agora.xtec.cat\/inselcairat\/wp-content\/uploads\/usu287\/2024\/05\/IMG_4422-1024x768.jpg\" alt=\"\" width=\"1024\" height=\"768\" srcset=\"https:\/\/agora.xtec.cat\/inselcairat\/wp-content\/uploads\/usu287\/2024\/05\/IMG_4422-1024x768.jpg 1024w, https:\/\/agora.xtec.cat\/inselcairat\/wp-content\/uploads\/usu287\/2024\/05\/IMG_4422-300x225.jpg 300w, https:\/\/agora.xtec.cat\/inselcairat\/wp-content\/uploads\/usu287\/2024\/05\/IMG_4422-768x576.jpg 768w, https:\/\/agora.xtec.cat\/inselcairat\/wp-content\/uploads\/usu287\/2024\/05\/IMG_4422-200x150.jpg 200w, https:\/\/agora.xtec.cat\/inselcairat\/wp-content\/uploads\/usu287\/2024\/05\/IMG_4422.jpg 1412w\" sizes=\"auto, (max-width: 1024px) 100vw, 1024px\" \/><\/td>\n<td style=\"width: 50%; border-style: hidden;\"><img loading=\"lazy\" decoding=\"async\" class=\"alignleft wp-image-13666 size-large\" src=\"https:\/\/agora.xtec.cat\/inselcairat\/wp-content\/uploads\/usu287\/2024\/05\/bla-1024x769.jpg\" alt=\"\" width=\"1024\" height=\"769\" srcset=\"https:\/\/agora.xtec.cat\/inselcairat\/wp-content\/uploads\/usu287\/2024\/05\/bla-1024x769.jpg 1024w, https:\/\/agora.xtec.cat\/inselcairat\/wp-content\/uploads\/usu287\/2024\/05\/bla-300x225.jpg 300w, https:\/\/agora.xtec.cat\/inselcairat\/wp-content\/uploads\/usu287\/2024\/05\/bla-768x577.jpg 768w, https:\/\/agora.xtec.cat\/inselcairat\/wp-content\/uploads\/usu287\/2024\/05\/bla-200x150.jpg 200w, https:\/\/agora.xtec.cat\/inselcairat\/wp-content\/uploads\/usu287\/2024\/05\/bla.jpg 1210w\" sizes=\"auto, (max-width: 1024px) 100vw, 1024px\" \/><\/td>\n<\/tr>\n<\/tbody>\n<\/table>\n<hr \/>\n<h4>Directora <strong>Laura Ayuso P\u00e9rez<\/strong> &#8211; Per\u00edode 2019-2023<\/h4>\n<hr \/>\n<h4><strong><img loading=\"lazy\" decoding=\"async\" class=\"aligncenter wp-image-7872 size-large\" src=\"https:\/\/agora.xtec.cat\/inselcairat\/wp-content\/uploads\/usu287\/2020\/09\/WhatsApp-Image-2020-09-20-at-16.28.20-e1715163936818-1024x626.jpeg\" alt=\"\" width=\"1024\" height=\"626\" srcset=\"https:\/\/agora.xtec.cat\/inselcairat\/wp-content\/uploads\/usu287\/2020\/09\/WhatsApp-Image-2020-09-20-at-16.28.20-e1715163936818-1024x626.jpeg 1024w, https:\/\/agora.xtec.cat\/inselcairat\/wp-content\/uploads\/usu287\/2020\/09\/WhatsApp-Image-2020-09-20-at-16.28.20-e1715163936818-300x183.jpeg 300w, https:\/\/agora.xtec.cat\/inselcairat\/wp-content\/uploads\/usu287\/2020\/09\/WhatsApp-Image-2020-09-20-at-16.28.20-e1715163936818-768x469.jpeg 768w, https:\/\/agora.xtec.cat\/inselcairat\/wp-content\/uploads\/usu287\/2020\/09\/WhatsApp-Image-2020-09-20-at-16.28.20-e1715163936818-1536x939.jpeg 1536w, https:\/\/agora.xtec.cat\/inselcairat\/wp-content\/uploads\/usu287\/2020\/09\/WhatsApp-Image-2020-09-20-at-16.28.20-e1715163936818.jpeg 1600w\" sizes=\"auto, (max-width: 1024px) 100vw, 1024px\" \/><\/strong><\/h4>\n<table style=\"width: 99.8832%; border-style: hidden;\">\n<tbody>\n<tr>\n<td style=\"width: 52.1687%; border-style: hidden;\"><img loading=\"lazy\" decoding=\"async\" class=\"aligncenter wp-image-7875 size-full\" src=\"https:\/\/agora.xtec.cat\/inselcairat\/wp-content\/uploads\/usu287\/2020\/09\/WhatsApp-Image-2020-09-20-at-16.29.07-2.jpeg\" alt=\"\" width=\"2761\" height=\"1536\" srcset=\"https:\/\/agora.xtec.cat\/inselcairat\/wp-content\/uploads\/usu287\/2020\/09\/WhatsApp-Image-2020-09-20-at-16.29.07-2.jpeg 2761w, https:\/\/agora.xtec.cat\/inselcairat\/wp-content\/uploads\/usu287\/2020\/09\/WhatsApp-Image-2020-09-20-at-16.29.07-2-300x167.jpeg 300w, https:\/\/agora.xtec.cat\/inselcairat\/wp-content\/uploads\/usu287\/2020\/09\/WhatsApp-Image-2020-09-20-at-16.29.07-2-768x427.jpeg 768w, https:\/\/agora.xtec.cat\/inselcairat\/wp-content\/uploads\/usu287\/2020\/09\/WhatsApp-Image-2020-09-20-at-16.29.07-2-1024x570.jpeg 1024w\" sizes=\"auto, (max-width: 2761px) 100vw, 2761px\" \/><\/td>\n<td style=\"width: 88.6639%; border-style: hidden;\"><img loading=\"lazy\" decoding=\"async\" class=\"aligncenter wp-image-7870 size-full\" src=\"https:\/\/agora.xtec.cat\/inselcairat\/wp-content\/uploads\/usu287\/2020\/09\/WhatsApp-Image-2020-09-20-at-16.29.50-e1714326765605.jpeg\" alt=\"\" width=\"2048\" height=\"1242\" srcset=\"https:\/\/agora.xtec.cat\/inselcairat\/wp-content\/uploads\/usu287\/2020\/09\/WhatsApp-Image-2020-09-20-at-16.29.50-e1714326765605.jpeg 2048w, https:\/\/agora.xtec.cat\/inselcairat\/wp-content\/uploads\/usu287\/2020\/09\/WhatsApp-Image-2020-09-20-at-16.29.50-e1714326765605-300x182.jpeg 300w, https:\/\/agora.xtec.cat\/inselcairat\/wp-content\/uploads\/usu287\/2020\/09\/WhatsApp-Image-2020-09-20-at-16.29.50-e1714326765605-768x466.jpeg 768w, https:\/\/agora.xtec.cat\/inselcairat\/wp-content\/uploads\/usu287\/2020\/09\/WhatsApp-Image-2020-09-20-at-16.29.50-e1714326765605-1024x621.jpeg 1024w, https:\/\/agora.xtec.cat\/inselcairat\/wp-content\/uploads\/usu287\/2020\/09\/WhatsApp-Image-2020-09-20-at-16.29.50-e1714326765605-1536x932.jpeg 1536w\" sizes=\"auto, (max-width: 2048px) 100vw, 2048px\" \/><\/td>\n<\/tr>\n<\/tbody>\n<\/table>\n<hr \/>\n<h4>Directora <strong>Patricia Moreno Qui\u00f1ones<\/strong> &#8211; Per\u00edode 2015-2019<\/h4>\n<hr \/>\n<table style=\"border-collapse: collapse; width: 100%;\">\n<tbody>\n<tr>\n<td style=\"width: 50%; background-color: #ffffff; border-style: hidden;\"><img loading=\"lazy\" decoding=\"async\" class=\"wp-image-6725\" src=\"https:\/\/agora.xtec.cat\/inselcairat\/wp-content\/uploads\/usu287\/2019\/10\/28_06_2019_red-e1715079010720-300x194.jpg\" alt=\"\" width=\"500\" height=\"323\" srcset=\"https:\/\/agora.xtec.cat\/inselcairat\/wp-content\/uploads\/usu287\/2019\/10\/28_06_2019_red-e1715079010720-300x194.jpg 300w, https:\/\/agora.xtec.cat\/inselcairat\/wp-content\/uploads\/usu287\/2019\/10\/28_06_2019_red-e1715079010720-768x497.jpg 768w, https:\/\/agora.xtec.cat\/inselcairat\/wp-content\/uploads\/usu287\/2019\/10\/28_06_2019_red-e1715079010720.jpg 1024w\" sizes=\"auto, (max-width: 500px) 100vw, 500px\" \/><\/td>\n<td style=\"width: 50%; background-color: #ffffff; border-style: hidden;\"><img loading=\"lazy\" decoding=\"async\" class=\"wp-image-6785\" src=\"https:\/\/agora.xtec.cat\/inselcairat\/wp-content\/uploads\/usu287\/2019\/10\/ED_juny_2017_red-1024x680.jpg\" alt=\"\" width=\"500\" height=\"332\" srcset=\"https:\/\/agora.xtec.cat\/inselcairat\/wp-content\/uploads\/usu287\/2019\/10\/ED_juny_2017_red.jpg 1024w, https:\/\/agora.xtec.cat\/inselcairat\/wp-content\/uploads\/usu287\/2019\/10\/ED_juny_2017_red-300x199.jpg 300w, https:\/\/agora.xtec.cat\/inselcairat\/wp-content\/uploads\/usu287\/2019\/10\/ED_juny_2017_red-768x510.jpg 768w\" sizes=\"auto, (max-width: 500px) 100vw, 500px\" \/><\/td>\n<\/tr>\n<tr>\n<td style=\"width: 50%; background-color: #ffffff; border-style: hidden;\"><img loading=\"lazy\" decoding=\"async\" class=\"wp-image-6786\" src=\"https:\/\/agora.xtec.cat\/inselcairat\/wp-content\/uploads\/usu287\/2019\/10\/ED_juny_2016_red-e1715079122980-300x192.jpg\" alt=\"\" width=\"500\" height=\"320\" srcset=\"https:\/\/agora.xtec.cat\/inselcairat\/wp-content\/uploads\/usu287\/2019\/10\/ED_juny_2016_red-e1715079122980-300x192.jpg 300w, https:\/\/agora.xtec.cat\/inselcairat\/wp-content\/uploads\/usu287\/2019\/10\/ED_juny_2016_red-e1715079122980-768x491.jpg 768w, https:\/\/agora.xtec.cat\/inselcairat\/wp-content\/uploads\/usu287\/2019\/10\/ED_juny_2016_red-e1715079122980.jpg 1024w\" sizes=\"auto, (max-width: 500px) 100vw, 500px\" \/><\/td>\n<td style=\"width: 50%; background-color: #ffffff; border-style: hidden;\"><img loading=\"lazy\" decoding=\"async\" class=\"wp-image-6787\" src=\"https:\/\/agora.xtec.cat\/inselcairat\/wp-content\/uploads\/usu287\/2019\/10\/Claustre_2017_red-e1715079292695-300x191.jpg\" alt=\"\" width=\"500\" height=\"318\" srcset=\"https:\/\/agora.xtec.cat\/inselcairat\/wp-content\/uploads\/usu287\/2019\/10\/Claustre_2017_red-e1715079292695-300x191.jpg 300w, https:\/\/agora.xtec.cat\/inselcairat\/wp-content\/uploads\/usu287\/2019\/10\/Claustre_2017_red-e1715079292695-768x488.jpg 768w, https:\/\/agora.xtec.cat\/inselcairat\/wp-content\/uploads\/usu287\/2019\/10\/Claustre_2017_red-e1715079292695.jpg 1024w\" sizes=\"auto, (max-width: 500px) 100vw, 500px\" \/><\/td>\n<\/tr>\n<\/tbody>\n<\/table>\n<hr \/>\n<h4>Director<strong> Josep Maria Cobo<\/strong><strong>s Hern\u00e1ndez<\/strong> &#8211; Per\u00edode 2002-2014<\/h4>\n<hr \/>\n<table style=\"width: 100%; border-collapse: collapse; border-style: hidden;\">\n<tbody>\n<tr>\n<td style=\"width: 50%; border-style: hidden;\"><img loading=\"lazy\" decoding=\"async\" class=\"aligncenter size-full wp-image-6731\" src=\"https:\/\/agora.xtec.cat\/inselcairat\/wp-content\/uploads\/usu287\/2019\/10\/claustre3_2009_2010.jpg\" alt=\"\" width=\"1135\" height=\"754\" srcset=\"https:\/\/agora.xtec.cat\/inselcairat\/wp-content\/uploads\/usu287\/2019\/10\/claustre3_2009_2010.jpg 1135w, https:\/\/agora.xtec.cat\/inselcairat\/wp-content\/uploads\/usu287\/2019\/10\/claustre3_2009_2010-300x199.jpg 300w, https:\/\/agora.xtec.cat\/inselcairat\/wp-content\/uploads\/usu287\/2019\/10\/claustre3_2009_2010-768x510.jpg 768w, https:\/\/agora.xtec.cat\/inselcairat\/wp-content\/uploads\/usu287\/2019\/10\/claustre3_2009_2010-1024x680.jpg 1024w\" sizes=\"auto, (max-width: 1135px) 100vw, 1135px\" \/><\/td>\n<td style=\"width: 50%; border-style: hidden;\"><img loading=\"lazy\" decoding=\"async\" class=\"aligncenter size-full wp-image-6732\" src=\"https:\/\/agora.xtec.cat\/inselcairat\/wp-content\/uploads\/usu287\/2019\/10\/claustre2_2009_2010.jpg\" alt=\"\" width=\"1135\" height=\"754\" srcset=\"https:\/\/agora.xtec.cat\/inselcairat\/wp-content\/uploads\/usu287\/2019\/10\/claustre2_2009_2010.jpg 1135w, https:\/\/agora.xtec.cat\/inselcairat\/wp-content\/uploads\/usu287\/2019\/10\/claustre2_2009_2010-300x199.jpg 300w, https:\/\/agora.xtec.cat\/inselcairat\/wp-content\/uploads\/usu287\/2019\/10\/claustre2_2009_2010-768x510.jpg 768w, https:\/\/agora.xtec.cat\/inselcairat\/wp-content\/uploads\/usu287\/2019\/10\/claustre2_2009_2010-1024x680.jpg 1024w\" sizes=\"auto, (max-width: 1135px) 100vw, 1135px\" \/><\/td>\n<\/tr>\n<tr>\n<td style=\"width: 50%; border-style: hidden; background-color: #ffffff;\"><img loading=\"lazy\" decoding=\"async\" class=\"aligncenter wp-image-6728\" src=\"https:\/\/agora.xtec.cat\/inselcairat\/wp-content\/uploads\/usu287\/2019\/10\/Alfred_Equip-directiu_14_15.jpg\" alt=\"\" width=\"627\" height=\"784\" srcset=\"https:\/\/agora.xtec.cat\/inselcairat\/wp-content\/uploads\/usu287\/2019\/10\/Alfred_Equip-directiu_14_15.jpg 756w, https:\/\/agora.xtec.cat\/inselcairat\/wp-content\/uploads\/usu287\/2019\/10\/Alfred_Equip-directiu_14_15-240x300.jpg 240w\" sizes=\"auto, (max-width: 627px) 100vw, 627px\" \/><\/td>\n<td style=\"width: 50%; border-style: hidden; background-color: #ffffff;\"><img loading=\"lazy\" decoding=\"async\" class=\"aligncenter size-full wp-image-6772\" src=\"https:\/\/agora.xtec.cat\/inselcairat\/wp-content\/uploads\/usu287\/2019\/10\/Equip-directiu_2011_2012_red.jpg\" alt=\"\" width=\"448\" height=\"336\" srcset=\"https:\/\/agora.xtec.cat\/inselcairat\/wp-content\/uploads\/usu287\/2019\/10\/Equip-directiu_2011_2012_red.jpg 448w, https:\/\/agora.xtec.cat\/inselcairat\/wp-content\/uploads\/usu287\/2019\/10\/Equip-directiu_2011_2012_red-300x225.jpg 300w, https:\/\/agora.xtec.cat\/inselcairat\/wp-content\/uploads\/usu287\/2019\/10\/Equip-directiu_2011_2012_red-200x150.jpg 200w\" sizes=\"auto, (max-width: 448px) 100vw, 448px\" \/><\/td>\n<\/tr>\n<tr>\n<td style=\"width: 50%; border-style: hidden;\"><img loading=\"lazy\" decoding=\"async\" class=\"wp-image-6788 aligncenter\" src=\"https:\/\/agora.xtec.cat\/inselcairat\/wp-content\/uploads\/usu287\/2019\/10\/Trasp\u00e0s_JM_Pat_red.jpg\" alt=\"\" width=\"500\" height=\"375\" srcset=\"https:\/\/agora.xtec.cat\/inselcairat\/wp-content\/uploads\/usu287\/2019\/10\/Trasp\u00e0s_JM_Pat_red.jpg 1024w, https:\/\/agora.xtec.cat\/inselcairat\/wp-content\/uploads\/usu287\/2019\/10\/Trasp\u00e0s_JM_Pat_red-300x225.jpg 300w, https:\/\/agora.xtec.cat\/inselcairat\/wp-content\/uploads\/usu287\/2019\/10\/Trasp\u00e0s_JM_Pat_red-768x576.jpg 768w, https:\/\/agora.xtec.cat\/inselcairat\/wp-content\/uploads\/usu287\/2019\/10\/Trasp\u00e0s_JM_Pat_red-200x150.jpg 200w\" sizes=\"auto, (max-width: 500px) 100vw, 500px\" \/><\/td>\n<td style=\"width: 50%; border-style: hidden;\"><img loading=\"lazy\" decoding=\"async\" class=\"wp-image-6748 aligncenter\" src=\"https:\/\/agora.xtec.cat\/inselcairat\/wp-content\/uploads\/usu287\/2019\/10\/JMCobos_red.jpg\" alt=\"\" width=\"500\" height=\"372\" srcset=\"https:\/\/agora.xtec.cat\/inselcairat\/wp-content\/uploads\/usu287\/2019\/10\/JMCobos_red.jpg 448w, https:\/\/agora.xtec.cat\/inselcairat\/wp-content\/uploads\/usu287\/2019\/10\/JMCobos_red-300x223.jpg 300w, https:\/\/agora.xtec.cat\/inselcairat\/wp-content\/uploads\/usu287\/2019\/10\/JMCobos_red-200x150.jpg 200w\" sizes=\"auto, (max-width: 500px) 100vw, 500px\" \/><\/td>\n<\/tr>\n<\/tbody>\n<\/table>\n<p>&nbsp;<\/p>\n<hr \/>\n<h4>Director<strong> Francesc Soler Bayona<\/strong> &#8211; Per\u00edode 1989-1992 \/ 1998-2002<\/h4>\n<hr \/>\n<p><img loading=\"lazy\" decoding=\"async\" class=\"aligncenter wp-image-6744\" src=\"https:\/\/agora.xtec.cat\/inselcairat\/wp-content\/uploads\/usu287\/2019\/10\/QuicoSoler__.jpg\" alt=\"\" width=\"250\" height=\"316\" srcset=\"https:\/\/agora.xtec.cat\/inselcairat\/wp-content\/uploads\/usu287\/2019\/10\/QuicoSoler__.jpg 1897w, https:\/\/agora.xtec.cat\/inselcairat\/wp-content\/uploads\/usu287\/2019\/10\/QuicoSoler__-238x300.jpg 238w, https:\/\/agora.xtec.cat\/inselcairat\/wp-content\/uploads\/usu287\/2019\/10\/QuicoSoler__-768x969.jpg 768w, https:\/\/agora.xtec.cat\/inselcairat\/wp-content\/uploads\/usu287\/2019\/10\/QuicoSoler__-812x1024.jpg 812w\" sizes=\"auto, (max-width: 250px) 100vw, 250px\" \/><\/p>\n<p>&nbsp;<\/p>\n<hr \/>\n<h4>Directora<strong> Carme Solsona Sorrosal<\/strong> &#8211; Per\u00edode 1995-1996<\/h4>\n<hr \/>\n<h4>Director<strong> Adolf Cortel Ortu\u00f1o<\/strong> &#8211; Per\u00edode 1994-1995<\/h4>\n<hr \/>\n<h4>Director<strong> Llu\u00eds Montserrat Sangr\u00e0<\/strong> &#8211; Per\u00edode 1992-1994<\/h4>\n<hr \/>\n<h4>Director<strong> Jos\u00e9 Miguel Arellano D\u00edaz<\/strong> &#8211; Per\u00edode 1986-1989<\/h4>\n<hr \/>\n<h4>Director<strong> Carles Serrat Pi\u00e9<\/strong> &#8211; Per\u00edode 1985-1986<\/h4>\n<hr \/>\n<h4>Director<strong> Urbano fern\u00e1ndez P\u00e9rez<\/strong> &#8211; Per\u00edode 1984-1985<\/h4>\n<hr \/>\n<h4>Director<strong> Francesc de Borja Aragay Prades<\/strong> &#8211; Per\u00edode 1983-1984<\/h4>\n<hr \/>\n<p>&nbsp;<\/p>\n","protected":false},"excerpt":{"rendered":"<p>L&#8217;ess\u00e8ncia de l&#8217;\u00e8xit ve donada pel capital hum\u00e0. L\u2019institut El Cairat va iniciar-se com a centre de la Generalitat de Catalunya al curs 1983-1984. Fem un especial reconeixement als equips directius que han estat al capdavant de l&#8217;institut des del 1983. Directora Laura Ayuso P\u00e9rez &#8211; Per\u00edode 2023-2027 Directora Laura Ayuso P\u00e9rez &#8211; Per\u00edode 2019-2023 [&hellip;]<\/p>\n","protected":false},"author":1,"featured_media":0,"parent":19,"menu_order":3,"comment_status":"closed","ping_status":"closed","template":"","meta":{"_bbp_topic_count":0,"_bbp_reply_count":0,"_bbp_total_topic_count":0,"_bbp_total_reply_count":0,"_bbp_voice_count":0,"_bbp_anonymous_reply_count":0,"_bbp_topic_count_hidden":0,"_bbp_reply_count_hidden":0,"_bbp_forum_subforum_count":0,"site-sidebar-layout":"default","site-content-layout":"","ast-site-content-layout":"","site-content-style":"default","site-sidebar-style":"default","ast-global-header-display":"","ast-banner-title-visibility":"","ast-main-header-display":"","ast-hfb-above-header-display":"","ast-hfb-below-header-display":"","ast-hfb-mobile-header-display":"","site-post-title":"","ast-breadcrumbs-content":"","ast-featured-img":"","footer-sml-layout":"","theme-transparent-header-meta":"","adv-header-id-meta":"","stick-header-meta":"","header-above-stick-meta":"","header-main-stick-meta":"","header-below-stick-meta":"","astra-migrate-meta-layouts":"default","ast-page-background-enabled":"default","ast-page-background-meta":{"desktop":{"background-color":"var(--ast-global-color-4)","background-image":"","background-repeat":"repeat","background-position":"center center","background-size":"auto","background-attachment":"scroll","background-type":"","background-media":"","overlay-type":"","overlay-color":"","overlay-opacity":"","overlay-gradient":""},"tablet":{"background-color":"","background-image":"","background-repeat":"repeat","background-position":"center center","background-size":"auto","background-attachment":"scroll","background-type":"","background-media":"","overlay-type":"","overlay-color":"","overlay-opacity":"","overlay-gradient":""},"mobile":{"background-color":"","background-image":"","background-repeat":"repeat","background-position":"center center","background-size":"auto","background-attachment":"scroll","background-type":"","background-media":"","overlay-type":"","overlay-color":"","overlay-opacity":"","overlay-gradient":""}},"ast-content-background-meta":{"desktop":{"background-color":"var(--ast-global-color-5)","background-image":"","background-repeat":"repeat","background-position":"center center","background-size":"auto","background-attachment":"scroll","background-type":"","background-media":"","overlay-type":"","overlay-color":"","overlay-opacity":"","overlay-gradient":""},"tablet":{"background-color":"var(--ast-global-color-5)","background-image":"","background-repeat":"repeat","background-position":"center center","background-size":"auto","background-attachment":"scroll","background-type":"","background-media":"","overlay-type":"","overlay-color":"","overlay-opacity":"","overlay-gradient":""},"mobile":{"background-color":"var(--ast-global-color-5)","background-image":"","background-repeat":"repeat","background-position":"center center","background-size":"auto","background-attachment":"scroll","background-type":"","background-media":"","overlay-type":"","overlay-color":"","overlay-opacity":"","overlay-gradient":""}},"footnotes":""},"class_list":["post-6719","page","type-page","status-publish","hentry"],"post_mailing_queue_ids":[],"_links":{"self":[{"href":"https:\/\/agora.xtec.cat\/inselcairat\/wp-json\/wp\/v2\/pages\/6719","targetHints":{"allow":["GET"]}}],"collection":[{"href":"https:\/\/agora.xtec.cat\/inselcairat\/wp-json\/wp\/v2\/pages"}],"about":[{"href":"https:\/\/agora.xtec.cat\/inselcairat\/wp-json\/wp\/v2\/types\/page"}],"author":[{"embeddable":true,"href":"https:\/\/agora.xtec.cat\/inselcairat\/wp-json\/wp\/v2\/users\/1"}],"replies":[{"embeddable":true,"href":"https:\/\/agora.xtec.cat\/inselcairat\/wp-json\/wp\/v2\/comments?post=6719"}],"version-history":[{"count":6,"href":"https:\/\/agora.xtec.cat\/inselcairat\/wp-json\/wp\/v2\/pages\/6719\/revisions"}],"predecessor-version":[{"id":16384,"href":"https:\/\/agora.xtec.cat\/inselcairat\/wp-json\/wp\/v2\/pages\/6719\/revisions\/16384"}],"up":[{"embeddable":true,"href":"https:\/\/agora.xtec.cat\/inselcairat\/wp-json\/wp\/v2\/pages\/19"}],"wp:attachment":[{"href":"https:\/\/agora.xtec.cat\/inselcairat\/wp-json\/wp\/v2\/media?parent=6719"}],"curies":[{"name":"wp","href":"https:\/\/api.w.org\/{rel}","templated":true}]}}