{"id":46,"date":"2014-09-17T16:53:45","date_gmt":"2014-09-17T14:53:45","guid":{"rendered":"http:\/\/agora.xtec.cat\/inselcairat\/\/?page_id=46"},"modified":"2026-03-12T08:44:25","modified_gmt":"2026-03-12T07:44:25","slug":"organigrama","status":"publish","type":"page","link":"https:\/\/agora.xtec.cat\/inselcairat\/linstitut\/organigrama\/","title":{"rendered":"Organigrama"},"content":{"rendered":"<p style=\"text-align: left;\"><strong>Equip directiu:<\/strong><\/p>\n<table style=\"width: 609px;\">\n<tbody>\n<tr bgcolor=\"#848484\">\n<td style=\"width: 180px;\"><strong>C\u00e0rrec<\/strong><\/td>\n<td style=\"width: 206px;\"><strong>Nom<\/strong><\/td>\n<td style=\"width: 213px;\"><strong>Especialitat<\/strong><\/td>\n<\/tr>\n<tr>\n<td style=\"width: 180px;\" bgcolor=\"#8181F7\">Directora<\/td>\n<td style=\"width: 206px;\"><strong>Laura Ayuso P\u00e9rez<\/strong><\/td>\n<td style=\"width: 213px;\"><strong>Socials\u00a0<\/strong>(departament d&#8217;Hist\u00f2ria i Filosofia)<\/td>\n<\/tr>\n<tr>\n<td style=\"width: 180px;\" bgcolor=\"#8181F7\">Cap d\u2019Estudis<\/td>\n<td style=\"width: 206px;\"><b>Arantxa Ruano<\/b><\/td>\n<td style=\"width: 213px;\"><strong>Matem\u00e0tiques\u00a0<\/strong>(departament de matem\u00e0tiques)<\/td>\n<\/tr>\n<tr>\n<td style=\"width: 180px;\" bgcolor=\"#8181F7\">Secret\u00e0ria<\/td>\n<td style=\"width: 206px;\"><strong>Jessica Trivi\u00f1o<\/strong><\/td>\n<td style=\"width: 213px;\"><strong>Tecnologia <\/strong>(departament Cientificotecnol\u00f2gic)<\/td>\n<\/tr>\n<tr>\n<td style=\"width: 180px;\" bgcolor=\"#8181F7\">Coordinadora pedag\u00f2gica<\/td>\n<td style=\"width: 206px;\"><strong>M\u00aaJos\u00e9 Rodr\u00edguez Mart\u00edn<\/strong><\/td>\n<td style=\"width: 213px;\"><strong>Angl\u00e8s <\/strong>(departament d&#8217;angl\u00e8s)<\/td>\n<\/tr>\n<tr>\n<td style=\"width: 180px;\" bgcolor=\"#8181F7\">Adjunt cap d\u2019estudis<\/td>\n<td style=\"width: 206px;\"><strong>Eva Palomas Bov\u00e9<\/strong><\/td>\n<td style=\"width: 213px;\"><strong>Catal\u00e0\u00a0<\/strong>(departament de llengua i literatura catalana)<\/td>\n<\/tr>\n<\/tbody>\n<\/table>\n<p><strong>Personal d&#8217;administraci\u00f3 i serveis:<\/strong><\/p>\n<table style=\"width: 462px;\">\n<tbody>\n<tr bgcolor=\"#848484\">\n<td style=\"width: 177.273px;\"><strong>C\u00e0rrec<\/strong><\/td>\n<td style=\"width: 277.273px;\"><strong>Nom<\/strong><\/td>\n<\/tr>\n<tr>\n<td style=\"width: 177.273px;\" bgcolor=\"#8181F7\">Consergeria<\/td>\n<td style=\"width: 277.273px;\"><strong>Cristina Bonfill Rocabert<\/strong><\/td>\n<\/tr>\n<tr>\n<td style=\"width: 177.273px;\" bgcolor=\"#8181F7\">Consergeria<\/td>\n<td style=\"width: 277.273px;\"><strong>Ramon Trilla Bordera<\/strong><\/td>\n<\/tr>\n<tr>\n<td style=\"width: 177.273px;\" bgcolor=\"#8181F7\">Administraci\u00f3<\/td>\n<td style=\"width: 277.273px;\"><strong>Laura Castro Pliego<\/strong><\/td>\n<\/tr>\n<tr>\n<td style=\"width: 177.273px;\" bgcolor=\"#8181F7\">Administraci\u00f3<\/td>\n<td style=\"width: 277.273px;\"><strong style=\"font-family: inherit; font-size: 1em;\">Ana Gordon Carmona<\/strong><\/td>\n<\/tr>\n<\/tbody>\n<\/table>\n<table style=\"width: 599px; border: 2px solid #8181f7;\">\n<tbody>\n<tr bgcolor=\"#848484\">\n<td style=\"width: 269.6px;\"><em>Professor<\/em><\/td>\n<td style=\"width: 320.8px;\"><em>Departament\u00a0 i Seminari<\/em><\/td>\n<\/tr>\n<tr>\n<td style=\"width: 269.6px;\" bgcolor=\"#8181F7\"><strong>Marta Giner<\/strong><\/td>\n<td style=\"width: 320.8px;\">Departament Lleng\u00fces estrangeres<\/td>\n<\/tr>\n<tr>\n<td style=\"width: 269.6px;\" bgcolor=\"#8181F7\"><b>Daniel Margarit<\/b><\/td>\n<td style=\"width: 320.8px;\">Departament d&#8217;Hist\u00f2ria i Filosofia<\/td>\n<\/tr>\n<tr>\n<td style=\"width: 269.6px;\" bgcolor=\"#8181F7\"><strong>Carlos Ler\u00eda<\/strong><\/td>\n<td style=\"width: 320.8px;\">Departament de Cientificotecnol\u00f2gic<\/td>\n<\/tr>\n<tr>\n<td style=\"width: 269.6px;\" bgcolor=\"#8181F7\"><strong>Jonatan D\u00edaz<\/strong><\/td>\n<td style=\"width: 320.8px;\">Departament de Lleng\u00fces<\/td>\n<\/tr>\n<tr>\n<td style=\"width: 269.6px;\" bgcolor=\"#8181F7\"><strong>N\u00faria Pascual<\/strong><\/td>\n<td style=\"width: 320.8px;\">Departament de Matem\u00e0tiques<\/td>\n<\/tr>\n<tr>\n<td style=\"width: 269.6px;\" bgcolor=\"#8181F7\"><strong>Susanna Fenoy<\/strong><\/td>\n<td style=\"width: 320.8px;\">Departament d\u2019Arts i Educaci\u00f3 F\u00edsica<\/td>\n<\/tr>\n<tr>\n<td style=\"width: 269.6px;\" bgcolor=\"#8181F7\"><strong>Alba Carrique<\/strong><\/td>\n<td style=\"width: 320.8px;\">Departament d\u2019Orientaci\u00f3 educativa<\/td>\n<\/tr>\n<\/tbody>\n<\/table>\n<p><strong style=\"font-family: inherit; font-size: 1em;\">Coordinacions:<\/strong><\/p>\n<table style=\"width: 70.5409%;\">\n<tbody>\n<tr bgcolor=\"#848484\">\n<td style=\"width: 29.8194%;\"><strong>C\u00e0rrec<\/strong><\/td>\n<td style=\"width: 25.3572%;\"><strong>Nom<\/strong><\/td>\n<td style=\"width: 115.43%;\"><strong>Especialitat<\/strong><\/td>\n<\/tr>\n<tr>\n<td style=\"width: 29.8194%;\" bgcolor=\"#8181F7\"><strong>Coordinadora 1r ESO<\/strong><\/td>\n<td style=\"width: 25.3572%;\"><b>Noel Esteller<\/b><\/td>\n<td style=\"width: 115.43%;\"><strong>Castell\u00e0\u00a0<\/strong>(Departament de Lleng\u00fces)<\/td>\n<\/tr>\n<tr>\n<td style=\"width: 29.8194%;\" bgcolor=\"#8181F7\"><strong>Coordinadora 2n ESO<\/strong><\/td>\n<td style=\"width: 25.3572%;\"><strong>Olga Capdevila<\/strong><\/td>\n<td style=\"width: 115.43%;\"><strong>Angl\u00e8s <\/strong>(Departament Lleng\u00fces estrangeres)<\/td>\n<\/tr>\n<tr>\n<td style=\"width: 29.8194%;\" bgcolor=\"#8181F7\"><strong>Coordinadora 3r ESO<\/strong><\/td>\n<td style=\"width: 25.3572%;\"><strong>Emma L\u00f3pez<\/strong><\/td>\n<td style=\"width: 115.43%;\"><strong>Catal\u00e0 <\/strong>(Departament de Lleng\u00fces)<\/td>\n<\/tr>\n<tr>\n<td style=\"width: 29.8194%;\" bgcolor=\"#8181F7\"><strong>Coordinadora 4t ESO<\/strong><\/td>\n<td style=\"width: 25.3572%;\"><strong>Susana Sandoval<\/strong><\/td>\n<td style=\"width: 115.43%;\"><strong>Biologia <\/strong>(Departament Cient\u00edfico-tecnol\u00f2gic)<\/td>\n<\/tr>\n<tr>\n<td style=\"width: 29.8194%;\" bgcolor=\"#8181F7\"><strong>Coordinadora Batxillerat<\/strong><\/td>\n<td style=\"width: 25.3572%;\"><strong>Ana Ros<\/strong><\/td>\n<td style=\"width: 115.43%;\"><strong>Angl\u00e8s <\/strong>(Departament Lleng\u00fces estrangeres)<\/td>\n<\/tr>\n<tr>\n<td style=\"width: 29.8194%;\" bgcolor=\"#8181F7\"><strong>Coordinadora L.I.C.<\/strong><\/td>\n<td style=\"width: 25.3572%;\"><strong>Isabel Jim\u00e9nez<\/strong><\/td>\n<td style=\"width: 115.43%;\"><strong>Angl\u00e8s <\/strong>(Departament Lleng\u00fces estrangeres)<\/td>\n<\/tr>\n<tr>\n<td style=\"width: 29.8194%;\" bgcolor=\"#8181F7\"><strong>Coordinadora Digital<\/strong><\/td>\n<td style=\"width: 25.3572%;\"><strong>N\u00faria Mon\u00e9s<\/strong><\/td>\n<td style=\"width: 115.43%;\"><strong>Socials <\/strong>(Departament d&#8217;Hist\u00f2ria i Filosofia)<\/td>\n<\/tr>\n<tr>\n<td style=\"width: 29.8194%;\" bgcolor=\"#8181F7\"><strong>Coordinador pla de l&#8217;esport<\/strong><\/td>\n<td style=\"width: 25.3572%;\"><strong>Gabriel Ram\u00edrez<\/strong><\/td>\n<td style=\"width: 115.43%;\"><strong>Educaci\u00f3 F\u00edsica <\/strong>(Departament d&#8217;Educaci\u00f3 F\u00edsica)<\/td>\n<\/tr>\n<tr>\n<td style=\"width: 29.8194%;\" bgcolor=\"#8181F7\"><strong>Coordinadora de festes<\/strong><\/td>\n<td style=\"width: 25.3572%;\"><strong>Marta Ruiz<\/strong><\/td>\n<td style=\"width: 115.43%;\"><strong>Catal\u00e0\u00a0<\/strong>(Departament de Lleng\u00fces)<\/td>\n<\/tr>\n<tr>\n<td style=\"width: 29.8194%;\" bgcolor=\"#8181F7\"><strong>Coordinadora Erasmus<\/strong><\/td>\n<td style=\"width: 25.3572%;\"><strong>Marta Giner<\/strong><\/td>\n<td style=\"width: 115.43%;\"><strong>Angl\u00e8s <\/strong>(Departament Lleng\u00fces estrangeres)<\/td>\n<\/tr>\n<\/tbody>\n<\/table>\n<table style=\"width: 70.5292%; height: 857px;\">\n<tbody>\n<tr style=\"height: 31px;\" bgcolor=\"#848484\">\n<td style=\"width: 36.8421%; height: 31px;\"><strong>Curs 24-25<\/strong><\/td>\n<td style=\"width: 36.223%; height: 31px;\"><strong>Nom<\/strong><\/td>\n<td style=\"width: 76.9597%; height: 31px;\"><strong>Especialitat<\/strong><\/td>\n<\/tr>\n<tr style=\"height: 31px;\">\n<td class=\"xl67\" style=\"height: 31px; width: 36.8421%;\" height=\"42\">1r ESO A<\/td>\n<td class=\"xl63\" style=\"width: 36.223%; height: 31px;\"><strong>Noel Esteller<\/strong><\/td>\n<td class=\"xl68\" style=\"width: 76.9597%; height: 31px;\">Castell\u00e0<\/td>\n<\/tr>\n<tr style=\"height: 47px;\">\n<td class=\"xl67\" style=\"height: 47px; width: 36.8421%;\" height=\"63\">1r ESO B<\/td>\n<td class=\"xl63\" style=\"width: 36.223%; height: 47px;\"><strong>Eva Ma\u00edllo<\/strong><\/td>\n<td class=\"xl68\" style=\"width: 76.9597%; height: 47px;\">Castell\u00e0<\/td>\n<\/tr>\n<tr style=\"height: 47px;\">\n<td class=\"xl67\" style=\"height: 47px; width: 36.8421%;\" height=\"63\">1r ESO\u00a0 C<\/td>\n<td class=\"xl63\" style=\"width: 36.223%; height: 47px;\"><strong>Marc Jaime<\/strong><\/td>\n<td class=\"xl68\" style=\"width: 76.9597%; height: 47px;\">Naturals<\/td>\n<\/tr>\n<tr style=\"height: 30px;\">\n<td class=\"xl67\" style=\"height: 30px; width: 36.8421%;\" height=\"40\">1r ESO D<\/td>\n<td class=\"xl63\" style=\"width: 36.223%; height: 30px;\"><strong>Anna Mart\u00ed<\/strong><\/td>\n<td class=\"xl68\" style=\"width: 76.9597%; height: 30px;\">Matem\u00e0tiques<\/td>\n<\/tr>\n<tr style=\"height: 47px;\">\n<td class=\"xl67\" style=\"height: 47px; width: 36.8421%;\" height=\"63\">2n ESO A<\/td>\n<td class=\"xl63\" style=\"width: 36.223%; height: 47px;\"><strong>Mireia Estrada<\/strong><\/td>\n<td class=\"xl68\" style=\"width: 76.9597%; height: 47px;\">M\u00fasica<\/td>\n<\/tr>\n<tr style=\"height: 47px;\">\n<td class=\"xl67\" style=\"height: 47px; width: 36.8421%;\" height=\"63\">2n ESO B<\/td>\n<td class=\"xl63\" style=\"width: 36.223%; height: 47px;\"><strong>Anna Cantenys<\/strong><\/td>\n<td class=\"xl68\" style=\"width: 76.9597%; height: 47px;\">Catal\u00e0<\/td>\n<\/tr>\n<tr style=\"height: 31px;\">\n<td class=\"xl67\" style=\"height: 31px; width: 36.8421%;\" height=\"42\">2n ESO C<\/td>\n<td class=\"xl63\" style=\"width: 36.223%; height: 31px;\"><strong>Olga Capdevila<\/strong><\/td>\n<td class=\"xl68\" style=\"width: 76.9597%; height: 31px;\">Angl\u00e8s<\/td>\n<\/tr>\n<tr style=\"height: 31px;\">\n<td class=\"xl67\" style=\"height: 31px; width: 36.8421%;\" height=\"42\">2n ESO D<\/td>\n<td class=\"xl63\" style=\"width: 36.223%; height: 31px;\"><strong>Ramon Sabarich<\/strong><\/td>\n<td class=\"xl68\" style=\"width: 76.9597%; height: 31px;\">Tecnologia<\/td>\n<\/tr>\n<tr style=\"height: 31px;\">\n<td class=\"xl67\" style=\"height: 31px; width: 36.8421%;\" height=\"42\">3r ESO A<\/td>\n<td class=\"xl63\" style=\"width: 36.223%; height: 31px;\"><strong>Paula Carrillo<\/strong><\/td>\n<td class=\"xl68\" style=\"width: 76.9597%; height: 31px;\">Religi\u00f3<\/td>\n<\/tr>\n<tr style=\"height: 31px;\">\n<td class=\"xl67\" style=\"height: 31px; width: 36.8421%;\" height=\"42\">3r ESO B<\/td>\n<td class=\"xl63\" style=\"width: 36.223%; height: 31px;\"><strong>Emma L\u00f3pez<\/strong><\/td>\n<td class=\"xl68\" style=\"width: 76.9597%; height: 31px;\">Catal\u00e0<\/td>\n<\/tr>\n<tr style=\"height: 31px;\">\n<td class=\"xl67\" style=\"height: 31px; width: 36.8421%;\" height=\"42\">3r ESO C<\/td>\n<td class=\"xl63\" style=\"width: 36.223%; height: 31px;\"><strong>Anna Roset<\/strong><\/td>\n<td class=\"xl68\" style=\"width: 76.9597%; height: 31px;\">Tecnologia<\/td>\n<\/tr>\n<tr style=\"height: 31px;\">\n<td class=\"xl67\" style=\"height: 31px; width: 36.8421%;\" height=\"42\">3r ESO D<\/td>\n<td class=\"xl63\" style=\"width: 36.223%; height: 31px;\"><strong>Josep Rodr\u00edguez<\/strong><\/td>\n<td class=\"xl68\" style=\"width: 76.9597%; height: 31px;\">Catal\u00e0<\/td>\n<\/tr>\n<tr style=\"height: 31px;\">\n<td class=\"xl67\" style=\"height: 31px; width: 36.8421%;\" height=\"42\">4t ESO A<\/td>\n<td class=\"xl63\" style=\"width: 36.223%; height: 31px;\"><strong>Trini Crespo<\/strong><\/td>\n<td class=\"xl68\" style=\"width: 76.9597%; height: 31px;\">Angl\u00e8s<\/td>\n<\/tr>\n<tr style=\"height: 31px;\">\n<td class=\"xl67\" style=\"height: 31px; width: 36.8421%;\" height=\"42\">4t ESO B<\/td>\n<td class=\"xl63\" style=\"width: 36.223%; height: 31px;\"><strong>Sagrari Fern\u00e1ndez<\/strong><\/td>\n<td class=\"xl68\" style=\"width: 76.9597%; height: 31px;\">Catal\u00e0<\/td>\n<\/tr>\n<tr style=\"height: 47px;\">\n<td class=\"xl67\" style=\"height: 18px; width: 36.8421%;\" height=\"63\">4t ESO C<\/td>\n<td class=\"xl63\" style=\"width: 36.223%; height: 18px;\"><strong>Adeline Horga<\/strong><\/td>\n<td class=\"xl68\" style=\"width: 76.9597%; height: 18px;\">Angl\u00e8s<\/td>\n<\/tr>\n<tr style=\"height: 47px;\">\n<td class=\"xl67\" style=\"height: 23px; width: 36.8421%;\" height=\"63\">4t ESO D<\/td>\n<td class=\"xl63\" style=\"width: 36.223%; height: 23px;\"><strong>Susana Sandoval<\/strong><\/td>\n<td class=\"xl68\" style=\"width: 76.9597%; height: 23px;\">Naturals<\/td>\n<\/tr>\n<tr style=\"height: 31px;\">\n<td class=\"xl67\" style=\"height: 31px; width: 36.8421%;\" height=\"42\">1r Batx A<\/td>\n<td class=\"xl63\" style=\"width: 36.223%; height: 31px;\"><strong>Arantxa Garc\u00eda<\/strong><\/td>\n<td class=\"xl68\" style=\"width: 76.9597%; height: 31px;\">F\u00edsica i Qu\u00edmica<\/td>\n<\/tr>\n<tr style=\"height: 31px;\">\n<td class=\"xl67\" style=\"height: 31px; width: 36.8421%;\" height=\"42\">1r Batx B<\/td>\n<td class=\"xl63\" style=\"width: 36.223%; height: 31px;\"><strong>M\u00f3nica P\u00e9rez<\/strong><\/td>\n<td class=\"xl68\" style=\"width: 76.9597%; height: 31px;\">Matem\u00e0tiques<\/td>\n<\/tr>\n<tr style=\"height: 31px;\">\n<td class=\"xl67\" style=\"height: 31px; width: 36.8421%;\" height=\"42\">1r Batx C<\/td>\n<td class=\"xl63\" style=\"width: 36.223%; height: 31px;\"><strong>Isabel Jim\u00e9nez<\/strong><\/td>\n<td class=\"xl68\" style=\"width: 76.9597%; height: 31px;\">Angl\u00e8s<\/td>\n<\/tr>\n<tr style=\"height: 32px;\">\n<td style=\"width: 36.8421%; height: 32px;\">1r Batx D<\/td>\n<td style=\"width: 36.223%; height: 32px;\"><strong>Miquel Perales<\/strong><\/td>\n<td style=\"width: 76.9597%; height: 32px;\">Socials<\/td>\n<\/tr>\n<tr style=\"height: 31px;\">\n<td class=\"xl67\" style=\"height: 31px; width: 36.8421%;\" height=\"42\">2n Batx A<\/td>\n<td class=\"xl63\" style=\"width: 36.223%; height: 31px;\"><strong>Cesc Alonso<\/strong><\/td>\n<td class=\"xl68\" style=\"width: 76.9597%; height: 31px;\">F\u00edsica i Qu\u00edmica<\/td>\n<\/tr>\n<tr style=\"height: 31px;\">\n<td class=\"xl67\" style=\"height: 31px; width: 36.8421%;\" height=\"42\">2n Batx B<\/td>\n<td class=\"xl63\" style=\"width: 36.223%; height: 31px;\"><strong>Marta Ruiz<\/strong><\/td>\n<td class=\"xl68\" style=\"width: 76.9597%; height: 31px;\">Catal\u00e0<\/td>\n<\/tr>\n<tr style=\"height: 34px;\">\n<td style=\"width: 36.8421%; height: 34px;\">2n Batx C<\/td>\n<td style=\"width: 36.223%; height: 34px;\"><strong>Paqui Navarro<\/strong><\/td>\n<td style=\"width: 76.9597%; height: 34px;\">Filosofia<\/td>\n<\/tr>\n<tr>\n<td style=\"width: 36.8421%;\">Aula d&#8217;Acollida<\/td>\n<td style=\"width: 36.223%;\"><strong>Sara G\u00f3mez<\/strong><\/td>\n<td style=\"width: 76.9597%;\">Catal\u00e0<\/td>\n<\/tr>\n<tr style=\"height: 33px;\">\n<td style=\"width: 36.8421%; height: 33px;\">PFI<\/td>\n<td style=\"width: 36.223%; height: 33px;\"><strong>Laura Castellanos<\/strong><\/td>\n<td style=\"width: 76.9597%; height: 33px;\">Orientaci\u00f3 educativa<\/td>\n<\/tr>\n<\/tbody>\n<\/table>\n","protected":false},"excerpt":{"rendered":"<p>Equip directiu: C\u00e0rrec Nom Especialitat Directora Laura Ayuso P\u00e9rez Socials\u00a0(departament d&#8217;Hist\u00f2ria i Filosofia) Cap d\u2019Estudis Arantxa Ruano Matem\u00e0tiques\u00a0(departament de matem\u00e0tiques) Secret\u00e0ria Jessica Trivi\u00f1o Tecnologia (departament Cientificotecnol\u00f2gic) Coordinadora pedag\u00f2gica M\u00aaJos\u00e9 Rodr\u00edguez Mart\u00edn Angl\u00e8s (departament d&#8217;angl\u00e8s) Adjunt cap d\u2019estudis Eva Palomas Bov\u00e9 Catal\u00e0\u00a0(departament de llengua i literatura catalana) Personal d&#8217;administraci\u00f3 i serveis: C\u00e0rrec Nom Consergeria Cristina Bonfill [&hellip;]<\/p>\n","protected":false},"author":1,"featured_media":0,"parent":19,"menu_order":8,"comment_status":"closed","ping_status":"closed","template":"","meta":{"_bbp_topic_count":0,"_bbp_reply_count":0,"_bbp_total_topic_count":0,"_bbp_total_reply_count":0,"_bbp_voice_count":0,"_bbp_anonymous_reply_count":0,"_bbp_topic_count_hidden":0,"_bbp_reply_count_hidden":0,"_bbp_forum_subforum_count":0,"site-sidebar-layout":"default","site-content-layout":"","ast-site-content-layout":"default","site-content-style":"default","site-sidebar-style":"default","ast-global-header-display":"","ast-banner-title-visibility":"","ast-main-header-display":"","ast-hfb-above-header-display":"","ast-hfb-below-header-display":"","ast-hfb-mobile-header-display":"","site-post-title":"","ast-breadcrumbs-content":"","ast-featured-img":"","footer-sml-layout":"","theme-transparent-header-meta":"","adv-header-id-meta":"","stick-header-meta":"","header-above-stick-meta":"","header-main-stick-meta":"","header-below-stick-meta":"","astra-migrate-meta-layouts":"set","ast-page-background-enabled":"default","ast-page-background-meta":{"desktop":{"background-color":"var(--ast-global-color-4)","background-image":"","background-repeat":"repeat","background-position":"center center","background-size":"auto","background-attachment":"scroll","background-type":"","background-media":"","overlay-type":"","overlay-color":"","overlay-opacity":"","overlay-gradient":""},"tablet":{"background-color":"","background-image":"","background-repeat":"repeat","background-position":"center center","background-size":"auto","background-attachment":"scroll","background-type":"","background-media":"","overlay-type":"","overlay-color":"","overlay-opacity":"","overlay-gradient":""},"mobile":{"background-color":"","background-image":"","background-repeat":"repeat","background-position":"center center","background-size":"auto","background-attachment":"scroll","background-type":"","background-media":"","overlay-type":"","overlay-color":"","overlay-opacity":"","overlay-gradient":""}},"ast-content-background-meta":{"desktop":{"background-color":"var(--ast-global-color-5)","background-image":"","background-repeat":"repeat","background-position":"center center","background-size":"auto","background-attachment":"scroll","background-type":"","background-media":"","overlay-type":"","overlay-color":"","overlay-opacity":"","overlay-gradient":""},"tablet":{"background-color":"var(--ast-global-color-5)","background-image":"","background-repeat":"repeat","background-position":"center center","background-size":"auto","background-attachment":"scroll","background-type":"","background-media":"","overlay-type":"","overlay-color":"","overlay-opacity":"","overlay-gradient":""},"mobile":{"background-color":"var(--ast-global-color-5)","background-image":"","background-repeat":"repeat","background-position":"center center","background-size":"auto","background-attachment":"scroll","background-type":"","background-media":"","overlay-type":"","overlay-color":"","overlay-opacity":"","overlay-gradient":""}},"footnotes":""},"class_list":["post-46","page","type-page","status-publish","hentry"],"post_mailing_queue_ids":[],"_links":{"self":[{"href":"https:\/\/agora.xtec.cat\/inselcairat\/wp-json\/wp\/v2\/pages\/46","targetHints":{"allow":["GET"]}}],"collection":[{"href":"https:\/\/agora.xtec.cat\/inselcairat\/wp-json\/wp\/v2\/pages"}],"about":[{"href":"https:\/\/agora.xtec.cat\/inselcairat\/wp-json\/wp\/v2\/types\/page"}],"author":[{"embeddable":true,"href":"https:\/\/agora.xtec.cat\/inselcairat\/wp-json\/wp\/v2\/users\/1"}],"replies":[{"embeddable":true,"href":"https:\/\/agora.xtec.cat\/inselcairat\/wp-json\/wp\/v2\/comments?post=46"}],"version-history":[{"count":6,"href":"https:\/\/agora.xtec.cat\/inselcairat\/wp-json\/wp\/v2\/pages\/46\/revisions"}],"predecessor-version":[{"id":16904,"href":"https:\/\/agora.xtec.cat\/inselcairat\/wp-json\/wp\/v2\/pages\/46\/revisions\/16904"}],"up":[{"embeddable":true,"href":"https:\/\/agora.xtec.cat\/inselcairat\/wp-json\/wp\/v2\/pages\/19"}],"wp:attachment":[{"href":"https:\/\/agora.xtec.cat\/inselcairat\/wp-json\/wp\/v2\/media?parent=46"}],"curies":[{"name":"wp","href":"https:\/\/api.w.org\/{rel}","templated":true}]}}