{"id":39,"date":"2014-09-17T16:36:44","date_gmt":"2014-09-17T14:36:44","guid":{"rendered":"http:\/\/agora.xtec.cat\/inselcairat\/\/?page_id=39"},"modified":"2025-10-31T13:37:00","modified_gmt":"2025-10-31T12:37:00","slug":"instal%c2%b7lacions","status":"publish","type":"page","link":"https:\/\/agora.xtec.cat\/inselcairat\/linstitut\/instal%c2%b7lacions\/","title":{"rendered":"Instal\u00b7lacions"},"content":{"rendered":"<p>L\u2019actual edifici t\u00e9 els seg\u00fcents espais:<\/p>\n<ul>\n<li>23 aules per a grup-classe classe.<\/li>\n<li>3 laboratoris (1 de ci\u00e8ncies, 1 de f\u00edsica i 1 de qu\u00edmica).<\/li>\n<li>2 aules taller tecnologia.<\/li>\n<li>1 aula de m\u00fasica.<\/li>\n<li>1\u00a0aula de dibuix.<\/li>\n<li>1 aula d\u2019inform\u00e0tica.<\/li>\n<li>1 aula per la SIEI.<\/li>\n<li>1 Hort.<\/li>\n<li>1 gimn\u00e0s, a la planta baixa, pistes esportives, i cessi\u00f3 de serveis municipals per algunes activitats.<\/li>\n<li>1 ampli hall amb gran il\u00b7luminaci\u00f3: L&#8217;espai Cobos<\/li>\n<li>1 sala d&#8217;actes.<\/li>\n<li>1 cantina.<\/li>\n<li>1 \u00e0mplia biblioteca, la Biblioteca Francesc Soler.<\/li>\n<li>11 despatxos per a seminaris i departaments.<\/li>\n<li>1 sala\u00a0per l\u2019AMPA.<\/li>\n<\/ul>\n<p><img loading=\"lazy\" decoding=\"async\" class=\"aligncenter wp-image-9191\" src=\"https:\/\/agora.xtec.cat\/inselcairat\/wp-content\/uploads\/usu287\/2021\/04\/1614686054310-1-1024x436.jpg\" alt=\"\" width=\"600\" height=\"255\" srcset=\"https:\/\/agora.xtec.cat\/inselcairat\/wp-content\/uploads\/usu287\/2021\/04\/1614686054310-1-1024x436.jpg 1024w, https:\/\/agora.xtec.cat\/inselcairat\/wp-content\/uploads\/usu287\/2021\/04\/1614686054310-1-300x128.jpg 300w, https:\/\/agora.xtec.cat\/inselcairat\/wp-content\/uploads\/usu287\/2021\/04\/1614686054310-1-768x327.jpg 768w\" sizes=\"auto, (max-width: 600px) 100vw, 600px\" \/><\/p>\n<table>\n<tbody>\n<tr>\n<td><img loading=\"lazy\" decoding=\"async\" class=\"aligncenter wp-image-9182 size-medium\" src=\"https:\/\/agora.xtec.cat\/inselcairat\/wp-content\/uploads\/usu287\/2021\/04\/1614686334691-300x225.jpg\" alt=\"\" width=\"300\" height=\"225\" srcset=\"https:\/\/agora.xtec.cat\/inselcairat\/wp-content\/uploads\/usu287\/2021\/04\/1614686334691-300x225.jpg 300w, https:\/\/agora.xtec.cat\/inselcairat\/wp-content\/uploads\/usu287\/2021\/04\/1614686334691-768x576.jpg 768w, https:\/\/agora.xtec.cat\/inselcairat\/wp-content\/uploads\/usu287\/2021\/04\/1614686334691-1024x768.jpg 1024w, https:\/\/agora.xtec.cat\/inselcairat\/wp-content\/uploads\/usu287\/2021\/04\/1614686334691-200x150.jpg 200w, https:\/\/agora.xtec.cat\/inselcairat\/wp-content\/uploads\/usu287\/2021\/04\/1614686334691.jpg 1600w\" sizes=\"auto, (max-width: 300px) 100vw, 300px\" \/><\/td>\n<td><img loading=\"lazy\" decoding=\"async\" class=\"aligncenter wp-image-9178 size-medium\" src=\"https:\/\/agora.xtec.cat\/inselcairat\/wp-content\/uploads\/usu287\/2021\/04\/1614686334681-300x225.jpg\" alt=\"\" width=\"300\" height=\"225\" srcset=\"https:\/\/agora.xtec.cat\/inselcairat\/wp-content\/uploads\/usu287\/2021\/04\/1614686334681-300x225.jpg 300w, https:\/\/agora.xtec.cat\/inselcairat\/wp-content\/uploads\/usu287\/2021\/04\/1614686334681-768x576.jpg 768w, https:\/\/agora.xtec.cat\/inselcairat\/wp-content\/uploads\/usu287\/2021\/04\/1614686334681-200x150.jpg 200w, https:\/\/agora.xtec.cat\/inselcairat\/wp-content\/uploads\/usu287\/2021\/04\/1614686334681.jpg 800w\" sizes=\"auto, (max-width: 300px) 100vw, 300px\" \/><\/td>\n<\/tr>\n<tr>\n<td><img loading=\"lazy\" decoding=\"async\" class=\"aligncenter wp-image-9183 size-medium\" src=\"https:\/\/agora.xtec.cat\/inselcairat\/wp-content\/uploads\/usu287\/2021\/04\/1614686334693-225x300.jpg\" alt=\"\" width=\"225\" height=\"300\" srcset=\"https:\/\/agora.xtec.cat\/inselcairat\/wp-content\/uploads\/usu287\/2021\/04\/1614686334693-225x300.jpg 225w, https:\/\/agora.xtec.cat\/inselcairat\/wp-content\/uploads\/usu287\/2021\/04\/1614686334693-768x1024.jpg 768w, https:\/\/agora.xtec.cat\/inselcairat\/wp-content\/uploads\/usu287\/2021\/04\/1614686334693.jpg 1050w\" sizes=\"auto, (max-width: 225px) 100vw, 225px\" \/><\/td>\n<td><img loading=\"lazy\" decoding=\"async\" class=\"aligncenter wp-image-9186 size-medium\" src=\"https:\/\/agora.xtec.cat\/inselcairat\/wp-content\/uploads\/usu287\/2021\/04\/1614686054297-300x225.jpg\" alt=\"\" width=\"300\" height=\"225\" srcset=\"https:\/\/agora.xtec.cat\/inselcairat\/wp-content\/uploads\/usu287\/2021\/04\/1614686054297-300x225.jpg 300w, https:\/\/agora.xtec.cat\/inselcairat\/wp-content\/uploads\/usu287\/2021\/04\/1614686054297-768x576.jpg 768w, https:\/\/agora.xtec.cat\/inselcairat\/wp-content\/uploads\/usu287\/2021\/04\/1614686054297-200x150.jpg 200w, https:\/\/agora.xtec.cat\/inselcairat\/wp-content\/uploads\/usu287\/2021\/04\/1614686054297.jpg 800w\" sizes=\"auto, (max-width: 300px) 100vw, 300px\" \/><\/td>\n<\/tr>\n<tr>\n<td><img loading=\"lazy\" decoding=\"async\" class=\"aligncenter wp-image-9180 size-medium\" style=\"background-color: #f9f9f9;\" src=\"https:\/\/agora.xtec.cat\/inselcairat\/wp-content\/uploads\/usu287\/2021\/04\/1614686334686-300x225.jpg\" alt=\"\" width=\"300\" height=\"225\" srcset=\"https:\/\/agora.xtec.cat\/inselcairat\/wp-content\/uploads\/usu287\/2021\/04\/1614686334686-300x225.jpg 300w, https:\/\/agora.xtec.cat\/inselcairat\/wp-content\/uploads\/usu287\/2021\/04\/1614686334686-768x576.jpg 768w, https:\/\/agora.xtec.cat\/inselcairat\/wp-content\/uploads\/usu287\/2021\/04\/1614686334686-200x150.jpg 200w, https:\/\/agora.xtec.cat\/inselcairat\/wp-content\/uploads\/usu287\/2021\/04\/1614686334686.jpg 800w\" sizes=\"auto, (max-width: 300px) 100vw, 300px\" \/><\/td>\n<td><img loading=\"lazy\" decoding=\"async\" class=\"aligncenter wp-image-9188 \" src=\"https:\/\/agora.xtec.cat\/inselcairat\/wp-content\/uploads\/usu287\/2021\/04\/1614686054303-300x225.jpg\" alt=\"\" width=\"300\" height=\"225\" srcset=\"https:\/\/agora.xtec.cat\/inselcairat\/wp-content\/uploads\/usu287\/2021\/04\/1614686054303-300x225.jpg 300w, https:\/\/agora.xtec.cat\/inselcairat\/wp-content\/uploads\/usu287\/2021\/04\/1614686054303-768x576.jpg 768w, https:\/\/agora.xtec.cat\/inselcairat\/wp-content\/uploads\/usu287\/2021\/04\/1614686054303-200x150.jpg 200w, https:\/\/agora.xtec.cat\/inselcairat\/wp-content\/uploads\/usu287\/2021\/04\/1614686054303.jpg 800w\" sizes=\"auto, (max-width: 300px) 100vw, 300px\" \/><\/td>\n<\/tr>\n<tr>\n<td><a href=\"http:\/\/agora.xtec.cat\/inselcairat\/wp-content\/uploads\/usu287\/2014\/09\/IMG_45681.jpg\"><img loading=\"lazy\" decoding=\"async\" class=\" wp-image-399 aligncenter\" src=\"http:\/\/agora.xtec.cat\/inselcairat\/wp-content\/uploads\/usu287\/2014\/09\/IMG_45681-999x1024.jpg\" alt=\"IMG_4568\" width=\"272\" height=\"279\" srcset=\"https:\/\/agora.xtec.cat\/inselcairat\/wp-content\/uploads\/usu287\/2014\/09\/IMG_45681-999x1024.jpg 999w, https:\/\/agora.xtec.cat\/inselcairat\/wp-content\/uploads\/usu287\/2014\/09\/IMG_45681-293x300.jpg 293w, https:\/\/agora.xtec.cat\/inselcairat\/wp-content\/uploads\/usu287\/2014\/09\/IMG_45681.jpg 1200w\" sizes=\"auto, (max-width: 272px) 100vw, 272px\" \/><\/a><\/td>\n<td><img loading=\"lazy\" decoding=\"async\" class=\" wp-image-322 aligncenter\" src=\"http:\/\/agora.xtec.cat\/inselcairat\/wp-content\/uploads\/usu287\/2014\/09\/DCP_0453-1024x683.jpg\" alt=\"DCP_0453\" width=\"332\" height=\"221\" srcset=\"https:\/\/agora.xtec.cat\/inselcairat\/wp-content\/uploads\/usu287\/2014\/09\/DCP_0453-1024x683.jpg 1024w, https:\/\/agora.xtec.cat\/inselcairat\/wp-content\/uploads\/usu287\/2014\/09\/DCP_0453-300x200.jpg 300w, https:\/\/agora.xtec.cat\/inselcairat\/wp-content\/uploads\/usu287\/2014\/09\/DCP_0453.jpg 1800w\" sizes=\"auto, (max-width: 332px) 100vw, 332px\" \/><\/td>\n<\/tr>\n<tr>\n<td><a href=\"http:\/\/agora.xtec.cat\/inselcairat\/wp-content\/uploads\/usu287\/2014\/09\/pati_entrada.jpg\"><img loading=\"lazy\" decoding=\"async\" class=\" wp-image-408 aligncenter\" src=\"http:\/\/agora.xtec.cat\/inselcairat\/wp-content\/uploads\/usu287\/2014\/09\/pati_entrada-1024x669.jpg\" alt=\"pati_entrada\" width=\"313\" height=\"234\" \/><\/a><\/td>\n<td><a href=\"http:\/\/agora.xtec.cat\/inselcairat\/wp-content\/uploads\/usu287\/2014\/09\/Laboratori.jpg\"><img loading=\"lazy\" decoding=\"async\" class=\" wp-image-396 aligncenter\" src=\"http:\/\/agora.xtec.cat\/inselcairat\/wp-content\/uploads\/usu287\/2014\/09\/Laboratori-1024x768.jpg\" alt=\"Laboratori\" width=\"313\" height=\"234\" srcset=\"https:\/\/agora.xtec.cat\/inselcairat\/wp-content\/uploads\/usu287\/2014\/09\/Laboratori.jpg 1024w, https:\/\/agora.xtec.cat\/inselcairat\/wp-content\/uploads\/usu287\/2014\/09\/Laboratori-300x225.jpg 300w, https:\/\/agora.xtec.cat\/inselcairat\/wp-content\/uploads\/usu287\/2014\/09\/Laboratori-200x150.jpg 200w\" sizes=\"auto, (max-width: 313px) 100vw, 313px\" \/><\/a><\/td>\n<\/tr>\n<tr>\n<td style=\"text-align: center;\"><a href=\"http:\/\/agora.xtec.cat\/inselcairat\/wp-content\/uploads\/usu287\/2014\/09\/aula_inf.jpg\"><img loading=\"lazy\" decoding=\"async\" class=\" wp-image-407 aligncenter\" src=\"http:\/\/agora.xtec.cat\/inselcairat\/wp-content\/uploads\/usu287\/2014\/09\/aula_inf-1024x768.jpg\" alt=\"aula_inf\" width=\"313\" height=\"234\" srcset=\"https:\/\/agora.xtec.cat\/inselcairat\/wp-content\/uploads\/usu287\/2014\/09\/aula_inf.jpg 1024w, https:\/\/agora.xtec.cat\/inselcairat\/wp-content\/uploads\/usu287\/2014\/09\/aula_inf-300x225.jpg 300w, https:\/\/agora.xtec.cat\/inselcairat\/wp-content\/uploads\/usu287\/2014\/09\/aula_inf-200x150.jpg 200w\" sizes=\"auto, (max-width: 313px) 100vw, 313px\" \/><\/a><\/td>\n<td style=\"text-align: center;\"><a href=\"http:\/\/agora.xtec.cat\/inselcairat\/wp-content\/uploads\/usu287\/2014\/09\/biblioteca.jpg\"><img loading=\"lazy\" decoding=\"async\" class=\" wp-image-329 aligncenter\" src=\"http:\/\/agora.xtec.cat\/inselcairat\/wp-content\/uploads\/usu287\/2014\/09\/biblioteca.jpg\" alt=\"biblioteca\" width=\"313\" height=\"234\" \/><\/a><\/td>\n<\/tr>\n<tr>\n<td style=\"text-align: center;\">\u00a0<img loading=\"lazy\" decoding=\"async\" class=\"alignnone wp-image-404\" src=\"http:\/\/agora.xtec.cat\/inselcairat\/wp-content\/uploads\/usu287\/2014\/09\/Hall-study_alum-1024x768.jpg\" alt=\"Hall-study_alum\" width=\"313\" height=\"234\" srcset=\"https:\/\/agora.xtec.cat\/inselcairat\/wp-content\/uploads\/usu287\/2014\/09\/Hall-study_alum.jpg 1024w, https:\/\/agora.xtec.cat\/inselcairat\/wp-content\/uploads\/usu287\/2014\/09\/Hall-study_alum-300x225.jpg 300w, https:\/\/agora.xtec.cat\/inselcairat\/wp-content\/uploads\/usu287\/2014\/09\/Hall-study_alum-200x150.jpg 200w\" sizes=\"auto, (max-width: 313px) 100vw, 313px\" \/><\/td>\n<td style=\"text-align: center;\">\u00a0<img loading=\"lazy\" decoding=\"async\" class=\" wp-image-398 aligncenter\" src=\"http:\/\/agora.xtec.cat\/inselcairat\/wp-content\/uploads\/usu287\/2014\/09\/Pissarra_dig-1024x768.jpg\" alt=\"Pissarra_dig\" width=\"313\" height=\"234\" srcset=\"https:\/\/agora.xtec.cat\/inselcairat\/wp-content\/uploads\/usu287\/2014\/09\/Pissarra_dig.jpg 1024w, https:\/\/agora.xtec.cat\/inselcairat\/wp-content\/uploads\/usu287\/2014\/09\/Pissarra_dig-300x225.jpg 300w, https:\/\/agora.xtec.cat\/inselcairat\/wp-content\/uploads\/usu287\/2014\/09\/Pissarra_dig-200x150.jpg 200w\" sizes=\"auto, (max-width: 313px) 100vw, 313px\" \/><a href=\"http:\/\/agora.xtec.cat\/inselcairat\/wp-content\/uploads\/usu287\/2014\/09\/Hall-study_2.jpg\"><br \/>\n<\/a><\/td>\n<\/tr>\n<tr>\n<td style=\"text-align: center;\">\u00a0<a href=\"http:\/\/agora.xtec.cat\/inselcairat\/wp-content\/uploads\/usu287\/2014\/09\/Hall-study3.jpg\"><img loading=\"lazy\" decoding=\"async\" class=\" wp-image-402 aligncenter\" src=\"http:\/\/agora.xtec.cat\/inselcairat\/wp-content\/uploads\/usu287\/2014\/09\/Hall-study3-1024x768.jpg\" alt=\"Hall-study3\" width=\"313\" height=\"234\" srcset=\"https:\/\/agora.xtec.cat\/inselcairat\/wp-content\/uploads\/usu287\/2014\/09\/Hall-study3.jpg 1024w, https:\/\/agora.xtec.cat\/inselcairat\/wp-content\/uploads\/usu287\/2014\/09\/Hall-study3-300x225.jpg 300w, https:\/\/agora.xtec.cat\/inselcairat\/wp-content\/uploads\/usu287\/2014\/09\/Hall-study3-200x150.jpg 200w\" sizes=\"auto, (max-width: 313px) 100vw, 313px\" \/><\/a><\/td>\n<td style=\"text-align: center;\">\u00a0<a href=\"http:\/\/agora.xtec.cat\/inselcairat\/wp-content\/uploads\/usu287\/2014\/09\/guixetes.jpg\"><img loading=\"lazy\" decoding=\"async\" class=\" wp-image-403 aligncenter\" src=\"http:\/\/agora.xtec.cat\/inselcairat\/wp-content\/uploads\/usu287\/2014\/09\/guixetes-1024x768.jpg\" alt=\"guixetes\" width=\"313\" height=\"234\" srcset=\"https:\/\/agora.xtec.cat\/inselcairat\/wp-content\/uploads\/usu287\/2014\/09\/guixetes.jpg 1024w, https:\/\/agora.xtec.cat\/inselcairat\/wp-content\/uploads\/usu287\/2014\/09\/guixetes-300x225.jpg 300w, https:\/\/agora.xtec.cat\/inselcairat\/wp-content\/uploads\/usu287\/2014\/09\/guixetes-200x150.jpg 200w\" sizes=\"auto, (max-width: 313px) 100vw, 313px\" \/><\/a><\/td>\n<\/tr>\n<tr>\n<td style=\"text-align: center;\">\u00a0<img loading=\"lazy\" decoding=\"async\" class=\"alignnone wp-image-279\" src=\"http:\/\/agora.xtec.cat\/inselcairat\/wp-content\/uploads\/usu287\/2014\/09\/EF-2n-ESO-1024x768.jpg\" alt=\"EF 2n ESO\" width=\"313\" height=\"234\" srcset=\"https:\/\/agora.xtec.cat\/inselcairat\/wp-content\/uploads\/usu287\/2014\/09\/EF-2n-ESO-1024x768.jpg 1024w, https:\/\/agora.xtec.cat\/inselcairat\/wp-content\/uploads\/usu287\/2014\/09\/EF-2n-ESO-300x225.jpg 300w, https:\/\/agora.xtec.cat\/inselcairat\/wp-content\/uploads\/usu287\/2014\/09\/EF-2n-ESO-200x150.jpg 200w, https:\/\/agora.xtec.cat\/inselcairat\/wp-content\/uploads\/usu287\/2014\/09\/EF-2n-ESO.jpg 1058w\" sizes=\"auto, (max-width: 313px) 100vw, 313px\" \/><\/td>\n<td style=\"text-align: center;\">\u00a0<img loading=\"lazy\" decoding=\"async\" class=\"alignnone wp-image-323\" src=\"http:\/\/agora.xtec.cat\/inselcairat\/wp-content\/uploads\/usu287\/2014\/09\/DSCN1211-1024x768.jpg\" alt=\"DSCN1211\" width=\"313\" height=\"234\" srcset=\"https:\/\/agora.xtec.cat\/inselcairat\/wp-content\/uploads\/usu287\/2014\/09\/DSCN1211-1024x768.jpg 1024w, https:\/\/agora.xtec.cat\/inselcairat\/wp-content\/uploads\/usu287\/2014\/09\/DSCN1211-300x225.jpg 300w, https:\/\/agora.xtec.cat\/inselcairat\/wp-content\/uploads\/usu287\/2014\/09\/DSCN1211-200x150.jpg 200w, https:\/\/agora.xtec.cat\/inselcairat\/wp-content\/uploads\/usu287\/2014\/09\/DSCN1211.jpg 2048w\" sizes=\"auto, (max-width: 313px) 100vw, 313px\" \/><\/td>\n<\/tr>\n<tr>\n<td style=\"text-align: center;\">\u00a0<img loading=\"lazy\" decoding=\"async\" class=\" wp-image-384 aligncenter\" src=\"http:\/\/agora.xtec.cat\/inselcairat\/wp-content\/uploads\/usu287\/2014\/09\/Hall-study_2-1024x768.jpg\" alt=\"Hall-study_2\" width=\"313\" height=\"234\" srcset=\"https:\/\/agora.xtec.cat\/inselcairat\/wp-content\/uploads\/usu287\/2014\/09\/Hall-study_2-1024x768.jpg 1024w, https:\/\/agora.xtec.cat\/inselcairat\/wp-content\/uploads\/usu287\/2014\/09\/Hall-study_2-300x225.jpg 300w, https:\/\/agora.xtec.cat\/inselcairat\/wp-content\/uploads\/usu287\/2014\/09\/Hall-study_2-200x150.jpg 200w\" sizes=\"auto, (max-width: 313px) 100vw, 313px\" \/><\/td>\n<td style=\"text-align: center;\">\u00a0<img loading=\"lazy\" decoding=\"async\" class=\" wp-image-325 aligncenter\" src=\"http:\/\/agora.xtec.cat\/inselcairat\/wp-content\/uploads\/usu287\/2014\/09\/Foto0918-1024x683.jpg\" alt=\"Foto0918\" width=\"313\" height=\"234\" \/><\/td>\n<\/tr>\n<tr>\n<td style=\"text-align: center;\">\u00a0<img loading=\"lazy\" decoding=\"async\" class=\" wp-image-383 alignnone\" src=\"http:\/\/agora.xtec.cat\/inselcairat\/wp-content\/uploads\/usu287\/2014\/09\/Hall-study-1024x768.jpg\" alt=\"Hall-study\" width=\"313\" height=\"234\" srcset=\"https:\/\/agora.xtec.cat\/inselcairat\/wp-content\/uploads\/usu287\/2014\/09\/Hall-study-1024x768.jpg 1024w, https:\/\/agora.xtec.cat\/inselcairat\/wp-content\/uploads\/usu287\/2014\/09\/Hall-study-300x225.jpg 300w, https:\/\/agora.xtec.cat\/inselcairat\/wp-content\/uploads\/usu287\/2014\/09\/Hall-study-200x150.jpg 200w\" sizes=\"auto, (max-width: 313px) 100vw, 313px\" \/><\/td>\n<td style=\"text-align: center;\"><\/td>\n<\/tr>\n<tr>\n<td><\/td>\n<td><\/td>\n<\/tr>\n<\/tbody>\n<\/table>\n<p><b>L\u2019<\/b><b>Institut<\/b> <b>El Cairat <\/b><b>no <\/b><b>\u00e9s nom\u00e9s un edifici, un espai o unes parets on passes unes hores al dia, sin\u00f3 que es tracta d\u2019una cosa viva, un lloc on aprens, <\/b><b>et relaciones, et formes personalment <\/b><b>i intel\u00b7lectual, fas amistats, creixes com a individu, <\/b><b>vius <\/b><b>noves experi\u00e8ncies<\/b><b>&#8230;<\/b><\/p>\n<p>En definitiva, un munt de coses <b>irrepetibles<\/b><b> que contribueixen a fer de tu la persona que realment ets.<br \/>\n<\/b><\/p>\n","protected":false},"excerpt":{"rendered":"<p>L\u2019actual edifici t\u00e9 els seg\u00fcents espais: 23 aules per a grup-classe classe. 3 laboratoris (1 de ci\u00e8ncies, 1 de f\u00edsica i 1 de qu\u00edmica). 2 aules taller tecnologia. 1 aula de m\u00fasica. 1\u00a0aula de dibuix. 1 aula d\u2019inform\u00e0tica. 1 aula per la SIEI. 1 Hort. 1 gimn\u00e0s, a la planta baixa, pistes esportives, i cessi\u00f3 [&hellip;]<\/p>\n","protected":false},"author":1,"featured_media":0,"parent":19,"menu_order":4,"comment_status":"closed","ping_status":"closed","template":"","meta":{"_bbp_topic_count":0,"_bbp_reply_count":0,"_bbp_total_topic_count":0,"_bbp_total_reply_count":0,"_bbp_voice_count":0,"_bbp_anonymous_reply_count":0,"_bbp_topic_count_hidden":0,"_bbp_reply_count_hidden":0,"_bbp_forum_subforum_count":0,"site-sidebar-layout":"default","site-content-layout":"","ast-site-content-layout":"default","site-content-style":"default","site-sidebar-style":"default","ast-global-header-display":"","ast-banner-title-visibility":"","ast-main-header-display":"","ast-hfb-above-header-display":"","ast-hfb-below-header-display":"","ast-hfb-mobile-header-display":"","site-post-title":"","ast-breadcrumbs-content":"","ast-featured-img":"","footer-sml-layout":"","theme-transparent-header-meta":"","adv-header-id-meta":"","stick-header-meta":"","header-above-stick-meta":"","header-main-stick-meta":"","header-below-stick-meta":"","astra-migrate-meta-layouts":"set","ast-page-background-enabled":"default","ast-page-background-meta":{"desktop":{"background-color":"var(--ast-global-color-4)","background-image":"","background-repeat":"repeat","background-position":"center center","background-size":"auto","background-attachment":"scroll","background-type":"","background-media":"","overlay-type":"","overlay-color":"","overlay-opacity":"","overlay-gradient":""},"tablet":{"background-color":"","background-image":"","background-repeat":"repeat","background-position":"center center","background-size":"auto","background-attachment":"scroll","background-type":"","background-media":"","overlay-type":"","overlay-color":"","overlay-opacity":"","overlay-gradient":""},"mobile":{"background-color":"","background-image":"","background-repeat":"repeat","background-position":"center center","background-size":"auto","background-attachment":"scroll","background-type":"","background-media":"","overlay-type":"","overlay-color":"","overlay-opacity":"","overlay-gradient":""}},"ast-content-background-meta":{"desktop":{"background-color":"var(--ast-global-color-5)","background-image":"","background-repeat":"repeat","background-position":"center center","background-size":"auto","background-attachment":"scroll","background-type":"","background-media":"","overlay-type":"","overlay-color":"","overlay-opacity":"","overlay-gradient":""},"tablet":{"background-color":"var(--ast-global-color-5)","background-image":"","background-repeat":"repeat","background-position":"center center","background-size":"auto","background-attachment":"scroll","background-type":"","background-media":"","overlay-type":"","overlay-color":"","overlay-opacity":"","overlay-gradient":""},"mobile":{"background-color":"var(--ast-global-color-5)","background-image":"","background-repeat":"repeat","background-position":"center center","background-size":"auto","background-attachment":"scroll","background-type":"","background-media":"","overlay-type":"","overlay-color":"","overlay-opacity":"","overlay-gradient":""}},"footnotes":""},"class_list":["post-39","page","type-page","status-publish","hentry"],"post_mailing_queue_ids":[],"_links":{"self":[{"href":"https:\/\/agora.xtec.cat\/inselcairat\/wp-json\/wp\/v2\/pages\/39","targetHints":{"allow":["GET"]}}],"collection":[{"href":"https:\/\/agora.xtec.cat\/inselcairat\/wp-json\/wp\/v2\/pages"}],"about":[{"href":"https:\/\/agora.xtec.cat\/inselcairat\/wp-json\/wp\/v2\/types\/page"}],"author":[{"embeddable":true,"href":"https:\/\/agora.xtec.cat\/inselcairat\/wp-json\/wp\/v2\/users\/1"}],"replies":[{"embeddable":true,"href":"https:\/\/agora.xtec.cat\/inselcairat\/wp-json\/wp\/v2\/comments?post=39"}],"version-history":[{"count":3,"href":"https:\/\/agora.xtec.cat\/inselcairat\/wp-json\/wp\/v2\/pages\/39\/revisions"}],"predecessor-version":[{"id":16385,"href":"https:\/\/agora.xtec.cat\/inselcairat\/wp-json\/wp\/v2\/pages\/39\/revisions\/16385"}],"up":[{"embeddable":true,"href":"https:\/\/agora.xtec.cat\/inselcairat\/wp-json\/wp\/v2\/pages\/19"}],"wp:attachment":[{"href":"https:\/\/agora.xtec.cat\/inselcairat\/wp-json\/wp\/v2\/media?parent=39"}],"curies":[{"name":"wp","href":"https:\/\/api.w.org\/{rel}","templated":true}]}}