{"id":373,"date":"2016-03-13T00:50:04","date_gmt":"2016-03-12T23:50:04","guid":{"rendered":"http:\/\/agora.xtec.cat\/inselcairat\/?page_id=373"},"modified":"2024-04-28T19:50:24","modified_gmt":"2024-04-28T17:50:24","slug":"els-nostres-trets-didentitat","status":"publish","type":"page","link":"https:\/\/agora.xtec.cat\/inselcairat\/linstitut\/els-nostres-trets-didentitat\/","title":{"rendered":"Els nostres trets d\u2019identitat"},"content":{"rendered":"<h1><strong>Missi\u00f3<\/strong><\/h1>\n<p>L\u2019Institut El Cairat d\u2019Esparreguera \u00e9s un centre p\u00fablic catal\u00e0 que imparteix ensenyaments secundaris obligatoris i post-obligatoris on:<\/p>\n<ul>\n<li>oferim una educaci\u00f3 integral amb l\u2019objectiu de formar persones competents i responsables des del punt de vista social i acad\u00e8mic,<\/li>\n<li>per a tot l\u2019alumnat, considerat en la seva diversitat social i cultural, en col\u00b7laboraci\u00f3 amb les fam\u00edlies i amb les institucions (locals, comarcals, etc.).<\/li>\n<\/ul>\n<h3><strong>La ra\u00f3 de ser del nostre centre \u00e9s fer possible:<\/strong><\/h3>\n<ul>\n<li>l\u2019adquisici\u00f3 de coneixements i eines d\u2019aprenentatge per al futur de l\u2019alumnat.<\/li>\n<li>l\u2019aprenentatge de valors i h\u00e0bits de conducta que contribueixen a la seva integraci\u00f3 social.<\/li>\n<li>l\u2019orientaci\u00f3 i perspectives de futur acad\u00e8miques i laborals, per tal que cadasc\u00fa pugui escollir i determinar el seu futur.<\/li>\n<li>l\u2019acompanyament a les fam\u00edlies en la formaci\u00f3 dels seus fills i l\u2019orientaci\u00f3 en el proc\u00e9s de decisi\u00f3 i elecci\u00f3 d\u2019estudis i\/o sortides professionals<\/li>\n<\/ul>\n<h3><strong>Per a qu\u00e8?<\/strong><\/h3>\n<ul>\n<li>Potenciar les capacitats de l\u2019alumnat, en funci\u00f3 dels seus interessos.<\/li>\n<li>Educar-los en l\u2019autonomia personal i la responsabilitat individual i col\u00b7lectiva.<\/li>\n<li>Despertar el seu inter\u00e8s per la formaci\u00f3 cont\u00ednua al llarg de la vida.<\/li>\n<li>Ajudar-los en el proc\u00e9s de decisi\u00f3 i elecci\u00f3 d\u2019estudis i\/o sortides professionals; i a desenvolupar-se i adaptar-se professionalment i personal, en un context social, laboral i acad\u00e8mic canviant.<\/li>\n<li>Treballar conjuntament amb les fam\u00edlies en el proc\u00e9s evolutiu dels seus fills\/es.<\/li>\n<\/ul>\n<p>&nbsp;<\/p>\n<h1><strong>Visi\u00f3<\/strong><\/h1>\n<h3><strong>VOLEM SER un institut que&#8230;<\/strong><\/h3>\n<ul>\n<li>Vetlla perqu\u00e8 l\u2019alumnat assoleixi coneixements i compet\u00e8ncies cient\u00edfics i tecnol\u00f2gics mitjan\u00e7ant estris al seu abast a l&#8217;aula.<\/li>\n<li>Vol millorar les compet\u00e8ncies ling\u00fc\u00edstiques de l&#8217;alumnat.<\/li>\n<li>Vetlla per l&#8217;\u00fas social del catal\u00e0.<\/li>\n<li>Posa a l&#8217;abast de l&#8217;alumnat tecnologies de la informaci\u00f3 i el coneixement com a eina quotidiana d&#8217;aprenentatge.<\/li>\n<li>Valora la import\u00e0ncia de la pr\u00e0ctica de l&#8217;activitat f\u00edsica i l&#8217;esport com a eines de conviv\u00e8ncia i cura de la salut personal.<\/li>\n<li>Fomenta el coneixement i el respecte per les cultures europees i del m\u00f3n.<\/li>\n<li>Valora la cura de l&#8217;entorn de treball com a part imprescindible d&#8217;un ambient propici a l&#8217;aprenentatge i la conviv\u00e8ncia.<\/li>\n<li>Transmet el coneixement i el respecte pel medi ambient.<\/li>\n<\/ul>\n<h3><strong>VOLEM VEURE\u2019NS com un equip de professorat&#8230;<\/strong><\/h3>\n<ul>\n<li>Amb la il\u00b7lusi\u00f3 i el convenciment de la import\u00e0ncia de la tasca educativa.<\/li>\n<li>Formats professionalment per portar a terme el nostre projecte educatiu.<\/li>\n<li>Interessats a implementar aquest projecte amb les innovacions necess\u00e0ries per a fer-lo m\u00e9s eficient.<\/li>\n<li>Disposats a crear un clima acollidor i motivador per a l\u2019aprenentatge.<\/li>\n<li>Amb una organitzaci\u00f3 \u00e0gil i participativa.<\/li>\n<\/ul>\n<h3><strong>VOLEM QUE ENS VEGIN com un centre&#8230;<\/strong><\/h3>\n<ul>\n<li>Actiu, emprenedor.<\/li>\n<li>Amb visi\u00f3 de futur.<\/li>\n<li>Que pret\u00e9n la millora constant del rendiment acad\u00e8mic i les compet\u00e8ncies individuals i socials de l&#8217;alumnat.<\/li>\n<li>Que vol arribar a ser un referent de qualitat educativa.<\/li>\n<\/ul>\n<p>&nbsp;<\/p>\n<h1><strong>Valors<\/strong><\/h1>\n<p>L\u2019institut El Cairat assumeix els valors de:<\/p>\n<h3><strong>DIVERSITAT <\/strong><\/h3>\n<ul>\n<li>Cultura de la pau i defensa dels drets humans, equitat social, igualtat de g\u00e8nere, toler\u00e0ncia envers la diversitat de sensibilitats i manifestacions culturals.<\/li>\n<li>Di\u00e0leg i col\u00b7laboraci\u00f3 com a eines de conviv\u00e8ncia i de progr\u00e9s individual i social, basats en la recerca d\u2019una efectiva gesti\u00f3 democr\u00e0tica, l\u2019esperit cr\u00edtic, la defensa de la for\u00e7a del raonament i el respecte envers totes les persones.<\/li>\n<li>Respecte envers les minories i superaci\u00f3 dels prejudicis culturals, religiosos, \u00e8tnics o pol\u00edtics per a aconseguir un di\u00e0leg aut\u00e8ntic amb els altres, sigui quin sigui el seu origen o creences.<\/li>\n<\/ul>\n<h3><strong>RESPONSABILITAT <\/strong><\/h3>\n<ul>\n<li>Responsabilitat, com a fonament del treball ben fet i de la conviv\u00e8ncia di\u00e0ria, que propici\u00ef la participaci\u00f3 activa i creativa.<\/li>\n<li>Aprenentatge pr\u00e0ctic de la corresponsabilitat, en la presa de decisions que afecten la col\u00b7lectivitat, en la implicaci\u00f3 en afers socials o d&#8217;inter\u00e8s p\u00fablic i en la gesti\u00f3 de q\u00fcestions col\u00b7lectives.<\/li>\n<li>Sensibilitat envers la biodiversitat i el respecte a la natura, aix\u00ed como la responsabilitat individual i col\u00b7lectiva envers el medi ambient.<\/li>\n<\/ul>\n<h3><strong>CULTURA DE GRUP <\/strong><\/h3>\n<ul>\n<li>Participaci\u00f3 com a mitj\u00e0 d&#8217;integraci\u00f3 de tots els sectors de la comunitat educativa en la gesti\u00f3 del centre.<\/li>\n<li>Treball en equip com a mitj\u00e0 de superaci\u00f3 de l\u2019 individualisme i per a una major efic\u00e0cia.<\/li>\n<li>Reconeixement de les tasques i de les actituds que afavoreixin un clima de treball, de conviv\u00e8ncia agradable i profitosa per a la educaci\u00f3 integral dels individus i per a l&#8217;aprenentatge de noves compet\u00e8ncies, personals, t\u00e8cniques o professionals.<\/li>\n<\/ul>\n<h3><strong>ESPERIT DE SUPERACI\u00d3 <\/strong><\/h3>\n<ul>\n<li>Esfor\u00e7 com a mitj\u00e0 de superaci\u00f3 i progr\u00e9s en el treball, millora cont\u00ednua com a estil de treball i sentit autocr\u00edtic com a eina de superaci\u00f3 constant.<\/li>\n<li>Valoraci\u00f3 de la feina ben feta com a fi de l&#8217;aprenentatge i com a comprovaci\u00f3 del propi progr\u00e9s; i foment les bones pr\u00e0ctiques com a model.<\/li>\n<li>Concepci\u00f3 de l&#8217;aprenentatge continu com a valor per a tota la vida, m\u00e9s enll\u00e0 de l&#8217;escola i de l&#8217;etapa d&#8217;adolesc\u00e8ncia i\/o joventut.<\/li>\n<\/ul>\n<p>&nbsp;<\/p>\n","protected":false},"excerpt":{"rendered":"<p>Missi\u00f3 L\u2019Institut El Cairat d\u2019Esparreguera \u00e9s un centre p\u00fablic catal\u00e0 que imparteix ensenyaments secundaris obligatoris i post-obligatoris on: oferim una educaci\u00f3 integral amb l\u2019objectiu de formar persones competents i responsables des del punt de vista social i acad\u00e8mic, per a tot l\u2019alumnat, considerat en la seva diversitat social i cultural, en col\u00b7laboraci\u00f3 amb les fam\u00edlies [&hellip;]<\/p>\n","protected":false},"author":1,"featured_media":0,"parent":19,"menu_order":6,"comment_status":"closed","ping_status":"closed","template":"","meta":{"_bbp_topic_count":0,"_bbp_reply_count":0,"_bbp_total_topic_count":0,"_bbp_total_reply_count":0,"_bbp_voice_count":0,"_bbp_anonymous_reply_count":0,"_bbp_topic_count_hidden":0,"_bbp_reply_count_hidden":0,"_bbp_forum_subforum_count":0,"site-sidebar-layout":"default","site-content-layout":"","ast-site-content-layout":"","site-content-style":"default","site-sidebar-style":"default","ast-global-header-display":"","ast-banner-title-visibility":"","ast-main-header-display":"","ast-hfb-above-header-display":"","ast-hfb-below-header-display":"","ast-hfb-mobile-header-display":"","site-post-title":"","ast-breadcrumbs-content":"","ast-featured-img":"","footer-sml-layout":"","theme-transparent-header-meta":"","adv-header-id-meta":"","stick-header-meta":"","header-above-stick-meta":"","header-main-stick-meta":"","header-below-stick-meta":"","astra-migrate-meta-layouts":"default","ast-page-background-enabled":"default","ast-page-background-meta":{"desktop":{"background-color":"var(--ast-global-color-4)","background-image":"","background-repeat":"repeat","background-position":"center center","background-size":"auto","background-attachment":"scroll","background-type":"","background-media":"","overlay-type":"","overlay-color":"","overlay-opacity":"","overlay-gradient":""},"tablet":{"background-color":"","background-image":"","background-repeat":"repeat","background-position":"center center","background-size":"auto","background-attachment":"scroll","background-type":"","background-media":"","overlay-type":"","overlay-color":"","overlay-opacity":"","overlay-gradient":""},"mobile":{"background-color":"","background-image":"","background-repeat":"repeat","background-position":"center center","background-size":"auto","background-attachment":"scroll","background-type":"","background-media":"","overlay-type":"","overlay-color":"","overlay-opacity":"","overlay-gradient":""}},"ast-content-background-meta":{"desktop":{"background-color":"var(--ast-global-color-5)","background-image":"","background-repeat":"repeat","background-position":"center center","background-size":"auto","background-attachment":"scroll","background-type":"","background-media":"","overlay-type":"","overlay-color":"","overlay-opacity":"","overlay-gradient":""},"tablet":{"background-color":"var(--ast-global-color-5)","background-image":"","background-repeat":"repeat","background-position":"center center","background-size":"auto","background-attachment":"scroll","background-type":"","background-media":"","overlay-type":"","overlay-color":"","overlay-opacity":"","overlay-gradient":""},"mobile":{"background-color":"var(--ast-global-color-5)","background-image":"","background-repeat":"repeat","background-position":"center center","background-size":"auto","background-attachment":"scroll","background-type":"","background-media":"","overlay-type":"","overlay-color":"","overlay-opacity":"","overlay-gradient":""}},"footnotes":""},"class_list":["post-373","page","type-page","status-publish","hentry"],"post_mailing_queue_ids":[],"_links":{"self":[{"href":"https:\/\/agora.xtec.cat\/inselcairat\/wp-json\/wp\/v2\/pages\/373","targetHints":{"allow":["GET"]}}],"collection":[{"href":"https:\/\/agora.xtec.cat\/inselcairat\/wp-json\/wp\/v2\/pages"}],"about":[{"href":"https:\/\/agora.xtec.cat\/inselcairat\/wp-json\/wp\/v2\/types\/page"}],"author":[{"embeddable":true,"href":"https:\/\/agora.xtec.cat\/inselcairat\/wp-json\/wp\/v2\/users\/1"}],"replies":[{"embeddable":true,"href":"https:\/\/agora.xtec.cat\/inselcairat\/wp-json\/wp\/v2\/comments?post=373"}],"version-history":[{"count":6,"href":"https:\/\/agora.xtec.cat\/inselcairat\/wp-json\/wp\/v2\/pages\/373\/revisions"}],"predecessor-version":[{"id":13582,"href":"https:\/\/agora.xtec.cat\/inselcairat\/wp-json\/wp\/v2\/pages\/373\/revisions\/13582"}],"up":[{"embeddable":true,"href":"https:\/\/agora.xtec.cat\/inselcairat\/wp-json\/wp\/v2\/pages\/19"}],"wp:attachment":[{"href":"https:\/\/agora.xtec.cat\/inselcairat\/wp-json\/wp\/v2\/media?parent=373"}],"curies":[{"name":"wp","href":"https:\/\/api.w.org\/{rel}","templated":true}]}}