{"id":3493,"date":"2017-12-07T19:20:21","date_gmt":"2017-12-07T18:20:21","guid":{"rendered":"http:\/\/agora.xtec.cat\/inselcairat\/?page_id=3493"},"modified":"2024-04-22T13:24:58","modified_gmt":"2024-04-22T11:24:58","slug":"radio-escairats-2","status":"publish","type":"page","link":"https:\/\/agora.xtec.cat\/inselcairat\/projectes-de-centre\/radio-escairats-2\/","title":{"rendered":"R\u00e0dio EsCairats"},"content":{"rendered":"<p>&nbsp;<\/p>\n<p><span style=\"color: #333399;\"><a href=\"http:\/\/agora.xtec.cat\/inselcairat\/wp-content\/uploads\/usu287\/2017\/12\/radio_logo.jpg\"><img loading=\"lazy\" decoding=\"async\" class=\"wp-image-3500 alignleft\" src=\"http:\/\/agora.xtec.cat\/inselcairat\/wp-content\/uploads\/usu287\/2017\/12\/radio_logo.jpg\" alt=\"\" width=\"244\" height=\"167\" \/><\/a><\/span><\/p>\n<p><span style=\"color: #333399;\">Dins el\u00a0<strong>projecte ling\u00fc\u00edstic<\/strong>, una activitat molt destacada \u00e9s l&#8217;emissi\u00f3 setmanal del programa de r\u00e0dio,\u00a0<strong>r\u00e0dio EsCairats<\/strong>, que porta m\u00e9s d&#8217;11 anys en emissi\u00f3.<\/span><\/p>\n<p><span style=\"color: #333399;\">La Joana Llordella, va ser directora del programa durant 10 anys i, actualment \u00e9s el Carles Reyn\u00e9s el director del programa.<\/span><\/p>\n<p><span style=\"color: #333399;\">El programa est\u00e0 obert a tota la comunitat educativa, malgrat tenen especial protagonisme els i les alumnes del Cairat.<\/span><\/p>\n<p><span style=\"color: #333399;\">El 12 de desembre de 2014 l&#8217;institut El Cairat va rebre la visita de l&#8217;<strong>Andreu Presas<\/strong>,\u00a0<span id=\"yui_3_17_2_3_1512669488957_124\">\u201cLocutor de R\u00e0dio Flaixbac, el monstre de la nit del -Batec de nit-. El programa de\u00a0<strong>r\u00e0dio EsCairats va<\/strong> estar apadrinat per l&#8217;Andreu.<\/span><\/span><\/p>\n<p><strong><a href=\"https:\/\/www.facebook.com\/R%C3%A0dio-EsCairats-1130089353686367\/\">Visita faceBook, hist\u00f2ric de r\u00e0dioEscairat.<\/a>\u00a0\u00a0<\/strong><a href=\"https:\/\/www.facebook.com\/R%C3%A0dio-EsCairats-1130089353686367\/\"><img loading=\"lazy\" decoding=\"async\" class=\"alignnone wp-image-3506\" src=\"http:\/\/agora.xtec.cat\/inselcairat\/wp-content\/uploads\/usu287\/2017\/12\/facebook.png\" alt=\"\" width=\"34\" height=\"35\" srcset=\"https:\/\/agora.xtec.cat\/inselcairat\/wp-content\/uploads\/usu287\/2017\/12\/facebook.png 225w, https:\/\/agora.xtec.cat\/inselcairat\/wp-content\/uploads\/usu287\/2017\/12\/facebook-150x150.png 150w\" sizes=\"auto, (max-width: 34px) 100vw, 34px\" \/><\/a><\/p>\n<p><a href=\"https:\/\/enacast.com\/radioesparreguera\/#\/programs\/escairats\" target=\"_BLANK\" rel=\"noopener noreferrer\"><strong><span style=\"color: #333399;\">Podeu ESCOLTAR tots els PROGRAMES enregistrats des de:\u00a0https:\/\/enacast.com\/radioesparreguera\/#\/programs\/escairats<\/span><\/strong><\/a><\/p>\n<p>&nbsp;<\/p>\n<p><a href=\"http:\/\/agora.xtec.cat\/inselcairat\/wp-content\/uploads\/usu287\/2017\/12\/Programa_especial_radio_apdrinament.jpg\"><img loading=\"lazy\" decoding=\"async\" class=\"size-full wp-image-3494 aligncenter\" src=\"http:\/\/agora.xtec.cat\/inselcairat\/wp-content\/uploads\/usu287\/2017\/12\/Programa_especial_radio_apdrinament.jpg\" alt=\"\" width=\"570\" height=\"400\" srcset=\"https:\/\/agora.xtec.cat\/inselcairat\/wp-content\/uploads\/usu287\/2017\/12\/Programa_especial_radio_apdrinament.jpg 570w, https:\/\/agora.xtec.cat\/inselcairat\/wp-content\/uploads\/usu287\/2017\/12\/Programa_especial_radio_apdrinament-300x211.jpg 300w\" sizes=\"auto, (max-width: 570px) 100vw, 570px\" \/><\/a><\/p>\n<p><strong><span style=\"color: #000080;\">El nostre m\u00e9s sincer agra\u00efment al David Oriol Rebollo, t\u00e8cnic de r\u00e0dio Esparreguera i antic alumne de l&#8217;institut El Cairat, ja que sense la la seva tasca no hagu\u00e9s estat possible el gran programa de r\u00e0dio que durant tants anys el nostre alumnat ha gaudit.<\/span><\/strong><\/p>\n<p>https:\/\/youtu.be\/dAx73Z4DMqg<\/p>\n<p>&nbsp;<\/p>\n<table style=\"height: 3563px;\" border=\"1\" width=\"605\" align=\"center\">\n<tbody>\n<tr>\n<td style=\"width: 600px;\"><a href=\"http:\/\/agora.xtec.cat\/inselcairat\/wp-content\/uploads\/usu287\/2017\/12\/radio_1.jpg\"><img loading=\"lazy\" decoding=\"async\" class=\"wp-image-3495 aligncenter\" src=\"http:\/\/agora.xtec.cat\/inselcairat\/wp-content\/uploads\/usu287\/2017\/12\/radio_1.jpg\" alt=\"\" width=\"563\" height=\"317\" srcset=\"https:\/\/agora.xtec.cat\/inselcairat\/wp-content\/uploads\/usu287\/2017\/12\/radio_1.jpg 3264w, https:\/\/agora.xtec.cat\/inselcairat\/wp-content\/uploads\/usu287\/2017\/12\/radio_1-300x169.jpg 300w, https:\/\/agora.xtec.cat\/inselcairat\/wp-content\/uploads\/usu287\/2017\/12\/radio_1-768x432.jpg 768w, https:\/\/agora.xtec.cat\/inselcairat\/wp-content\/uploads\/usu287\/2017\/12\/radio_1-1024x576.jpg 1024w\" sizes=\"auto, (max-width: 563px) 100vw, 563px\" \/><\/a><\/td>\n<\/tr>\n<tr>\n<td style=\"width: 600px;\">\u00a0<a href=\"http:\/\/agora.xtec.cat\/inselcairat\/wp-content\/uploads\/usu287\/2017\/12\/radio_2.jpg\"><img loading=\"lazy\" decoding=\"async\" class=\" wp-image-3496 aligncenter\" src=\"http:\/\/agora.xtec.cat\/inselcairat\/wp-content\/uploads\/usu287\/2017\/12\/radio_2.jpg\" alt=\"\" width=\"583\" height=\"437\" srcset=\"https:\/\/agora.xtec.cat\/inselcairat\/wp-content\/uploads\/usu287\/2017\/12\/radio_2.jpg 800w, https:\/\/agora.xtec.cat\/inselcairat\/wp-content\/uploads\/usu287\/2017\/12\/radio_2-300x225.jpg 300w, https:\/\/agora.xtec.cat\/inselcairat\/wp-content\/uploads\/usu287\/2017\/12\/radio_2-768x576.jpg 768w, https:\/\/agora.xtec.cat\/inselcairat\/wp-content\/uploads\/usu287\/2017\/12\/radio_2-200x150.jpg 200w\" sizes=\"auto, (max-width: 583px) 100vw, 583px\" \/><\/a><\/td>\n<\/tr>\n<tr>\n<td style=\"width: 600px;\">\u00a0<a href=\"http:\/\/agora.xtec.cat\/inselcairat\/wp-content\/uploads\/usu287\/2017\/12\/radio_3.jpg\"><img loading=\"lazy\" decoding=\"async\" class=\"wp-image-3497 aligncenter\" src=\"http:\/\/agora.xtec.cat\/inselcairat\/wp-content\/uploads\/usu287\/2017\/12\/radio_3.jpg\" alt=\"\" width=\"515\" height=\"386\" srcset=\"https:\/\/agora.xtec.cat\/inselcairat\/wp-content\/uploads\/usu287\/2017\/12\/radio_3.jpg 1024w, https:\/\/agora.xtec.cat\/inselcairat\/wp-content\/uploads\/usu287\/2017\/12\/radio_3-300x225.jpg 300w, https:\/\/agora.xtec.cat\/inselcairat\/wp-content\/uploads\/usu287\/2017\/12\/radio_3-768x576.jpg 768w, https:\/\/agora.xtec.cat\/inselcairat\/wp-content\/uploads\/usu287\/2017\/12\/radio_3-200x150.jpg 200w\" sizes=\"auto, (max-width: 515px) 100vw, 515px\" \/><\/a><\/td>\n<\/tr>\n<tr>\n<td style=\"width: 600px;\">\u00a0<a href=\"http:\/\/agora.xtec.cat\/inselcairat\/wp-content\/uploads\/usu287\/2017\/12\/radio_6_2015_2016.jpg\"><img loading=\"lazy\" decoding=\"async\" class=\"wp-image-3510 aligncenter\" src=\"http:\/\/agora.xtec.cat\/inselcairat\/wp-content\/uploads\/usu287\/2017\/12\/radio_6_2015_2016.jpg\" alt=\"\" width=\"557\" height=\"433\" srcset=\"https:\/\/agora.xtec.cat\/inselcairat\/wp-content\/uploads\/usu287\/2017\/12\/radio_6_2015_2016.jpg 1168w, https:\/\/agora.xtec.cat\/inselcairat\/wp-content\/uploads\/usu287\/2017\/12\/radio_6_2015_2016-300x233.jpg 300w, https:\/\/agora.xtec.cat\/inselcairat\/wp-content\/uploads\/usu287\/2017\/12\/radio_6_2015_2016-768x598.jpg 768w, https:\/\/agora.xtec.cat\/inselcairat\/wp-content\/uploads\/usu287\/2017\/12\/radio_6_2015_2016-1024x797.jpg 1024w\" sizes=\"auto, (max-width: 557px) 100vw, 557px\" \/><\/a><\/td>\n<\/tr>\n<tr>\n<td style=\"width: 600px;\">\u00a0<a href=\"http:\/\/agora.xtec.cat\/inselcairat\/wp-content\/uploads\/usu287\/2017\/12\/radio_C_P-1.jpg\"><img loading=\"lazy\" decoding=\"async\" class=\"size-full wp-image-3511 aligncenter\" src=\"http:\/\/agora.xtec.cat\/inselcairat\/wp-content\/uploads\/usu287\/2017\/12\/radio_C_P-1.jpg\" alt=\"\" width=\"448\" height=\"406\" srcset=\"https:\/\/agora.xtec.cat\/inselcairat\/wp-content\/uploads\/usu287\/2017\/12\/radio_C_P-1.jpg 448w, https:\/\/agora.xtec.cat\/inselcairat\/wp-content\/uploads\/usu287\/2017\/12\/radio_C_P-1-300x272.jpg 300w\" sizes=\"auto, (max-width: 448px) 100vw, 448px\" \/><\/a><\/td>\n<\/tr>\n<tr>\n<td style=\"width: 600px;\">\u00a0<a href=\"http:\/\/agora.xtec.cat\/inselcairat\/wp-content\/uploads\/usu287\/2017\/12\/radio_JM.jpg\"><img loading=\"lazy\" decoding=\"async\" class=\" wp-image-3503 aligncenter\" src=\"http:\/\/agora.xtec.cat\/inselcairat\/wp-content\/uploads\/usu287\/2017\/12\/radio_JM.jpg\" alt=\"\" width=\"463\" height=\"350\" srcset=\"https:\/\/agora.xtec.cat\/inselcairat\/wp-content\/uploads\/usu287\/2017\/12\/radio_JM.jpg 492w, https:\/\/agora.xtec.cat\/inselcairat\/wp-content\/uploads\/usu287\/2017\/12\/radio_JM-300x227.jpg 300w, https:\/\/agora.xtec.cat\/inselcairat\/wp-content\/uploads\/usu287\/2017\/12\/radio_JM-200x150.jpg 200w\" sizes=\"auto, (max-width: 463px) 100vw, 463px\" \/><\/a><\/td>\n<\/tr>\n<tr>\n<td style=\"width: 600px;\">\u00a0<a href=\"http:\/\/agora.xtec.cat\/inselcairat\/wp-content\/uploads\/usu287\/2017\/12\/radio_J_P.jpg\"><img loading=\"lazy\" decoding=\"async\" class=\" wp-image-3505 aligncenter\" src=\"http:\/\/agora.xtec.cat\/inselcairat\/wp-content\/uploads\/usu287\/2017\/12\/radio_J_P.jpg\" alt=\"\" width=\"451\" height=\"341\" srcset=\"https:\/\/agora.xtec.cat\/inselcairat\/wp-content\/uploads\/usu287\/2017\/12\/radio_J_P.jpg 400w, https:\/\/agora.xtec.cat\/inselcairat\/wp-content\/uploads\/usu287\/2017\/12\/radio_J_P-300x227.jpg 300w, https:\/\/agora.xtec.cat\/inselcairat\/wp-content\/uploads\/usu287\/2017\/12\/radio_J_P-200x150.jpg 200w\" sizes=\"auto, (max-width: 451px) 100vw, 451px\" \/><\/a><\/td>\n<\/tr>\n<tr>\n<td style=\"width: 600px;\">\u00a0<img loading=\"lazy\" decoding=\"async\" class=\"wp-image-5973 aligncenter\" src=\"https:\/\/agora.xtec.cat\/inselcairat\/wp-content\/uploads\/usu287\/2019\/03\/img_1-1024x768.jpg\" alt=\"\" width=\"462\" height=\"346\" srcset=\"https:\/\/agora.xtec.cat\/inselcairat\/wp-content\/uploads\/usu287\/2019\/03\/img_1.jpg 1024w, https:\/\/agora.xtec.cat\/inselcairat\/wp-content\/uploads\/usu287\/2019\/03\/img_1-300x225.jpg 300w, https:\/\/agora.xtec.cat\/inselcairat\/wp-content\/uploads\/usu287\/2019\/03\/img_1-768x576.jpg 768w, https:\/\/agora.xtec.cat\/inselcairat\/wp-content\/uploads\/usu287\/2019\/03\/img_1-200x150.jpg 200w\" sizes=\"auto, (max-width: 462px) 100vw, 462px\" \/><\/td>\n<\/tr>\n<\/tbody>\n<\/table>\n<p>&nbsp;<\/p>\n","protected":false},"excerpt":{"rendered":"<p>&nbsp; Dins el\u00a0projecte ling\u00fc\u00edstic, una activitat molt destacada \u00e9s l&#8217;emissi\u00f3 setmanal del programa de r\u00e0dio,\u00a0r\u00e0dio EsCairats, que porta m\u00e9s d&#8217;11 anys en emissi\u00f3. La Joana Llordella, va ser directora del programa durant 10 anys i, actualment \u00e9s el Carles Reyn\u00e9s el director del programa. El programa est\u00e0 obert a tota la comunitat educativa, malgrat tenen [&hellip;]<\/p>\n","protected":false},"author":1,"featured_media":0,"parent":8816,"menu_order":90,"comment_status":"closed","ping_status":"closed","template":"page-templates\/side-menu.php","meta":{"_bbp_topic_count":0,"_bbp_reply_count":0,"_bbp_total_topic_count":0,"_bbp_total_reply_count":0,"_bbp_voice_count":0,"_bbp_anonymous_reply_count":0,"_bbp_topic_count_hidden":0,"_bbp_reply_count_hidden":0,"_bbp_forum_subforum_count":0,"site-sidebar-layout":"default","site-content-layout":"","ast-site-content-layout":"","site-content-style":"default","site-sidebar-style":"default","ast-global-header-display":"","ast-banner-title-visibility":"","ast-main-header-display":"","ast-hfb-above-header-display":"","ast-hfb-below-header-display":"","ast-hfb-mobile-header-display":"","site-post-title":"","ast-breadcrumbs-content":"","ast-featured-img":"","footer-sml-layout":"","theme-transparent-header-meta":"","adv-header-id-meta":"","stick-header-meta":"","header-above-stick-meta":"","header-main-stick-meta":"","header-below-stick-meta":"","astra-migrate-meta-layouts":"default","ast-page-background-enabled":"default","ast-page-background-meta":{"desktop":{"background-color":"var(--ast-global-color-4)","background-image":"","background-repeat":"repeat","background-position":"center center","background-size":"auto","background-attachment":"scroll","background-type":"","background-media":"","overlay-type":"","overlay-color":"","overlay-opacity":"","overlay-gradient":""},"tablet":{"background-color":"","background-image":"","background-repeat":"repeat","background-position":"center center","background-size":"auto","background-attachment":"scroll","background-type":"","background-media":"","overlay-type":"","overlay-color":"","overlay-opacity":"","overlay-gradient":""},"mobile":{"background-color":"","background-image":"","background-repeat":"repeat","background-position":"center center","background-size":"auto","background-attachment":"scroll","background-type":"","background-media":"","overlay-type":"","overlay-color":"","overlay-opacity":"","overlay-gradient":""}},"ast-content-background-meta":{"desktop":{"background-color":"var(--ast-global-color-5)","background-image":"","background-repeat":"repeat","background-position":"center center","background-size":"auto","background-attachment":"scroll","background-type":"","background-media":"","overlay-type":"","overlay-color":"","overlay-opacity":"","overlay-gradient":""},"tablet":{"background-color":"var(--ast-global-color-5)","background-image":"","background-repeat":"repeat","background-position":"center center","background-size":"auto","background-attachment":"scroll","background-type":"","background-media":"","overlay-type":"","overlay-color":"","overlay-opacity":"","overlay-gradient":""},"mobile":{"background-color":"var(--ast-global-color-5)","background-image":"","background-repeat":"repeat","background-position":"center center","background-size":"auto","background-attachment":"scroll","background-type":"","background-media":"","overlay-type":"","overlay-color":"","overlay-opacity":"","overlay-gradient":""}},"footnotes":""},"class_list":["post-3493","page","type-page","status-publish","hentry"],"post_mailing_queue_ids":[],"_links":{"self":[{"href":"https:\/\/agora.xtec.cat\/inselcairat\/wp-json\/wp\/v2\/pages\/3493","targetHints":{"allow":["GET"]}}],"collection":[{"href":"https:\/\/agora.xtec.cat\/inselcairat\/wp-json\/wp\/v2\/pages"}],"about":[{"href":"https:\/\/agora.xtec.cat\/inselcairat\/wp-json\/wp\/v2\/types\/page"}],"author":[{"embeddable":true,"href":"https:\/\/agora.xtec.cat\/inselcairat\/wp-json\/wp\/v2\/users\/1"}],"replies":[{"embeddable":true,"href":"https:\/\/agora.xtec.cat\/inselcairat\/wp-json\/wp\/v2\/comments?post=3493"}],"version-history":[{"count":4,"href":"https:\/\/agora.xtec.cat\/inselcairat\/wp-json\/wp\/v2\/pages\/3493\/revisions"}],"predecessor-version":[{"id":8671,"href":"https:\/\/agora.xtec.cat\/inselcairat\/wp-json\/wp\/v2\/pages\/3493\/revisions\/8671"}],"up":[{"embeddable":true,"href":"https:\/\/agora.xtec.cat\/inselcairat\/wp-json\/wp\/v2\/pages\/8816"}],"wp:attachment":[{"href":"https:\/\/agora.xtec.cat\/inselcairat\/wp-json\/wp\/v2\/media?parent=3493"}],"curies":[{"name":"wp","href":"https:\/\/api.w.org\/{rel}","templated":true}]}}