{"id":3359,"date":"2017-12-04T11:43:15","date_gmt":"2017-12-04T10:43:15","guid":{"rendered":"http:\/\/agora.xtec.cat\/inselcairat\/?page_id=3359"},"modified":"2026-03-13T09:43:58","modified_gmt":"2026-03-13T08:43:58","slug":"batxillerat","status":"publish","type":"page","link":"https:\/\/agora.xtec.cat\/inselcairat\/linstitut\/estudis\/batxillerat\/","title":{"rendered":"Batxillerat"},"content":{"rendered":"<p><img loading=\"lazy\" decoding=\"async\" class=\"wp-image-12938 size-full\" src=\"https:\/\/agora.xtec.cat\/inselcairat\/wp-content\/uploads\/usu287\/2024\/02\/2.png\" alt=\"Organitzaci\u00f3 Batxillerat El Cairat\" width=\"2000\" height=\"1545\" srcset=\"https:\/\/agora.xtec.cat\/inselcairat\/wp-content\/uploads\/usu287\/2024\/02\/2.png 2000w, https:\/\/agora.xtec.cat\/inselcairat\/wp-content\/uploads\/usu287\/2024\/02\/2-300x232.png 300w, https:\/\/agora.xtec.cat\/inselcairat\/wp-content\/uploads\/usu287\/2024\/02\/2-1024x791.png 1024w, https:\/\/agora.xtec.cat\/inselcairat\/wp-content\/uploads\/usu287\/2024\/02\/2-768x593.png 768w, https:\/\/agora.xtec.cat\/inselcairat\/wp-content\/uploads\/usu287\/2024\/02\/2-1536x1187.png 1536w\" sizes=\"auto, (max-width: 2000px) 100vw, 2000px\" \/><\/p>\n<h3>Itineraris a El Cairat:<\/h3>\n<ul>\n<li><strong><span style=\"font-size: 18px;\">CURS 2025-26: <a href=\"https:\/\/agora.xtec.cat\/inselcairat\/wp-content\/uploads\/usu287\/2026\/03\/EXPLICACIO_1r_BAT_CAIRAT_2025-26families.pdf\">Explicaci\u00f3 itineraris<\/a> |\u00a0 <a href=\"https:\/\/agora.xtec.cat\/inselcairat\/wp-content\/uploads\/usu287\/2026\/03\/Itineraris-1r_BAT_CAIRAT_2025-26.pdf\">Itineraris 1r Batxillerat (curs 25-26)<\/a>\u00a0| <a href=\"https:\/\/agora.xtec.cat\/inselcairat\/wp-content\/uploads\/usu287\/2026\/03\/Itineraris-2n_BAT_CAIRAT_2025-26.pdf\">Itineraris 2n Batxillerat (curs 25-26)<\/a><\/span><\/strong><\/li>\n<li><strong><span style=\"font-size: 18px;\"><span style=\"font-size: 18px;\">CURS 2026-27: <\/span><\/span><span style=\"font-size: 18px;\"><span style=\"font-size: 18px;\"><a href=\"https:\/\/agora.xtec.cat\/inselcairat\/wp-content\/uploads\/usu287\/2026\/03\/EXPLICACIO-Itineraris-1r_BAT_CAIRAT_2026-27_EXPLICACIO-FAMILIES.pdf\">Explicaci\u00f3 itineraris<\/a> | <a href=\"https:\/\/agora.xtec.cat\/inselcairat\/wp-content\/uploads\/usu287\/2026\/03\/Itineraris-1r_BAT_CAIRAT_2026-27.docx.pdf\">Itineraris 1r de Batxillerat (curs 26-27)<\/a> |<a href=\"https:\/\/agora.xtec.cat\/inselcairat\/wp-content\/uploads\/usu287\/2026\/03\/Itineraris-2n_BAT_CAIRAT_2026-27.docx.pdf\"> Itineraris 2n Batxillerat (curs 26-27)<\/a><\/span><\/span><\/strong><\/li>\n<\/ul>\n<h3>Informaci\u00f3 general<\/h3>\n<h5><a href=\"https:\/\/triaeducativa.gencat.cat\/ca\/estudis\/?ciencies-tecnologia&amp;p_id=7\">Batxillerat de Ci\u00e8ncies i Tecnologia<\/a><\/h5>\n<h5><a href=\"https:\/\/triaeducativa.gencat.cat\/ca\/estudis\/?batxillerat-humanitats-ciencies-socials&amp;p_id=6\">Batxillerat d&#8217;Humanitats i Ci\u00e8ncies Socials<\/a><\/h5>\n<h5><\/h5>\n<p><iframe loading=\"lazy\" src=\"\/\/www.youtube.com\/embed\/USV1nfGeGsc?feature=emb_title\" width=\"640\" height=\"360\" frameborder=\"0\"><\/iframe><\/p>\n<p><iframe loading=\"lazy\" src=\"\/\/www.youtube.com\/embed\/Uz2uVNK9KY4?t=22s\" width=\"640\" height=\"359\" allowfullscreen=\"allowfullscreen\"><\/iframe><\/p>\n<h5><\/h5>\n","protected":false},"excerpt":{"rendered":"<p>Itineraris a El Cairat: CURS 2025-26: Explicaci\u00f3 itineraris |\u00a0 Itineraris 1r Batxillerat (curs 25-26)\u00a0| Itineraris 2n Batxillerat (curs 25-26) CURS 2026-27: Explicaci\u00f3 itineraris | Itineraris 1r de Batxillerat (curs 26-27) | Itineraris 2n Batxillerat (curs 26-27) Informaci\u00f3 general Batxillerat de Ci\u00e8ncies i Tecnologia Batxillerat d&#8217;Humanitats i Ci\u00e8ncies Socials<\/p>\n","protected":false},"author":1,"featured_media":0,"parent":195,"menu_order":0,"comment_status":"closed","ping_status":"closed","template":"","meta":{"_bbp_topic_count":0,"_bbp_reply_count":0,"_bbp_total_topic_count":0,"_bbp_total_reply_count":0,"_bbp_voice_count":0,"_bbp_anonymous_reply_count":0,"_bbp_topic_count_hidden":0,"_bbp_reply_count_hidden":0,"_bbp_forum_subforum_count":0,"site-sidebar-layout":"default","site-content-layout":"","ast-site-content-layout":"default","site-content-style":"default","site-sidebar-style":"default","ast-global-header-display":"","ast-banner-title-visibility":"","ast-main-header-display":"","ast-hfb-above-header-display":"","ast-hfb-below-header-display":"","ast-hfb-mobile-header-display":"","site-post-title":"","ast-breadcrumbs-content":"","ast-featured-img":"","footer-sml-layout":"","theme-transparent-header-meta":"","adv-header-id-meta":"","stick-header-meta":"","header-above-stick-meta":"","header-main-stick-meta":"","header-below-stick-meta":"","astra-migrate-meta-layouts":"set","ast-page-background-enabled":"default","ast-page-background-meta":{"desktop":{"background-color":"var(--ast-global-color-4)","background-image":"","background-repeat":"repeat","background-position":"center center","background-size":"auto","background-attachment":"scroll","background-type":"","background-media":"","overlay-type":"","overlay-color":"","overlay-opacity":"","overlay-gradient":""},"tablet":{"background-color":"","background-image":"","background-repeat":"repeat","background-position":"center center","background-size":"auto","background-attachment":"scroll","background-type":"","background-media":"","overlay-type":"","overlay-color":"","overlay-opacity":"","overlay-gradient":""},"mobile":{"background-color":"","background-image":"","background-repeat":"repeat","background-position":"center center","background-size":"auto","background-attachment":"scroll","background-type":"","background-media":"","overlay-type":"","overlay-color":"","overlay-opacity":"","overlay-gradient":""}},"ast-content-background-meta":{"desktop":{"background-color":"var(--ast-global-color-5)","background-image":"","background-repeat":"repeat","background-position":"center center","background-size":"auto","background-attachment":"scroll","background-type":"","background-media":"","overlay-type":"","overlay-color":"","overlay-opacity":"","overlay-gradient":""},"tablet":{"background-color":"var(--ast-global-color-5)","background-image":"","background-repeat":"repeat","background-position":"center center","background-size":"auto","background-attachment":"scroll","background-type":"","background-media":"","overlay-type":"","overlay-color":"","overlay-opacity":"","overlay-gradient":""},"mobile":{"background-color":"var(--ast-global-color-5)","background-image":"","background-repeat":"repeat","background-position":"center center","background-size":"auto","background-attachment":"scroll","background-type":"","background-media":"","overlay-type":"","overlay-color":"","overlay-opacity":"","overlay-gradient":""}},"footnotes":""},"class_list":["post-3359","page","type-page","status-publish","hentry"],"post_mailing_queue_ids":[],"_links":{"self":[{"href":"https:\/\/agora.xtec.cat\/inselcairat\/wp-json\/wp\/v2\/pages\/3359","targetHints":{"allow":["GET"]}}],"collection":[{"href":"https:\/\/agora.xtec.cat\/inselcairat\/wp-json\/wp\/v2\/pages"}],"about":[{"href":"https:\/\/agora.xtec.cat\/inselcairat\/wp-json\/wp\/v2\/types\/page"}],"author":[{"embeddable":true,"href":"https:\/\/agora.xtec.cat\/inselcairat\/wp-json\/wp\/v2\/users\/1"}],"replies":[{"embeddable":true,"href":"https:\/\/agora.xtec.cat\/inselcairat\/wp-json\/wp\/v2\/comments?post=3359"}],"version-history":[{"count":6,"href":"https:\/\/agora.xtec.cat\/inselcairat\/wp-json\/wp\/v2\/pages\/3359\/revisions"}],"predecessor-version":[{"id":16920,"href":"https:\/\/agora.xtec.cat\/inselcairat\/wp-json\/wp\/v2\/pages\/3359\/revisions\/16920"}],"up":[{"embeddable":true,"href":"https:\/\/agora.xtec.cat\/inselcairat\/wp-json\/wp\/v2\/pages\/195"}],"wp:attachment":[{"href":"https:\/\/agora.xtec.cat\/inselcairat\/wp-json\/wp\/v2\/media?parent=3359"}],"curies":[{"name":"wp","href":"https:\/\/api.w.org\/{rel}","templated":true}]}}