{"id":17194,"date":"2026-05-07T13:57:29","date_gmt":"2026-05-07T11:57:29","guid":{"rendered":"https:\/\/agora.xtec.cat\/inselcairat\/?page_id=17194"},"modified":"2026-05-07T14:04:42","modified_gmt":"2026-05-07T12:04:42","slug":"sollicitud-de-titols","status":"publish","type":"page","link":"https:\/\/agora.xtec.cat\/inselcairat\/linstitut\/secretaria\/sollicitud-de-titols\/","title":{"rendered":"Sol\u00b7licitud de t\u00edtols"},"content":{"rendered":"\n<h3 class=\"wp-block-heading\">T\u00edtols d&#8217;ESO<\/h3>\n\n\n\n<ul class=\"wp-block-list\">\n<li>L\u2019emissi\u00f3 dels<strong> t\u00edtols d\u2019ESO<\/strong> es fa<strong> autom\u00e0ticament<\/strong>, aix\u00ed que la persona interessada <strong>no ha de fer cap sol\u00b7licitud ni pagar cap taxa<\/strong>: \u00e9s l\u2019institut qui s\u2019encarrega de tot el proc\u00e9s.<\/li>\n<\/ul>\n\n\n\n<h3 class=\"wp-block-heading\">T\u00edtols de Batxillerat<\/h3>\n\n\n\n<ul class=\"wp-block-list\">\n<li><strong>A partir del curs 2025-26 els t\u00edtols de Batxillerat i de Cicles Formatius s\u2019han de sol\u00b7licitar mitjan\u00e7ant un tr\u00e0mit telem\u00e0tic al qual s\u2019hi pot accedir des del seg\u00fcent enlla\u00e7:\u00a0<\/strong><a href=\"https:\/\/tramits.gencat.cat\/ca\/tramits\/tramits-temes\/titols-academics-no-universitaris\">s<\/a><a href=\"https:\/\/tramits.gencat.cat\/ca\/tramits\/tramits-temes\/titols-academics-no-universitaris\">ol\u00b7licitud t\u00edtol<\/a><\/li>\n\n\n\n<li>Aquest tr\u00e0mit serveix tant per demanar-lo per primera vegada com per sol\u00b7licitar un duplicat o b\u00e9 una actualitzaci\u00f3 per canvi de dades.<\/li>\n\n\n\n<li>Un vegada fet el pagament de la taxa,<strong> <\/strong>us heu de posar en contacte amb secretaria a trav\u00e9s del correu:\u00a0<a href=\"mailto:a8040540@xtec.cat\">a8040540@xtec.cat<\/a><strong>\u00a0<\/strong>per<strong> finalitzar el tr\u00e0mit.<\/strong><\/li>\n<\/ul>\n","protected":false},"excerpt":{"rendered":"<p>T\u00edtols d&#8217;ESO T\u00edtols de Batxillerat<\/p>\n","protected":false},"author":1,"featured_media":0,"parent":7852,"menu_order":0,"comment_status":"closed","ping_status":"close","template":"","meta":{"_bbp_topic_count":0,"_bbp_reply_count":0,"_bbp_total_topic_count":0,"_bbp_total_reply_count":0,"_bbp_voice_count":0,"_bbp_anonymous_reply_count":0,"_bbp_topic_count_hidden":0,"_bbp_reply_count_hidden":0,"_bbp_forum_subforum_count":0,"site-sidebar-layout":"default","site-content-layout":"","ast-site-content-layout":"default","site-content-style":"default","site-sidebar-style":"default","ast-global-header-display":"","ast-banner-title-visibility":"","ast-main-header-display":"","ast-hfb-above-header-display":"","ast-hfb-below-header-display":"","ast-hfb-mobile-header-display":"","site-post-title":"","ast-breadcrumbs-content":"","ast-featured-img":"","footer-sml-layout":"","theme-transparent-header-meta":"","adv-header-id-meta":"","stick-header-meta":"","header-above-stick-meta":"","header-main-stick-meta":"","header-below-stick-meta":"","astra-migrate-meta-layouts":"set","ast-page-background-enabled":"default","ast-page-background-meta":{"desktop":{"background-color":"var(--ast-global-color-4)","background-image":"","background-repeat":"repeat","background-position":"center center","background-size":"auto","background-attachment":"scroll","background-type":"","background-media":"","overlay-type":"","overlay-color":"","overlay-opacity":"","overlay-gradient":""},"tablet":{"background-color":"","background-image":"","background-repeat":"repeat","background-position":"center center","background-size":"auto","background-attachment":"scroll","background-type":"","background-media":"","overlay-type":"","overlay-color":"","overlay-opacity":"","overlay-gradient":""},"mobile":{"background-color":"","background-image":"","background-repeat":"repeat","background-position":"center center","background-size":"auto","background-attachment":"scroll","background-type":"","background-media":"","overlay-type":"","overlay-color":"","overlay-opacity":"","overlay-gradient":""}},"ast-content-background-meta":{"desktop":{"background-color":"var(--ast-global-color-5)","background-image":"","background-repeat":"repeat","background-position":"center center","background-size":"auto","background-attachment":"scroll","background-type":"","background-media":"","overlay-type":"","overlay-color":"","overlay-opacity":"","overlay-gradient":""},"tablet":{"background-color":"var(--ast-global-color-5)","background-image":"","background-repeat":"repeat","background-position":"center center","background-size":"auto","background-attachment":"scroll","background-type":"","background-media":"","overlay-type":"","overlay-color":"","overlay-opacity":"","overlay-gradient":""},"mobile":{"background-color":"var(--ast-global-color-5)","background-image":"","background-repeat":"repeat","background-position":"center center","background-size":"auto","background-attachment":"scroll","background-type":"","background-media":"","overlay-type":"","overlay-color":"","overlay-opacity":"","overlay-gradient":""}},"footnotes":""},"class_list":["post-17194","page","type-page","status-publish","hentry"],"post_mailing_queue_ids":[],"_links":{"self":[{"href":"https:\/\/agora.xtec.cat\/inselcairat\/wp-json\/wp\/v2\/pages\/17194","targetHints":{"allow":["GET"]}}],"collection":[{"href":"https:\/\/agora.xtec.cat\/inselcairat\/wp-json\/wp\/v2\/pages"}],"about":[{"href":"https:\/\/agora.xtec.cat\/inselcairat\/wp-json\/wp\/v2\/types\/page"}],"author":[{"embeddable":true,"href":"https:\/\/agora.xtec.cat\/inselcairat\/wp-json\/wp\/v2\/users\/1"}],"replies":[{"embeddable":true,"href":"https:\/\/agora.xtec.cat\/inselcairat\/wp-json\/wp\/v2\/comments?post=17194"}],"version-history":[{"count":6,"href":"https:\/\/agora.xtec.cat\/inselcairat\/wp-json\/wp\/v2\/pages\/17194\/revisions"}],"predecessor-version":[{"id":17206,"href":"https:\/\/agora.xtec.cat\/inselcairat\/wp-json\/wp\/v2\/pages\/17194\/revisions\/17206"}],"up":[{"embeddable":true,"href":"https:\/\/agora.xtec.cat\/inselcairat\/wp-json\/wp\/v2\/pages\/7852"}],"wp:attachment":[{"href":"https:\/\/agora.xtec.cat\/inselcairat\/wp-json\/wp\/v2\/media?parent=17194"}],"curies":[{"name":"wp","href":"https:\/\/api.w.org\/{rel}","templated":true}]}}