{"id":9,"date":"2014-09-12T10:15:01","date_gmt":"2014-09-12T10:15:01","guid":{"rendered":"http:\/\/agora.xtec.cat\/inseduardfontsere\/?page_id=9"},"modified":"2026-02-13T10:35:32","modified_gmt":"2026-02-13T09:35:32","slug":"pagina-dinici-buida","status":"publish","type":"page","link":"https:\/\/agora.xtec.cat\/inseduardfontsere\/","title":{"rendered":"Inici"},"content":{"rendered":"\n<div class=\"wp-block-getwid-images-slider has-arrows-outside has-dots-none is-carousel has-slides-gap-normal has-images-center has-fixed-height\"><div class=\"wp-block-getwid-images-slider__wrapper\" data-effect=\"slide\" data-slides-show=\"3\" data-slides-show-laptop=\"3\" data-slides-show-tablet=\"1\" data-slides-show-mobile=\"1\" data-slides-scroll=\"1\" data-autoplay=\"true\" data-pause-hover=\"false\" data-autoplay-speed=\"6000\" data-infinite=\"true\" data-animation-speed=\"800\" data-center-mode=\"true\" data-variable-width=\"true\" data-arrows=\"outside\" data-dots=\"none\" data-spacing=\"normal\"><div class=\"wp-block-getwid-images-slider__item\" style=\"height:200px\"><figure><img loading=\"lazy\" decoding=\"async\" width=\"150\" height=\"150\" src=\"https:\/\/agora.xtec.cat\/inseduardfontsere\/wp-content\/uploads\/usu3460\/2026\/02\/mobils-eso-150x150.png\" data-id=\"13828\" data-link=\"https:\/\/agora.xtec.cat\/inseduardfontsere\/pagines-dinici\/pagina-dinici-buida\/attachment\/mobils-eso\/\" data-original-link=\"https:\/\/agora.xtec.cat\/inseduardfontsere\/wp-content\/uploads\/usu3460\/2026\/02\/mobils-eso-150x150.png\" class=\"wp-block-getwid-images-slider__image wp-image-13828\" srcset=\"https:\/\/agora.xtec.cat\/inseduardfontsere\/wp-content\/uploads\/usu3460\/2026\/02\/mobils-eso-150x150.png 150w, https:\/\/agora.xtec.cat\/inseduardfontsere\/wp-content\/uploads\/usu3460\/2026\/02\/mobils-eso.png 200w\" sizes=\"auto, (max-width: 150px) 100vw, 150px\" \/><\/figure><\/div><div class=\"wp-block-getwid-images-slider__item\" style=\"height:200px\"><figure><img loading=\"lazy\" decoding=\"async\" width=\"150\" height=\"150\" src=\"https:\/\/agora.xtec.cat\/inseduardfontsere\/wp-content\/uploads\/usu3460\/2026\/02\/mobils-batxi-150x150.png\" data-id=\"13829\" data-link=\"https:\/\/agora.xtec.cat\/inseduardfontsere\/pagines-dinici\/pagina-dinici-buida\/attachment\/mobils-batxi\/\" data-original-link=\"https:\/\/agora.xtec.cat\/inseduardfontsere\/wp-content\/uploads\/usu3460\/2026\/02\/mobils-batxi-150x150.png\" class=\"wp-block-getwid-images-slider__image wp-image-13829\" srcset=\"https:\/\/agora.xtec.cat\/inseduardfontsere\/wp-content\/uploads\/usu3460\/2026\/02\/mobils-batxi-150x150.png 150w, https:\/\/agora.xtec.cat\/inseduardfontsere\/wp-content\/uploads\/usu3460\/2026\/02\/mobils-batxi.png 200w\" sizes=\"auto, (max-width: 150px) 100vw, 150px\" \/><\/figure><\/div><div class=\"wp-block-getwid-images-slider__item\" style=\"height:200px\"><figure><img loading=\"lazy\" decoding=\"async\" width=\"150\" height=\"150\" src=\"https:\/\/agora.xtec.cat\/inseduardfontsere\/wp-content\/uploads\/usu3460\/2026\/02\/portes-150x150.png\" data-id=\"13830\" data-link=\"https:\/\/agora.xtec.cat\/inseduardfontsere\/pagines-dinici\/pagina-dinici-buida\/attachment\/portes\/\" data-original-link=\"https:\/\/agora.xtec.cat\/inseduardfontsere\/wp-content\/uploads\/usu3460\/2026\/02\/portes-150x150.png\" class=\"wp-block-getwid-images-slider__image wp-image-13830\" srcset=\"https:\/\/agora.xtec.cat\/inseduardfontsere\/wp-content\/uploads\/usu3460\/2026\/02\/portes-150x150.png 150w, https:\/\/agora.xtec.cat\/inseduardfontsere\/wp-content\/uploads\/usu3460\/2026\/02\/portes.png 200w\" sizes=\"auto, (max-width: 150px) 100vw, 150px\" \/><\/figure><\/div><div class=\"wp-block-getwid-images-slider__item\" style=\"height:200px\"><figure><img loading=\"lazy\" decoding=\"async\" width=\"150\" height=\"150\" src=\"https:\/\/agora.xtec.cat\/inseduardfontsere\/wp-content\/uploads\/usu3460\/2026\/02\/1562a09a-4b5d-4880-a3d4-ad8b5bdbf4b1-150x150.jpg\" data-id=\"13831\" data-link=\"https:\/\/agora.xtec.cat\/inseduardfontsere\/pagines-dinici\/pagina-dinici-buida\/attachment\/1562a09a-4b5d-4880-a3d4-ad8b5bdbf4b1\/\" data-original-link=\"https:\/\/agora.xtec.cat\/inseduardfontsere\/wp-content\/uploads\/usu3460\/2026\/02\/1562a09a-4b5d-4880-a3d4-ad8b5bdbf4b1-150x150.jpg\" class=\"wp-block-getwid-images-slider__image wp-image-13831\"\/><\/figure><\/div><div class=\"wp-block-getwid-images-slider__item\" style=\"height:200px\"><figure><img loading=\"lazy\" decoding=\"async\" width=\"150\" height=\"150\" src=\"https:\/\/agora.xtec.cat\/inseduardfontsere\/wp-content\/uploads\/usu3460\/2026\/01\/HORARI-SECRETARIA-1024x724-4-150x150.jpg\" data-id=\"13744\" data-link=\"https:\/\/agora.xtec.cat\/inseduardfontsere\/institut\/horaris-datencio\/attachment\/horari-secretaria-1024x724-4\/\" data-original-link=\"https:\/\/agora.xtec.cat\/inseduardfontsere\/wp-content\/uploads\/usu3460\/2026\/01\/HORARI-SECRETARIA-1024x724-4-150x150.jpg\" class=\"wp-block-getwid-images-slider__image wp-image-13744\"\/><\/figure><\/div><div class=\"wp-block-getwid-images-slider__item\" style=\"height:200px\"><figure><img loading=\"lazy\" decoding=\"async\" width=\"81\" height=\"100\" src=\"https:\/\/agora.xtec.cat\/inseduardfontsere\/wp-content\/uploads\/usu3460\/2026\/02\/cropped-cropped-cropped-cropped-cropped-cropped-cropped-cropped-cropped-paraigua-sol-web-3-1.jpg\" data-id=\"13858\" data-link=\"https:\/\/agora.xtec.cat\/inseduardfontsere\/pagines-dinici\/pagina-dinici-buida\/attachment\/cropped-cropped-cropped-cropped-cropped-cropped-cropped-cropped-cropped-paraigua-sol-web-3-1\/\" data-original-link=\"https:\/\/agora.xtec.cat\/inseduardfontsere\/wp-content\/uploads\/usu3460\/2026\/02\/cropped-cropped-cropped-cropped-cropped-cropped-cropped-cropped-cropped-paraigua-sol-web-3-1.jpg\" class=\"wp-block-getwid-images-slider__image wp-image-13858\"\/><\/figure><\/div><\/div><\/div>\n\n\n\n<p class=\"has-large-font-size\"><strong>Not\u00edcies<\/strong><\/p>\n\n\n\n        <div class=\"wp-block-getwid-post-carousel custom-post-type-post has-slides-gap-normal is-carousel has-arrows-outside has-dots-none\">\n            <div data-slider-option=\"{&quot;sliderSlidesToShowDesktop&quot;:&quot;3&quot;,&quot;getwid_slidesToShowLaptop&quot;:&quot;1&quot;,&quot;getwid_slidesToShowTablet&quot;:&quot;1&quot;,&quot;getwid_slidesToShowMobile&quot;:&quot;1&quot;,&quot;getwid_autoplay_speed&quot;:6000,&quot;getwid_animation_speed&quot;:800,&quot;getwid_slidesToScroll&quot;:&quot;1&quot;,&quot;getwid_autoplay&quot;:true,&quot;getwid_pause_on_hover&quot;:true,&quot;getwid_infinite&quot;:true,&quot;getwid_center_mode&quot;:false,&quot;getwid_arrows&quot;:&quot;outside&quot;,&quot;getwid_dots&quot;:&quot;none&quot;}\" class=\"wp-block-getwid-post-carousel__wrapper\">\n                \t\t\t\t\t\t\t<div class=\"wp-block-getwid-post-carousel__slide\">\n\t\t\t\t\t\t\t\t\n<div class=\"wp-block-getwid-post-carousel__post\">\n            <div class=\"wp-block-getwid-post-carousel__post-thumbnail\">\n            <a href=\"https:\/\/agora.xtec.cat\/inseduardfontsere\/general\/rockin-si-tu-no-estas-aqui-rosana\/\"><img loading=\"lazy\" decoding=\"async\" width=\"751\" height=\"449\" src=\"https:\/\/agora.xtec.cat\/inseduardfontsere\/wp-content\/uploads\/usu3460\/2025\/02\/Captura-de-pantalla-2025-02-08-225453.png\" class=\"attachment-post-thumbnail size-post-thumbnail wp-post-image\" alt=\"\" srcset=\"https:\/\/agora.xtec.cat\/inseduardfontsere\/wp-content\/uploads\/usu3460\/2025\/02\/Captura-de-pantalla-2025-02-08-225453.png 751w, https:\/\/agora.xtec.cat\/inseduardfontsere\/wp-content\/uploads\/usu3460\/2025\/02\/Captura-de-pantalla-2025-02-08-225453-300x179.png 300w\" sizes=\"auto, (max-width: 751px) 100vw, 751px\" \/><\/a>\n        <\/div>\n        <div class=\"wp-block-getwid-post-carousel__post-content-wrapper\">\n        <div class=\"wp-block-getwid-post-carousel__post-header\">\n            <h3 class=\"wp-block-getwid-post-carousel__post-title\"><a href=\"https:\/\/agora.xtec.cat\/inseduardfontsere\/general\/rockin-si-tu-no-estas-aqui-rosana\/\">Rock&#8217;in: &#8220;Si tu no est\u00e1s aqu\u00ed (Rosana)&#8221;<\/a><\/h3>        <\/div>\n        <div class=\"wp-block-getwid-post-carousel__post-excerpt\"><p>El dijous 6 v\u00e0rem celebrar la jubilaci\u00f3 de la nostra companya Dolors Gubert, la secret\u00e0ria administrativa del centre, en les franges de l&#8217;esbarjo. Els alumnes de m\u00fasica, en el projecte Rock&#8217;in, l&#8217;Edurne i el Rony la van homenatjar amb la can\u00e7\u00f3 &#8220;Si tu no est\u00e1s aqu\u00ed&#8221; de la cantant Rosana: En agra\u00efment, la Dolors va [&hellip;]<\/p>\n<\/div>\n    <\/div>\n<\/div>\n\n\t\t\t\t\t\t\t<\/div>\n\t\t\t\t\t\t\t\t\t\t\t\t\t<div class=\"wp-block-getwid-post-carousel__slide\">\n\t\t\t\t\t\t\t\t\n<div class=\"wp-block-getwid-post-carousel__post\">\n            <div class=\"wp-block-getwid-post-carousel__post-thumbnail\">\n            <a href=\"https:\/\/agora.xtec.cat\/inseduardfontsere\/general\/coral-glee-club-si-em-dius-adeu-ll-llach\/\"><img loading=\"lazy\" decoding=\"async\" width=\"930\" height=\"312\" src=\"https:\/\/agora.xtec.cat\/inseduardfontsere\/wp-content\/uploads\/usu3460\/2025\/02\/Captura-de-pantalla-2025-02-08-232729.png\" class=\"attachment-post-thumbnail size-post-thumbnail wp-post-image\" alt=\"\" srcset=\"https:\/\/agora.xtec.cat\/inseduardfontsere\/wp-content\/uploads\/usu3460\/2025\/02\/Captura-de-pantalla-2025-02-08-232729.png 930w, https:\/\/agora.xtec.cat\/inseduardfontsere\/wp-content\/uploads\/usu3460\/2025\/02\/Captura-de-pantalla-2025-02-08-232729-300x101.png 300w, https:\/\/agora.xtec.cat\/inseduardfontsere\/wp-content\/uploads\/usu3460\/2025\/02\/Captura-de-pantalla-2025-02-08-232729-768x258.png 768w\" sizes=\"auto, (max-width: 930px) 100vw, 930px\" \/><\/a>\n        <\/div>\n        <div class=\"wp-block-getwid-post-carousel__post-content-wrapper\">\n        <div class=\"wp-block-getwid-post-carousel__post-header\">\n            <h3 class=\"wp-block-getwid-post-carousel__post-title\"><a href=\"https:\/\/agora.xtec.cat\/inseduardfontsere\/general\/coral-glee-club-si-em-dius-adeu-ll-llach\/\">Coral Glee Club: &#8220;Si em dius ad\u00e9u (Ll. Llach)&#8221;<\/a><\/h3>        <\/div>\n        <div class=\"wp-block-getwid-post-carousel__post-excerpt\"><p>El dijous 6 v\u00e0rem celebrar la jubilaci\u00f3 de la nostra companya Dolors Gubert, la secret\u00e0ria administrativa del centre, en les franges de l&#8217;esbarjo. La Glee Club d&#8217;alumnes del centre la va homenatjar amb la can\u00e7\u00f3 &#8220;Si em dius ad\u00e9u&#8221; d&#8217;en Llu\u00eds Llach: x\u00ba<\/p>\n<\/div>\n    <\/div>\n<\/div>\n\n\t\t\t\t\t\t\t<\/div>\n\t\t\t\t\t\t\t\t\t\t\t\t\t<div class=\"wp-block-getwid-post-carousel__slide\">\n\t\t\t\t\t\t\t\t\n<div class=\"wp-block-getwid-post-carousel__post\">\n            <div class=\"wp-block-getwid-post-carousel__post-thumbnail\">\n            <a href=\"https:\/\/agora.xtec.cat\/inseduardfontsere\/general\/el-roure-del-fontsere\/\"><img loading=\"lazy\" decoding=\"async\" width=\"1600\" height=\"1200\" src=\"https:\/\/agora.xtec.cat\/inseduardfontsere\/wp-content\/uploads\/usu3460\/2025\/02\/entrada-2-1.jpeg\" class=\"attachment-post-thumbnail size-post-thumbnail wp-post-image\" alt=\"\" srcset=\"https:\/\/agora.xtec.cat\/inseduardfontsere\/wp-content\/uploads\/usu3460\/2025\/02\/entrada-2-1.jpeg 1600w, https:\/\/agora.xtec.cat\/inseduardfontsere\/wp-content\/uploads\/usu3460\/2025\/02\/entrada-2-1-300x225.jpeg 300w, https:\/\/agora.xtec.cat\/inseduardfontsere\/wp-content\/uploads\/usu3460\/2025\/02\/entrada-2-1-1024x768.jpeg 1024w, https:\/\/agora.xtec.cat\/inseduardfontsere\/wp-content\/uploads\/usu3460\/2025\/02\/entrada-2-1-768x576.jpeg 768w, https:\/\/agora.xtec.cat\/inseduardfontsere\/wp-content\/uploads\/usu3460\/2025\/02\/entrada-2-1-1536x1152.jpeg 1536w\" sizes=\"auto, (max-width: 1600px) 100vw, 1600px\" \/><\/a>\n        <\/div>\n        <div class=\"wp-block-getwid-post-carousel__post-content-wrapper\">\n        <div class=\"wp-block-getwid-post-carousel__post-header\">\n            <h3 class=\"wp-block-getwid-post-carousel__post-title\"><a href=\"https:\/\/agora.xtec.cat\/inseduardfontsere\/general\/el-roure-del-fontsere\/\">EL ROURE DEL FONTSER\u00c8<\/a><\/h3>        <\/div>\n        <div class=\"wp-block-getwid-post-carousel__post-excerpt\"><p>L\u2019Institut fa unes setmanes va rebre un regal molt especial per part d&#8217;una professora del centre, un branquill\u00f3 de Roure. L&#8217;alumnat va poder estudiar en quin arbre es convertir\u00e0: fulla, fruits, al\u00e7ada, esperan\u00e7a de vida&#8230; Amb aquest acte no nom\u00e9s s&#8217;ha plantat un roure sin\u00f3 que tamb\u00e9 hem plantat esperan\u00e7a i bons desitjos pel futur [&hellip;]<\/p>\n<\/div>\n    <\/div>\n<\/div>\n\n\t\t\t\t\t\t\t<\/div>\n\t\t\t\t\t\t\t\t\t\t\t\t\t<div class=\"wp-block-getwid-post-carousel__slide\">\n\t\t\t\t\t\t\t\t\n<div class=\"wp-block-getwid-post-carousel__post\">\n            <div class=\"wp-block-getwid-post-carousel__post-thumbnail\">\n            <a href=\"https:\/\/agora.xtec.cat\/inseduardfontsere\/general\/hort-i-manteniment\/\"><img loading=\"lazy\" decoding=\"async\" width=\"1600\" height=\"1200\" src=\"https:\/\/agora.xtec.cat\/inseduardfontsere\/wp-content\/uploads\/usu3460\/2025\/02\/entrada-1-2-1.jpeg\" class=\"attachment-post-thumbnail size-post-thumbnail wp-post-image\" alt=\"\" srcset=\"https:\/\/agora.xtec.cat\/inseduardfontsere\/wp-content\/uploads\/usu3460\/2025\/02\/entrada-1-2-1.jpeg 1600w, https:\/\/agora.xtec.cat\/inseduardfontsere\/wp-content\/uploads\/usu3460\/2025\/02\/entrada-1-2-1-300x225.jpeg 300w, https:\/\/agora.xtec.cat\/inseduardfontsere\/wp-content\/uploads\/usu3460\/2025\/02\/entrada-1-2-1-1024x768.jpeg 1024w, https:\/\/agora.xtec.cat\/inseduardfontsere\/wp-content\/uploads\/usu3460\/2025\/02\/entrada-1-2-1-768x576.jpeg 768w, https:\/\/agora.xtec.cat\/inseduardfontsere\/wp-content\/uploads\/usu3460\/2025\/02\/entrada-1-2-1-1536x1152.jpeg 1536w\" sizes=\"auto, (max-width: 1600px) 100vw, 1600px\" \/><\/a>\n        <\/div>\n        <div class=\"wp-block-getwid-post-carousel__post-content-wrapper\">\n        <div class=\"wp-block-getwid-post-carousel__post-header\">\n            <h3 class=\"wp-block-getwid-post-carousel__post-title\"><a href=\"https:\/\/agora.xtec.cat\/inseduardfontsere\/general\/hort-i-manteniment\/\">HORT I MANTENIMENT<\/a><\/h3>        <\/div>\n        <div class=\"wp-block-getwid-post-carousel__post-excerpt\"><p>Despr\u00e9s d&#8217;un primer trimestre en qu\u00e8 s&#8217;ha posat molt d&#8217;esfor\u00e7 per netejar, organitzar i preparar l&#8217;espai, aquesta setmana l&#8217;alumnat del Projecte Hort i Manteniment ha comen\u00e7at a plantar les primeres verdures: enciams, espinacs i raves&#8230; Estem molt emocionats per veure com creixen. Aquest Projecte liderat per l&#8217;Equip Social i una de les orientadores de l&#8217;Institut, [&hellip;]<\/p>\n<\/div>\n    <\/div>\n<\/div>\n\n\t\t\t\t\t\t\t<\/div>\n\t\t\t\t\t\t            <\/div>\n        <\/div>\n        \n\n\n<div class=\"wp-block-columns has-small-font-size is-layout-flex wp-container-core-columns-is-layout-1 wp-block-columns-is-layout-flex\" style=\"border-style:none;border-width:0px;margin-top:var(--wp--preset--spacing--80);margin-bottom:var(--wp--preset--spacing--80);padding-top:0;padding-right:0;padding-bottom:0;padding-left:0\">\n<div class=\"wp-block-column is-layout-flow wp-block-column-is-layout-flow\">\n<figure class=\"wp-block-image size-full is-style-default\" style=\"margin-top:var(--wp--preset--spacing--30);margin-bottom:var(--wp--preset--spacing--30)\"><a href=\"https:\/\/agora.xtec.cat\/inseduardfontsere\/wp-content\/uploads\/usu3460\/2025\/10\/XTEC_Xarxes.png\"><img decoding=\"async\" src=\"https:\/\/agora.xtec.cat\/inseduardfontsere\/wp-content\/uploads\/usu3460\/2025\/10\/XTEC_Xarxes.png\" alt=\"\" class=\"wp-image-13643\"\/><\/a><\/figure>\n<\/div>\n\n\n\n<div class=\"wp-block-column is-layout-flow wp-block-column-is-layout-flow\">\n<figure class=\"wp-block-image size-full has-custom-border is-style-default\" style=\"margin-top:0;margin-right:var(--wp--preset--spacing--50);margin-bottom:0;margin-left:var(--wp--preset--spacing--50)\"><a href=\"https:\/\/agora.xtec.cat\/inseduardfontsere\/wp-content\/uploads\/usu3460\/2025\/10\/proaplus.jpg\"><img loading=\"lazy\" decoding=\"async\" width=\"1169\" height=\"826\" src=\"https:\/\/agora.xtec.cat\/inseduardfontsere\/wp-content\/uploads\/usu3460\/2025\/10\/proaplus.jpg\" alt=\"\" class=\"wp-image-13640\" style=\"border-style:none;border-width:0px\" srcset=\"https:\/\/agora.xtec.cat\/inseduardfontsere\/wp-content\/uploads\/usu3460\/2025\/10\/proaplus.jpg 1169w, https:\/\/agora.xtec.cat\/inseduardfontsere\/wp-content\/uploads\/usu3460\/2025\/10\/proaplus-300x212.jpg 300w, https:\/\/agora.xtec.cat\/inseduardfontsere\/wp-content\/uploads\/usu3460\/2025\/10\/proaplus-1024x724.jpg 1024w, https:\/\/agora.xtec.cat\/inseduardfontsere\/wp-content\/uploads\/usu3460\/2025\/10\/proaplus-768x543.jpg 768w\" sizes=\"auto, (max-width: 1169px) 100vw, 1169px\" \/><\/a><\/figure>\n<\/div>\n\n\n\n<div class=\"wp-block-column is-layout-flow wp-block-column-is-layout-flow\">\n<figure class=\"wp-block-image size-full is-style-default\" style=\"margin-top:var(--wp--preset--spacing--30);margin-bottom:var(--wp--preset--spacing--30)\"><a href=\"https:\/\/agora.xtec.cat\/inseduardfontsere\/wp-content\/uploads\/usu3460\/2025\/10\/educacio_v3.jpg\"><img loading=\"lazy\" decoding=\"async\" width=\"313\" height=\"139\" src=\"https:\/\/agora.xtec.cat\/inseduardfontsere\/wp-content\/uploads\/usu3460\/2025\/10\/educacio_v3.jpg\" alt=\"\" class=\"wp-image-13642\" style=\"object-fit:cover\" srcset=\"https:\/\/agora.xtec.cat\/inseduardfontsere\/wp-content\/uploads\/usu3460\/2025\/10\/educacio_v3.jpg 313w, https:\/\/agora.xtec.cat\/inseduardfontsere\/wp-content\/uploads\/usu3460\/2025\/10\/educacio_v3-300x133.jpg 300w\" sizes=\"auto, (max-width: 313px) 100vw, 313px\" \/><\/a><\/figure>\n<\/div>\n<\/div>\n","protected":false},"excerpt":{"rendered":"<p>Not\u00edcies<\/p>\n","protected":false},"author":1,"featured_media":0,"parent":7,"menu_order":0,"comment_status":"closed","ping_status":"closed","template":"","meta":{"site-sidebar-layout":"default","site-content-layout":"","ast-site-content-layout":"default","site-content-style":"default","site-sidebar-style":"default","ast-global-header-display":"","ast-banner-title-visibility":"","ast-main-header-display":"","ast-hfb-above-header-display":"","ast-hfb-below-header-display":"","ast-hfb-mobile-header-display":"","site-post-title":"disabled","ast-breadcrumbs-content":"","ast-featured-img":"","footer-sml-layout":"","theme-transparent-header-meta":"","adv-header-id-meta":"","stick-header-meta":"","header-above-stick-meta":"","header-main-stick-meta":"","header-below-stick-meta":"","astra-migrate-meta-layouts":"set","ast-page-background-enabled":"default","ast-page-background-meta":{"desktop":{"background-color":"var(--ast-global-color-4)","background-image":"","background-repeat":"repeat","background-position":"center center","background-size":"auto","background-attachment":"scroll","background-type":"","background-media":"","overlay-type":"","overlay-color":"","overlay-opacity":"","overlay-gradient":""},"tablet":{"background-color":"","background-image":"","background-repeat":"repeat","background-position":"center center","background-size":"auto","background-attachment":"scroll","background-type":"","background-media":"","overlay-type":"","overlay-color":"","overlay-opacity":"","overlay-gradient":""},"mobile":{"background-color":"","background-image":"","background-repeat":"repeat","background-position":"center center","background-size":"auto","background-attachment":"scroll","background-type":"","background-media":"","overlay-type":"","overlay-color":"","overlay-opacity":"","overlay-gradient":""}},"ast-content-background-meta":{"desktop":{"background-color":"var(--ast-global-color-5)","background-image":"","background-repeat":"repeat","background-position":"center center","background-size":"auto","background-attachment":"scroll","background-type":"","background-media":"","overlay-type":"","overlay-color":"","overlay-opacity":"","overlay-gradient":""},"tablet":{"background-color":"var(--ast-global-color-5)","background-image":"","background-repeat":"repeat","background-position":"center center","background-size":"auto","background-attachment":"scroll","background-type":"","background-media":"","overlay-type":"","overlay-color":"","overlay-opacity":"","overlay-gradient":""},"mobile":{"background-color":"var(--ast-global-color-5)","background-image":"","background-repeat":"repeat","background-position":"center center","background-size":"auto","background-attachment":"scroll","background-type":"","background-media":"","overlay-type":"","overlay-color":"","overlay-opacity":"","overlay-gradient":""}},"footnotes":""},"class_list":["post-9","page","type-page","status-publish","hentry"],"post_mailing_queue_ids":[],"_links":{"self":[{"href":"https:\/\/agora.xtec.cat\/inseduardfontsere\/wp-json\/wp\/v2\/pages\/9","targetHints":{"allow":["GET"]}}],"collection":[{"href":"https:\/\/agora.xtec.cat\/inseduardfontsere\/wp-json\/wp\/v2\/pages"}],"about":[{"href":"https:\/\/agora.xtec.cat\/inseduardfontsere\/wp-json\/wp\/v2\/types\/page"}],"author":[{"embeddable":true,"href":"https:\/\/agora.xtec.cat\/inseduardfontsere\/wp-json\/wp\/v2\/users\/1"}],"replies":[{"embeddable":true,"href":"https:\/\/agora.xtec.cat\/inseduardfontsere\/wp-json\/wp\/v2\/comments?post=9"}],"version-history":[{"count":6,"href":"https:\/\/agora.xtec.cat\/inseduardfontsere\/wp-json\/wp\/v2\/pages\/9\/revisions"}],"predecessor-version":[{"id":13859,"href":"https:\/\/agora.xtec.cat\/inseduardfontsere\/wp-json\/wp\/v2\/pages\/9\/revisions\/13859"}],"up":[{"embeddable":true,"href":"https:\/\/agora.xtec.cat\/inseduardfontsere\/wp-json\/wp\/v2\/pages\/7"}],"wp:attachment":[{"href":"https:\/\/agora.xtec.cat\/inseduardfontsere\/wp-json\/wp\/v2\/media?parent=9"}],"curies":[{"name":"wp","href":"https:\/\/api.w.org\/{rel}","templated":true}]}}