{"id":13577,"date":"2025-05-19T18:28:21","date_gmt":"2025-05-19T16:28:21","guid":{"rendered":"https:\/\/agora.xtec.cat\/inseduardfontsere\/?page_id=13577"},"modified":"2026-02-27T09:32:36","modified_gmt":"2026-02-27T08:32:36","slug":"projecte-de-lectura","status":"publish","type":"page","link":"https:\/\/agora.xtec.cat\/inseduardfontsere\/projectes\/projecte-de-lectura\/","title":{"rendered":"Pla de Lectura"},"content":{"rendered":"\n<p>El Pla de Lectura de Centre (PLEC) pret\u00e9n servir com a document de refer\u00e8ncia per tal de recollir l\u2019acord de la comunitat educativa per afavorir el desenvolupament de la compet\u00e8ncia lectora de l\u2019alumnat. Indica les l\u00ednies de treball, a partir dels tres eixos establerts: saber llegir, llegir per aprendre i el gust per la lectura. Amb el suport d&#8217;altres agents del barri, com biblioteques i llibreries del territori; i amb una aposta tant per a la lectura guiada com la lectura aut\u00f2noma, pret\u00e9n mostrar el cam\u00ed per avan\u00e7ar com a comunitat lectora.\u00a0<\/p>\n\n\n\n<div data-wp-interactive=\"core\/file\" class=\"wp-block-file\"><object data-wp-bind--hidden=\"!state.hasPdfPreview\" hidden class=\"wp-block-file__embed\" data=\"https:\/\/agora.xtec.cat\/inseduardfontsere\/wp-content\/uploads\/usu3460\/2026\/02\/Pla-de-lectura-de-centre.pdf\" type=\"application\/pdf\" style=\"width:100%;height:600px\" aria-label=\"Incrustaci\u00f3 del fitxer Pla de lectura de centre.\"><\/object><a id=\"wp-block-file--media-086d7a67-6f0e-4f7d-aec4-e014cd747557\" href=\"https:\/\/agora.xtec.cat\/inseduardfontsere\/wp-content\/uploads\/usu3460\/2026\/02\/Pla-de-lectura-de-centre.pdf\">Pla de lectura de centre<\/a><a href=\"https:\/\/agora.xtec.cat\/inseduardfontsere\/wp-content\/uploads\/usu3460\/2026\/02\/Pla-de-lectura-de-centre.pdf\" class=\"wp-block-file__button wp-element-button\" download aria-describedby=\"wp-block-file--media-086d7a67-6f0e-4f7d-aec4-e014cd747557\">Baixa<\/a><\/div>\n","protected":false},"excerpt":{"rendered":"<p>El Pla de Lectura de Centre (PLEC) pret\u00e9n servir com a document de refer\u00e8ncia per tal de recollir l\u2019acord de la comunitat educativa per afavorir el desenvolupament de la compet\u00e8ncia lectora de l\u2019alumnat. Indica les l\u00ednies de treball, a partir dels tres eixos establerts: saber llegir, llegir per aprendre i el gust per la lectura. [&hellip;]<\/p>\n","protected":false},"author":3,"featured_media":0,"parent":13514,"menu_order":0,"comment_status":"closed","ping_status":"close","template":"","meta":{"site-sidebar-layout":"default","site-content-layout":"","ast-site-content-layout":"default","site-content-style":"default","site-sidebar-style":"default","ast-global-header-display":"","ast-banner-title-visibility":"","ast-main-header-display":"","ast-hfb-above-header-display":"","ast-hfb-below-header-display":"","ast-hfb-mobile-header-display":"","site-post-title":"","ast-breadcrumbs-content":"","ast-featured-img":"","footer-sml-layout":"","theme-transparent-header-meta":"","adv-header-id-meta":"","stick-header-meta":"","header-above-stick-meta":"","header-main-stick-meta":"","header-below-stick-meta":"","astra-migrate-meta-layouts":"set","ast-page-background-enabled":"default","ast-page-background-meta":{"desktop":{"background-color":"var(--ast-global-color-4)","background-image":"","background-repeat":"repeat","background-position":"center center","background-size":"auto","background-attachment":"scroll","background-type":"","background-media":"","overlay-type":"","overlay-color":"","overlay-opacity":"","overlay-gradient":""},"tablet":{"background-color":"","background-image":"","background-repeat":"repeat","background-position":"center center","background-size":"auto","background-attachment":"scroll","background-type":"","background-media":"","overlay-type":"","overlay-color":"","overlay-opacity":"","overlay-gradient":""},"mobile":{"background-color":"","background-image":"","background-repeat":"repeat","background-position":"center center","background-size":"auto","background-attachment":"scroll","background-type":"","background-media":"","overlay-type":"","overlay-color":"","overlay-opacity":"","overlay-gradient":""}},"ast-content-background-meta":{"desktop":{"background-color":"var(--ast-global-color-5)","background-image":"","background-repeat":"repeat","background-position":"center center","background-size":"auto","background-attachment":"scroll","background-type":"","background-media":"","overlay-type":"","overlay-color":"","overlay-opacity":"","overlay-gradient":""},"tablet":{"background-color":"var(--ast-global-color-5)","background-image":"","background-repeat":"repeat","background-position":"center center","background-size":"auto","background-attachment":"scroll","background-type":"","background-media":"","overlay-type":"","overlay-color":"","overlay-opacity":"","overlay-gradient":""},"mobile":{"background-color":"var(--ast-global-color-5)","background-image":"","background-repeat":"repeat","background-position":"center center","background-size":"auto","background-attachment":"scroll","background-type":"","background-media":"","overlay-type":"","overlay-color":"","overlay-opacity":"","overlay-gradient":""}},"footnotes":""},"class_list":["post-13577","page","type-page","status-publish","hentry"],"post_mailing_queue_ids":[],"_links":{"self":[{"href":"https:\/\/agora.xtec.cat\/inseduardfontsere\/wp-json\/wp\/v2\/pages\/13577","targetHints":{"allow":["GET"]}}],"collection":[{"href":"https:\/\/agora.xtec.cat\/inseduardfontsere\/wp-json\/wp\/v2\/pages"}],"about":[{"href":"https:\/\/agora.xtec.cat\/inseduardfontsere\/wp-json\/wp\/v2\/types\/page"}],"author":[{"embeddable":true,"href":"https:\/\/agora.xtec.cat\/inseduardfontsere\/wp-json\/wp\/v2\/users\/3"}],"replies":[{"embeddable":true,"href":"https:\/\/agora.xtec.cat\/inseduardfontsere\/wp-json\/wp\/v2\/comments?post=13577"}],"version-history":[{"count":3,"href":"https:\/\/agora.xtec.cat\/inseduardfontsere\/wp-json\/wp\/v2\/pages\/13577\/revisions"}],"predecessor-version":[{"id":13862,"href":"https:\/\/agora.xtec.cat\/inseduardfontsere\/wp-json\/wp\/v2\/pages\/13577\/revisions\/13862"}],"up":[{"embeddable":true,"href":"https:\/\/agora.xtec.cat\/inseduardfontsere\/wp-json\/wp\/v2\/pages\/13514"}],"wp:attachment":[{"href":"https:\/\/agora.xtec.cat\/inseduardfontsere\/wp-json\/wp\/v2\/media?parent=13577"}],"curies":[{"name":"wp","href":"https:\/\/api.w.org\/{rel}","templated":true}]}}