{"id":13575,"date":"2025-05-19T18:27:59","date_gmt":"2025-05-19T16:27:59","guid":{"rendered":"https:\/\/agora.xtec.cat\/inseduardfontsere\/?page_id=13575"},"modified":"2026-01-23T10:01:40","modified_gmt":"2026-01-23T09:01:40","slug":"rockin","status":"publish","type":"page","link":"https:\/\/agora.xtec.cat\/inseduardfontsere\/projectes\/rockin\/","title":{"rendered":"Rock&#8217;in"},"content":{"rendered":"\n<p>A partir del curs 2018-2019 el nostre alumnat es va integrar en el projecte Rock\u2019in. Tot l\u2019alumnat fa de m\u00fasic.<\/p>\n\n\n\n<p><strong>ROCK\u2019IN&nbsp;<\/strong>\u00e9s un&nbsp;programa pilot&nbsp;als centres de secund\u00e0ria qu\u00e8&nbsp;pret\u00e9n&nbsp;canviar per complet el paradigma de les hores de m\u00fasica lectiva dels Instituts.<\/p>\n\n\n\n<p>Es tracta de dotar als instituts d\u2019un banc d\u2019instruments (guitarres el\u00e8ctriques, baixos, bateries el\u00e8ctriques i teclats). Els alumnes trien quin instrument volen aprendre a tocar. Cada instrument t\u00e9 un software (Xbox o PC) d\u2019autoaprenentatge. Els alumnes fan aquest proc\u00e9s d\u2019autoaprenentatge amb la supervisi\u00f3 de la professora de m\u00fasica i professorat de refor\u00e7. A partir del segon trimestre, els alumnes comencen a treballar els combos (tocar junts cadasc\u00fa el seu instrument) guiats per professorat de refor\u00e7 i la professora de l\u2019institut.<\/p>\n\n\n\n<p>Aquest projecte dota d\u2019eines i recursos per treballar amb tots els alumnes de secund\u00e0ria en les hores obligat\u00f2ries, optatives i, en un futur proper, extraescolars.<\/p>\n\n\n\n<p><a href=\"https:\/\/drive.google.com\/file\/d\/1IJ11988Qz_GmIp_gohGV7LMQrH81xuVD\/view\">Rock&#8217;in Portes obertes<\/a><\/p>\n\n\n\n<p><strong>Objectius:<\/strong><\/p>\n\n\n\n<p>\u2013 Augmentar el nombre de poblaci\u00f3 que sap tocar un instrument.<br>\u2013 Treballar les habilitats musicals i autoestima dels alumnes.<br>\u2013 Refor\u00e7ar la cohesi\u00f3 del grup i les aptituds col\u00b7laboratives a trav\u00e9s de la m\u00fasica i els combos d\u2019alumnes.<br>\u2013 Augmentar l\u2019inter\u00e8s per la m\u00fasica en viu.<br>\u2013 Donar m\u00fascul i import\u00e0ncia a l\u2019assignatura de m\u00fasica.<br>\u2013 Crear nous p\u00fablics<\/p>\n","protected":false},"excerpt":{"rendered":"<p>A partir del curs 2018-2019 el nostre alumnat es va integrar en el projecte Rock\u2019in. Tot l\u2019alumnat fa de m\u00fasic. ROCK\u2019IN&nbsp;\u00e9s un&nbsp;programa pilot&nbsp;als centres de secund\u00e0ria qu\u00e8&nbsp;pret\u00e9n&nbsp;canviar per complet el paradigma de les hores de m\u00fasica lectiva dels Instituts. Es tracta de dotar als instituts d\u2019un banc d\u2019instruments (guitarres el\u00e8ctriques, baixos, bateries el\u00e8ctriques i teclats). [&hellip;]<\/p>\n","protected":false},"author":3,"featured_media":0,"parent":13514,"menu_order":0,"comment_status":"closed","ping_status":"close","template":"","meta":{"site-sidebar-layout":"default","site-content-layout":"","ast-site-content-layout":"default","site-content-style":"default","site-sidebar-style":"default","ast-global-header-display":"","ast-banner-title-visibility":"","ast-main-header-display":"","ast-hfb-above-header-display":"","ast-hfb-below-header-display":"","ast-hfb-mobile-header-display":"","site-post-title":"","ast-breadcrumbs-content":"","ast-featured-img":"","footer-sml-layout":"","theme-transparent-header-meta":"","adv-header-id-meta":"","stick-header-meta":"","header-above-stick-meta":"","header-main-stick-meta":"","header-below-stick-meta":"","astra-migrate-meta-layouts":"set","ast-page-background-enabled":"default","ast-page-background-meta":{"desktop":{"background-color":"var(--ast-global-color-4)","background-image":"","background-repeat":"repeat","background-position":"center center","background-size":"auto","background-attachment":"scroll","background-type":"","background-media":"","overlay-type":"","overlay-color":"","overlay-opacity":"","overlay-gradient":""},"tablet":{"background-color":"","background-image":"","background-repeat":"repeat","background-position":"center center","background-size":"auto","background-attachment":"scroll","background-type":"","background-media":"","overlay-type":"","overlay-color":"","overlay-opacity":"","overlay-gradient":""},"mobile":{"background-color":"","background-image":"","background-repeat":"repeat","background-position":"center center","background-size":"auto","background-attachment":"scroll","background-type":"","background-media":"","overlay-type":"","overlay-color":"","overlay-opacity":"","overlay-gradient":""}},"ast-content-background-meta":{"desktop":{"background-color":"var(--ast-global-color-5)","background-image":"","background-repeat":"repeat","background-position":"center center","background-size":"auto","background-attachment":"scroll","background-type":"","background-media":"","overlay-type":"","overlay-color":"","overlay-opacity":"","overlay-gradient":""},"tablet":{"background-color":"var(--ast-global-color-5)","background-image":"","background-repeat":"repeat","background-position":"center center","background-size":"auto","background-attachment":"scroll","background-type":"","background-media":"","overlay-type":"","overlay-color":"","overlay-opacity":"","overlay-gradient":""},"mobile":{"background-color":"var(--ast-global-color-5)","background-image":"","background-repeat":"repeat","background-position":"center center","background-size":"auto","background-attachment":"scroll","background-type":"","background-media":"","overlay-type":"","overlay-color":"","overlay-opacity":"","overlay-gradient":""}},"footnotes":""},"class_list":["post-13575","page","type-page","status-publish","hentry"],"post_mailing_queue_ids":[],"_links":{"self":[{"href":"https:\/\/agora.xtec.cat\/inseduardfontsere\/wp-json\/wp\/v2\/pages\/13575","targetHints":{"allow":["GET"]}}],"collection":[{"href":"https:\/\/agora.xtec.cat\/inseduardfontsere\/wp-json\/wp\/v2\/pages"}],"about":[{"href":"https:\/\/agora.xtec.cat\/inseduardfontsere\/wp-json\/wp\/v2\/types\/page"}],"author":[{"embeddable":true,"href":"https:\/\/agora.xtec.cat\/inseduardfontsere\/wp-json\/wp\/v2\/users\/3"}],"replies":[{"embeddable":true,"href":"https:\/\/agora.xtec.cat\/inseduardfontsere\/wp-json\/wp\/v2\/comments?post=13575"}],"version-history":[{"count":3,"href":"https:\/\/agora.xtec.cat\/inseduardfontsere\/wp-json\/wp\/v2\/pages\/13575\/revisions"}],"predecessor-version":[{"id":13810,"href":"https:\/\/agora.xtec.cat\/inseduardfontsere\/wp-json\/wp\/v2\/pages\/13575\/revisions\/13810"}],"up":[{"embeddable":true,"href":"https:\/\/agora.xtec.cat\/inseduardfontsere\/wp-json\/wp\/v2\/pages\/13514"}],"wp:attachment":[{"href":"https:\/\/agora.xtec.cat\/inseduardfontsere\/wp-json\/wp\/v2\/media?parent=13575"}],"curies":[{"name":"wp","href":"https:\/\/api.w.org\/{rel}","templated":true}]}}