{"id":13557,"date":"2025-05-19T18:20:23","date_gmt":"2025-05-19T16:20:23","guid":{"rendered":"https:\/\/agora.xtec.cat\/inseduardfontsere\/?page_id=13557"},"modified":"2026-01-16T10:04:58","modified_gmt":"2026-01-16T09:04:58","slug":"info-families","status":"publish","type":"page","link":"https:\/\/agora.xtec.cat\/inseduardfontsere\/families\/info-families\/","title":{"rendered":"Info Fam\u00edlies"},"content":{"rendered":"\n<h3 class=\"wp-block-heading\">Guia de les Fam\u00edlies<\/h3>\n\n\n\n<p>En el seg\u00fcent document trobareu les informacions essencials del centre i del seu funcionament. L&#8217;objectiu del document es facilitar una guia per a la integraci\u00f3 de les fam\u00edlies en el funcionament i el dia a dia del centre.<\/p>\n\n\n\n<p><a href=\"https:\/\/docs.google.com\/document\/d\/1c_09gwXe50Zc48eV1_rRJxN2BloEzJlEcB5vIrHAYR4\/edit?tab=t.0\">Enlla\u00e7 al document<\/a><\/p>\n\n\n\n<p><\/p>\n\n\n\n<hr class=\"wp-block-separator has-alpha-channel-opacity is-style-wide\"\/>\n\n\n\n<hr class=\"wp-block-separator has-alpha-channel-opacity is-style-dots\"\/>\n\n\n\n<h3 class=\"wp-block-heading\">Projecte Fem comunaitat Educativa l&#8217;H<\/h3>\n\n\n\n<p>El projecte Fem comunitat educativa \u00e9s una iniciativa de l&#8217;ajuntament en col\u00b7laboraci\u00f3 amb Eduvic. \u00c9s un servei que s&#8217;ofereix a tots els centres de la ciutat i que pret\u00e9n facilitar recursos als alumnes i fam\u00edlies per tal de proveir un entorn de benestar emocional en el s\u00ed de la comunitat educativa.<\/p>\n\n\n\n<p>Aqu\u00ed teniu un v\u00eddeo explicatiu:<\/p>\n\n\n\n<figure class=\"wp-block-embed is-type-video is-provider-youtube wp-block-embed-youtube wp-embed-aspect-16-9 wp-has-aspect-ratio\"><div class=\"wp-block-embed__wrapper\">\n<div class=\"ast-oembed-container \" style=\"height: 100%;\"><iframe loading=\"lazy\" title=\"Fem Comunitat Educativa LH\" width=\"500\" height=\"281\" src=\"https:\/\/www.youtube.com\/embed\/AgkPYBKNEvc?feature=oembed\" frameborder=\"0\" allow=\"accelerometer; autoplay; clipboard-write; encrypted-media; gyroscope; picture-in-picture; web-share\" referrerpolicy=\"strict-origin-when-cross-origin\" allowfullscreen><\/iframe><\/div>\n<\/div><\/figure>\n\n\n\n<p><\/p>\n\n\n\n<hr class=\"wp-block-separator has-alpha-channel-opacity is-style-dots\"\/>\n\n\n\n<hr class=\"wp-block-separator has-alpha-channel-opacity is-style-wide\"\/>\n\n\n\n<h3 class=\"wp-block-heading\">Pla de Digitalitzaci\u00f3 Responsable<\/h3>\n\n\n\n<p>A inicis del curs 2025-2026 el Departament d&#8217;Educaci\u00f3 ha publicat el Pla de digitalitzaci\u00f3 responsable. \u00c9s un document que recull orientacions i consells per a les fam\u00edlies per abordar aspectes relacionat amb l&#8217;\u00fas de dispositius i pantalles per part dels joves. Aqu\u00ed trobareu un v\u00eddeo explicatiu i un enlla\u00e7 al document complet:<\/p>\n\n\n\n<p><a href=\"https:\/\/agora.xtec.cat\/inseduardfontsere\/wp-content\/uploads\/usu3460\/2026\/01\/guia-families-Digitalitzacio-responsable-pdf.pdf\">Enlla\u00e7 al document<\/a> complet<\/p>\n\n\n\n<figure class=\"wp-block-embed is-type-video is-provider-youtube wp-block-embed-youtube wp-embed-aspect-16-9 wp-has-aspect-ratio\"><div class=\"wp-block-embed__wrapper\">\n<div class=\"ast-oembed-container \" style=\"height: 100%;\"><iframe loading=\"lazy\" title=\"Menys pantalla, m\u00e9s vida | Pla de digitalitzaci\u00f3 responsable\" width=\"500\" height=\"281\" src=\"https:\/\/www.youtube.com\/embed\/wn7_gVc0FQc?feature=oembed\" frameborder=\"0\" allow=\"accelerometer; autoplay; clipboard-write; encrypted-media; gyroscope; picture-in-picture; web-share\" referrerpolicy=\"strict-origin-when-cross-origin\" allowfullscreen><\/iframe><\/div>\n<\/div><\/figure>\n\n\n\n<p><\/p>\n","protected":false},"excerpt":{"rendered":"<p>Guia de les Fam\u00edlies En el seg\u00fcent document trobareu les informacions essencials del centre i del seu funcionament. L&#8217;objectiu del document es facilitar una guia per a la integraci\u00f3 de les fam\u00edlies en el funcionament i el dia a dia del centre. Enlla\u00e7 al document Projecte Fem comunaitat Educativa l&#8217;H El projecte Fem comunitat educativa [&hellip;]<\/p>\n","protected":false},"author":3,"featured_media":0,"parent":13407,"menu_order":0,"comment_status":"closed","ping_status":"close","template":"","meta":{"site-sidebar-layout":"default","site-content-layout":"","ast-site-content-layout":"default","site-content-style":"default","site-sidebar-style":"default","ast-global-header-display":"","ast-banner-title-visibility":"","ast-main-header-display":"","ast-hfb-above-header-display":"","ast-hfb-below-header-display":"","ast-hfb-mobile-header-display":"","site-post-title":"","ast-breadcrumbs-content":"","ast-featured-img":"","footer-sml-layout":"","theme-transparent-header-meta":"","adv-header-id-meta":"","stick-header-meta":"","header-above-stick-meta":"","header-main-stick-meta":"","header-below-stick-meta":"","astra-migrate-meta-layouts":"set","ast-page-background-enabled":"default","ast-page-background-meta":{"desktop":{"background-color":"var(--ast-global-color-4)","background-image":"","background-repeat":"repeat","background-position":"center center","background-size":"auto","background-attachment":"scroll","background-type":"","background-media":"","overlay-type":"","overlay-color":"","overlay-opacity":"","overlay-gradient":""},"tablet":{"background-color":"","background-image":"","background-repeat":"repeat","background-position":"center center","background-size":"auto","background-attachment":"scroll","background-type":"","background-media":"","overlay-type":"","overlay-color":"","overlay-opacity":"","overlay-gradient":""},"mobile":{"background-color":"","background-image":"","background-repeat":"repeat","background-position":"center center","background-size":"auto","background-attachment":"scroll","background-type":"","background-media":"","overlay-type":"","overlay-color":"","overlay-opacity":"","overlay-gradient":""}},"ast-content-background-meta":{"desktop":{"background-color":"var(--ast-global-color-5)","background-image":"","background-repeat":"repeat","background-position":"center center","background-size":"auto","background-attachment":"scroll","background-type":"","background-media":"","overlay-type":"","overlay-color":"","overlay-opacity":"","overlay-gradient":""},"tablet":{"background-color":"var(--ast-global-color-5)","background-image":"","background-repeat":"repeat","background-position":"center center","background-size":"auto","background-attachment":"scroll","background-type":"","background-media":"","overlay-type":"","overlay-color":"","overlay-opacity":"","overlay-gradient":""},"mobile":{"background-color":"var(--ast-global-color-5)","background-image":"","background-repeat":"repeat","background-position":"center center","background-size":"auto","background-attachment":"scroll","background-type":"","background-media":"","overlay-type":"","overlay-color":"","overlay-opacity":"","overlay-gradient":""}},"footnotes":""},"class_list":["post-13557","page","type-page","status-publish","hentry"],"post_mailing_queue_ids":[],"_links":{"self":[{"href":"https:\/\/agora.xtec.cat\/inseduardfontsere\/wp-json\/wp\/v2\/pages\/13557","targetHints":{"allow":["GET"]}}],"collection":[{"href":"https:\/\/agora.xtec.cat\/inseduardfontsere\/wp-json\/wp\/v2\/pages"}],"about":[{"href":"https:\/\/agora.xtec.cat\/inseduardfontsere\/wp-json\/wp\/v2\/types\/page"}],"author":[{"embeddable":true,"href":"https:\/\/agora.xtec.cat\/inseduardfontsere\/wp-json\/wp\/v2\/users\/3"}],"replies":[{"embeddable":true,"href":"https:\/\/agora.xtec.cat\/inseduardfontsere\/wp-json\/wp\/v2\/comments?post=13557"}],"version-history":[{"count":5,"href":"https:\/\/agora.xtec.cat\/inseduardfontsere\/wp-json\/wp\/v2\/pages\/13557\/revisions"}],"predecessor-version":[{"id":13779,"href":"https:\/\/agora.xtec.cat\/inseduardfontsere\/wp-json\/wp\/v2\/pages\/13557\/revisions\/13779"}],"up":[{"embeddable":true,"href":"https:\/\/agora.xtec.cat\/inseduardfontsere\/wp-json\/wp\/v2\/pages\/13407"}],"wp:attachment":[{"href":"https:\/\/agora.xtec.cat\/inseduardfontsere\/wp-json\/wp\/v2\/media?parent=13557"}],"curies":[{"name":"wp","href":"https:\/\/api.w.org\/{rel}","templated":true}]}}