{"id":13527,"date":"2025-05-19T17:52:37","date_gmt":"2025-05-19T15:52:37","guid":{"rendered":"https:\/\/agora.xtec.cat\/inseduardfontsere\/?page_id=13527"},"modified":"2025-12-12T10:04:58","modified_gmt":"2025-12-12T09:04:58","slug":"historia","status":"publish","type":"page","link":"https:\/\/agora.xtec.cat\/inseduardfontsere\/institut\/historia\/","title":{"rendered":"Hist\u00f2ria"},"content":{"rendered":"\n<p>L\u2019Institut Eduard Fontser\u00e8 est\u00e0 situat al barri de les Planes, al costat dels coneguts com a blocs de La Florida de l\u2019Hospitalet de Llobregat.&nbsp;<\/p>\n\n\n\n<p>Les Planes \u00e9s un barri de L\u2019Hospitalet de Llobregat. Est\u00e0 classificat territorialment dintre del Districte IV, juntament amb el barri de La Florida. Limita amb el barri Sant Josep al sud; amb Can Serra i Pubilla Cases, a l\u2019oest; amb La Florida, al nord; i amb La Torrassa a l\u2019est. \u00c9s una de les zones de l\u2019Hospitalet de Llobregat m\u00e9s elevades respecte al nivell del mar. Tot el districte es caracteritza per la seva inclinaci\u00f3, per un urbanisme desordenat i de dimensions petites, i per la limitaci\u00f3 de la via del tren (RENFE) al sud, al davant mateix del centre educatiu.<\/p>\n\n\n\n<p>La ciutat de L\u2019Hospitalet t\u00e9 12,49 quil\u00f2metres quadrats, est\u00e0 situada a la plana litoral i pertany a la comarca catalana del Barcelon\u00e8s, entre els municipis de Barcelona, Esplugues, Cornell\u00e0 i el Prat, al marge esquerre del riu Llobregat. El municipi est\u00e0 organitzat administrativament en sis districtes i 12 barris.<\/p>\n\n\n\n<p>Demogr\u00e0ficament, el barri, despr\u00e9s de reallotjar en els anys 50 del s. XX fam\u00edlies de barris de barraques de Barcelona (Montju\u00efc, Somorrostro, El Gas), va acollir les onades provinents de la resta d\u2019Espanya, com en altres zones de L\u2019Hospitalet, de manera que la poblaci\u00f3 s\u2019incrementa de forma espectacular en un context urb\u00e0 mancat de serveis suficients. \u201cCal ressaltar que moltes fam\u00edlies reallotjades ja presentaven indicadors de vulnerabilitat, especialment entre les persones d\u2019\u00e8tnia gitana. Durant tots aquests anys previs al primer ajuntament democr\u00e0tic, es va mantenir&nbsp; l\u2019hegemonia social d\u2019un grup socioecon\u00f2mic pobre i amb escassos recursos personals i socials. La persist\u00e8ncia d\u2019aquesta situaci\u00f3, sense les actuacions necess\u00e0ries,&nbsp; va derivar en un perfil d\u2019exclusi\u00f3 i marginalitat entre una part rellevant de la poblaci\u00f3.<\/p>\n\n\n\n<p>(\u2026) A comen\u00e7aments del segle XXI un altre fenomen va canviar la composici\u00f3 social del barri: l\u2019arribada de poblaci\u00f3 estrangera extracomunit\u00e0ria, que va modificar per complet les din\u00e0miques demogr\u00e0fiques del barri, que es va convertir en un dels m\u00e9s multiculturals de la ciutat. En el cas dels Blocs de la Florida aquest proc\u00e9s va ser m\u00e9s acusat que a la resta del barri, per l\u2019edat dels primers habitants i les condicions d\u2019habitabilitat dels habitatges, que van fer que en molts casos les segones generacions no es quedessin a viure als blocs.<\/p>\n\n\n\n<p>L\u2019institut dep\u00e8n org\u00e0nicament del Servei Territorial al Barcelon\u00e8s. L\u2019edifici es crea per a l\u2019educaci\u00f3 prim\u00e0ria, per a l\u2019escola Colegio Nacional Joaqu\u00edn Ruyra.<\/p>\n\n\n\n<p>El centre es crea el curs 1988-89 com a extensi\u00f3 de BUP, tot compartint les instal\u00b7lacions amb el centre de prim\u00e0ria ve\u00ed. Despr\u00e9s de cinc anys, l\u2019alumnat \u00e9s traslladat a altres centres de secund\u00e0ria i s\u2019inicia la secci\u00f3 de FP de la branca administrativa, per necessitats educatives de la ciutat. Despr\u00e9s d\u2019aquest any de transici\u00f3, el curs 1995-96 el centre comen\u00e7a a definir la seva identitat i el seu futur: dos cursos despr\u00e9s s\u2019inicia l\u2019ESO. En l\u2019actualitat tenim tres l\u00ednies de l\u2019ESO i una de Batxillerat. El curs 2020-21 va ser el darrer dels estudis de formaci\u00f3 professional.<\/p>\n\n\n\n<figure class=\"wp-block-image aligncenter size-full\"><a href=\"https:\/\/agora.xtec.cat\/inseduardfontsere\/wp-content\/uploads\/usu3460\/2025\/06\/FOTO-EDUARDO-FONTSERE_-768x545-1.jpg\"><img loading=\"lazy\" decoding=\"async\" width=\"768\" height=\"545\" src=\"https:\/\/agora.xtec.cat\/inseduardfontsere\/wp-content\/uploads\/usu3460\/2025\/06\/FOTO-EDUARDO-FONTSERE_-768x545-1.jpg\" alt=\"\" class=\"wp-image-13632\" srcset=\"https:\/\/agora.xtec.cat\/inseduardfontsere\/wp-content\/uploads\/usu3460\/2025\/06\/FOTO-EDUARDO-FONTSERE_-768x545-1.jpg 768w, https:\/\/agora.xtec.cat\/inseduardfontsere\/wp-content\/uploads\/usu3460\/2025\/06\/FOTO-EDUARDO-FONTSERE_-768x545-1-300x213.jpg 300w\" sizes=\"auto, (max-width: 768px) 100vw, 768px\" \/><\/a><\/figure>\n","protected":false},"excerpt":{"rendered":"<p>L\u2019Institut Eduard Fontser\u00e8 est\u00e0 situat al barri de les Planes, al costat dels coneguts com a blocs de La Florida de l\u2019Hospitalet de Llobregat.&nbsp; Les Planes \u00e9s un barri de L\u2019Hospitalet de Llobregat. Est\u00e0 classificat territorialment dintre del Districte IV, juntament amb el barri de La Florida. Limita amb el barri Sant Josep al sud; [&hellip;]<\/p>\n","protected":false},"author":3,"featured_media":0,"parent":13510,"menu_order":0,"comment_status":"closed","ping_status":"closed","template":"","meta":{"site-sidebar-layout":"default","site-content-layout":"","ast-site-content-layout":"default","site-content-style":"default","site-sidebar-style":"default","ast-global-header-display":"","ast-banner-title-visibility":"","ast-main-header-display":"","ast-hfb-above-header-display":"","ast-hfb-below-header-display":"","ast-hfb-mobile-header-display":"","site-post-title":"","ast-breadcrumbs-content":"","ast-featured-img":"","footer-sml-layout":"","theme-transparent-header-meta":"","adv-header-id-meta":"","stick-header-meta":"","header-above-stick-meta":"","header-main-stick-meta":"","header-below-stick-meta":"","astra-migrate-meta-layouts":"set","ast-page-background-enabled":"default","ast-page-background-meta":{"desktop":{"background-color":"var(--ast-global-color-4)","background-image":"","background-repeat":"repeat","background-position":"center center","background-size":"auto","background-attachment":"scroll","background-type":"","background-media":"","overlay-type":"","overlay-color":"","overlay-opacity":"","overlay-gradient":""},"tablet":{"background-color":"","background-image":"","background-repeat":"repeat","background-position":"center center","background-size":"auto","background-attachment":"scroll","background-type":"","background-media":"","overlay-type":"","overlay-color":"","overlay-opacity":"","overlay-gradient":""},"mobile":{"background-color":"","background-image":"","background-repeat":"repeat","background-position":"center center","background-size":"auto","background-attachment":"scroll","background-type":"","background-media":"","overlay-type":"","overlay-color":"","overlay-opacity":"","overlay-gradient":""}},"ast-content-background-meta":{"desktop":{"background-color":"var(--ast-global-color-5)","background-image":"","background-repeat":"repeat","background-position":"center center","background-size":"auto","background-attachment":"scroll","background-type":"","background-media":"","overlay-type":"","overlay-color":"","overlay-opacity":"","overlay-gradient":""},"tablet":{"background-color":"var(--ast-global-color-5)","background-image":"","background-repeat":"repeat","background-position":"center center","background-size":"auto","background-attachment":"scroll","background-type":"","background-media":"","overlay-type":"","overlay-color":"","overlay-opacity":"","overlay-gradient":""},"mobile":{"background-color":"var(--ast-global-color-5)","background-image":"","background-repeat":"repeat","background-position":"center center","background-size":"auto","background-attachment":"scroll","background-type":"","background-media":"","overlay-type":"","overlay-color":"","overlay-opacity":"","overlay-gradient":""}},"footnotes":""},"class_list":["post-13527","page","type-page","status-publish","hentry"],"post_mailing_queue_ids":[],"_links":{"self":[{"href":"https:\/\/agora.xtec.cat\/inseduardfontsere\/wp-json\/wp\/v2\/pages\/13527","targetHints":{"allow":["GET"]}}],"collection":[{"href":"https:\/\/agora.xtec.cat\/inseduardfontsere\/wp-json\/wp\/v2\/pages"}],"about":[{"href":"https:\/\/agora.xtec.cat\/inseduardfontsere\/wp-json\/wp\/v2\/types\/page"}],"author":[{"embeddable":true,"href":"https:\/\/agora.xtec.cat\/inseduardfontsere\/wp-json\/wp\/v2\/users\/3"}],"replies":[{"embeddable":true,"href":"https:\/\/agora.xtec.cat\/inseduardfontsere\/wp-json\/wp\/v2\/comments?post=13527"}],"version-history":[{"count":3,"href":"https:\/\/agora.xtec.cat\/inseduardfontsere\/wp-json\/wp\/v2\/pages\/13527\/revisions"}],"predecessor-version":[{"id":13732,"href":"https:\/\/agora.xtec.cat\/inseduardfontsere\/wp-json\/wp\/v2\/pages\/13527\/revisions\/13732"}],"up":[{"embeddable":true,"href":"https:\/\/agora.xtec.cat\/inseduardfontsere\/wp-json\/wp\/v2\/pages\/13510"}],"wp:attachment":[{"href":"https:\/\/agora.xtec.cat\/inseduardfontsere\/wp-json\/wp\/v2\/media?parent=13527"}],"curies":[{"name":"wp","href":"https:\/\/api.w.org\/{rel}","templated":true}]}}