{"id":81,"date":"2014-09-18T10:38:05","date_gmt":"2014-09-18T10:38:05","guid":{"rendered":"http:\/\/agora.xtec.cat\/insdetordera\/\/?page_id=81"},"modified":"2024-02-23T20:51:58","modified_gmt":"2024-02-23T19:51:58","slug":"secretaria","status":"publish","type":"page","link":"https:\/\/agora.xtec.cat\/insdetordera\/secretaria\/","title":{"rendered":"Secretaria"},"content":{"rendered":"<p><strong>La secretaria del Tord\u00e0ria<\/strong> est\u00e0 a la planta baixa de l&#8217;edifici principal. All\u00e0 podr\u00e0s trobar a l&#8217;<strong>Eli<\/strong>, sense la qual el centre no podria funcionar donat que fa totes les tasques administratives. El seu <strong>horari d&#8217;atenci\u00f3 \u00e9s de 8.00 a 14.30 hores<\/strong>. Et podr\u00e0 ajudar en qualsevol d&#8217;aquestes gestions:<\/p>\n<ul>\n<li>Preinscripci\u00f3 i matr\u00edcula<\/li>\n<li>Beques i ajuts<\/li>\n<li>Certificats<\/li>\n<li>etc.<\/li>\n<\/ul>\n","protected":false},"excerpt":{"rendered":"<p>La secretaria del Tord\u00e0ria est\u00e0 a la planta baixa de l&#8217;edifici principal. All\u00e0 podr\u00e0s trobar a l&#8217;Eli, sense la qual el centre no podria funcionar donat que fa totes les tasques administratives. El seu horari d&#8217;atenci\u00f3 \u00e9s de 8.00 a 14.30 hores. Et podr\u00e0 ajudar&hellip;  <a href=\"https:\/\/agora.xtec.cat\/insdetordera\/secretaria\/\" title=\"Read Secretaria\">Llegeix m\u00e9s\u00bb<\/a><\/p>\n","protected":false},"author":1,"featured_media":0,"parent":0,"menu_order":0,"comment_status":"closed","ping_status":"closed","template":"page-templates\/side-menu.php","meta":{"_bbp_topic_count":0,"_bbp_reply_count":0,"_bbp_total_topic_count":0,"_bbp_total_reply_count":0,"_bbp_voice_count":0,"_bbp_anonymous_reply_count":0,"_bbp_topic_count_hidden":0,"_bbp_reply_count_hidden":0,"_bbp_forum_subforum_count":0,"footnotes":""},"class_list":["post-81","page","type-page","status-publish","hentry"],"post_mailing_queue_ids":[],"_links":{"self":[{"href":"https:\/\/agora.xtec.cat\/insdetordera\/wp-json\/wp\/v2\/pages\/81","targetHints":{"allow":["GET"]}}],"collection":[{"href":"https:\/\/agora.xtec.cat\/insdetordera\/wp-json\/wp\/v2\/pages"}],"about":[{"href":"https:\/\/agora.xtec.cat\/insdetordera\/wp-json\/wp\/v2\/types\/page"}],"author":[{"embeddable":true,"href":"https:\/\/agora.xtec.cat\/insdetordera\/wp-json\/wp\/v2\/users\/1"}],"replies":[{"embeddable":true,"href":"https:\/\/agora.xtec.cat\/insdetordera\/wp-json\/wp\/v2\/comments?post=81"}],"version-history":[{"count":4,"href":"https:\/\/agora.xtec.cat\/insdetordera\/wp-json\/wp\/v2\/pages\/81\/revisions"}],"predecessor-version":[{"id":3147,"href":"https:\/\/agora.xtec.cat\/insdetordera\/wp-json\/wp\/v2\/pages\/81\/revisions\/3147"}],"wp:attachment":[{"href":"https:\/\/agora.xtec.cat\/insdetordera\/wp-json\/wp\/v2\/media?parent=81"}],"curies":[{"name":"wp","href":"https:\/\/api.w.org\/{rel}","templated":true}]}}