{"id":46,"date":"2014-09-17T16:53:45","date_gmt":"2014-09-17T16:53:45","guid":{"rendered":"http:\/\/agora.xtec.cat\/insdetordera\/\/?page_id=46"},"modified":"2024-09-11T10:09:01","modified_gmt":"2024-09-11T08:09:01","slug":"organigrama","status":"publish","type":"page","link":"https:\/\/agora.xtec.cat\/insdetordera\/linstitut\/organigrama\/","title":{"rendered":"Com ens organitzem ?"},"content":{"rendered":"<h2 style=\"text-align: center;\">L&#8217;equip docent del Tord\u00e0ria curs 2024\/25<\/h2>\n<h3>Equip directiu<\/h3>\n<ul>\n<li><strong>Directora<\/strong>: Rosa Clar (rosa@insdetordera.cat)<\/li>\n<li><strong>Secretari: <\/strong>Chechu Asensio (chechu@insdetordera.cat)<\/li>\n<li><strong>Coordinadora pedag\u00f2gica:<\/strong> S\u00edlvia Granados (silviag@insdetordera.cat)<\/li>\n<li><strong>Cap d&#8217;estudis<\/strong>: Marta Gascons (martag@insdetordera.cat)<\/li>\n<\/ul>\n<h3>Equip de tutores\/rs<\/h3>\n<ul>\n<li><strong>Tutores de 1r:<\/strong>\n<ul>\n<li>Laura Cameno (laurac@insdetordera.cat) &#8211; Grup Valentina Tereshkova<\/li>\n<li>Laura Millastre (laurami@insdetordera.cat) &#8211; Grup Marie Curie<\/li>\n<li>Maria Droch (mariad@insdetordera.cat) &#8211; Grup B\u00e0rbara Strozzi<\/li>\n<\/ul>\n<\/li>\n<li><strong>Tutores de 2n:<\/strong>\n<ul>\n<li>Juanra Su\u00e1rez (juanra@insdetordera.cat) &#8211; Grup Artemisia Gentilleschi<\/li>\n<li>Maite Esteve (maite@insdetordera.cat) &#8211; Grup Merc\u00e8 Rodoreda<\/li>\n<li>David Valle (david<span class=\"\"><span class=\"\"><span class=\"\">@<\/span><\/span><\/span>insdetordera.cat) &#8211; Grup Charlotte Cooper<\/li>\n<\/ul>\n<\/li>\n<li><strong>Tutores de 3r: <\/strong>\n<ul>\n<li>Eduard Clemente (eduardc@insdetordera.cat) Mireia Carreras (mireia@insdetordera.cat)\u00a0 &#8211; Grup Mar\u00eda Zambrano<\/li>\n<li>Maria Riera (mariar@insdetordera.cat) Mireia Carreras (mireia@insdetordera.cat) &#8211; Grup Coco Chanel<\/li>\n<\/ul>\n<\/li>\n<li><strong>Tutores de 4t: <\/strong>\n<ul>\n<li>Raquel Mart\u00ednez (raquel<span class=\"\"><span class=\"\">@<\/span><\/span>insdetordera.cat)\u00a0 Elvira Mendoza (elvira@insdetordera.cat) &#8211; Grup Hip\u00e0tia d&#8217;Alexandria<\/li>\n<li>Gemma Brugu\u00e9 (gemma<span class=\"\">@<\/span>insdetordera.cat) &#8211; Grup Elisabeth Eidenbenz<\/li>\n<\/ul>\n<\/li>\n<\/ul>\n<h3>\u00c0mbits educatius<\/h3>\n<ul>\n<li><strong>\u00c0mbit art\u00edstic: <\/strong>\n<ul>\n<li style=\"list-style-type: none;\">\n<ul>\n<li>Mireia Carreras (mireia@insdetordera.cat)<\/li>\n<li>Elvira Mendoza (elvira@insdetordera.cat)<\/li>\n<\/ul>\n<\/li>\n<\/ul>\n<\/li>\n<li><strong>\u00c0mbit de l&#8217;educaci\u00f3 f\u00edsica: <\/strong>\n<ul>\n<li style=\"list-style-type: none;\">\n<ul>\n<li>Gemma Brugu\u00e9 (gemma@insdetordera.cat)<\/li>\n<li>Juanra Su\u00e1rez (juanra<span class=\"\">@<\/span>insdetordera.cat)<\/li>\n<\/ul>\n<\/li>\n<\/ul>\n<\/li>\n<li><strong>\u00c0mbit ling\u00fc\u00edstic: <\/strong>\n<ul>\n<li><strong>\u00a0Llengua anglesa:<\/strong>\n<ul>\n<li>Marianna Ghukasyan (marianna@insdetordera.cat)<\/li>\n<li>Daniel Mu\u00f1oz (danielm@insdetordera.cat)<\/li>\n<\/ul>\n<\/li>\n<li><strong>Llengua castellana i literatura:<\/strong>\n<ul>\n<li>Maite Esteve (maite@insdetordera.cat)<\/li>\n<li>Andrea Bono (salva@insdetordera.cat)<\/li>\n<li><\/li>\n<\/ul>\n<\/li>\n<li><strong>Llengua catalana i literatura<\/strong>:\n<ul>\n<li>Rosa Clar (rosa@insdetordera.cat)<\/li>\n<li>Marta Massana (massana@insdetordera.cat)<\/li>\n<\/ul>\n<\/li>\n<\/ul>\n<\/li>\n<li><strong>\u00c0mbit matem\u00e0tic: <\/strong>\n<ul>\n<li style=\"list-style-type: none;\">\n<ul>\n<li>Marta Gascons (martag@insdetordera.cat)<\/li>\n<li>Sam M\u00e1rquez (sam@insdetordera.cat)<\/li>\n<li>Raquel Mart\u00ednez (raquel@insdetordera.cat)<\/li>\n<\/ul>\n<\/li>\n<\/ul>\n<\/li>\n<li><strong>\u00c0mbit cientificotecnol\u00f2gic:<\/strong>\n<ul>\n<li>Biologia i geologia:\n<ul>\n<li>Laura Millastre (laurami<span class=\"\">@<\/span>insdetordera.cat)<\/li>\n<li>Maria Riera (mariar<span class=\"\">@<\/span>insdetordera.cat)<\/li>\n<\/ul>\n<\/li>\n<li>F\u00edsica i qu\u00edmica:\n<ul>\n<li>Joel Jord\u00e1n (joel<span class=\"\">@<\/span>insdetordera.cat)<\/li>\n<\/ul>\n<\/li>\n<li>Tecnologia:\n<ul>\n<li>Laura Cameno (laurac@insdetordera.cat)<\/li>\n<li>David Valle (david<span class=\"\"><span class=\"\">@<\/span><\/span>insdetordera.cat)<\/li>\n<li>Nat\u00e0lia Agell (natalia<span class=\"\">@<\/span>insdetordera.cat)<\/li>\n<\/ul>\n<\/li>\n<\/ul>\n<\/li>\n<li><strong>\u00c0mbit social:<\/strong>\n<ul>\n<li style=\"list-style-type: none;\">\n<ul>\n<li>Chechu Asensio (chechu<span class=\"\">@<\/span>insdetordera.cat)<\/li>\n<li>Maria Droch (mariad@insdetordera.cat)<\/li>\n<li>Eduard Clemente (eduardc@insdetordera.cat)<\/li>\n<\/ul>\n<\/li>\n<\/ul>\n<\/li>\n<li><strong>Orientaci\u00f3:\u00a0<\/strong>\n<ul>\n<li style=\"list-style-type: none;\">\n<ul>\n<li>Naira Tortajada (naira<span class=\"\"><span class=\"\">@<\/span><\/span>insdetordera.cat)<\/li>\n<li>Blanca Bertr\u00e1n (blanca<span class=\"\">@<\/span>insdetordera.cat)<\/li>\n<li>S\u00edlvia Granados\u00a0(silviag<span class=\"\">@i<\/span>nsdetordera.cat)<\/li>\n<li>Egi Boqu\u00e9 (egi@insdetordera.cat)<\/li>\n<li>Gl\u00f2ria Gorostiza (gloria@insdetordera.cat)<\/li>\n<\/ul>\n<\/li>\n<\/ul>\n<\/li>\n<\/ul>\n","protected":false},"excerpt":{"rendered":"<p>L&#8217;equip docent del Tord\u00e0ria curs 2024\/25<br \/>\nEquip directiu<\/p>\n<ul>\n<li>Directora: Rosa Clar (rosa@insdetordera.cat)<\/li>\n<li>Secretari: Chechu Asensio (chechu@insdetordera.cat)<\/li>\n<li>Coordinadora pedag\u00f2gica: S\u00edlvia Granados (silviag@insdetordera.cat)<\/li>\n<li>Cap d&#8217;estudis: Marta Gascons (martag@insdetordera.cat)<\/li>\n<\/ul>\n<p>Equip de tutores\/rs<\/p>\n<ul>\n<li>Tutores de 1r:\n<ul>\n<li>Laura Cameno (laurac@insdetordera.cat) &#8211; Grup Valentina Tereshkova<\/li>\n<li>Laura Millastre (laurami@insdetordera.cat) &#8211; Grup Marie Curie<\/li>\n<li>Maria Droch (mariad@insdetordera.cat) &#8211; Grup B\u00e0rbara Strozzi<\/li>\n<\/ul>\n<\/li>\n<li>Tutores de 2n:\n<ul>\n<li>Juanra&hellip;  <a href=\"https:\/\/agora.xtec.cat\/insdetordera\/linstitut\/organigrama\/\" title=\"Read Com ens organitzem ?\">Llegeix m\u00e9s\u00bb<\/a><br \/>\n","protected":false},"author":1,"featured_media":0,"parent":19,"menu_order":50,"comment_status":"closed","ping_status":"closed","template":"page-templates\/side-menu.php","meta":{"_bbp_topic_count":0,"_bbp_reply_count":0,"_bbp_total_topic_count":0,"_bbp_total_reply_count":0,"_bbp_voice_count":0,"_bbp_anonymous_reply_count":0,"_bbp_topic_count_hidden":0,"_bbp_reply_count_hidden":0,"_bbp_forum_subforum_count":0,"footnotes":""},"class_list":["post-46","page","type-page","status-publish","hentry"],"post_mailing_queue_ids":[],"_links":{"self":[{"href":"https:\/\/agora.xtec.cat\/insdetordera\/wp-json\/wp\/v2\/pages\/46","targetHints":{"allow":["GET"]}}],"collection":[{"href":"https:\/\/agora.xtec.cat\/insdetordera\/wp-json\/wp\/v2\/pages"}],"about":[{"href":"https:\/\/agora.xtec.cat\/insdetordera\/wp-json\/wp\/v2\/types\/page"}],"author":[{"embeddable":true,"href":"https:\/\/agora.xtec.cat\/insdetordera\/wp-json\/wp\/v2\/users\/1"}],"replies":[{"embeddable":true,"href":"https:\/\/agora.xtec.cat\/insdetordera\/wp-json\/wp\/v2\/comments?post=46"}],"version-history":[{"count":8,"href":"https:\/\/agora.xtec.cat\/insdetordera\/wp-json\/wp\/v2\/pages\/46\/revisions"}],"predecessor-version":[{"id":3265,"href":"https:\/\/agora.xtec.cat\/insdetordera\/wp-json\/wp\/v2\/pages\/46\/revisions\/3265"}],"up":[{"embeddable":true,"href":"https:\/\/agora.xtec.cat\/insdetordera\/wp-json\/wp\/v2\/pages\/19"}],"wp:attachment":[{"href":"https:\/\/agora.xtec.cat\/insdetordera\/wp-json\/wp\/v2\/media?parent=46"}],"curies":[{"name":"wp","href":"https:\/\/api.w.org\/{rel}","templated":true}]}}