{"id":3103,"date":"2024-02-23T01:22:48","date_gmt":"2024-02-23T00:22:48","guid":{"rendered":"https:\/\/agora.xtec.cat\/insdetordera\/?page_id=3103"},"modified":"2024-02-23T20:38:57","modified_gmt":"2024-02-23T19:38:57","slug":"educacio-secundaria-obligatoria","status":"publish","type":"page","link":"https:\/\/agora.xtec.cat\/insdetordera\/estudis\/educacio-secundaria-obligatoria\/","title":{"rendered":"Educaci\u00f3 Secund\u00e0ria Obligat\u00f2ria"},"content":{"rendered":"<p>Al nostre centre es poden cursar els nivells d&#8217;Educaci\u00f3 Secund\u00e0ria Obligat\u00f2ria (ESO) regulats pel <a href=\"https:\/\/projectes.xtec.cat\/nou-curriculum\/educacio-basica\/decret-educacio-basica\/\">DECRET 175\/2022<\/a>, de 27 de setembre, d&#8217;ordenaci\u00f3 dels ensenyaments de l&#8217;educaci\u00f3 b\u00e0sica.<\/p>\n","protected":false},"excerpt":{"rendered":"<p>Al nostre centre es poden cursar els nivells d&#8217;Educaci\u00f3 Secund\u00e0ria Obligat\u00f2ria (ESO) regulats pel <a href=\"https:\/\/projectes.xtec.cat\/nou-curriculum\/educacio-basica\/decret-educacio-basica\/\">DECRET 175\/2022<\/a>, de 27 de setembre, d&#8217;ordenaci\u00f3 dels ensenyaments de l&#8217;educaci\u00f3 b\u00e0sica.<\/p>\n","protected":false},"author":1,"featured_media":0,"parent":195,"menu_order":0,"comment_status":"closed","ping_status":"closed","template":"","meta":{"_bbp_topic_count":0,"_bbp_reply_count":0,"_bbp_total_topic_count":0,"_bbp_total_reply_count":0,"_bbp_voice_count":0,"_bbp_anonymous_reply_count":0,"_bbp_topic_count_hidden":0,"_bbp_reply_count_hidden":0,"_bbp_forum_subforum_count":0,"footnotes":""},"class_list":["post-3103","page","type-page","status-publish","hentry"],"post_mailing_queue_ids":[],"_links":{"self":[{"href":"https:\/\/agora.xtec.cat\/insdetordera\/wp-json\/wp\/v2\/pages\/3103","targetHints":{"allow":["GET"]}}],"collection":[{"href":"https:\/\/agora.xtec.cat\/insdetordera\/wp-json\/wp\/v2\/pages"}],"about":[{"href":"https:\/\/agora.xtec.cat\/insdetordera\/wp-json\/wp\/v2\/types\/page"}],"author":[{"embeddable":true,"href":"https:\/\/agora.xtec.cat\/insdetordera\/wp-json\/wp\/v2\/users\/1"}],"replies":[{"embeddable":true,"href":"https:\/\/agora.xtec.cat\/insdetordera\/wp-json\/wp\/v2\/comments?post=3103"}],"version-history":[{"count":3,"href":"https:\/\/agora.xtec.cat\/insdetordera\/wp-json\/wp\/v2\/pages\/3103\/revisions"}],"predecessor-version":[{"id":3107,"href":"https:\/\/agora.xtec.cat\/insdetordera\/wp-json\/wp\/v2\/pages\/3103\/revisions\/3107"}],"up":[{"embeddable":true,"href":"https:\/\/agora.xtec.cat\/insdetordera\/wp-json\/wp\/v2\/pages\/195"}],"wp:attachment":[{"href":"https:\/\/agora.xtec.cat\/insdetordera\/wp-json\/wp\/v2\/media?parent=3103"}],"curies":[{"name":"wp","href":"https:\/\/api.w.org\/{rel}","templated":true}]}}