{"id":27,"date":"2014-09-17T16:24:03","date_gmt":"2014-09-17T16:24:03","guid":{"rendered":"http:\/\/agora.xtec.cat\/insdetordera\/\/?page_id=27"},"modified":"2024-02-23T21:06:53","modified_gmt":"2024-02-23T20:06:53","slug":"historia","status":"publish","type":"page","link":"https:\/\/agora.xtec.cat\/insdetordera\/linstitut\/historia\/","title":{"rendered":"Hist\u00f2ria"},"content":{"rendered":"<p class=\"western\" align=\"justify\"><span style=\"font-family: Calibri,sans-serif;\"><span style=\"font-size: medium;\">La creaci\u00f3 de l\u2019Institut de Tordera va sorgir de la necessitat d&#8217;ubicar la primera promoci\u00f3 de l&#8217;Escola Serra de Miralles, que els centres existents (l&#8217;Institut Llu\u00eds Companys i els centres concertats Brianxa i Vedruna) no poden absorbir perqu\u00e8 ja tenen la r\u00e0tio de Secund\u00e0ria molt alta. A Tordera hi ha tres centres de Prim\u00e0ria p\u00fablics (ESC Serra de Miralles, ESC Ignasi Iglesias i ESC La Roureda) i els dos centres concertats esmentats. Rebem alumnat majorit\u00e0riament dels tres centres p\u00fablics de Tordera i tamb\u00e9 de l\u2019escola Les Falgueres (de Fogars de La Selva) i de l\u2019escola d\u2019Hortsaviny\u00e0.<\/span><\/span><\/p>\n<p><a href=\"http:\/\/agora.xtec.cat\/insdetordera\/wp-content\/uploads\/usu282\/2014\/09\/IMG-20150925-WA00051.jpg\"><img loading=\"lazy\" decoding=\"async\" class=\"alignright wp-image-469 size-medium\" src=\"https:\/\/agora.xtec.cat\/insdetordera\/wp-content\/uploads\/usu282\/2014\/09\/IMG-20150925-WA00051-300x225.jpg\" alt=\"IMG-20150925-WA0005\" width=\"300\" height=\"225\" srcset=\"https:\/\/agora.xtec.cat\/insdetordera\/wp-content\/uploads\/usu282\/2014\/09\/IMG-20150925-WA00051-300x225.jpg 300w, https:\/\/agora.xtec.cat\/insdetordera\/wp-content\/uploads\/usu282\/2014\/09\/IMG-20150925-WA00051-1024x768.jpg 1024w, https:\/\/agora.xtec.cat\/insdetordera\/wp-content\/uploads\/usu282\/2014\/09\/IMG-20150925-WA00051-200x150.jpg 200w, https:\/\/agora.xtec.cat\/insdetordera\/wp-content\/uploads\/usu282\/2014\/09\/IMG-20150925-WA00051.jpg 1600w\" sizes=\"auto, (max-width: 300px) 100vw, 300px\" \/><\/a><\/p>\n<p><span style=\"font-family: Calibri,sans-serif;\"><span style=\"font-size: medium;\">L\u2019Institut es troba situat, com el seu nom indica, al municipi de Tordera, concretament al carrer Val\u00e8ncia s\/n, cantonada C\/ Josep Tarradellas i \u00e9s una construcci\u00f3 modular i sostenible de la qual es estrenar la primera fase el mes de setembre de 2015 (amb 1r i 2n d&#8217;ESO) i la segona fase va permetre completar l&#8217;edifici el curs 2016-2017 (amb 3r i 4t d&#8217;ESO).<\/span><\/span><\/p>\n<p>&nbsp;<\/p>\n","protected":false},"excerpt":{"rendered":"<p>La creaci\u00f3 de l\u2019Institut de Tordera va sorgir de la necessitat d&#8217;ubicar la primera promoci\u00f3 de l&#8217;Escola Serra de Miralles, que els centres existents (l&#8217;Institut Llu\u00eds Companys i els centres concertats Brianxa i Vedruna) no poden absorbir perqu\u00e8 ja tenen la r\u00e0tio de Secund\u00e0ria molt&hellip;  <a href=\"https:\/\/agora.xtec.cat\/insdetordera\/linstitut\/historia\/\" title=\"Read Hist\u00f2ria\">Llegeix m\u00e9s\u00bb<\/a><\/p>\n","protected":false},"author":1,"featured_media":0,"parent":19,"menu_order":20,"comment_status":"closed","ping_status":"closed","template":"page-templates\/side-menu.php","meta":{"_bbp_topic_count":0,"_bbp_reply_count":0,"_bbp_total_topic_count":0,"_bbp_total_reply_count":0,"_bbp_voice_count":0,"_bbp_anonymous_reply_count":0,"_bbp_topic_count_hidden":0,"_bbp_reply_count_hidden":0,"_bbp_forum_subforum_count":0,"footnotes":""},"class_list":["post-27","page","type-page","status-publish","hentry"],"post_mailing_queue_ids":[],"_links":{"self":[{"href":"https:\/\/agora.xtec.cat\/insdetordera\/wp-json\/wp\/v2\/pages\/27","targetHints":{"allow":["GET"]}}],"collection":[{"href":"https:\/\/agora.xtec.cat\/insdetordera\/wp-json\/wp\/v2\/pages"}],"about":[{"href":"https:\/\/agora.xtec.cat\/insdetordera\/wp-json\/wp\/v2\/types\/page"}],"author":[{"embeddable":true,"href":"https:\/\/agora.xtec.cat\/insdetordera\/wp-json\/wp\/v2\/users\/1"}],"replies":[{"embeddable":true,"href":"https:\/\/agora.xtec.cat\/insdetordera\/wp-json\/wp\/v2\/comments?post=27"}],"version-history":[{"count":5,"href":"https:\/\/agora.xtec.cat\/insdetordera\/wp-json\/wp\/v2\/pages\/27\/revisions"}],"predecessor-version":[{"id":3154,"href":"https:\/\/agora.xtec.cat\/insdetordera\/wp-json\/wp\/v2\/pages\/27\/revisions\/3154"}],"up":[{"embeddable":true,"href":"https:\/\/agora.xtec.cat\/insdetordera\/wp-json\/wp\/v2\/pages\/19"}],"wp:attachment":[{"href":"https:\/\/agora.xtec.cat\/insdetordera\/wp-json\/wp\/v2\/media?parent=27"}],"curies":[{"name":"wp","href":"https:\/\/api.w.org\/{rel}","templated":true}]}}