{"id":9884,"date":"2017-10-08T12:43:42","date_gmt":"2017-10-08T10:43:42","guid":{"rendered":"http:\/\/agora.xtec.cat\/insdespuig\/?page_id=9884"},"modified":"2019-01-09T17:37:41","modified_gmt":"2019-01-09T16:37:41","slug":"classes-darab","status":"publish","type":"page","link":"https:\/\/agora.xtec.cat\/insdespuig\/alumnat\/extraescolars\/classes-darab\/","title":{"rendered":"Llengua \u00e0rab"},"content":{"rendered":"<p>Com la resta d&#8217;escoles i instituts del municipi de Tortosa, oferim les classes d\u2019\u00e0rab que formen part del Programa d\u2019Ensenyament de Llengua \u00c0rab i Cultura Marroqu\u00ed (LACM), desenvolupat pel vigent Conveni de Cooperaci\u00f3 Cultural entre el Departament d\u2019Ensenyament i el Govern del Regne de Marroc.<\/p>\n<p>Les finalitats del curs s\u00f3n les seg\u00fcents:<\/p>\n<p>-Garantir els drets pluriling\u00fces de l\u2019alumnat amb classes de llengua \u00e0rab i cultura marroqu\u00ed a tot l\u2019alumnat del sistema educatiu catal\u00e0 que volunt\u00e0riament ho sol\u00b7liciti.<\/p>\n<p>-Facilitar la adquisici\u00f3 d\u2019estrat\u00e8gies escolars per al desenvolupament del llenguatge i els h\u00e0bits b\u00e0sics d\u2019assist\u00e8ncia, puntualitat i sostenibilitat de l\u2019esfor\u00e7 de l\u2019aprenentatge.<\/p>\n<p>-Millorar les habilitats socials i la cohesi\u00f3 en la diversitat, dins el marc de l\u2019educaci\u00f3 intercultural, amb els principis de conviv\u00e8ncia i inclusi\u00f3.<\/p>\n<p>&nbsp;<\/p>\n","protected":false},"excerpt":{"rendered":"<p>Com la resta d&#8217;escoles i instituts del municipi de Tortosa, oferim les classes d\u2019\u00e0rab que formen part del Programa d\u2019Ensenyament de Llengua \u00c0rab i Cultura Marroqu\u00ed (LACM), desenvolupat pel vigent Conveni de Cooperaci\u00f3 Cultural entre el Departament d\u2019Ensenyament i el Govern del Regne de Marroc.<br \/>\nLes&hellip;  <a href=\"https:\/\/agora.xtec.cat\/insdespuig\/alumnat\/extraescolars\/classes-darab\/\" title=\"Read Llengua \u00e0rab\">Llegeix m\u00e9s\u00bb<\/a><\/p>\n","protected":false},"author":54,"featured_media":0,"parent":763,"menu_order":2,"comment_status":"closed","ping_status":"closed","template":"page-templates\/side-menu.php","meta":{"_bbp_topic_count":0,"_bbp_reply_count":0,"_bbp_total_topic_count":0,"_bbp_total_reply_count":0,"_bbp_voice_count":0,"_bbp_anonymous_reply_count":0,"_bbp_topic_count_hidden":0,"_bbp_reply_count_hidden":0,"_bbp_forum_subforum_count":0,"footnotes":""},"class_list":["post-9884","page","type-page","status-publish","hentry"],"post_mailing_queue_ids":[],"_links":{"self":[{"href":"https:\/\/agora.xtec.cat\/insdespuig\/wp-json\/wp\/v2\/pages\/9884","targetHints":{"allow":["GET"]}}],"collection":[{"href":"https:\/\/agora.xtec.cat\/insdespuig\/wp-json\/wp\/v2\/pages"}],"about":[{"href":"https:\/\/agora.xtec.cat\/insdespuig\/wp-json\/wp\/v2\/types\/page"}],"author":[{"embeddable":true,"href":"https:\/\/agora.xtec.cat\/insdespuig\/wp-json\/wp\/v2\/users\/54"}],"replies":[{"embeddable":true,"href":"https:\/\/agora.xtec.cat\/insdespuig\/wp-json\/wp\/v2\/comments?post=9884"}],"version-history":[{"count":3,"href":"https:\/\/agora.xtec.cat\/insdespuig\/wp-json\/wp\/v2\/pages\/9884\/revisions"}],"predecessor-version":[{"id":12764,"href":"https:\/\/agora.xtec.cat\/insdespuig\/wp-json\/wp\/v2\/pages\/9884\/revisions\/12764"}],"up":[{"embeddable":true,"href":"https:\/\/agora.xtec.cat\/insdespuig\/wp-json\/wp\/v2\/pages\/763"}],"wp:attachment":[{"href":"https:\/\/agora.xtec.cat\/insdespuig\/wp-json\/wp\/v2\/media?parent=9884"}],"curies":[{"name":"wp","href":"https:\/\/api.w.org\/{rel}","templated":true}]}}