{"id":9603,"date":"2017-09-07T00:31:11","date_gmt":"2017-09-06T22:31:11","guid":{"rendered":"http:\/\/agora.xtec.cat\/insdespuig\/?page_id=9603"},"modified":"2021-09-15T00:33:07","modified_gmt":"2021-09-14T22:33:07","slug":"atencio-a-lusuari","status":"publish","type":"page","link":"https:\/\/agora.xtec.cat\/insdespuig\/projectes-dinnovacio\/biblioteca-puntedu\/atencio-a-lusuari\/","title":{"rendered":"Atenci\u00f3 a l&#8217;usuari"},"content":{"rendered":"<p><span style=\"font-size: large;\"><b>Desiderates\u00a0<\/b><\/span><\/p>\n<p>Ompliu aquest <a href=\"https:\/\/docs.google.com\/forms\/d\/1AEsFw4gbI1amYpetBaJZBgdNeAhqjrxv4qoYmBshkuA\/viewform?usp=send_form\">q\u00fcestionari<\/a> per fer-nos arribar suggeriments, queixes i opinions.<\/p>\n<p>Ompliu aquest <a href=\"https:\/\/docs.google.com\/a\/insdespuig.cat\/spreadsheet\/viewform?formkey=dHB2SHpfRkhJUnhLczczUDFNX1dSWXc6MQ\">q\u00fcestionari<\/a> i demaneu un llibre per a la biblioteca.<\/p>\n<p><span style=\"font-size: large;\"><b>Equip responsable<\/b><\/span><\/p>\n<p>Albert Aragon\u00e9s (tutoria t\u00e8cnica)<br \/>\nCinta Cabrera (voluntariat)<br \/>\nCinta Garcia<br \/>\nBego\u00f1a L\u00f3pez<\/p>\n<p><span style=\"font-size: large;\"><b>Contacte<\/b><\/span><\/p>\n<p>biblioteca@insdespuig.cat<\/p>\n","protected":false},"excerpt":{"rendered":"<p>Desiderates\u00a0 Ompliu aquest q\u00fcestionari per fer-nos arribar suggeriments, queixes i opinions. Ompliu aquest q\u00fcestionari i demaneu un llibre per a la biblioteca. Equip responsable Albert Aragon\u00e9s (tutoria t\u00e8cnica) Cinta Cabrera (voluntariat) Cinta Garcia Bego\u00f1a L\u00f3pez Contacte biblioteca@insdespuig.cat<\/p>\n","protected":false},"author":54,"featured_media":0,"parent":1145,"menu_order":2,"comment_status":"closed","ping_status":"closed","template":"page-templates\/side-menu.php","meta":{"_bbp_topic_count":0,"_bbp_reply_count":0,"_bbp_total_topic_count":0,"_bbp_total_reply_count":0,"_bbp_voice_count":0,"_bbp_anonymous_reply_count":0,"_bbp_topic_count_hidden":0,"_bbp_reply_count_hidden":0,"_bbp_forum_subforum_count":0,"site-sidebar-layout":"default","site-content-layout":"","ast-site-content-layout":"","site-content-style":"default","site-sidebar-style":"default","ast-global-header-display":"","ast-banner-title-visibility":"","ast-main-header-display":"","ast-hfb-above-header-display":"","ast-hfb-below-header-display":"","ast-hfb-mobile-header-display":"","site-post-title":"","ast-breadcrumbs-content":"","ast-featured-img":"","footer-sml-layout":"","theme-transparent-header-meta":"","adv-header-id-meta":"","stick-header-meta":"","header-above-stick-meta":"","header-main-stick-meta":"","header-below-stick-meta":"","astra-migrate-meta-layouts":"default","ast-page-background-enabled":"default","ast-page-background-meta":{"desktop":{"background-color":"var(--ast-global-color-4)","background-image":"","background-repeat":"repeat","background-position":"center center","background-size":"auto","background-attachment":"scroll","background-type":"","background-media":"","overlay-type":"","overlay-color":"","overlay-opacity":"","overlay-gradient":""},"tablet":{"background-color":"","background-image":"","background-repeat":"repeat","background-position":"center center","background-size":"auto","background-attachment":"scroll","background-type":"","background-media":"","overlay-type":"","overlay-color":"","overlay-opacity":"","overlay-gradient":""},"mobile":{"background-color":"","background-image":"","background-repeat":"repeat","background-position":"center center","background-size":"auto","background-attachment":"scroll","background-type":"","background-media":"","overlay-type":"","overlay-color":"","overlay-opacity":"","overlay-gradient":""}},"ast-content-background-meta":{"desktop":{"background-color":"var(--ast-global-color-5)","background-image":"","background-repeat":"repeat","background-position":"center center","background-size":"auto","background-attachment":"scroll","background-type":"","background-media":"","overlay-type":"","overlay-color":"","overlay-opacity":"","overlay-gradient":""},"tablet":{"background-color":"var(--ast-global-color-5)","background-image":"","background-repeat":"repeat","background-position":"center center","background-size":"auto","background-attachment":"scroll","background-type":"","background-media":"","overlay-type":"","overlay-color":"","overlay-opacity":"","overlay-gradient":""},"mobile":{"background-color":"var(--ast-global-color-5)","background-image":"","background-repeat":"repeat","background-position":"center center","background-size":"auto","background-attachment":"scroll","background-type":"","background-media":"","overlay-type":"","overlay-color":"","overlay-opacity":"","overlay-gradient":""}},"footnotes":""},"class_list":["post-9603","page","type-page","status-publish","hentry"],"post_mailing_queue_ids":[],"_links":{"self":[{"href":"https:\/\/agora.xtec.cat\/insdespuig\/wp-json\/wp\/v2\/pages\/9603","targetHints":{"allow":["GET"]}}],"collection":[{"href":"https:\/\/agora.xtec.cat\/insdespuig\/wp-json\/wp\/v2\/pages"}],"about":[{"href":"https:\/\/agora.xtec.cat\/insdespuig\/wp-json\/wp\/v2\/types\/page"}],"author":[{"embeddable":true,"href":"https:\/\/agora.xtec.cat\/insdespuig\/wp-json\/wp\/v2\/users\/54"}],"replies":[{"embeddable":true,"href":"https:\/\/agora.xtec.cat\/insdespuig\/wp-json\/wp\/v2\/comments?post=9603"}],"version-history":[{"count":3,"href":"https:\/\/agora.xtec.cat\/insdespuig\/wp-json\/wp\/v2\/pages\/9603\/revisions"}],"predecessor-version":[{"id":18388,"href":"https:\/\/agora.xtec.cat\/insdespuig\/wp-json\/wp\/v2\/pages\/9603\/revisions\/18388"}],"up":[{"embeddable":true,"href":"https:\/\/agora.xtec.cat\/insdespuig\/wp-json\/wp\/v2\/pages\/1145"}],"wp:attachment":[{"href":"https:\/\/agora.xtec.cat\/insdespuig\/wp-json\/wp\/v2\/media?parent=9603"}],"curies":[{"name":"wp","href":"https:\/\/api.w.org\/{rel}","templated":true}]}}