{"id":9599,"date":"2017-09-07T00:27:49","date_gmt":"2017-09-06T22:27:49","guid":{"rendered":"http:\/\/agora.xtec.cat\/insdespuig\/?page_id=9599"},"modified":"2020-06-15T11:17:17","modified_gmt":"2020-06-15T09:17:17","slug":"serveis","status":"publish","type":"page","link":"https:\/\/agora.xtec.cat\/insdespuig\/projectes-dinnovacio\/biblioteca-puntedu\/serveis\/","title":{"rendered":"Serveis"},"content":{"rendered":"<p><span style=\"font-size: large;\"><b>Pr\u00e9stec<\/b><\/span><\/p>\n<p>La biblioteca ofereix un servei de pr\u00e9stec de tots els llibres: de dilluns a divendres, a l&#8217;hora del pati; i dilluns, dimarts i dijous, de 15.30 a 17.30. El termini per a tornar els llibres \u00e9s de quinze dies prorrogables.<\/p>\n<p><span style=\"font-size: large;\"><b>Desiderates<\/b><\/span><\/p>\n<p>At\u00e9n les peticions d&#8217;adquisici\u00f3 de llibres nous per part dels usuaris. Nom\u00e9s cal omplir aquest <a href=\"https:\/\/docs.google.com\/spreadsheet\/viewform?hl=ca&amp;formkey=dDdaTXNDa1JBVGxUWnlrd3ZzVW9BY3c6MQ#gid=0\">q\u00fcestionari<\/a>.<\/p>\n<p><span style=\"font-size: large;\"><b>Informaci\u00f3<\/b><\/span><\/p>\n<p>D\u00f3na informaci\u00f3 als usuaris (alumnat, professorat, pares i mares) sobre l&#8217;horari, els recursos i els serveis de la biblioteca i de les biblioteques de l&#8217;entorn.<\/p>\n<p><span style=\"font-size: large;\"><b>Not\u00edcies<\/b><\/span><\/p>\n<p>Difon i publica not\u00edcies sobre les activitats de la biblioteca (i de les biblioteques de l&#8217;entorn).<\/p>\n<p><span style=\"font-size: large;\"><b>Novetats<\/b><\/span><\/p>\n<p>Informa peri\u00f2dicament de les novetats del seu fons (i de les biblioteques de l&#8217;entorn) mitjan\u00e7ant un expositor de novetats i tr\u00edptics informatius.<\/p>\n<p><span style=\"font-size: large;\"><b>Formaci\u00f3 d&#8217;usuaris<\/b><\/span><\/p>\n<p>Organitza sessions de formaci\u00f3 d&#8217;usuaris de la biblioteca.<\/p>\n<p><span style=\"font-size: large;\"><b>Disponibilitat<\/b><\/span><\/p>\n<p>Ofereix servei a la comunitat docent fora de l&#8217;horari lectiu dilluns, dimarts i dijous de 15.30 a 17.30 h.<br \/>\n<span style=\"font-size: large;\"><b><br \/>\n<\/b><\/span> <span style=\"font-size: large;\"><b>Suport al professorat<\/b><\/span><\/p>\n<p>At\u00e9n les peticions fetes pels departaments dels centres.<\/p>\n<p><span style=\"font-size: large;\"><b>Suport a la recerca<\/b><\/span><\/p>\n<p>Assessora l&#8217;alumnat que ha de preparar treballs de classe, cr\u00e8dits de s\u00edntesi i treballs de recerca.<\/p>\n<p><b><span style=\"font-size: large;\">Suport a les fam\u00edlies<\/span><\/b><\/p>\n<p>Fora de l&#8217;horari lectiu poden disposar de l&#8217;espai, el fons i l&#8217;assessorament les fam\u00edlies de l&#8217;alumnat. Tamb\u00e9 ofereix servei de pr\u00e9stec.<\/p>\n<p>* Descarregueu-vos les <a href=\"https:\/\/drive.google.com\/file\/d\/0B_LUwRZ0m9DBUUxNNTljOUFzVTA\/view?usp=sharing\">normes de funcionament i de conviv\u00e8ncia<\/a> de la biblioteca.<\/p>\n","protected":false},"excerpt":{"rendered":"<p>Pr\u00e9stec La biblioteca ofereix un servei de pr\u00e9stec de tots els llibres: de dilluns a divendres, a l&#8217;hora del pati; i dilluns, dimarts i dijous, de 15.30 a 17.30. El termini per a tornar els llibres \u00e9s de quinze dies prorrogables. Desiderates At\u00e9n les peticions d&#8217;adquisici\u00f3 de llibres nous per part dels usuaris. Nom\u00e9s cal [&hellip;]<\/p>\n","protected":false},"author":54,"featured_media":0,"parent":1145,"menu_order":6,"comment_status":"closed","ping_status":"closed","template":"page-templates\/side-menu.php","meta":{"_bbp_topic_count":0,"_bbp_reply_count":0,"_bbp_total_topic_count":0,"_bbp_total_reply_count":0,"_bbp_voice_count":0,"_bbp_anonymous_reply_count":0,"_bbp_topic_count_hidden":0,"_bbp_reply_count_hidden":0,"_bbp_forum_subforum_count":0,"site-sidebar-layout":"default","site-content-layout":"","ast-site-content-layout":"","site-content-style":"default","site-sidebar-style":"default","ast-global-header-display":"","ast-banner-title-visibility":"","ast-main-header-display":"","ast-hfb-above-header-display":"","ast-hfb-below-header-display":"","ast-hfb-mobile-header-display":"","site-post-title":"","ast-breadcrumbs-content":"","ast-featured-img":"","footer-sml-layout":"","theme-transparent-header-meta":"","adv-header-id-meta":"","stick-header-meta":"","header-above-stick-meta":"","header-main-stick-meta":"","header-below-stick-meta":"","astra-migrate-meta-layouts":"default","ast-page-background-enabled":"default","ast-page-background-meta":{"desktop":{"background-color":"var(--ast-global-color-4)","background-image":"","background-repeat":"repeat","background-position":"center center","background-size":"auto","background-attachment":"scroll","background-type":"","background-media":"","overlay-type":"","overlay-color":"","overlay-opacity":"","overlay-gradient":""},"tablet":{"background-color":"","background-image":"","background-repeat":"repeat","background-position":"center center","background-size":"auto","background-attachment":"scroll","background-type":"","background-media":"","overlay-type":"","overlay-color":"","overlay-opacity":"","overlay-gradient":""},"mobile":{"background-color":"","background-image":"","background-repeat":"repeat","background-position":"center center","background-size":"auto","background-attachment":"scroll","background-type":"","background-media":"","overlay-type":"","overlay-color":"","overlay-opacity":"","overlay-gradient":""}},"ast-content-background-meta":{"desktop":{"background-color":"var(--ast-global-color-5)","background-image":"","background-repeat":"repeat","background-position":"center center","background-size":"auto","background-attachment":"scroll","background-type":"","background-media":"","overlay-type":"","overlay-color":"","overlay-opacity":"","overlay-gradient":""},"tablet":{"background-color":"var(--ast-global-color-5)","background-image":"","background-repeat":"repeat","background-position":"center center","background-size":"auto","background-attachment":"scroll","background-type":"","background-media":"","overlay-type":"","overlay-color":"","overlay-opacity":"","overlay-gradient":""},"mobile":{"background-color":"var(--ast-global-color-5)","background-image":"","background-repeat":"repeat","background-position":"center center","background-size":"auto","background-attachment":"scroll","background-type":"","background-media":"","overlay-type":"","overlay-color":"","overlay-opacity":"","overlay-gradient":""}},"footnotes":""},"class_list":["post-9599","page","type-page","status-publish","hentry"],"post_mailing_queue_ids":[],"_links":{"self":[{"href":"https:\/\/agora.xtec.cat\/insdespuig\/wp-json\/wp\/v2\/pages\/9599","targetHints":{"allow":["GET"]}}],"collection":[{"href":"https:\/\/agora.xtec.cat\/insdespuig\/wp-json\/wp\/v2\/pages"}],"about":[{"href":"https:\/\/agora.xtec.cat\/insdespuig\/wp-json\/wp\/v2\/types\/page"}],"author":[{"embeddable":true,"href":"https:\/\/agora.xtec.cat\/insdespuig\/wp-json\/wp\/v2\/users\/54"}],"replies":[{"embeddable":true,"href":"https:\/\/agora.xtec.cat\/insdespuig\/wp-json\/wp\/v2\/comments?post=9599"}],"version-history":[{"count":3,"href":"https:\/\/agora.xtec.cat\/insdespuig\/wp-json\/wp\/v2\/pages\/9599\/revisions"}],"predecessor-version":[{"id":16223,"href":"https:\/\/agora.xtec.cat\/insdespuig\/wp-json\/wp\/v2\/pages\/9599\/revisions\/16223"}],"up":[{"embeddable":true,"href":"https:\/\/agora.xtec.cat\/insdespuig\/wp-json\/wp\/v2\/pages\/1145"}],"wp:attachment":[{"href":"https:\/\/agora.xtec.cat\/insdespuig\/wp-json\/wp\/v2\/media?parent=9599"}],"curies":[{"name":"wp","href":"https:\/\/api.w.org\/{rel}","templated":true}]}}