{"id":9597,"date":"2017-09-07T00:26:29","date_gmt":"2017-09-06T22:26:29","guid":{"rendered":"http:\/\/agora.xtec.cat\/insdespuig\/?page_id=9597"},"modified":"2021-09-15T00:31:00","modified_gmt":"2021-09-14T22:31:00","slug":"equipaments","status":"publish","type":"page","link":"https:\/\/agora.xtec.cat\/insdespuig\/projectes-dinnovacio\/biblioteca-puntedu\/equipaments\/","title":{"rendered":"Equipaments"},"content":{"rendered":"<p><span style=\"font-size: large;\"><b>Fons documental<\/b><\/span><\/p>\n<p>La nostra biblioteca escolar compta amb un fons documental de m\u00e9s de 5.000 t\u00edtols de llibres de coneixements, llibres de ficci\u00f3 i fons local, 1.600 dels quals s\u00f3n novel\u00b7les per a j\u00f3vens (JN). Entre ells, almenys hi ha dos exemplars de totes les lectures obligat\u00f2ries d&#8217;ESO i batxillerat.\u00a0Compta tamb\u00e9 amb un fons de revistes, mapes i documents audiovisuals did\u00e0ctics.<\/p>\n<p><span style=\"font-size: large;\"><b>Espai d&#8217;estudi i formaci\u00f3<\/b><\/span><\/p>\n<p>T\u00e9 50 metres quadrats aproximadament i una capacitat de vint persones assegudes, repartides en cinc taules. Tamb\u00e9 disposa d&#8217;una pissarra digital i projector.<\/p>\n<p><span style=\"font-size: large;\"><b>Espai multim\u00e8dia<\/b><\/span><\/p>\n<p>Disposa de port\u00e0tils a disposici\u00f3 dels usuaris, dos ordinadors de taula\u00a0amb connexi\u00f3 a la xarxa del centre i a Internet, i un altre disponible nom\u00e9s per al personal encarregat de la biblioteca. Tamb\u00e9 disposa de connexi\u00f3 sense fils (wifi).<\/p>\n<p><span style=\"font-size: large;\"><b>Rac\u00f3 de lectura<\/b><\/span><\/p>\n<p>Compta amb un espai reservat on es troben les novel\u00b7les juvenils, els c\u00f2mics i els llibres de lectura f\u00e0cil.<\/p>\n<div style=\"text-align: center;\">Vegeu el pl\u00e0nol amb la distribuci\u00f3 del fons i dels espais:<\/div>\n<div class=\"separator\" style=\"clear: both; text-align: center;\"><\/div>\n<div class=\"separator\" style=\"clear: both; text-align: center;\"><img loading=\"lazy\" decoding=\"async\" class=\"alignnone size-full wp-image-18385\" src=\"https:\/\/agora.xtec.cat\/insdespuig\/wp-content\/uploads\/usu921\/2021\/09\/planol-biblio-2022-copia.png\" alt=\"\" width=\"1109\" height=\"1980\" srcset=\"https:\/\/agora.xtec.cat\/insdespuig\/wp-content\/uploads\/usu921\/2021\/09\/planol-biblio-2022-copia.png 1109w, https:\/\/agora.xtec.cat\/insdespuig\/wp-content\/uploads\/usu921\/2021\/09\/planol-biblio-2022-copia-168x300.png 168w, https:\/\/agora.xtec.cat\/insdespuig\/wp-content\/uploads\/usu921\/2021\/09\/planol-biblio-2022-copia-574x1024.png 574w, https:\/\/agora.xtec.cat\/insdespuig\/wp-content\/uploads\/usu921\/2021\/09\/planol-biblio-2022-copia-768x1371.png 768w, https:\/\/agora.xtec.cat\/insdespuig\/wp-content\/uploads\/usu921\/2021\/09\/planol-biblio-2022-copia-860x1536.png 860w\" sizes=\"auto, (max-width: 1109px) 100vw, 1109px\" \/><\/div>\n","protected":false},"excerpt":{"rendered":"<p>Fons documental<br \/>\nLa nostra biblioteca escolar compta amb un fons documental de m\u00e9s de 5.000 t\u00edtols de llibres de coneixements, llibres de ficci\u00f3 i fons local, 1.600 dels quals s\u00f3n novel\u00b7les per a j\u00f3vens (JN). Entre ells, almenys hi ha dos exemplars de totes les lectures&hellip;  <a href=\"https:\/\/agora.xtec.cat\/insdespuig\/projectes-dinnovacio\/biblioteca-puntedu\/equipaments\/\" title=\"Read Equipaments\">Llegeix m\u00e9s\u00bb<\/a><\/p>\n","protected":false},"author":54,"featured_media":0,"parent":1145,"menu_order":3,"comment_status":"closed","ping_status":"closed","template":"page-templates\/side-menu.php","meta":{"_bbp_topic_count":0,"_bbp_reply_count":0,"_bbp_total_topic_count":0,"_bbp_total_reply_count":0,"_bbp_voice_count":0,"_bbp_anonymous_reply_count":0,"_bbp_topic_count_hidden":0,"_bbp_reply_count_hidden":0,"_bbp_forum_subforum_count":0,"footnotes":""},"class_list":["post-9597","page","type-page","status-publish","hentry"],"post_mailing_queue_ids":[],"_links":{"self":[{"href":"https:\/\/agora.xtec.cat\/insdespuig\/wp-json\/wp\/v2\/pages\/9597","targetHints":{"allow":["GET"]}}],"collection":[{"href":"https:\/\/agora.xtec.cat\/insdespuig\/wp-json\/wp\/v2\/pages"}],"about":[{"href":"https:\/\/agora.xtec.cat\/insdespuig\/wp-json\/wp\/v2\/types\/page"}],"author":[{"embeddable":true,"href":"https:\/\/agora.xtec.cat\/insdespuig\/wp-json\/wp\/v2\/users\/54"}],"replies":[{"embeddable":true,"href":"https:\/\/agora.xtec.cat\/insdespuig\/wp-json\/wp\/v2\/comments?post=9597"}],"version-history":[{"count":3,"href":"https:\/\/agora.xtec.cat\/insdespuig\/wp-json\/wp\/v2\/pages\/9597\/revisions"}],"predecessor-version":[{"id":18387,"href":"https:\/\/agora.xtec.cat\/insdespuig\/wp-json\/wp\/v2\/pages\/9597\/revisions\/18387"}],"up":[{"embeddable":true,"href":"https:\/\/agora.xtec.cat\/insdespuig\/wp-json\/wp\/v2\/pages\/1145"}],"wp:attachment":[{"href":"https:\/\/agora.xtec.cat\/insdespuig\/wp-json\/wp\/v2\/media?parent=9597"}],"curies":[{"name":"wp","href":"https:\/\/api.w.org\/{rel}","templated":true}]}}