{"id":880,"date":"2015-12-30T23:55:57","date_gmt":"2015-12-30T22:55:57","guid":{"rendered":"http:\/\/agora.xtec.cat\/insdespuig\/intraweb\/impuls-de-la-lectura\/"},"modified":"2020-09-01T01:11:57","modified_gmt":"2020-08-31T23:11:57","slug":"impuls-de-la-lectura","status":"publish","type":"page","link":"https:\/\/agora.xtec.cat\/insdespuig\/projectes-dinnovacio\/impuls-de-la-lectura\/","title":{"rendered":"Impuls de la lectura"},"content":{"rendered":"<p>El nostre institut participa en el projecte <strong>L\u2019Impuls de la lectura<\/strong> promogut pel Departament d&#8217;Ensenyament i compta amb les eines d&#8217;actuaci\u00f3 seg\u00fcents:<\/p>\n<p><strong>Biblioteca escolar<\/strong><\/p>\n<p>El nostre institut ha participat des del seu inici en el projecte Biblioteca escolar puntedu, amb una durada de tres anys. +\u00a0<a href=\"http:\/\/www.xtec.cat\/web\/projectes\/biblioteca\" target=\"_blank\" rel=\"noopener noreferrer\">info<\/a><\/p>\n<p>Compta amb l&#8217;equipament d&#8217;una biblioteca\u00a0de m\u00e9s de 5.000 llibres, cat\u00e0leg en l\u00ednia, un web divulgatiu diversos blocs de de dinamitzaci\u00f3 de la lectura i la creaci\u00f3 liter\u00e0ria, etc.<\/p>\n<p><strong>Lectura aut\u00f2noma<\/strong><\/p>\n<p>El nostre institut va iniciar el curs 2014-2015 la implantaci\u00f3 d&#8217;una franja hor\u00e0ria de 1\/2 hora dos dies a la setmana dedicades a la lectura aut\u00f2noma.<\/p>\n<p>El curs 2015-2016 es van\u00a0incrementar de dos a tres i des del curs 2016-2017 s\u00f3n cinc els dies que l&#8217;alumnat d&#8217;ESO dedica 1\/2 hora di\u00e0ria a la lectura aut\u00f2noma.<\/p>\n<p><strong>Formaci\u00f3 ILEC<\/strong><\/p>\n<p>El nostre institut ha acomplert una formaci\u00f3 del professorat de tres anys de durada (2015-2018) amb dos cursos obligatoris cada any (els dos primers adre\u00e7at a tots els membres del claustre i el tercer al professorat de ci\u00e8ncies socials i naturals) i un altre per a l\u2019equip impulsor del centre. +<a href=\"http:\/\/xtec.gencat.cat\/ca\/projectes\/lectura\/impulslectura\/formacio\/\" target=\"_blank\" rel=\"noopener noreferrer\">info<\/a><\/p>\n<p>Per m\u00e9s informaci\u00f3, consulteu la web <a href=\"http:\/\/www.xtec.cat\/web\/projectes\/lectura\/impulslectura\" target=\"_blank\" rel=\"noopener noreferrer\">Impuls de la lectura<\/a>\u00a0(XTEC)<\/p>\n<p>&nbsp;<\/p>\n","protected":false},"excerpt":{"rendered":"<p>El nostre institut participa en el projecte L\u2019Impuls de la lectura promogut pel Departament d&#8217;Ensenyament i compta amb les eines d&#8217;actuaci\u00f3 seg\u00fcents:<br \/>\nBiblioteca escolar<br \/>\nEl nostre institut ha participat des del seu inici en el projecte Biblioteca escolar puntedu, amb una durada de tres anys. +\u00a0<a href=\"http:\/\/www.xtec.cat\/web\/projectes\/biblioteca\"&hellip;  <a href=\"https:\/\/agora.xtec.cat\/insdespuig\/projectes-dinnovacio\/impuls-de-la-lectura\/\" title=\"Read Impuls de la lectura\">Llegeix m\u00e9s\u00bb<\/a><\/p>\n","protected":false},"author":1,"featured_media":0,"parent":1126,"menu_order":2,"comment_status":"closed","ping_status":"closed","template":"page-templates\/side-menu.php","meta":{"_bbp_topic_count":0,"_bbp_reply_count":0,"_bbp_total_topic_count":0,"_bbp_total_reply_count":0,"_bbp_voice_count":0,"_bbp_anonymous_reply_count":0,"_bbp_topic_count_hidden":0,"_bbp_reply_count_hidden":0,"_bbp_forum_subforum_count":0,"footnotes":""},"class_list":["post-880","page","type-page","status-publish","hentry"],"post_mailing_queue_ids":[],"_links":{"self":[{"href":"https:\/\/agora.xtec.cat\/insdespuig\/wp-json\/wp\/v2\/pages\/880","targetHints":{"allow":["GET"]}}],"collection":[{"href":"https:\/\/agora.xtec.cat\/insdespuig\/wp-json\/wp\/v2\/pages"}],"about":[{"href":"https:\/\/agora.xtec.cat\/insdespuig\/wp-json\/wp\/v2\/types\/page"}],"author":[{"embeddable":true,"href":"https:\/\/agora.xtec.cat\/insdespuig\/wp-json\/wp\/v2\/users\/1"}],"replies":[{"embeddable":true,"href":"https:\/\/agora.xtec.cat\/insdespuig\/wp-json\/wp\/v2\/comments?post=880"}],"version-history":[{"count":3,"href":"https:\/\/agora.xtec.cat\/insdespuig\/wp-json\/wp\/v2\/pages\/880\/revisions"}],"predecessor-version":[{"id":16315,"href":"https:\/\/agora.xtec.cat\/insdespuig\/wp-json\/wp\/v2\/pages\/880\/revisions\/16315"}],"up":[{"embeddable":true,"href":"https:\/\/agora.xtec.cat\/insdespuig\/wp-json\/wp\/v2\/pages\/1126"}],"wp:attachment":[{"href":"https:\/\/agora.xtec.cat\/insdespuig\/wp-json\/wp\/v2\/media?parent=880"}],"curies":[{"name":"wp","href":"https:\/\/api.w.org\/{rel}","templated":true}]}}