{"id":877,"date":"2015-12-30T23:55:56","date_gmt":"2015-12-30T22:55:56","guid":{"rendered":"http:\/\/agora.xtec.cat\/insdespuig\/intraweb\/prevencio-de-riscos\/"},"modified":"2023-11-18T01:40:01","modified_gmt":"2023-11-18T00:40:01","slug":"prevencio-de-riscos","status":"publish","type":"page","link":"https:\/\/agora.xtec.cat\/insdespuig\/prevencio-de-riscos\/","title":{"rendered":"Prevenci\u00f3 de riscos"},"content":{"rendered":"<p>PLA D&#8217;EVACUACI\u00d3 DEL CENTRE<\/p>\n<p>Llegiu el <a href=\"https:\/\/agora.xtec.cat\/insdespuig\/wp-content\/uploads\/usu921\/2021\/03\/TRIPTIC_pla_emergencia.pdf\">tr\u00edptic informatiu<\/a> del Pla d&#8217;emerg\u00e8ncia.<\/p>\n<p><a href=\"https:\/\/agora.xtec.cat\/insdespuig\/wp-content\/uploads\/usu921\/2021\/03\/TRIPTIC_pla_emergencia.pdf\"><img loading=\"lazy\" decoding=\"async\" class=\"alignnone wp-image-17339 size-medium\" src=\"https:\/\/agora.xtec.cat\/insdespuig\/wp-content\/uploads\/usu921\/2021\/03\/guia-pla-emercencia-140x300.png\" alt=\"\" width=\"140\" height=\"300\" srcset=\"https:\/\/agora.xtec.cat\/insdespuig\/wp-content\/uploads\/usu921\/2021\/03\/guia-pla-emercencia-140x300.png 140w, https:\/\/agora.xtec.cat\/insdespuig\/wp-content\/uploads\/usu921\/2021\/03\/guia-pla-emercencia.png 412w\" sizes=\"auto, (max-width: 140px) 100vw, 140px\" \/><\/a><\/p>\n<p style=\"text-align: left;\">Aqu\u00ed teniu tamb\u00e9 el v\u00eddeo de divulgaci\u00f3 del Pla d&#8217;evacuaci\u00f3 del centre del curs 2023-2024. El <a href=\"https:\/\/youtu.be\/9tKQjTFqZ1I\" target=\"_blank\" rel=\"noopener\">v\u00eddeo<\/a> explica les recomanacions a seguir en cas d&#8217;incendi i evacuaci\u00f3 del centre.<\/p>\n<p><iframe loading=\"lazy\" title=\"Video PLA EMERGENCIA CDESPUIG\" width=\"500\" height=\"375\" src=\"https:\/\/www.youtube.com\/embed\/9tKQjTFqZ1I?feature=oembed\" frameborder=\"0\" allow=\"accelerometer; autoplay; clipboard-write; encrypted-media; gyroscope; picture-in-picture; web-share\" referrerpolicy=\"strict-origin-when-cross-origin\" allowfullscreen><\/iframe><\/p>\n<p style=\"text-align: left;\"><a href=\"https:\/\/youtu.be\/ojG0YYyrVbY\">Pla d&#8217;evacuaci\u00f3 del centre<\/a><\/p>\n<p>Per m\u00e9s informaci\u00f3, poseu-vos en contacte\u00a0amb <strong>Manel Caball\u00e9<\/strong> (mcaballe@insdespuig.cat)<\/p>\n<p>&nbsp;<\/p>\n<p><strong>M\u00c9S INFORMACI\u00d3 D&#8217;UTILITAT<\/strong><\/p>\n<p><a href=\"https:\/\/espai.educacio.gencat.cat\/Personal\/Prevencio-riscos\/Accidents-laborals\/Pagines\/default.aspx\">ACCIDENTS LABORALS<\/a> (requereix identificaci\u00f3)<\/p>\n<p>Vegeu el <a href=\"https:\/\/agora.xtec.cat\/insdespuig\/wp-content\/uploads\/usu921\/2019\/10\/DIAGRAMA-NOTIFICACI\u00d3_ACCIDENT.pdf\">diagrama<\/a> dels passos a seguir.<\/p>\n<p><strong>Com notificar un accident laboral<\/strong><br \/>\n-Full de notificaci\u00f3 d&#8217;accident, incident laboral o malaltia professional &gt;&gt; <a href=\"https:\/\/agora.xtec.cat\/insdespuig\/wp-content\/uploads\/usu921\/2018\/10\/RISCOS-Full-de-notificacio-accidents_malaties-professionals.pdf\">Document<\/a><\/p>\n<p><strong>Personal adscrit al R\u00e8gim General de Seguretat Social:<\/strong><br \/>\n-Descarregueu-vos el volant d&#8217;assist\u00e8ncia sanit\u00e0ria de la M\u00fatua <span style=\"text-decoration: underline;\"><a href=\"https:\/\/agora.xtec.cat\/insdespuig\/wp-content\/uploads\/usu921\/2018\/10\/RISCOS-volante_asistencia_ASEPEYO.pdf\">ASEPEYO<\/a><\/span><br \/>\nVegeu el <a href=\"https:\/\/agora.xtec.cat\/insdespuig\/wp-content\/uploads\/usu921\/2019\/10\/DIAGRAMA-ASSISTENCIA-SANITARIA-SS.pdf\">diagrama<\/a> dels passos a seguir.<\/p>\n<p><strong>Personal adscrit al R\u00e8gim de MUFACE:<\/strong><br \/>\n-Descarregueu-vos el comunicat a l&#8217;apartat d&#8217;Informes de baixa de <span style=\"text-decoration: underline;\"><a href=\"https:\/\/agora.xtec.cat\/insdespuig\/wp-content\/uploads\/usu921\/2018\/11\/MUFACE-RISCOS-PARTE_ACCIDENTES_IT_EMBARAZO_LACTANCIA.pdf\">MUFACE <\/a><\/span><br \/>\nVegeu el <a href=\"https:\/\/agora.xtec.cat\/insdespuig\/wp-content\/uploads\/usu921\/2019\/10\/DIAGRAMA_ASSISTENCIA-SANITARIA-MUFACE.pdf\">diagrama<\/a> dels passos a seguir.<\/p>\n<p><a href=\"https:\/\/espai.educacio.gencat.cat\/Personal\/Prevencio-riscos\/Seguretat-treball\/Pagines\/default.aspx\">PREVENCI\u00d3 DE RISCOS. SEGURETAT EN EL TREBALL<\/a> (requereix identificaci\u00f3)<\/p>\n<p><strong>Activitats potencialment perilloses<\/strong><br \/>\n-Treballs en al\u00e7ada amb l\u2019utilitzaci\u00f3 d\u2019escales manuals<br \/>\n-Treballs amb desbrossadora<br \/>\n-Treballs amb equips el\u00e8ctrics (properament)<br \/>\n-Treballs de manteniment de les instal\u00b7lacions<br \/>\n-Treballs amb pintures, adhesius industrials i dissolvents (properament)<br \/>\n-Treballs relacionats amb l\u2019acc\u00e9s de vehicles de motor al recinte escolar (properament)<br \/>\n-Prevenci\u00f3 de riscos en despla\u00e7aments. <a href=\"https:\/\/salut.sindicat.net\/media\/salut\/uploads\/2017\/11\/23\/instruccio_desplacaments.pdf\">Document<\/a><\/p>\n<p><a href=\"https:\/\/espai.educacio.gencat.cat\/Personal\/Prevencio-riscos\/Llocs-treball\/Pagines\/default.aspx\">LLOCS DE TREBALL: RISCOS I PREVENCI\u00d3<\/a><\/p>\n<p>-Professor\/a 2n cicle d\u2019ESO <a href=\"https:\/\/agora.xtec.cat\/insdespuig\/wp-content\/uploads\/usu921\/2022\/12\/RISCOS-Professorat_2n_cicle_ESO.pdf\">Document<\/a><br \/>\n-Subaltern\/a en centres educatius <a href=\"https:\/\/agora.xtec.cat\/insdespuig\/wp-content\/uploads\/usu921\/2022\/12\/RISCOS-Personal_subaltern.pdf\">Document<\/a><br \/>\n-Riscos i mesures preventives associades al treball amb pantalles de visualitzaci\u00f3 de dades <a href=\"https:\/\/agora.xtec.cat\/insdespuig\/wp-content\/uploads\/usu921\/2022\/12\/RISCOS-PVD-Informacio_usuaris_pantalles_visualitzacio_dades.pdf\">Document<\/a><br \/>\n-Auxiliar d\u2019administraci\u00f3 de centres educatius <a href=\"https:\/\/agora.xtec.cat\/insdespuig\/wp-content\/uploads\/usu921\/2022\/12\/RISCOS-Personal_auxiliar_administracio_centres_educatius.pdf\">Document<\/a><\/p>\n<p>SALUT LABORAL<\/p>\n<p><a href=\"https:\/\/espai.educacio.gencat.cat\/Personal\/Prevencio-riscos\/Pagines\/default.aspx\">Prevenci\u00f3 de riscos laborals<\/a> (Departament d&#8217;Educaci\u00f3, Portal de centre)<br \/>\n<a href=\"http:\/\/treball.gencat.cat\/ca\/ambits\/seguretat_i_salut_laboral\/\">Seguretat i salut laboral<\/a> (Departament d\u2019Empresa i Ocupaci\u00f3)<\/p>\n","protected":false},"excerpt":{"rendered":"<p>PLA D&#8217;EVACUACI\u00d3 DEL CENTRE<br \/>\nLlegiu el <a href=\"https:\/\/agora.xtec.cat\/insdespuig\/wp-content\/uploads\/usu921\/2021\/03\/TRIPTIC_pla_emergencia.pdf\">tr\u00edptic informatiu<\/a> del Pla d&#8217;emerg\u00e8ncia.<br \/>\n<a href=\"https:\/\/agora.xtec.cat\/insdespuig\/wp-content\/uploads\/usu921\/2021\/03\/TRIPTIC_pla_emergencia.pdf\"><\/a><br \/>\nAqu\u00ed teniu tamb\u00e9 el v\u00eddeo de divulgaci\u00f3 del Pla d&#8217;evacuaci\u00f3 del centre del curs 2023-2024. El <a href=\"https:\/\/youtu.be\/9tKQjTFqZ1I\" target=\"_blank\" rel=\"noopener\">v\u00eddeo<\/a> explica les recomanacions a seguir en cas d&#8217;incendi i evacuaci\u00f3 del centre.<\/p>\n<p><a href=\"https:\/\/youtu.be\/ojG0YYyrVbY\">Pla d&#8217;evacuaci\u00f3&hellip;  <a href=\"https:\/\/agora.xtec.cat\/insdespuig\/prevencio-de-riscos\/\" title=\"Read Prevenci\u00f3 de riscos\">Llegeix m\u00e9s\u00bb<\/a><\/p>\n","protected":false},"author":1,"featured_media":0,"parent":0,"menu_order":3,"comment_status":"closed","ping_status":"closed","template":"page-templates\/side-menu.php","meta":{"_bbp_topic_count":0,"_bbp_reply_count":0,"_bbp_total_topic_count":0,"_bbp_total_reply_count":0,"_bbp_voice_count":0,"_bbp_anonymous_reply_count":0,"_bbp_topic_count_hidden":0,"_bbp_reply_count_hidden":0,"_bbp_forum_subforum_count":0,"footnotes":""},"class_list":["post-877","page","type-page","status-publish","hentry"],"post_mailing_queue_ids":[],"_links":{"self":[{"href":"https:\/\/agora.xtec.cat\/insdespuig\/wp-json\/wp\/v2\/pages\/877","targetHints":{"allow":["GET"]}}],"collection":[{"href":"https:\/\/agora.xtec.cat\/insdespuig\/wp-json\/wp\/v2\/pages"}],"about":[{"href":"https:\/\/agora.xtec.cat\/insdespuig\/wp-json\/wp\/v2\/types\/page"}],"author":[{"embeddable":true,"href":"https:\/\/agora.xtec.cat\/insdespuig\/wp-json\/wp\/v2\/users\/1"}],"replies":[{"embeddable":true,"href":"https:\/\/agora.xtec.cat\/insdespuig\/wp-json\/wp\/v2\/comments?post=877"}],"version-history":[{"count":4,"href":"https:\/\/agora.xtec.cat\/insdespuig\/wp-json\/wp\/v2\/pages\/877\/revisions"}],"predecessor-version":[{"id":22778,"href":"https:\/\/agora.xtec.cat\/insdespuig\/wp-json\/wp\/v2\/pages\/877\/revisions\/22778"}],"wp:attachment":[{"href":"https:\/\/agora.xtec.cat\/insdespuig\/wp-json\/wp\/v2\/media?parent=877"}],"curies":[{"name":"wp","href":"https:\/\/api.w.org\/{rel}","templated":true}]}}