{"id":865,"date":"2015-12-30T23:55:56","date_gmt":"2015-12-30T22:55:56","guid":{"rendered":"http:\/\/agora.xtec.cat\/insdespuig\/intraweb\/activitats-de-reforc-i-de-recuperacio-setembre-2013\/"},"modified":"2022-06-30T12:51:10","modified_gmt":"2022-06-30T10:51:10","slug":"activitats-de-reforc-i-de-recuperacio-setembre","status":"publish","type":"page","link":"https:\/\/agora.xtec.cat\/insdespuig\/estudis\/activitats-de-reforc-i-de-recuperacio-setembre\/","title":{"rendered":"Activitats de refor\u00e7 i de recuperaci\u00f3"},"content":{"rendered":"<p>Activitats de refor\u00e7 i de recuperaci\u00f3 <strong>(estiu 2022)<\/strong><\/p>\n<p><strong> ESO<\/strong>:<\/p>\n<p><a href=\"https:\/\/agora.xtec.cat\/insdespuig\/wp-content\/uploads\/usu921\/2022\/06\/RECOMANACIONS-ESTIU-1R.pdf\" target=\"_blank\" rel=\"noopener noreferrer\">1r ESO<\/a> \u00b7\u00a0 <a href=\"https:\/\/agora.xtec.cat\/insdespuig\/wp-content\/uploads\/usu921\/2022\/06\/RECOMANACIONS-ESTIU-2n.pdf\" target=\"_blank\" rel=\"noopener noreferrer\">2n ESO<\/a> \u00b7\u00a0 <a href=\"https:\/\/agora.xtec.cat\/insdespuig\/wp-content\/uploads\/usu921\/2022\/06\/RECOMANACIONS-ESTIU-3R.pdf\" target=\"_blank\" rel=\"noopener noreferrer\">3r ESO<\/a> \u00b7 <a href=\"https:\/\/agora.xtec.cat\/insdespuig\/wp-content\/uploads\/usu921\/2022\/06\/RECOMANACIONS-ESTIU-4t.pdf\" target=\"_blank\" rel=\"noopener noreferrer\">4t ESO<\/a><\/p>\n<p><strong>BATXILLERAT<\/strong>:<\/p>\n<p><a href=\"https:\/\/agora.xtec.cat\/insdespuig\/wp-content\/uploads\/usu921\/2021\/06\/SETEMBRE-2021-1r-Batx-T-S.pdf\" target=\"_blank\" rel=\"noopener noreferrer\">1r BATX Cient\u00edfic-Tecnol\u00f2gic<\/a>\u00a0 \u00b7\u00a0 <a href=\"https:\/\/agora.xtec.cat\/insdespuig\/wp-content\/uploads\/usu921\/2022\/06\/ESTIU-1r-Batx-E-H.doc.pdf\" target=\"_blank\" rel=\"noopener noreferrer\">1r BATX Econ\u00f2mic-Human\u00edstic<\/a><\/p>\n","protected":false},"excerpt":{"rendered":"<p>Activitats de refor\u00e7 i de recuperaci\u00f3 (estiu 2022) ESO: 1r ESO \u00b7\u00a0 2n ESO \u00b7\u00a0 3r ESO \u00b7 4t ESO BATXILLERAT: 1r BATX Cient\u00edfic-Tecnol\u00f2gic\u00a0 \u00b7\u00a0 1r BATX Econ\u00f2mic-Human\u00edstic<\/p>\n","protected":false},"author":1,"featured_media":0,"parent":195,"menu_order":11,"comment_status":"closed","ping_status":"open","template":"page-templates\/side-menu.php","meta":{"_bbp_topic_count":0,"_bbp_reply_count":0,"_bbp_total_topic_count":0,"_bbp_total_reply_count":0,"_bbp_voice_count":0,"_bbp_anonymous_reply_count":0,"_bbp_topic_count_hidden":0,"_bbp_reply_count_hidden":0,"_bbp_forum_subforum_count":0,"site-sidebar-layout":"default","site-content-layout":"","ast-site-content-layout":"","site-content-style":"default","site-sidebar-style":"default","ast-global-header-display":"","ast-banner-title-visibility":"","ast-main-header-display":"","ast-hfb-above-header-display":"","ast-hfb-below-header-display":"","ast-hfb-mobile-header-display":"","site-post-title":"","ast-breadcrumbs-content":"","ast-featured-img":"","footer-sml-layout":"","theme-transparent-header-meta":"","adv-header-id-meta":"","stick-header-meta":"","header-above-stick-meta":"","header-main-stick-meta":"","header-below-stick-meta":"","astra-migrate-meta-layouts":"default","ast-page-background-enabled":"default","ast-page-background-meta":{"desktop":{"background-color":"var(--ast-global-color-4)","background-image":"","background-repeat":"repeat","background-position":"center center","background-size":"auto","background-attachment":"scroll","background-type":"","background-media":"","overlay-type":"","overlay-color":"","overlay-opacity":"","overlay-gradient":""},"tablet":{"background-color":"","background-image":"","background-repeat":"repeat","background-position":"center center","background-size":"auto","background-attachment":"scroll","background-type":"","background-media":"","overlay-type":"","overlay-color":"","overlay-opacity":"","overlay-gradient":""},"mobile":{"background-color":"","background-image":"","background-repeat":"repeat","background-position":"center center","background-size":"auto","background-attachment":"scroll","background-type":"","background-media":"","overlay-type":"","overlay-color":"","overlay-opacity":"","overlay-gradient":""}},"ast-content-background-meta":{"desktop":{"background-color":"var(--ast-global-color-5)","background-image":"","background-repeat":"repeat","background-position":"center center","background-size":"auto","background-attachment":"scroll","background-type":"","background-media":"","overlay-type":"","overlay-color":"","overlay-opacity":"","overlay-gradient":""},"tablet":{"background-color":"var(--ast-global-color-5)","background-image":"","background-repeat":"repeat","background-position":"center center","background-size":"auto","background-attachment":"scroll","background-type":"","background-media":"","overlay-type":"","overlay-color":"","overlay-opacity":"","overlay-gradient":""},"mobile":{"background-color":"var(--ast-global-color-5)","background-image":"","background-repeat":"repeat","background-position":"center center","background-size":"auto","background-attachment":"scroll","background-type":"","background-media":"","overlay-type":"","overlay-color":"","overlay-opacity":"","overlay-gradient":""}},"footnotes":""},"class_list":["post-865","page","type-page","status-publish","hentry"],"post_mailing_queue_ids":[],"_links":{"self":[{"href":"https:\/\/agora.xtec.cat\/insdespuig\/wp-json\/wp\/v2\/pages\/865","targetHints":{"allow":["GET"]}}],"collection":[{"href":"https:\/\/agora.xtec.cat\/insdespuig\/wp-json\/wp\/v2\/pages"}],"about":[{"href":"https:\/\/agora.xtec.cat\/insdespuig\/wp-json\/wp\/v2\/types\/page"}],"author":[{"embeddable":true,"href":"https:\/\/agora.xtec.cat\/insdespuig\/wp-json\/wp\/v2\/users\/1"}],"replies":[{"embeddable":true,"href":"https:\/\/agora.xtec.cat\/insdespuig\/wp-json\/wp\/v2\/comments?post=865"}],"version-history":[{"count":4,"href":"https:\/\/agora.xtec.cat\/insdespuig\/wp-json\/wp\/v2\/pages\/865\/revisions"}],"predecessor-version":[{"id":20678,"href":"https:\/\/agora.xtec.cat\/insdespuig\/wp-json\/wp\/v2\/pages\/865\/revisions\/20678"}],"up":[{"embeddable":true,"href":"https:\/\/agora.xtec.cat\/insdespuig\/wp-json\/wp\/v2\/pages\/195"}],"wp:attachment":[{"href":"https:\/\/agora.xtec.cat\/insdespuig\/wp-json\/wp\/v2\/media?parent=865"}],"curies":[{"name":"wp","href":"https:\/\/api.w.org\/{rel}","templated":true}]}}