{"id":858,"date":"2015-12-30T23:55:55","date_gmt":"2015-12-30T22:55:55","guid":{"rendered":"http:\/\/agora.xtec.cat\/insdespuig\/intraweb\/llibres-digitals\/"},"modified":"2015-12-30T23:55:55","modified_gmt":"2015-12-30T22:55:55","slug":"llibres-digitals","status":"publish","type":"page","link":"https:\/\/agora.xtec.cat\/insdespuig\/intraweb\/llibres-digitals\/","title":{"rendered":"LLIBRES DIGITALS"},"content":{"rendered":"<div align=\"center\">\n<p style=\"color: #2e76ff;\"><font size=\"5\"><strong>ACC\u00c9S ALS LLIBRES DIGITALS DEL CENTRE<\/strong><\/font><\/p>\n<\/p>\n<p align=\"left\">McGraw-Hill: <a href=\"http:\/\/virtusbooks.com\" target=\"_blank\" title=\"VIRTUSBOOKS\">VIRTUS BOOKS<\/a> <\/p>\n<p align=\"left\">Cru\u00eflla: <a href=\"http:\/\/www.cruilladigital.cat\" target=\"_blank\" title=\"CRU\u00cfLLA\">CRU\u00cfLLA DIGITAL<\/a><\/p>\n<p align=\"left\">Vicens Vives: <a href=\"http:\/\/vicensvivesdigital.com\/whome.php\" target=\"_blank\" title=\"VICENS VIVES\">VICENS VIVES DIGITAL <\/a><\/p>\n<\/p>\n<p align=\"left\">La Galera-Text :&nbsp;<a title=\"La Gelera Text\" target=\"_blank\" href=\"http:\/\/www.lagaleratext.cat\">LA GALERA TEXT<\/a><\/p>\n<\/p><\/div>\n<p><\/p>\n","protected":false},"excerpt":{"rendered":"<p>ACC\u00c9S ALS LLIBRES DIGITALS DEL CENTRE McGraw-Hill: VIRTUS BOOKS Cru\u00eflla: CRU\u00cfLLA DIGITAL Vicens Vives: VICENS VIVES DIGITAL La Galera-Text :&nbsp;LA GALERA TEXT<\/p>\n","protected":false},"author":1,"featured_media":0,"parent":748,"menu_order":0,"comment_status":"open","ping_status":"open","template":"page-templates\/side-menu.php","meta":{"_bbp_topic_count":0,"_bbp_reply_count":0,"_bbp_total_topic_count":0,"_bbp_total_reply_count":0,"_bbp_voice_count":0,"_bbp_anonymous_reply_count":0,"_bbp_topic_count_hidden":0,"_bbp_reply_count_hidden":0,"_bbp_forum_subforum_count":0,"site-sidebar-layout":"default","site-content-layout":"","ast-site-content-layout":"","site-content-style":"default","site-sidebar-style":"default","ast-global-header-display":"","ast-banner-title-visibility":"","ast-main-header-display":"","ast-hfb-above-header-display":"","ast-hfb-below-header-display":"","ast-hfb-mobile-header-display":"","site-post-title":"","ast-breadcrumbs-content":"","ast-featured-img":"","footer-sml-layout":"","theme-transparent-header-meta":"","adv-header-id-meta":"","stick-header-meta":"","header-above-stick-meta":"","header-main-stick-meta":"","header-below-stick-meta":"","astra-migrate-meta-layouts":"default","ast-page-background-enabled":"default","ast-page-background-meta":{"desktop":{"background-color":"var(--ast-global-color-4)","background-image":"","background-repeat":"repeat","background-position":"center center","background-size":"auto","background-attachment":"scroll","background-type":"","background-media":"","overlay-type":"","overlay-color":"","overlay-opacity":"","overlay-gradient":""},"tablet":{"background-color":"","background-image":"","background-repeat":"repeat","background-position":"center center","background-size":"auto","background-attachment":"scroll","background-type":"","background-media":"","overlay-type":"","overlay-color":"","overlay-opacity":"","overlay-gradient":""},"mobile":{"background-color":"","background-image":"","background-repeat":"repeat","background-position":"center center","background-size":"auto","background-attachment":"scroll","background-type":"","background-media":"","overlay-type":"","overlay-color":"","overlay-opacity":"","overlay-gradient":""}},"ast-content-background-meta":{"desktop":{"background-color":"var(--ast-global-color-5)","background-image":"","background-repeat":"repeat","background-position":"center center","background-size":"auto","background-attachment":"scroll","background-type":"","background-media":"","overlay-type":"","overlay-color":"","overlay-opacity":"","overlay-gradient":""},"tablet":{"background-color":"var(--ast-global-color-5)","background-image":"","background-repeat":"repeat","background-position":"center center","background-size":"auto","background-attachment":"scroll","background-type":"","background-media":"","overlay-type":"","overlay-color":"","overlay-opacity":"","overlay-gradient":""},"mobile":{"background-color":"var(--ast-global-color-5)","background-image":"","background-repeat":"repeat","background-position":"center center","background-size":"auto","background-attachment":"scroll","background-type":"","background-media":"","overlay-type":"","overlay-color":"","overlay-opacity":"","overlay-gradient":""}},"footnotes":""},"class_list":["post-858","page","type-page","status-publish","hentry"],"post_mailing_queue_ids":[],"_links":{"self":[{"href":"https:\/\/agora.xtec.cat\/insdespuig\/wp-json\/wp\/v2\/pages\/858","targetHints":{"allow":["GET"]}}],"collection":[{"href":"https:\/\/agora.xtec.cat\/insdespuig\/wp-json\/wp\/v2\/pages"}],"about":[{"href":"https:\/\/agora.xtec.cat\/insdespuig\/wp-json\/wp\/v2\/types\/page"}],"author":[{"embeddable":true,"href":"https:\/\/agora.xtec.cat\/insdespuig\/wp-json\/wp\/v2\/users\/1"}],"replies":[{"embeddable":true,"href":"https:\/\/agora.xtec.cat\/insdespuig\/wp-json\/wp\/v2\/comments?post=858"}],"version-history":[{"count":0,"href":"https:\/\/agora.xtec.cat\/insdespuig\/wp-json\/wp\/v2\/pages\/858\/revisions"}],"up":[{"embeddable":true,"href":"https:\/\/agora.xtec.cat\/insdespuig\/wp-json\/wp\/v2\/pages\/748"}],"wp:attachment":[{"href":"https:\/\/agora.xtec.cat\/insdespuig\/wp-json\/wp\/v2\/media?parent=858"}],"curies":[{"name":"wp","href":"https:\/\/api.w.org\/{rel}","templated":true}]}}