{"id":825,"date":"2015-12-30T23:55:53","date_gmt":"2015-12-30T22:55:53","guid":{"rendered":"http:\/\/agora.xtec.cat\/insdespuig\/intraweb\/associacio-esportiva-escolar\/"},"modified":"2020-09-01T12:40:49","modified_gmt":"2020-09-01T10:40:49","slug":"associacio-esportiva-escolar","status":"publish","type":"page","link":"https:\/\/agora.xtec.cat\/insdespuig\/alumnat\/associacio-esportiva-escolar\/","title":{"rendered":"AEIT"},"content":{"rendered":"<div style=\"text-align: center;\"><img loading=\"lazy\" decoding=\"async\" class=\"alignleft\" src=\"http:\/\/1.bp.blogspot.com\/-pbnoZ9BexkU\/TuEPftjtA9I\/AAAAAAAAAaQ\/3XUDSphskEI\/s320\/logoAEIT.jpg\" alt=\"\" width=\"206\" height=\"206\" align=\"texttop\" \/><\/div>\n<p>&nbsp;<\/p>\n<p>&nbsp;<\/p>\n<p>&nbsp;<\/p>\n<p>&nbsp;<\/p>\n<p>&nbsp;<\/p>\n<p>AEIT \u00e9s l&#8217;associaci\u00f3 esportiva escolar de l&#8217;Institut Crist\u00f2fol Despuig, que est\u00e0 formada per professorat, alumnat i pares i mares del centre, d&#8217;acord amb el <a href=\"https:\/\/esport.gencat.cat\/ca\/arees_dactuacio\/escolar\/pla-catala-desport-a-lescola-pcee\/\" target=\"_blank\" rel=\"noopener noreferrer\">Pla Catal\u00e0 d&#8217;Esport a l&#8217;Escola<\/a> (PCEE).<\/p>\n<div>\n<p>Entre les activitats que organitza destaquen <a href=\"https:\/\/agora.xtec.cat\/insdespuig\/tag\/4-cims\/\">4 anys 4 cims<\/a>, el <a href=\"https:\/\/agora.xtec.cat\/insdespuig\/tag\/torneigs\/\">Torneig de Nadal<\/a>, <a href=\"https:\/\/agora.xtec.cat\/insdespuig\/tag\/esport-al-pati\/\">Esport al pati<\/a>, les trobades anuals del PCEE de centres de secund\u00e0ria, el concurs del logotip de l&#8217;associaci\u00f3, etc.<\/p>\n<p>M\u00e9s informaci\u00f3: <a href=\"https:\/\/www.facebook.com\/aeeinsdespuig.cat\" target=\"_blank\" rel=\"noopener noreferrer\">Facebook<\/a>\u00a0i\u00a0not\u00edcies de l&#8217;<a href=\"http:\/\/agora.xtec.cat\/insdespuig\/categoria\/associacio-esportiva-escolar\/\">AEIT<\/a>\u00a0al web del centre.<\/p>\n<\/div>\n<p>&nbsp;<\/p>\n","protected":false},"excerpt":{"rendered":"<p>&nbsp; &nbsp; &nbsp; &nbsp; &nbsp; AEIT \u00e9s l&#8217;associaci\u00f3 esportiva escolar de l&#8217;Institut Crist\u00f2fol Despuig, que est\u00e0 formada per professorat, alumnat i pares i mares del centre, d&#8217;acord amb el Pla Catal\u00e0 d&#8217;Esport a l&#8217;Escola (PCEE). Entre les activitats que organitza destaquen 4 anys 4 cims, el Torneig de Nadal, Esport al pati, les trobades anuals [&hellip;]<\/p>\n","protected":false},"author":1,"featured_media":0,"parent":973,"menu_order":4,"comment_status":"closed","ping_status":"closed","template":"page-templates\/side-menu.php","meta":{"_bbp_topic_count":0,"_bbp_reply_count":0,"_bbp_total_topic_count":0,"_bbp_total_reply_count":0,"_bbp_voice_count":0,"_bbp_anonymous_reply_count":0,"_bbp_topic_count_hidden":0,"_bbp_reply_count_hidden":0,"_bbp_forum_subforum_count":0,"site-sidebar-layout":"default","site-content-layout":"","ast-site-content-layout":"","site-content-style":"default","site-sidebar-style":"default","ast-global-header-display":"","ast-banner-title-visibility":"","ast-main-header-display":"","ast-hfb-above-header-display":"","ast-hfb-below-header-display":"","ast-hfb-mobile-header-display":"","site-post-title":"","ast-breadcrumbs-content":"","ast-featured-img":"","footer-sml-layout":"","theme-transparent-header-meta":"","adv-header-id-meta":"","stick-header-meta":"","header-above-stick-meta":"","header-main-stick-meta":"","header-below-stick-meta":"","astra-migrate-meta-layouts":"default","ast-page-background-enabled":"default","ast-page-background-meta":{"desktop":{"background-color":"var(--ast-global-color-4)","background-image":"","background-repeat":"repeat","background-position":"center center","background-size":"auto","background-attachment":"scroll","background-type":"","background-media":"","overlay-type":"","overlay-color":"","overlay-opacity":"","overlay-gradient":""},"tablet":{"background-color":"","background-image":"","background-repeat":"repeat","background-position":"center center","background-size":"auto","background-attachment":"scroll","background-type":"","background-media":"","overlay-type":"","overlay-color":"","overlay-opacity":"","overlay-gradient":""},"mobile":{"background-color":"","background-image":"","background-repeat":"repeat","background-position":"center center","background-size":"auto","background-attachment":"scroll","background-type":"","background-media":"","overlay-type":"","overlay-color":"","overlay-opacity":"","overlay-gradient":""}},"ast-content-background-meta":{"desktop":{"background-color":"var(--ast-global-color-5)","background-image":"","background-repeat":"repeat","background-position":"center center","background-size":"auto","background-attachment":"scroll","background-type":"","background-media":"","overlay-type":"","overlay-color":"","overlay-opacity":"","overlay-gradient":""},"tablet":{"background-color":"var(--ast-global-color-5)","background-image":"","background-repeat":"repeat","background-position":"center center","background-size":"auto","background-attachment":"scroll","background-type":"","background-media":"","overlay-type":"","overlay-color":"","overlay-opacity":"","overlay-gradient":""},"mobile":{"background-color":"var(--ast-global-color-5)","background-image":"","background-repeat":"repeat","background-position":"center center","background-size":"auto","background-attachment":"scroll","background-type":"","background-media":"","overlay-type":"","overlay-color":"","overlay-opacity":"","overlay-gradient":""}},"footnotes":""},"class_list":["post-825","page","type-page","status-publish","hentry"],"post_mailing_queue_ids":[],"_links":{"self":[{"href":"https:\/\/agora.xtec.cat\/insdespuig\/wp-json\/wp\/v2\/pages\/825","targetHints":{"allow":["GET"]}}],"collection":[{"href":"https:\/\/agora.xtec.cat\/insdespuig\/wp-json\/wp\/v2\/pages"}],"about":[{"href":"https:\/\/agora.xtec.cat\/insdespuig\/wp-json\/wp\/v2\/types\/page"}],"author":[{"embeddable":true,"href":"https:\/\/agora.xtec.cat\/insdespuig\/wp-json\/wp\/v2\/users\/1"}],"replies":[{"embeddable":true,"href":"https:\/\/agora.xtec.cat\/insdespuig\/wp-json\/wp\/v2\/comments?post=825"}],"version-history":[{"count":4,"href":"https:\/\/agora.xtec.cat\/insdespuig\/wp-json\/wp\/v2\/pages\/825\/revisions"}],"predecessor-version":[{"id":16327,"href":"https:\/\/agora.xtec.cat\/insdespuig\/wp-json\/wp\/v2\/pages\/825\/revisions\/16327"}],"up":[{"embeddable":true,"href":"https:\/\/agora.xtec.cat\/insdespuig\/wp-json\/wp\/v2\/pages\/973"}],"wp:attachment":[{"href":"https:\/\/agora.xtec.cat\/insdespuig\/wp-json\/wp\/v2\/media?parent=825"}],"curies":[{"name":"wp","href":"https:\/\/api.w.org\/{rel}","templated":true}]}}