{"id":821,"date":"2015-12-30T23:55:52","date_gmt":"2015-12-30T22:55:52","guid":{"rendered":"http:\/\/agora.xtec.cat\/insdespuig\/intraweb\/presentacio\/"},"modified":"2023-04-25T11:22:21","modified_gmt":"2023-04-25T09:22:21","slug":"presentacio","status":"publish","type":"page","link":"https:\/\/agora.xtec.cat\/insdespuig\/linstitut\/presentacio\/","title":{"rendered":"Presentaci\u00f3"},"content":{"rendered":"<p>&nbsp;<\/p>\n<p>L\u2019Institut Crist\u00f2fol Despuig de Tortosa t\u00e9 com a objectius millorar els resultats educatius del seu alumnat, millorar la cohesi\u00f3 social i millorar l\u2019entorn de treball i la comunicaci\u00f3 interna i externa del centre.\u00a0<\/p>\n<p>Aquests objectius es concreten en estrat\u00e8gies i actuacions diverses que tenen com finalitat aconseguir l\u2019\u00e8xit educatiu i anar cap a l\u2019excel\u00b7l\u00e8ncia: l\u2019acurat seguiment tutorial, la intensificaci\u00f3 del treball conjunt amb les fam\u00edlies, el foment de la lectura, l\u2019aposta per les noves tecnologies, el treball en equip, la transpar\u00e8ncia informativa, l\u2019aprenentatge de lleng\u00fces (angl\u00e8s, franc\u00e8s i alemany), la gesti\u00f3 de les emocions, la mediaci\u00f3 escolar, les escoles verdes, la descoberta de la ciutat, etc.<\/p>\n<p>Les dimensions f\u00edsiques i humanes de l\u2019institut s\u00f3n mitjanes, cosa que afavoreix un alt grau de coneixement i seguiment dels alumnes i fam\u00edlies.\u00a0<\/p>\n<p>S\u2019utilitzen diverses estrat\u00e8gies (grups d\u2019ampliaci\u00f3, desdoblaments, atenci\u00f3 individualitzada, treball conjunt del professorat, grups de refor\u00e7&#8230;) per tal d\u2019exigir a cada alumne el m\u00e0xim de les seues possibilitats i proporcionar un alt nivell acad\u00e8mic.<\/p>\n<p>Tenim tamb\u00e9 el comprom\u00eds d\u2019obrir-nos a la ciutat en diversos vessants: culturals, esportius, formatius&#8230; \u00c9s un dels reptes que tenim com a centre p\u00fablic que som.<\/p>\n<p><strong>Una mica d&#8217;hist\u00f2ria<\/strong><\/p>\n<p>El curs 2010-2011 es va crear l\u2019Institut de Tortosa, que va passar a anomenar-se Institut Crist\u00f2fol Despuig el curs 2011-2012 i va comen\u00e7ar el curs en un empla\u00e7ament nou, l\u2019edifici Bet\u00e0nia, un cop la Universitat Rovira i Virgili s\u2019havia traslladat al campus de Remolins.\u00a0<\/p>\n<p>El curs 2014-2015 l&#8217;alumnat de 1r i 2n d&#8217;ESO es va instal\u00b7lar en el complex educatiu de Sant Ll\u00e0tzer i el curs 2015-2016 s&#8217;ha fet\u00a0el trasllat de tot l&#8217;alumnat del\u00a0centre.\u00a0<\/p>\n","protected":false},"excerpt":{"rendered":"<p>&nbsp; L\u2019Institut Crist\u00f2fol Despuig de Tortosa t\u00e9 com a objectius millorar els resultats educatius del seu alumnat, millorar la cohesi\u00f3 social i millorar l\u2019entorn de treball i la comunicaci\u00f3 interna i externa del centre.\u00a0 Aquests objectius es concreten en estrat\u00e8gies i actuacions diverses que tenen com finalitat aconseguir l\u2019\u00e8xit educatiu i anar cap a l\u2019excel\u00b7l\u00e8ncia: [&hellip;]<\/p>\n","protected":false},"author":1,"featured_media":0,"parent":19,"menu_order":1,"comment_status":"closed","ping_status":"closed","template":"page-templates\/side-menu.php","meta":{"_bbp_topic_count":0,"_bbp_reply_count":0,"_bbp_total_topic_count":0,"_bbp_total_reply_count":0,"_bbp_voice_count":0,"_bbp_anonymous_reply_count":0,"_bbp_topic_count_hidden":0,"_bbp_reply_count_hidden":0,"_bbp_forum_subforum_count":0,"site-sidebar-layout":"default","site-content-layout":"","ast-site-content-layout":"","site-content-style":"default","site-sidebar-style":"default","ast-global-header-display":"","ast-banner-title-visibility":"","ast-main-header-display":"","ast-hfb-above-header-display":"","ast-hfb-below-header-display":"","ast-hfb-mobile-header-display":"","site-post-title":"","ast-breadcrumbs-content":"","ast-featured-img":"","footer-sml-layout":"","theme-transparent-header-meta":"","adv-header-id-meta":"","stick-header-meta":"","header-above-stick-meta":"","header-main-stick-meta":"","header-below-stick-meta":"","astra-migrate-meta-layouts":"default","ast-page-background-enabled":"default","ast-page-background-meta":{"desktop":{"background-color":"var(--ast-global-color-4)","background-image":"","background-repeat":"repeat","background-position":"center center","background-size":"auto","background-attachment":"scroll","background-type":"","background-media":"","overlay-type":"","overlay-color":"","overlay-opacity":"","overlay-gradient":""},"tablet":{"background-color":"","background-image":"","background-repeat":"repeat","background-position":"center center","background-size":"auto","background-attachment":"scroll","background-type":"","background-media":"","overlay-type":"","overlay-color":"","overlay-opacity":"","overlay-gradient":""},"mobile":{"background-color":"","background-image":"","background-repeat":"repeat","background-position":"center center","background-size":"auto","background-attachment":"scroll","background-type":"","background-media":"","overlay-type":"","overlay-color":"","overlay-opacity":"","overlay-gradient":""}},"ast-content-background-meta":{"desktop":{"background-color":"var(--ast-global-color-5)","background-image":"","background-repeat":"repeat","background-position":"center center","background-size":"auto","background-attachment":"scroll","background-type":"","background-media":"","overlay-type":"","overlay-color":"","overlay-opacity":"","overlay-gradient":""},"tablet":{"background-color":"var(--ast-global-color-5)","background-image":"","background-repeat":"repeat","background-position":"center center","background-size":"auto","background-attachment":"scroll","background-type":"","background-media":"","overlay-type":"","overlay-color":"","overlay-opacity":"","overlay-gradient":""},"mobile":{"background-color":"var(--ast-global-color-5)","background-image":"","background-repeat":"repeat","background-position":"center center","background-size":"auto","background-attachment":"scroll","background-type":"","background-media":"","overlay-type":"","overlay-color":"","overlay-opacity":"","overlay-gradient":""}},"footnotes":""},"class_list":["post-821","page","type-page","status-publish","hentry"],"post_mailing_queue_ids":[],"_links":{"self":[{"href":"https:\/\/agora.xtec.cat\/insdespuig\/wp-json\/wp\/v2\/pages\/821","targetHints":{"allow":["GET"]}}],"collection":[{"href":"https:\/\/agora.xtec.cat\/insdespuig\/wp-json\/wp\/v2\/pages"}],"about":[{"href":"https:\/\/agora.xtec.cat\/insdespuig\/wp-json\/wp\/v2\/types\/page"}],"author":[{"embeddable":true,"href":"https:\/\/agora.xtec.cat\/insdespuig\/wp-json\/wp\/v2\/users\/1"}],"replies":[{"embeddable":true,"href":"https:\/\/agora.xtec.cat\/insdespuig\/wp-json\/wp\/v2\/comments?post=821"}],"version-history":[{"count":3,"href":"https:\/\/agora.xtec.cat\/insdespuig\/wp-json\/wp\/v2\/pages\/821\/revisions"}],"predecessor-version":[{"id":9865,"href":"https:\/\/agora.xtec.cat\/insdespuig\/wp-json\/wp\/v2\/pages\/821\/revisions\/9865"}],"up":[{"embeddable":true,"href":"https:\/\/agora.xtec.cat\/insdespuig\/wp-json\/wp\/v2\/pages\/19"}],"wp:attachment":[{"href":"https:\/\/agora.xtec.cat\/insdespuig\/wp-json\/wp\/v2\/media?parent=821"}],"curies":[{"name":"wp","href":"https:\/\/api.w.org\/{rel}","templated":true}]}}